{"id":2806,"date":"2021-09-22T07:20:57","date_gmt":"2021-09-22T07:20:57","guid":{"rendered":"https:\/\/the7.io\/consulting\/?page_id=2806"},"modified":"2023-10-20T11:41:41","modified_gmt":"2023-10-20T09:41:41","slug":"regulamin","status":"publish","type":"page","link":"https:\/\/rmcpolska.pl\/de\/vorschriften\/","title":{"rendered":"Verordnungen"},"content":{"rendered":"<div data-elementor-type=\"wp-page\" data-elementor-id=\"2806\" class=\"elementor elementor-2806\">\n\t\t\t\t\t\t\t\t\t<section class=\"elementor-section elementor-top-section elementor-element elementor-element-351e1a3 elementor-section-boxed elementor-section-height-default elementor-section-height-default\" data-id=\"351e1a3\" data-element_type=\"section\">\n\t\t\t\t\t\t<div class=\"elementor-container elementor-column-gap-wider\">\n\t\t\t\t\t<div class=\"elementor-column elementor-col-100 elementor-top-column elementor-element elementor-element-da23136\" data-id=\"da23136\" data-element_type=\"column\">\n\t\t\t<div class=\"elementor-widget-wrap elementor-element-populated\">\n\t\t\t\t\t\t\t\t<div class=\"elementor-element elementor-element-453c5e1 elementor-widget elementor-widget-text-editor\" data-id=\"453c5e1\" data-element_type=\"widget\" data-widget_type=\"text-editor.default\">\n\t\t\t\t<div class=\"elementor-widget-container\">\n\t\t\t\t\t\t\tDiese Cookie-Richtlinie erkl\u00e4rt, was Cookies sind und wie wir sie verwenden. Sie sollten diese Richtlinie lesen, um zu verstehen, welche Arten von Cookies wir verwenden oder welche Informationen wir durch Cookies sammeln und wie diese Informationen verwendet werden.\n<br><br>\n\nCookies enthalten normalerweise keine pers\u00f6nlich identifizierbaren Informationen \u00fcber Sie, aber die pers\u00f6nlichen Informationen, die wir \u00fcber Sie haben, k\u00f6nnen mit den in Cookies gespeicherten und von ihnen abgeleiteten Informationen verkn\u00fcpft werden. Weitere Informationen dar\u00fcber, wie wir Ihre pers\u00f6nlichen Daten verwenden, speichern und sichern, finden Sie in unserer Datenschutzrichtlinie.\n<br><br>\n\nWir speichern keine sensiblen pers\u00f6nlichen Daten wie E-Mail-Adressen, Kontopassw\u00f6rter usw. in den von uns verwendeten Cookies.\n\n<hr class=\"the7-p-gap\" style=\"padding-bottom: 45px;\" \/>\n\n<h2>Auslegung und Definitionen<\/h2>\n<h3>Auslegung<\/h3>\nW\u00f6rter, deren erster Buchstabe gro\u00df geschrieben wird, haben die in den folgenden Begriffen definierte Bedeutung. Die folgenden Definitionen haben dieselbe Bedeutung, unabh\u00e4ngig davon, ob sie im Singular oder Plural stehen.\n\n<hr class=\"the7-p-gap\" style=\"padding-bottom: 15px;\" \/>\n\n<h3>Definitionen<\/h3>\nF\u00fcr die Zwecke dieser Cookie-Richtlinie:\n<br><br>\n\n- \"Unternehmen\" (in dieser Cookie-Richtlinie als \"Unternehmen\", \"wir\", \"uns\" oder \"unser\" bezeichnet) bezieht sich auf RMC Polska Ltd.\n\n<br><br>\n- Cookies\" sind kleine Dateien, die von einer Website auf Ihrem Computer, Ihrem Mobilger\u00e4t oder einem anderen Ger\u00e4t abgelegt werden und unter anderem Angaben zu Ihrem Surfverhalten auf dieser Website enthalten.\n<br><br>\n\n- Website\" bezieht sich auf RMC Polen, abrufbar unter https:\/\/rmcpolska.pl\/.\n<br><br>\n\n- Nutzer\" bezeichnet die nat\u00fcrliche Person, die auf die Website zugreift oder sie nutzt, bzw. das Unternehmen oder die juristische Person, in deren Namen eine solche nat\u00fcrliche Person auf die Website zugreift oder sie nutzt.\n\n<hr class=\"the7-p-gap\" style=\"padding-bottom: 45px;\" \/>\n\n<h2>Verwendung von Cookies<\/h2>\n<h3>Die Art der von uns verwendeten Cookies<\/h3>\nCookies k\u00f6nnen \"dauerhafte\" oder \"Sitzungscookies\" sein. Dauerhafte Cookies verbleiben auf Ihrem Computer oder Mobilger\u00e4t, nachdem Sie offline gegangen sind, w\u00e4hrend Sitzungscookies sofort gel\u00f6scht werden, wenn Sie Ihren Webbrowser schlie\u00dfen.\n\n<hr class=\"the7-p-gap\" style=\"padding-bottom: 15px;\" \/>\n\n<h3>Wir verwenden sowohl Sitzungscookies als auch dauerhafte Cookies f\u00fcr die unten genannten Zwecke:<\/h3>\n- Notwendige Cookies Cookie-Typ: Sitzungscookies Verwaltet von: Wir Zweck: Diese Cookies sind notwendig, um die \u00fcber die Website verf\u00fcgbaren Dienste bereitzustellen und einige ihrer Funktionen zu aktivieren. Sie helfen bei der Authentifizierung von Benutzern und verhindern die betr\u00fcgerische Nutzung von Benutzerkonten. Ohne diese Cookies k\u00f6nnen die von Ihnen angeforderten Dienste nicht bereitgestellt werden, und wir verwenden diese Cookies nur, um diese Dienste bereitzustellen.\n<br><br>\n\n- Cookie-Richtlinie \/ Akzeptanz von Cookies Art des Cookies: Dauerhafte Cookies Verwaltet von: Wir Zweck: Diese Cookies zeigen an, ob die Nutzer die Verwendung von Cookies auf der Website akzeptiert haben.\n<br><br>\n\n- Funktionalit\u00e4t Art des Cookies: Dauerhafte Cookies Verwaltet von: Wir Zweck: Diese Cookies erm\u00f6glichen es uns, die von Ihnen bei der Nutzung der Website getroffenen Entscheidungen zu speichern, z. B. Ihre Anmeldedaten oder Spracheinstellungen. Der Zweck dieser Cookies ist es, Ihnen eine pers\u00f6nlichere Erfahrung zu bieten und zu vermeiden, dass Sie Ihre Pr\u00e4ferenzen jedes Mal neu eingeben m\u00fcssen, wenn Sie die Website nutzen.\n<br><br>\n\n- Tracking- und Performance-Cookies Typ: Dauerhafte Cookies Verwaltet von: Dritte Zweck: Diese Cookies werden verwendet, um Informationen \u00fcber den Verkehr auf der Website und deren Nutzung durch die Benutzer zu verfolgen. Die durch diese Cookies gesammelten Informationen k\u00f6nnen Sie direkt oder indirekt als individuellen Besucher identifizieren. Dies liegt daran, dass die gesammelten Informationen in der Regel mit einer pseudonymen Kennung verkn\u00fcpft sind, die mit dem f\u00fcr den Zugriff auf die Website verwendeten Ger\u00e4t verbunden ist. Wir k\u00f6nnen diese Cookies auch verwenden, um neue Anzeigen, Seiten, Merkmale oder neue Funktionen der Website zu testen, um zu sehen, wie unsere Nutzer darauf reagieren.\n\n<hr class=\"the7-p-gap\" style=\"padding-bottom: 45px;\" \/>\n\n<h2>Wahl der Cookies durch den Nutzer<\/h2>\nWenn der Nutzer die Verwendung von Cookies auf der Website vermeiden m\u00f6chte, muss er zun\u00e4chst die Verwendung von Cookies im Browser deaktivieren und dann die im Browser gespeicherten Cookies im Zusammenhang mit der Website l\u00f6schen. Der Nutzer kann diese Option jederzeit nutzen, um die Verwendung von Cookies zu verhindern.\n<br><br>\n\nWenn Sie unsere Cookies nicht akzeptieren, kann es zu Unannehmlichkeiten bei der Nutzung der Website kommen, und einige Funktionen funktionieren m\u00f6glicherweise nicht richtig.\n<br><br>\n\nWenn Sie Cookies l\u00f6schen m\u00f6chten oder Ihren Browser anweisen m\u00f6chten, Cookies zu l\u00f6schen oder abzulehnen, besuchen Sie bitte die Hilfeseiten Ihres Browsers.\n\n<br><br>\nDer Chrome-Browser kann auf dieser Google-Seite gefunden werden: https:\/\/support.google.com\/accounts\/answer\/32050\n\n<br><br>\nInformationen zum Internet Explorer finden Sie auf dieser Microsoft-Website: http:\/\/support.microsoft.com\/kb\/278835\n<br><br>\n\nDer Firefox-Browser ist auf dieser Mozilla-Website zu finden: https:\/\/support.mozilla.org\/en-US\/kb\/delete-cookies-remove-info-websites-stored.\n<br><br>\n\nDer Safari-Browser ist auf dieser Apple-Website zu finden: https:\/\/support.apple.com\/guide\/safari\/manage-cookies-and-website-data-sfri11471\/mac.\n\n<br><br>\nF\u00fcr andere Webbrowser besuchen Sie bitte deren offizielle Websites.\n\n<hr class=\"the7-p-gap\" style=\"padding-bottom: 45px;\" \/>\n\n<h2>Kontakt<\/h2>\nWenn Sie Fragen zu dieser Cookie-Richtlinie haben, k\u00f6nnen Sie uns kontaktieren:\n<br><br>\n\n- Durch den Besuch dieser Seite auf unserer Website: <a href=\"https:\/\/rmcpolska.pl\/de\/kontakt\/\" target=\"_blank\" rel=\"external nofollow noopener\">https:\/\/rmcpolska.pl\/kontakt<\/a>\n<br><br>\n\n- Senden Sie uns eine E-Mail: <a href=\"https:\/\/rmcpolska.pl\/de\/kontakt\/\" target=\"_blank\" rel=\"external nofollow noopener\">https:\/\/rmcpolska.pl\/kontakt<\/a>\t\t\t\t\t\t<\/div>\n\t\t\t\t<\/div>\n\t\t\t\t\t<\/div>\n\t\t<\/div>\n\t\t\t\t\t\t\t<\/div>\n\t\t<\/section>\n\t\t\t\t\t\t\t<\/div>","protected":false},"excerpt":{"rendered":"<p>Diese Cookie-Richtlinie erkl\u00e4rt, was Cookies sind und wie wir sie verwenden. Sie sollten diese Richtlinie lesen, um zu verstehen, welche Arten von Cookies wir verwenden oder welche Informationen wir durch Cookies sammeln und wie diese Informationen verwendet werden. Cookies enthalten normalerweise keine Informationen, die es Ihnen erm\u00f6glichen,...<\/p>","protected":false},"author":1,"featured_media":0,"parent":0,"menu_order":0,"comment_status":"closed","ping_status":"closed","template":"","meta":{"_acf_changed":false,"footnotes":""},"class_list":["post-2806","page","type-page","status-publish","hentry"],"acf":[],"yoast_head":"<!-- This site is optimized with the Yoast SEO plugin v24.2 - https:\/\/yoast.com\/wordpress\/plugins\/seo\/ -->\n<title>Regulamin - RMC Polska<\/title>\n<meta name=\"robots\" content=\"index, follow, max-snippet:-1, max-image-preview:large, max-video-preview:-1\" \/>\n<link rel=\"canonical\" href=\"https:\/\/rmcpolska.pl\/de\/vorschriften\/\" \/>\n<meta property=\"og:locale\" content=\"de_DE\" \/>\n<meta property=\"og:type\" content=\"article\" \/>\n<meta property=\"og:title\" content=\"Regulamin - RMC Polska\" \/>\n<meta property=\"og:description\" content=\"Niniejsza Polityka dotycz\u0105ca plik\u00f3w cookie wyja\u015bnia, czym s\u0105 pliki cookie i w jaki spos\u00f3b z nich korzystamy. U\u017cytkownik powinien zapozna\u0107 si\u0119 z niniejsz\u0105 polityk\u0105, aby zrozumie\u0107, jakiego rodzaju plik\u00f3w cookie u\u017cywamy lub jakie informacje zbieramy za pomoc\u0105 plik\u00f3w cookie i w jaki spos\u00f3b te informacje s\u0105 wykorzystywane. Pliki cookie zazwyczaj nie zawieraj\u0105 \u017cadnych informacji umo\u017cliwiaj\u0105cych&hellip;\" \/>\n<meta property=\"og:url\" content=\"https:\/\/rmcpolska.pl\/de\/vorschriften\/\" \/>\n<meta property=\"og:site_name\" content=\"RMC Polska\" \/>\n<meta property=\"article:modified_time\" content=\"2023-10-20T09:41:41+00:00\" \/>\n<meta name=\"twitter:card\" content=\"summary_large_image\" \/>\n<meta name=\"twitter:label1\" content=\"Gesch\u00e4tzte Lesezeit\" \/>\n\t<meta name=\"twitter:data1\" content=\"5\u00a0Minuten\" \/>\n<script type=\"application\/ld+json\" class=\"yoast-schema-graph\">{\"@context\":\"https:\/\/schema.org\",\"@graph\":[{\"@type\":\"WebPage\",\"@id\":\"https:\/\/rmcpolska.pl\/regulamin\/\",\"url\":\"https:\/\/rmcpolska.pl\/regulamin\/\",\"name\":\"Regulamin - RMC Polska\",\"isPartOf\":{\"@id\":\"https:\/\/rmcpolska.pl\/#website\"},\"datePublished\":\"2021-09-22T07:20:57+00:00\",\"dateModified\":\"2023-10-20T09:41:41+00:00\",\"breadcrumb\":{\"@id\":\"https:\/\/rmcpolska.pl\/regulamin\/#breadcrumb\"},\"inLanguage\":\"de\",\"potentialAction\":[{\"@type\":\"ReadAction\",\"target\":[\"https:\/\/rmcpolska.pl\/regulamin\/\"]}]},{\"@type\":\"BreadcrumbList\",\"@id\":\"https:\/\/rmcpolska.pl\/regulamin\/#breadcrumb\",\"itemListElement\":[{\"@type\":\"ListItem\",\"position\":1,\"name\":\"Strona g\u0142\u00f3wna\",\"item\":\"https:\/\/rmcpolska.pl\/\"},{\"@type\":\"ListItem\",\"position\":2,\"name\":\"Regulamin\"}]},{\"@type\":\"WebSite\",\"@id\":\"https:\/\/rmcpolska.pl\/#website\",\"url\":\"https:\/\/rmcpolska.pl\/\",\"name\":\"RMC Polska\",\"description\":\"Skup z\u0142omu Legnica, Skup z\u0142omu Mielec | RMC Polska\",\"publisher\":{\"@id\":\"https:\/\/rmcpolska.pl\/#organization\"},\"potentialAction\":[{\"@type\":\"SearchAction\",\"target\":{\"@type\":\"EntryPoint\",\"urlTemplate\":\"https:\/\/rmcpolska.pl\/?s={search_term_string}\"},\"query-input\":{\"@type\":\"PropertyValueSpecification\",\"valueRequired\":true,\"valueName\":\"search_term_string\"}}],\"inLanguage\":\"de\"},{\"@type\":\"Organization\",\"@id\":\"https:\/\/rmcpolska.pl\/#organization\",\"name\":\"RMC Polska\",\"url\":\"https:\/\/rmcpolska.pl\/\",\"logo\":{\"@type\":\"ImageObject\",\"inLanguage\":\"de\",\"@id\":\"https:\/\/rmcpolska.pl\/#\/schema\/logo\/image\/\",\"url\":\"https:\/\/rmcpolska.pl\/wp-content\/uploads\/2021\/09\/rmc_recycling_logo.png\",\"contentUrl\":\"https:\/\/rmcpolska.pl\/wp-content\/uploads\/2021\/09\/rmc_recycling_logo.png\",\"width\":1020,\"height\":353,\"caption\":\"RMC Polska\"},\"image\":{\"@id\":\"https:\/\/rmcpolska.pl\/#\/schema\/logo\/image\/\"}}]}<\/script>\n<!-- \/ Yoast SEO plugin. -->","yoast_head_json":{"title":"Regulamin - RMC Polska","robots":{"index":"index","follow":"follow","max-snippet":"max-snippet:-1","max-image-preview":"max-image-preview:large","max-video-preview":"max-video-preview:-1"},"canonical":"https:\/\/rmcpolska.pl\/de\/vorschriften\/","og_locale":"de_DE","og_type":"article","og_title":"Regulamin - RMC Polska","og_description":"Niniejsza Polityka dotycz\u0105ca plik\u00f3w cookie wyja\u015bnia, czym s\u0105 pliki cookie i w jaki spos\u00f3b z nich korzystamy. U\u017cytkownik powinien zapozna\u0107 si\u0119 z niniejsz\u0105 polityk\u0105, aby zrozumie\u0107, jakiego rodzaju plik\u00f3w cookie u\u017cywamy lub jakie informacje zbieramy za pomoc\u0105 plik\u00f3w cookie i w jaki spos\u00f3b te informacje s\u0105 wykorzystywane. Pliki cookie zazwyczaj nie zawieraj\u0105 \u017cadnych informacji umo\u017cliwiaj\u0105cych&hellip;","og_url":"https:\/\/rmcpolska.pl\/de\/vorschriften\/","og_site_name":"RMC Polska","article_modified_time":"2023-10-20T09:41:41+00:00","twitter_card":"summary_large_image","twitter_misc":{"Gesch\u00e4tzte Lesezeit":"5\u00a0Minuten"},"schema":{"@context":"https:\/\/schema.org","@graph":[{"@type":"WebPage","@id":"https:\/\/rmcpolska.pl\/regulamin\/","url":"https:\/\/rmcpolska.pl\/regulamin\/","name":"Regulamin - RMC Polska","isPartOf":{"@id":"https:\/\/rmcpolska.pl\/#website"},"datePublished":"2021-09-22T07:20:57+00:00","dateModified":"2023-10-20T09:41:41+00:00","breadcrumb":{"@id":"https:\/\/rmcpolska.pl\/regulamin\/#breadcrumb"},"inLanguage":"de","potentialAction":[{"@type":"ReadAction","target":["https:\/\/rmcpolska.pl\/regulamin\/"]}]},{"@type":"BreadcrumbList","@id":"https:\/\/rmcpolska.pl\/regulamin\/#breadcrumb","itemListElement":[{"@type":"ListItem","position":1,"name":"Strona g\u0142\u00f3wna","item":"https:\/\/rmcpolska.pl\/"},{"@type":"ListItem","position":2,"name":"Regulamin"}]},{"@type":"WebSite","@id":"https:\/\/rmcpolska.pl\/#website","url":"https:\/\/rmcpolska.pl\/","name":"RMC Polska","description":"Skup z\u0142omu Legnica, Skup z\u0142omu Mielec | RMC Polska","publisher":{"@id":"https:\/\/rmcpolska.pl\/#organization"},"potentialAction":[{"@type":"SearchAction","target":{"@type":"EntryPoint","urlTemplate":"https:\/\/rmcpolska.pl\/?s={search_term_string}"},"query-input":{"@type":"PropertyValueSpecification","valueRequired":true,"valueName":"search_term_string"}}],"inLanguage":"de"},{"@type":"Organization","@id":"https:\/\/rmcpolska.pl\/#organization","name":"RMC Polska","url":"https:\/\/rmcpolska.pl\/","logo":{"@type":"ImageObject","inLanguage":"de","@id":"https:\/\/rmcpolska.pl\/#\/schema\/logo\/image\/","url":"https:\/\/rmcpolska.pl\/wp-content\/uploads\/2021\/09\/rmc_recycling_logo.png","contentUrl":"https:\/\/rmcpolska.pl\/wp-content\/uploads\/2021\/09\/rmc_recycling_logo.png","width":1020,"height":353,"caption":"RMC Polska"},"image":{"@id":"https:\/\/rmcpolska.pl\/#\/schema\/logo\/image\/"}}]}},"_links":{"self":[{"href":"https:\/\/rmcpolska.pl\/de\/wp-json\/wp\/v2\/pages\/2806","targetHints":{"allow":["GET"]}}],"collection":[{"href":"https:\/\/rmcpolska.pl\/de\/wp-json\/wp\/v2\/pages"}],"about":[{"href":"https:\/\/rmcpolska.pl\/de\/wp-json\/wp\/v2\/types\/page"}],"author":[{"embeddable":true,"href":"https:\/\/rmcpolska.pl\/de\/wp-json\/wp\/v2\/users\/1"}],"replies":[{"embeddable":true,"href":"https:\/\/rmcpolska.pl\/de\/wp-json\/wp\/v2\/comments?post=2806"}],"version-history":[{"count":7,"href":"https:\/\/rmcpolska.pl\/de\/wp-json\/wp\/v2\/pages\/2806\/revisions"}],"predecessor-version":[{"id":6980,"href":"https:\/\/rmcpolska.pl\/de\/wp-json\/wp\/v2\/pages\/2806\/revisions\/6980"}],"wp:attachment":[{"href":"https:\/\/rmcpolska.pl\/de\/wp-json\/wp\/v2\/media?parent=2806"}],"curies":[{"name":"wp","href":"https:\/\/api.w.org\/{rel}","templated":true}]}}