{"id":5524,"date":"2023-09-18T20:31:14","date_gmt":"2023-09-18T18:31:14","guid":{"rendered":"https:\/\/cncdodrewna.pl\/?page_id=5524"},"modified":"2023-11-07T19:52:43","modified_gmt":"2023-11-07T18:52:43","slug":"skup-zlota-i-srebra","status":"publish","type":"page","link":"https:\/\/rmcpolska.pl\/de\/ankauf-von-gold-und-silber\/","title":{"rendered":"Kauf von Gold und Silber"},"content":{"rendered":"<div data-elementor-type=\"wp-page\" data-elementor-id=\"5524\" class=\"elementor elementor-5524\">\n\t\t\t\t\t\t\t\t\t<section class=\"elementor-section elementor-top-section elementor-element elementor-element-5bacbd4 elementor-section-boxed elementor-section-height-default elementor-section-height-default\" data-id=\"5bacbd4\" data-element_type=\"section\">\n\t\t\t\t\t\t<div class=\"elementor-container elementor-column-gap-default\">\n\t\t\t\t\t<div class=\"elementor-column elementor-col-100 elementor-top-column elementor-element elementor-element-5f61f09\" data-id=\"5f61f09\" data-element_type=\"column\">\n\t\t\t<div class=\"elementor-widget-wrap elementor-element-populated\">\n\t\t\t\t\t\t\t\t<section class=\"elementor-section elementor-inner-section elementor-element elementor-element-7e736a9 elementor-section-boxed elementor-section-height-default elementor-section-height-default\" data-id=\"7e736a9\" data-element_type=\"section\">\n\t\t\t\t\t\t<div class=\"elementor-container elementor-column-gap-default\">\n\t\t\t\t\t<div class=\"elementor-column elementor-col-50 elementor-inner-column elementor-element elementor-element-5f60fe7\" data-id=\"5f60fe7\" data-element_type=\"column\">\n\t\t\t<div class=\"elementor-widget-wrap elementor-element-populated\">\n\t\t\t\t\t\t\t\t<div class=\"elementor-element elementor-element-7b57498 elementor-widget elementor-widget-heading\" data-id=\"7b57498\" data-element_type=\"widget\" data-widget_type=\"heading.default\">\n\t\t\t\t<div class=\"elementor-widget-container\">\n\t\t\t<h2 class=\"elementor-heading-title elementor-size-default\">Professioneller Ankauf von Gold und Silber<\/h2>\t\t<\/div>\n\t\t\t\t<\/div>\n\t\t\t\t<div class=\"elementor-element elementor-element-7be61bf elementor-widget elementor-widget-text-editor\" data-id=\"7be61bf\" data-element_type=\"widget\" data-widget_type=\"text-editor.default\">\n\t\t\t\t<div class=\"elementor-widget-container\">\n\t\t\t\t\t\t\tWir garantieren die h\u00f6chsten Goldankaufspreise auf der Grundlage der aktuellen Goldnotierungen an den Weltb\u00f6rsen und des tats\u00e4chlichen Edelmetallgehalts der Metalllegierung.\n<br><br>\n\nWir verf\u00fcgen \u00fcber ein Labor f\u00fcr die Goldanalyse und -schmelze, das mit einem XRF-R\u00f6ntgenspektrometer und Induktions\u00f6fen ausgestattet ist. Wir kooperieren mit\n<br>mit den gr\u00f6\u00dften Gold- und Silberscheideanstalten in Deutschland und Frankreich, wo wir das von unseren Kunden gekaufte Gold verarbeiten. Wir kaufen Gold <br>und Silber sowohl w\u00e4hrend der Hausse als auch w\u00e4hrend der Baisse.\t\t\t\t\t\t<\/div>\n\t\t\t\t<\/div>\n\t\t\t\t<div class=\"elementor-element elementor-element-0ba1e38 elementor-widget elementor-widget-spacer\" data-id=\"0ba1e38\" data-element_type=\"widget\" data-widget_type=\"spacer.default\">\n\t\t\t\t<div class=\"elementor-widget-container\">\n\t\t\t\t\t<div class=\"elementor-spacer\">\n\t\t\t<div class=\"elementor-spacer-inner\"><\/div>\n\t\t<\/div>\n\t\t\t\t<\/div>\n\t\t\t\t<\/div>\n\t\t\t\t\t<\/div>\n\t\t<\/div>\n\t\t\t\t<div class=\"elementor-column elementor-col-50 elementor-inner-column elementor-element elementor-element-d807f0b\" data-id=\"d807f0b\" data-element_type=\"column\">\n\t\t\t<div class=\"elementor-widget-wrap elementor-element-populated\">\n\t\t\t\t\t\t\t\t<div class=\"elementor-element elementor-element-73ac8ed elementor-widget elementor-widget-image\" data-id=\"73ac8ed\" data-element_type=\"widget\" data-widget_type=\"image.default\">\n\t\t\t\t<div class=\"elementor-widget-container\">\n\t\t\t\t\t\t\t\t\t\t\t\t\t\t\t<img loading=\"lazy\" decoding=\"async\" width=\"1020\" height=\"353\" src=\"https:\/\/rmcpolska.pl\/wp-content\/uploads\/2021\/09\/rmc_recycling_logo.png\" class=\"attachment-large size-large wp-image-4688\" alt=\"Skup z\u0142omu Legnica - RMC Polska\" srcset=\"https:\/\/rmcpolska.pl\/wp-content\/uploads\/2021\/09\/rmc_recycling_logo.png 1020w, https:\/\/rmcpolska.pl\/wp-content\/uploads\/2021\/09\/rmc_recycling_logo-300x104.png 300w, https:\/\/rmcpolska.pl\/wp-content\/uploads\/2021\/09\/rmc_recycling_logo-768x266.png 768w\" sizes=\"auto, (max-width: 1020px) 100vw, 1020px\" \/>\t\t\t\t\t\t\t\t\t\t\t\t\t\t\t<\/div>\n\t\t\t\t<\/div>\n\t\t\t\t\t<\/div>\n\t\t<\/div>\n\t\t\t\t\t\t\t<\/div>\n\t\t<\/section>\n\t\t\t\t\t<\/div>\n\t\t<\/div>\n\t\t\t\t\t\t\t<\/div>\n\t\t<\/section>\n\t\t\t\t<section class=\"elementor-section elementor-top-section elementor-element elementor-element-d1dec58 elementor-section-boxed elementor-section-height-default elementor-section-height-default\" data-id=\"d1dec58\" data-element_type=\"section\">\n\t\t\t\t\t\t<div class=\"elementor-container elementor-column-gap-default\">\n\t\t\t\t\t<div class=\"elementor-column elementor-col-100 elementor-top-column elementor-element elementor-element-cdf6f53\" data-id=\"cdf6f53\" data-element_type=\"column\">\n\t\t\t<div class=\"elementor-widget-wrap elementor-element-populated\">\n\t\t\t\t\t\t\t\t<section class=\"elementor-section elementor-inner-section elementor-element elementor-element-6a7bcd9 elementor-section-boxed elementor-section-height-default elementor-section-height-default\" data-id=\"6a7bcd9\" data-element_type=\"section\">\n\t\t\t\t\t\t<div class=\"elementor-container elementor-column-gap-default\">\n\t\t\t\t\t<div class=\"elementor-column elementor-col-50 elementor-inner-column elementor-element elementor-element-89569f0\" data-id=\"89569f0\" data-element_type=\"column\">\n\t\t\t<div class=\"elementor-widget-wrap elementor-element-populated\">\n\t\t\t\t\t\t\t\t<section class=\"elementor-section elementor-inner-section elementor-element elementor-element-08b4e27 elementor-section-boxed elementor-section-height-default elementor-section-height-default\" data-id=\"08b4e27\" data-element_type=\"section\">\n\t\t\t\t\t\t<div class=\"elementor-container elementor-column-gap-default\">\n\t\t\t\t\t<div class=\"elementor-column elementor-col-100 elementor-inner-column elementor-element elementor-element-df06db7\" data-id=\"df06db7\" data-element_type=\"column\">\n\t\t\t<div class=\"elementor-widget-wrap elementor-element-populated\">\n\t\t\t\t\t\t\t\t<div class=\"elementor-element elementor-element-05e3c18 elementor-widget__width-initial elementor-widget elementor-widget-heading\" data-id=\"05e3c18\" data-element_type=\"widget\" data-widget_type=\"heading.default\">\n\t\t\t\t<div class=\"elementor-widget-container\">\n\t\t\t<h2 class=\"elementor-heading-title elementor-size-default\">Interessiert?<\/h2>\t\t<\/div>\n\t\t\t\t<\/div>\n\t\t\t\t<div class=\"elementor-element elementor-element-c6d4d01 elementor-widget elementor-widget-text-editor\" data-id=\"c6d4d01\" data-element_type=\"widget\" data-widget_type=\"text-editor.default\">\n\t\t\t\t<div class=\"elementor-widget-container\">\n\t\t\t\t\t\t\tF\u00fcr weitere Informationen nehmen Sie bitte Kontakt mit uns auf.\t\t\t\t\t\t<\/div>\n\t\t\t\t<\/div>\n\t\t\t\t<div class=\"elementor-element elementor-element-454b928 elementor-align-left elementor-widget elementor-widget-button\" data-id=\"454b928\" data-element_type=\"widget\" data-widget_type=\"button.default\">\n\t\t\t\t<div class=\"elementor-widget-container\">\n\t\t\t\t\t<div class=\"elementor-button-wrapper\">\n\t\t\t<a class=\"elementor-button elementor-button-link elementor-size-md\" href=\"https:\/\/rmcpolska.pl\/de\/kontakt\/\">\n\t\t\t\t\t\t<span class=\"elementor-button-content-wrapper\">\n\t\t\t\t\t\t<span class=\"elementor-button-text\">Rufen Sie uns an<\/span>\n\t\t<\/span>\n\t\t\t\t\t<\/a>\n\t\t<\/div>\n\t\t\t\t<\/div>\n\t\t\t\t<\/div>\n\t\t\t\t\t<\/div>\n\t\t<\/div>\n\t\t\t\t\t\t\t<\/div>\n\t\t<\/section>\n\t\t\t\t\t<\/div>\n\t\t<\/div>\n\t\t\t\t<div class=\"elementor-column elementor-col-50 elementor-inner-column elementor-element elementor-element-8823f5e\" data-id=\"8823f5e\" data-element_type=\"column\">\n\t\t\t<div class=\"elementor-widget-wrap elementor-element-populated\">\n\t\t\t\t\t\t\t\t<div class=\"elementor-element elementor-element-9ceff3a elementor-widget elementor-widget-heading\" data-id=\"9ceff3a\" data-element_type=\"widget\" data-widget_type=\"heading.default\">\n\t\t\t\t<div class=\"elementor-widget-container\">\n\t\t\t<h4 class=\"elementor-heading-title elementor-size-default\">Siehe auch:<\/h4>\t\t<\/div>\n\t\t\t\t<\/div>\n\t\t\t\t<div class=\"elementor-element elementor-element-1c43c01 elementor-widget-mobile__width-inherit elementor-icon-list--layout-traditional elementor-list-item-link-full_width elementor-widget elementor-widget-icon-list\" data-id=\"1c43c01\" data-element_type=\"widget\" data-widget_type=\"icon-list.default\">\n\t\t\t\t<div class=\"elementor-widget-container\">\n\t\t\t\t\t<ul class=\"elementor-icon-list-items\">\n\t\t\t\t\t\t\t<li class=\"elementor-icon-list-item\">\n\t\t\t\t\t\t\t\t\t\t\t<a href=\"https:\/\/rmcpolska.pl\/de\/kauf-von-blei\/\">\n\n\t\t\t\t\t\t\t\t\t\t\t<span class=\"elementor-icon-list-text\">Kauf von Blei<\/span>\n\t\t\t\t\t\t\t\t\t\t\t<\/a>\n\t\t\t\t\t\t\t\t\t<\/li>\n\t\t\t\t\t\t\t\t<li class=\"elementor-icon-list-item\">\n\t\t\t\t\t\t\t\t\t\t\t<a href=\"https:\/\/rmcpolska.pl\/de\/ankauf-von-mischmetallen\/\">\n\n\t\t\t\t\t\t\t\t\t\t\t<span class=\"elementor-icon-list-text\">Kauf von Mischmetallen<\/span>\n\t\t\t\t\t\t\t\t\t\t\t<\/a>\n\t\t\t\t\t\t\t\t\t<\/li>\n\t\t\t\t\t\t\t\t<li class=\"elementor-icon-list-item\">\n\t\t\t\t\t\t\t\t\t\t\t<a href=\"https:\/\/rmcpolska.pl\/de\/einkauf-von-werkzeugstahl\/\">\n\n\t\t\t\t\t\t\t\t\t\t\t<span class=\"elementor-icon-list-text\">Kauf von Werkzeugstahl<\/span>\n\t\t\t\t\t\t\t\t\t\t\t<\/a>\n\t\t\t\t\t\t\t\t\t<\/li>\n\t\t\t\t\t\t\t\t<li class=\"elementor-icon-list-item\">\n\t\t\t\t\t\t\t\t\t\t\t<a href=\"https:\/\/rmcpolska.pl\/de\/ankauf-von-elektronikschrott\/\">\n\n\t\t\t\t\t\t\t\t\t\t\t<span class=\"elementor-icon-list-text\">Sammlung von Elektronikschrott<\/span>\n\t\t\t\t\t\t\t\t\t\t\t<\/a>\n\t\t\t\t\t\t\t\t\t<\/li>\n\t\t\t\t\t\t\t\t<li class=\"elementor-icon-list-item\">\n\t\t\t\t\t\t\t\t\t\t\t<a href=\"https:\/\/rmcpolska.pl\/de\/einkauf-von-kupfer-und-aluminiumgranulat\/\">\n\n\t\t\t\t\t\t\t\t\t\t\t<span class=\"elementor-icon-list-text\">Kauf von Kupfer- und Aluminiumgranulat<\/span>\n\t\t\t\t\t\t\t\t\t\t\t<\/a>\n\t\t\t\t\t\t\t\t\t<\/li>\n\t\t\t\t\t\t<\/ul>\n\t\t\t\t<\/div>\n\t\t\t\t<\/div>\n\t\t\t\t\t<\/div>\n\t\t<\/div>\n\t\t\t\t\t\t\t<\/div>\n\t\t<\/section>\n\t\t\t\t\t<\/div>\n\t\t<\/div>\n\t\t\t\t\t\t\t<\/div>\n\t\t<\/section>\n\t\t\t\t\t\t\t<\/div>","protected":false},"excerpt":{"rendered":"<p>Professioneller Ankauf von Gold und Silber Wir garantieren die h\u00f6chsten Goldankaufspreise auf der Grundlage der aktuellen Goldnotierungen an den Weltb\u00f6rsen und des tats\u00e4chlichen Goldgehalts der Metalllegierung. Wir verf\u00fcgen \u00fcber ein Labor f\u00fcr Goldanalysen und -schmelzen, das mit einem XRF-R\u00f6ntgenspektrometer und Induktions\u00f6fen ausgestattet ist. Wir arbeiten mit den gr\u00f6\u00dften Gold- und Silberraffinerien in Deutschland und Frankreich zusammen, wo wir Gold verarbeiten...<\/p>","protected":false},"author":1,"featured_media":0,"parent":0,"menu_order":20,"comment_status":"closed","ping_status":"closed","template":"","meta":{"_acf_changed":false,"footnotes":""},"class_list":["post-5524","page","type-page","status-publish","hentry"],"acf":[],"yoast_head":"<!-- This site is optimized with the Yoast SEO plugin v24.2 - https:\/\/yoast.com\/wordpress\/plugins\/seo\/ -->\n<title>Skup z\u0142ota Legnica | Skup srebra cena - RMC Polska<\/title>\n<meta name=\"robots\" content=\"index, follow, max-snippet:-1, max-image-preview:large, max-video-preview:-1\" \/>\n<link rel=\"canonical\" href=\"https:\/\/rmcpolska.pl\/de\/ankauf-von-gold-und-silber\/\" \/>\n<meta property=\"og:locale\" content=\"de_DE\" \/>\n<meta property=\"og:type\" content=\"article\" \/>\n<meta property=\"og:title\" content=\"Skup z\u0142ota Legnica | Skup srebra cena - RMC Polska\" \/>\n<meta property=\"og:description\" content=\"Profesjonalny skup z\u0142ota i srebra Gwarantujemy najwy\u017csze ceny skupu z\u0142ota w oparciu o aktualne notowania z\u0142ota na \u015bwiatowych gie\u0142dach oraz faktyczn\u0105 zawarto\u015b\u0107 kruszcu w stopie metalu. Posiadamy laboratorium do analiz i topienia z\u0142ota wyposa\u017cone w spektrometr rentgenowski XRF oraz piece indukcyjne. Wsp\u00f3\u0142pracujemy z najwi\u0119kszymi rafineriami z\u0142ota i srebra w Niemczech i Francji, gdzie przetwarzamy z\u0142oto&hellip;\" \/>\n<meta property=\"og:url\" content=\"https:\/\/rmcpolska.pl\/de\/ankauf-von-gold-und-silber\/\" \/>\n<meta property=\"og:site_name\" content=\"RMC Polska\" \/>\n<meta property=\"article:modified_time\" content=\"2023-11-07T18:52:43+00:00\" \/>\n<meta property=\"og:image\" content=\"https:\/\/rmcpolska.pl\/wp-content\/uploads\/2021\/09\/rmc_recycling_logo.png\" \/>\n<meta name=\"twitter:card\" content=\"summary_large_image\" \/>\n<meta name=\"twitter:label1\" content=\"Gesch\u00e4tzte Lesezeit\" \/>\n\t<meta name=\"twitter:data1\" content=\"1\u00a0Minute\" \/>\n<script type=\"application\/ld+json\" class=\"yoast-schema-graph\">{\"@context\":\"https:\/\/schema.org\",\"@graph\":[{\"@type\":\"WebPage\",\"@id\":\"https:\/\/rmcpolska.pl\/skup-zlota-i-srebra\/\",\"url\":\"https:\/\/rmcpolska.pl\/skup-zlota-i-srebra\/\",\"name\":\"Skup z\u0142ota Legnica | Skup srebra cena - RMC Polska\",\"isPartOf\":{\"@id\":\"https:\/\/rmcpolska.pl\/#website\"},\"primaryImageOfPage\":{\"@id\":\"https:\/\/rmcpolska.pl\/skup-zlota-i-srebra\/#primaryimage\"},\"image\":{\"@id\":\"https:\/\/rmcpolska.pl\/skup-zlota-i-srebra\/#primaryimage\"},\"thumbnailUrl\":\"https:\/\/rmcpolska.pl\/wp-content\/uploads\/2021\/09\/rmc_recycling_logo.png\",\"datePublished\":\"2023-09-18T18:31:14+00:00\",\"dateModified\":\"2023-11-07T18:52:43+00:00\",\"breadcrumb\":{\"@id\":\"https:\/\/rmcpolska.pl\/skup-zlota-i-srebra\/#breadcrumb\"},\"inLanguage\":\"de\",\"potentialAction\":[{\"@type\":\"ReadAction\",\"target\":[\"https:\/\/rmcpolska.pl\/skup-zlota-i-srebra\/\"]}]},{\"@type\":\"ImageObject\",\"inLanguage\":\"de\",\"@id\":\"https:\/\/rmcpolska.pl\/skup-zlota-i-srebra\/#primaryimage\",\"url\":\"https:\/\/rmcpolska.pl\/wp-content\/uploads\/2021\/09\/rmc_recycling_logo.png\",\"contentUrl\":\"https:\/\/rmcpolska.pl\/wp-content\/uploads\/2021\/09\/rmc_recycling_logo.png\"},{\"@type\":\"BreadcrumbList\",\"@id\":\"https:\/\/rmcpolska.pl\/skup-zlota-i-srebra\/#breadcrumb\",\"itemListElement\":[{\"@type\":\"ListItem\",\"position\":1,\"name\":\"Strona g\u0142\u00f3wna\",\"item\":\"https:\/\/rmcpolska.pl\/\"},{\"@type\":\"ListItem\",\"position\":2,\"name\":\"Skup z\u0142ota i srebra\"}]},{\"@type\":\"WebSite\",\"@id\":\"https:\/\/rmcpolska.pl\/#website\",\"url\":\"https:\/\/rmcpolska.pl\/\",\"name\":\"RMC Polska\",\"description\":\"Skup z\u0142omu Legnica, Skup z\u0142omu Mielec | RMC Polska\",\"publisher\":{\"@id\":\"https:\/\/rmcpolska.pl\/#organization\"},\"potentialAction\":[{\"@type\":\"SearchAction\",\"target\":{\"@type\":\"EntryPoint\",\"urlTemplate\":\"https:\/\/rmcpolska.pl\/?s={search_term_string}\"},\"query-input\":{\"@type\":\"PropertyValueSpecification\",\"valueRequired\":true,\"valueName\":\"search_term_string\"}}],\"inLanguage\":\"de\"},{\"@type\":\"Organization\",\"@id\":\"https:\/\/rmcpolska.pl\/#organization\",\"name\":\"RMC Polska\",\"url\":\"https:\/\/rmcpolska.pl\/\",\"logo\":{\"@type\":\"ImageObject\",\"inLanguage\":\"de\",\"@id\":\"https:\/\/rmcpolska.pl\/#\/schema\/logo\/image\/\",\"url\":\"https:\/\/rmcpolska.pl\/wp-content\/uploads\/2021\/09\/rmc_recycling_logo.png\",\"contentUrl\":\"https:\/\/rmcpolska.pl\/wp-content\/uploads\/2021\/09\/rmc_recycling_logo.png\",\"width\":1020,\"height\":353,\"caption\":\"RMC Polska\"},\"image\":{\"@id\":\"https:\/\/rmcpolska.pl\/#\/schema\/logo\/image\/\"}}]}<\/script>\n<!-- \/ Yoast SEO plugin. -->","yoast_head_json":{"title":"Skup z\u0142ota Legnica | Skup srebra cena - RMC Polska","robots":{"index":"index","follow":"follow","max-snippet":"max-snippet:-1","max-image-preview":"max-image-preview:large","max-video-preview":"max-video-preview:-1"},"canonical":"https:\/\/rmcpolska.pl\/de\/ankauf-von-gold-und-silber\/","og_locale":"de_DE","og_type":"article","og_title":"Skup z\u0142ota Legnica | Skup srebra cena - RMC Polska","og_description":"Profesjonalny skup z\u0142ota i srebra Gwarantujemy najwy\u017csze ceny skupu z\u0142ota w oparciu o aktualne notowania z\u0142ota na \u015bwiatowych gie\u0142dach oraz faktyczn\u0105 zawarto\u015b\u0107 kruszcu w stopie metalu. Posiadamy laboratorium do analiz i topienia z\u0142ota wyposa\u017cone w spektrometr rentgenowski XRF oraz piece indukcyjne. Wsp\u00f3\u0142pracujemy z najwi\u0119kszymi rafineriami z\u0142ota i srebra w Niemczech i Francji, gdzie przetwarzamy z\u0142oto&hellip;","og_url":"https:\/\/rmcpolska.pl\/de\/ankauf-von-gold-und-silber\/","og_site_name":"RMC Polska","article_modified_time":"2023-11-07T18:52:43+00:00","og_image":[{"url":"https:\/\/rmcpolska.pl\/wp-content\/uploads\/2021\/09\/rmc_recycling_logo.png","type":"","width":"","height":""}],"twitter_card":"summary_large_image","twitter_misc":{"Gesch\u00e4tzte Lesezeit":"1\u00a0Minute"},"schema":{"@context":"https:\/\/schema.org","@graph":[{"@type":"WebPage","@id":"https:\/\/rmcpolska.pl\/skup-zlota-i-srebra\/","url":"https:\/\/rmcpolska.pl\/skup-zlota-i-srebra\/","name":"Skup z\u0142ota Legnica | Skup srebra cena - RMC Polska","isPartOf":{"@id":"https:\/\/rmcpolska.pl\/#website"},"primaryImageOfPage":{"@id":"https:\/\/rmcpolska.pl\/skup-zlota-i-srebra\/#primaryimage"},"image":{"@id":"https:\/\/rmcpolska.pl\/skup-zlota-i-srebra\/#primaryimage"},"thumbnailUrl":"https:\/\/rmcpolska.pl\/wp-content\/uploads\/2021\/09\/rmc_recycling_logo.png","datePublished":"2023-09-18T18:31:14+00:00","dateModified":"2023-11-07T18:52:43+00:00","breadcrumb":{"@id":"https:\/\/rmcpolska.pl\/skup-zlota-i-srebra\/#breadcrumb"},"inLanguage":"de","potentialAction":[{"@type":"ReadAction","target":["https:\/\/rmcpolska.pl\/skup-zlota-i-srebra\/"]}]},{"@type":"ImageObject","inLanguage":"de","@id":"https:\/\/rmcpolska.pl\/skup-zlota-i-srebra\/#primaryimage","url":"https:\/\/rmcpolska.pl\/wp-content\/uploads\/2021\/09\/rmc_recycling_logo.png","contentUrl":"https:\/\/rmcpolska.pl\/wp-content\/uploads\/2021\/09\/rmc_recycling_logo.png"},{"@type":"BreadcrumbList","@id":"https:\/\/rmcpolska.pl\/skup-zlota-i-srebra\/#breadcrumb","itemListElement":[{"@type":"ListItem","position":1,"name":"Strona g\u0142\u00f3wna","item":"https:\/\/rmcpolska.pl\/"},{"@type":"ListItem","position":2,"name":"Skup z\u0142ota i srebra"}]},{"@type":"WebSite","@id":"https:\/\/rmcpolska.pl\/#website","url":"https:\/\/rmcpolska.pl\/","name":"RMC Polska","description":"Skup z\u0142omu Legnica, Skup z\u0142omu Mielec | RMC Polska","publisher":{"@id":"https:\/\/rmcpolska.pl\/#organization"},"potentialAction":[{"@type":"SearchAction","target":{"@type":"EntryPoint","urlTemplate":"https:\/\/rmcpolska.pl\/?s={search_term_string}"},"query-input":{"@type":"PropertyValueSpecification","valueRequired":true,"valueName":"search_term_string"}}],"inLanguage":"de"},{"@type":"Organization","@id":"https:\/\/rmcpolska.pl\/#organization","name":"RMC Polska","url":"https:\/\/rmcpolska.pl\/","logo":{"@type":"ImageObject","inLanguage":"de","@id":"https:\/\/rmcpolska.pl\/#\/schema\/logo\/image\/","url":"https:\/\/rmcpolska.pl\/wp-content\/uploads\/2021\/09\/rmc_recycling_logo.png","contentUrl":"https:\/\/rmcpolska.pl\/wp-content\/uploads\/2021\/09\/rmc_recycling_logo.png","width":1020,"height":353,"caption":"RMC Polska"},"image":{"@id":"https:\/\/rmcpolska.pl\/#\/schema\/logo\/image\/"}}]}},"_links":{"self":[{"href":"https:\/\/rmcpolska.pl\/de\/wp-json\/wp\/v2\/pages\/5524","targetHints":{"allow":["GET"]}}],"collection":[{"href":"https:\/\/rmcpolska.pl\/de\/wp-json\/wp\/v2\/pages"}],"about":[{"href":"https:\/\/rmcpolska.pl\/de\/wp-json\/wp\/v2\/types\/page"}],"author":[{"embeddable":true,"href":"https:\/\/rmcpolska.pl\/de\/wp-json\/wp\/v2\/users\/1"}],"replies":[{"embeddable":true,"href":"https:\/\/rmcpolska.pl\/de\/wp-json\/wp\/v2\/comments?post=5524"}],"version-history":[{"count":33,"href":"https:\/\/rmcpolska.pl\/de\/wp-json\/wp\/v2\/pages\/5524\/revisions"}],"predecessor-version":[{"id":7912,"href":"https:\/\/rmcpolska.pl\/de\/wp-json\/wp\/v2\/pages\/5524\/revisions\/7912"}],"wp:attachment":[{"href":"https:\/\/rmcpolska.pl\/de\/wp-json\/wp\/v2\/media?parent=5524"}],"curies":[{"name":"wp","href":"https:\/\/api.w.org\/{rel}","templated":true}]}}