{"id":6983,"date":"2023-10-20T11:44:23","date_gmt":"2023-10-20T09:44:23","guid":{"rendered":"https:\/\/cncdodrewna.pl\/?page_id=6983"},"modified":"2023-10-20T11:47:57","modified_gmt":"2023-10-20T09:47:57","slug":"polityka-prywatnosci","status":"publish","type":"page","link":"https:\/\/rmcpolska.pl\/de\/datenschutzbestimmungen\/","title":{"rendered":"Datenschutzbestimmungen"},"content":{"rendered":"<div data-elementor-type=\"wp-page\" data-elementor-id=\"6983\" class=\"elementor elementor-6983\">\n\t\t\t\t\t\t\t\t\t<section class=\"elementor-section elementor-top-section elementor-element elementor-element-b63f3a0 elementor-section-boxed elementor-section-height-default elementor-section-height-default\" data-id=\"b63f3a0\" data-element_type=\"section\">\n\t\t\t\t\t\t<div class=\"elementor-container elementor-column-gap-wider\">\n\t\t\t\t\t<div class=\"elementor-column elementor-col-100 elementor-top-column elementor-element elementor-element-132c275\" data-id=\"132c275\" data-element_type=\"column\">\n\t\t\t<div class=\"elementor-widget-wrap elementor-element-populated\">\n\t\t\t\t\t\t\t\t<div class=\"elementor-element elementor-element-6121a98 elementor-widget elementor-widget-text-editor\" data-id=\"6121a98\" data-element_type=\"widget\" data-widget_type=\"text-editor.default\">\n\t\t\t\t<div class=\"elementor-widget-container\">\n\t\t\t\t\t\t\tBitte lesen Sie diese Bedingungen sorgf\u00e4ltig durch, bevor Sie unseren Service nutzen.\n\n<hr class=\"the7-p-gap\" style=\"padding-bottom: 45px;\" \/>\n\n<h2>Auslegung und Definitionen<\/h2>\n<h3>Auslegung<\/h3>\nW\u00f6rter, deren erster Buchstabe gro\u00df geschrieben wird, haben die in den folgenden Begriffen definierte Bedeutung. Die folgenden Definitionen haben dieselbe Bedeutung, unabh\u00e4ngig davon, ob sie im Singular oder Plural stehen.\n\n<hr class=\"the7-p-gap\" style=\"padding-bottom: 25px;\" \/>\n\n<h3>Definitionen<\/h3>\nF\u00fcr die Zwecke dieses Reglements:\n<ul>\n \t<li><strong>Verwandte Partei<\/strong>\u00a0bedeutet ein Unternehmen, das eine Partei beherrscht, von ihr beherrscht wird oder mit ihr unter gemeinsamer Beherrschung steht, wobei \"Beherrschung\" den Besitz von 50% oder mehr Aktien, Anteilen oder anderen Wertpapieren bedeutet, die Stimmrechte f\u00fcr die Wahl der Direktoren oder anderer leitender Organe verleihen.<\/li>\n \t<li><strong>Land<\/strong>\u00a0bezieht sich auf: Polen<\/li>\n \t<li><strong>Unternehmen<\/strong>\u00a0(in diesem Vertrag als \"Unternehmen\", \"Wir\", \"Uns\" oder \"Unser\" bezeichnet) bezieht sich auf RMC Polska Sp. z o.o.<\/li>\n \t<li><strong>Ger\u00e4t<\/strong>\u00a0ist jedes Ger\u00e4t, das auf den Dienst zugreifen kann, wie z. B. ein Computer, ein Mobiltelefon oder ein digitales Tablet.<\/li>\n \t<li><strong>Dienst<\/strong>\u00a0verweist auf die Seite.<\/li>\n \t<li><strong>Verordnungen<\/strong>\u00a0(auch als \"Gesch\u00e4ftsbedingungen\" bezeichnet) bezeichnet diese Gesch\u00e4ftsbedingungen, die die gesamte Vereinbarung zwischen Ihnen und dem Unternehmen bez\u00fcglich der Nutzung des Dienstes darstellen. Diese Bedingungen wurden unter Verwendung des kostenlosen Terms and Conditions Generator.0 erstellt.<\/li>\n \t<li><strong>Sozialer Mediendienst eines Drittanbieters<\/strong>\u00a0bezeichnet jeden Dienst oder Inhalt (einschlie\u00dflich Daten, Informationen, Produkte oder Dienstleistungen), der von einem Dritten bereitgestellt wird und durch den Dienst angezeigt, einbezogen oder verf\u00fcgbar gemacht werden kann.<\/li>\n \t<li><strong>Website<\/strong>\u00a0bezieht sich auf RMC Polska Sp. z o.o., verf\u00fcgbar unter\u00a0<a href=\"https:\/\/rmcpolska.pl\/de\/\" target=\"_blank\" rel=\"external nofollow noopener\">https:\/\/rmcpolska.pl\/<\/a><\/li>\n \t<li><strong>Benutzer<\/strong> bezeichnet die nat\u00fcrliche Person, die auf den Dienst zugreift oder ihn nutzt, oder das Unternehmen oder die andere juristische Person, in deren Namen diese nat\u00fcrliche Person auf den Dienst zugreift oder ihn nutzt.<\/li>\n<\/ul>\n\n<hr class=\"the7-p-gap\" style=\"padding-bottom: 45px;\" \/>\n\n<h2>Bewusstseinsbildung<\/h2>\nDiese Allgemeinen Gesch\u00e4ftsbedingungen legen die Regeln f\u00fcr die Nutzung des Dienstes fest und stellen eine Vereinbarung zwischen dem Nutzer und dem Unternehmen dar. Diese Bedingungen legen die Rechte und Pflichten aller Nutzer in Bezug auf die Nutzung des Dienstes fest.\n<br><br>\nIhr Zugang zu und Ihre Nutzung des Dienstes setzt voraus, dass Sie die vorliegenden Bedingungen akzeptieren und einhalten. Diese Allgemeinen Gesch\u00e4ftsbedingungen gelten f\u00fcr alle Besucher, Nutzer und andere, die auf den Dienst zugreifen oder ihn nutzen.\n<br><br>\nIndem Sie auf den Dienst zugreifen oder ihn nutzen, erkl\u00e4ren Sie sich mit diesen Bedingungen einverstanden. Wenn Sie mit irgendeinem Teil dieser Bedingungen nicht einverstanden sind, d\u00fcrfen Sie nicht auf den Dienst zugreifen.\n<br><br>\n\nIhr Zugang zu und Ihre Nutzung des Dienstes unterliegt auch Ihrer Zustimmung und Einhaltung der Datenschutzrichtlinie des Unternehmens. Unsere Datenschutzrichtlinie beschreibt unsere Richtlinien und Verfahren hinsichtlich der Erfassung, Verwendung und Offenlegung Ihrer pers\u00f6nlichen Daten bei der Nutzung der Anwendung oder der Website und informiert Sie \u00fcber Ihre Datenschutzrechte und den gesetzlichen Schutz Ihrer Daten. Bitte lesen Sie unsere Datenschutzrichtlinie sorgf\u00e4ltig durch, bevor Sie unseren Service nutzen.\n\n<hr class=\"the7-p-gap\" style=\"padding-bottom: 45px;\" \/>\n\n<h2>Links zu anderen Websites<\/h2>\nUnser Service kann Links zu Websites oder Diensten Dritter enthalten, die sich nicht im Besitz oder unter der Kontrolle des Unternehmens befinden.\n<br><br>\nDas Unternehmen hat keine Kontrolle \u00fcber die Inhalte, Datenschutzrichtlinien oder Praktiken von Websites oder Diensten Dritter und \u00fcbernimmt keine Verantwortung f\u00fcr diese. Sie erkennen ferner an und erkl\u00e4ren sich damit einverstanden, dass das Unternehmen weder direkt noch indirekt f\u00fcr Sch\u00e4den oder Verluste verantwortlich oder haftbar ist, die durch oder in Verbindung mit der Nutzung von oder dem Vertrauen auf solche Inhalte, Waren oder Dienstleistungen, die auf oder \u00fcber eine solche Website oder einen solchen Dienst verf\u00fcgbar sind, verursacht wurden oder angeblich verursacht wurden.\n<br><br>\nWir empfehlen Ihnen dringend, die Allgemeinen Gesch\u00e4ftsbedingungen und Datenschutzrichtlinien der von Ihnen besuchten Websites oder Dienste Dritter zu lesen.\n\n<hr class=\"the7-p-gap\" style=\"padding-bottom: 45px;\" \/>\n\n<h2>L\u00f6sung<\/h2>\nWir k\u00f6nnen Ihren Zugang sofort und ohne Vorank\u00fcndigung oder Haftung aus beliebigen Gr\u00fcnden beenden oder aussetzen, insbesondere wenn Sie gegen diese Bedingungen versto\u00dfen.\n<br><br>\nBei Beendigung des Vertrages erlischt das Recht des Nutzers, den Dienst zu nutzen, sofort.\n\n<hr class=\"the7-p-gap\" style=\"padding-bottom: 45px;\" \/>\n\n<h2>Begrenzung der Haftung<\/h2>\nSoweit es das geltende Recht zul\u00e4sst, haften das Unternehmen oder seine Lieferanten in keinem Fall f\u00fcr besondere, zuf\u00e4llige, indirekte oder Folgesch\u00e4den (einschlie\u00dflich, aber nicht beschr\u00e4nkt auf Sch\u00e4den durch entgangenen Gewinn, Verlust von Daten oder anderen Informationen, Gesch\u00e4ftsunterbrechung, Personensch\u00e4den, Verlust der Privatsph\u00e4re, die sich aus der Nutzung oder der Unm\u00f6glichkeit der Nutzung des Dienstes ergeben oder in irgendeiner Weise damit verbunden sind, Software von Drittanbietern und\/oder Ger\u00e4ten von Drittanbietern, die mit dem Dienst verwendet werden, oder anderweitig in Verbindung mit einer Bestimmung dieser Bedingungen), selbst wenn das Unternehmen oder ein Lieferant auf die M\u00f6glichkeit solcher Sch\u00e4den hingewiesen wurde und selbst wenn die Abhilfe ihren wesentlichen Zweck verfehlt.\n\n<hr class=\"the7-p-gap\" style=\"padding-bottom: 45px;\" \/>\n\n<h2>Haftungsausschluss \"AS IS\" und \"AS AVAILABLE\"<\/h2>\nDer Dienst wird Ihnen im Ist-Zustand und wie verf\u00fcgbar zur Verf\u00fcgung gestellt, mit allen Fehlern und M\u00e4ngeln, ohne jegliche Garantie. Soweit es das geltende Recht zul\u00e4sst, lehnt das Unternehmen in seinem eigenen Namen und im Namen seiner verbundenen Unternehmen und deren jeweiligen Lizenzgebern und Dienstanbietern ausdr\u00fccklich alle ausdr\u00fccklichen, stillschweigenden, gesetzlichen oder sonstigen Gew\u00e4hrleistungen in Bezug auf den Dienst ab, einschlie\u00dflich aller stillschweigenden Gew\u00e4hrleistungen der Marktg\u00e4ngigkeit, der Eignung f\u00fcr einen bestimmten Zweck, des Eigentumsrechts und der Nichtverletzung von Rechten sowie Gew\u00e4hrleistungen, die sich aus dem Handelsverlauf, der Leistungserbringung, der Nutzung oder der Handelspraxis ergeben k\u00f6nnen. Ohne das Vorstehende einzuschr\u00e4nken, gibt das Unternehmen keine Garantien oder Zusicherungen ab, dass der Dienst Ihren Anforderungen entspricht, die von Ihnen beabsichtigten Ergebnisse erzielt, mit anderer Software, Anwendungen, Systemen oder Diensten kompatibel oder interoperabel ist, ununterbrochen funktioniert, Leistungs- oder Zuverl\u00e4ssigkeitsstandards erf\u00fcllt, fehlerfrei ist oder dass Fehler oder Defekte behoben werden k\u00f6nnen oder werden.\n<br><br>\nOhne das Vorstehende einzuschr\u00e4nken, gibt weder das Unternehmen noch einer seiner Lieferanten eine ausdr\u00fcckliche oder stillschweigende Zusicherung oder Gew\u00e4hrleistung jeglicher Art: (i) in Bezug auf den Betrieb oder die Verf\u00fcgbarkeit des Dienstes oder der darin enthaltenen Informationen, Inhalte und Materialien oder Produkte; (ii) dass der Dienst ununterbrochen oder fehlerfrei funktioniert; (iii) in Bezug auf die Genauigkeit, Zuverl\u00e4ssigkeit oder Aktualit\u00e4t von Informationen oder Inhalten, die \u00fcber den Dienst bereitgestellt werden; oder (iv) dass der Dienst, seine Server, Inhalte oder E-Mails, die von oder im Namen des Unternehmens gesendet werden, frei von Viren, Skripten, Trojanern, W\u00fcrmern, Malware, Zeitbomben oder anderen sch\u00e4dlichen Komponenten sind.\n<br><br>\nIn einigen Rechtsordnungen ist der Ausschluss bestimmter Arten von Garantien oder die Einschr\u00e4nkung geltender gesetzlicher Verbraucherrechte nicht zul\u00e4ssig, so dass einige oder alle der oben genannten Ausschl\u00fcsse und Einschr\u00e4nkungen m\u00f6glicherweise nicht auf Sie zutreffen. Sollte dies jedoch der Fall sein, gelten die in diesem Abschnitt dargelegten Ausschl\u00fcsse und Beschr\u00e4nkungen im gr\u00f6\u00dftm\u00f6glichen Umfang, der nach geltendem Recht durchsetzbar ist.\n\n<hr class=\"the7-p-gap\" style=\"padding-bottom: 45px;\" \/>\n\n<h2>Anwendbares Recht<\/h2>\nDiese Bedingungen und Ihre Nutzung des Dienstes unterliegen den Gesetzen Ihres Landes, unter Ausschluss der Regeln des Kollisionsrechts. Ihre Nutzung der Anwendung kann auch anderen lokalen, bundesstaatlichen, nationalen oder internationalen Gesetzen unterworfen sein.\n\n<hr class=\"the7-p-gap\" style=\"padding-bottom: 45px;\" \/>\n\n<h2>Beilegung von Streitigkeiten<\/h2>\nIm Falle von Zweifeln oder Streitigkeiten in Bezug auf den Dienst erkl\u00e4ren Sie sich damit einverstanden, zun\u00e4chst zu versuchen, die Streitigkeit informell zu l\u00f6sen, indem Sie sich an das Unternehmen wenden.\n\n<hr class=\"the7-p-gap\" style=\"padding-bottom: 45px;\" \/>\n\n<h2>F\u00fcr Nutzer aus der Europ\u00e4ischen Union (EU)<\/h2>\nWenn der Nutzer ein Verbraucher aus der Europ\u00e4ischen Union ist, gelten f\u00fcr ihn alle zwingenden Gesetze des Landes, in dem er wohnt.\n\n<hr class=\"the7-p-gap\" style=\"padding-bottom: 45px;\" \/>\n\n<h2>Trennung und R\u00fcckzug<\/h2>\n<h3>Trennung<\/h3>\nSollte sich eine Bestimmung dieser Bedingungen als nicht durchsetzbar oder ung\u00fcltig erweisen, so ist diese Bestimmung so zu \u00e4ndern und auszulegen, dass der Zweck dieser Bestimmung so weit wie m\u00f6glich in \u00dcbereinstimmung mit dem anwendbaren Recht erreicht wird, und die \u00fcbrigen Bestimmungen bleiben in vollem Umfang in Kraft und wirksam.\n\n<hr class=\"the7-p-gap\" style=\"padding-bottom: 25px;\" \/>\n\n<h3>R\u00fccknahme<\/h3>\nMit Ausnahme der hierin enthaltenen Bestimmungen hat die Nichtaus\u00fcbung eines Rechts oder die Nichterf\u00fcllung einer Verpflichtung im Rahmen dieser Gesch\u00e4ftsbedingungen keine Auswirkungen auf die F\u00e4higkeit einer Partei, dieses Recht zu einem sp\u00e4teren Zeitpunkt auszu\u00fcben oder eine solche Leistung zu verlangen, und ein Verzicht auf eine Verletzung stellt keinen Verzicht auf eine sp\u00e4tere Verletzung dar.\n\n<hr class=\"the7-p-gap\" style=\"padding-bottom: 45px;\" \/>\n\n<h2>Verdolmetschung der \u00dcbersetzung<\/h2>\nDiese Allgemeinen Gesch\u00e4ftsbedingungen k\u00f6nnen \u00fcbersetzt worden sein, wenn wir sie Ihnen in unserem Dienst zur Verf\u00fcgung gestellt haben. Sie erkl\u00e4ren sich damit einverstanden, dass im Falle eines Rechtsstreits der polnische Originaltext ma\u00dfgebend ist.\n\n<hr class=\"the7-p-gap\" style=\"padding-bottom: 45px;\" \/>\n\n<h2>\u00c4nderungen der vorliegenden Verordnungen<\/h2>\nWir behalten uns das Recht vor, diese Bedingungen nach unserem alleinigen Ermessen jederzeit zu \u00e4ndern oder zu ersetzen. Wenn die \u00c4nderung wesentlich ist, werden wir uns in angemessener Weise bem\u00fchen, Sie mindestens 30 Tage vor Inkrafttreten der neuen Bedingungen zu informieren. Was eine wesentliche \u00c4nderung ist, wird nach unserem alleinigen Ermessen festgelegt.\n<br><br>\nIndem Sie nach Inkrafttreten dieser \u00c4nderungen weiterhin auf unseren Dienst zugreifen oder ihn nutzen, erkl\u00e4ren Sie sich mit den \u00fcberarbeiteten Bedingungen einverstanden. Wenn Sie mit den neuen Bedingungen ganz oder teilweise nicht einverstanden sind, beenden Sie bitte die Nutzung der Website und des Dienstes.\n\n<hr class=\"the7-p-gap\" style=\"padding-bottom: 45px;\" \/>\n\n<h2>Kontakt<\/h2>\nWenn Sie Fragen zu diesen Allgemeinen Gesch\u00e4ftsbedingungen haben, k\u00f6nnen Sie sich an uns wenden:\n<ul>\n \t<li> \u00fcber\u00a0<a href=\"https:\/\/rmcpolska.pl\/de\/kontakt\/\" target=\"_blank\" rel=\"external nofollow noopener\">https:\/\/rmcpolska.pl\/kontakt<\/a><\/li>\n<\/ul>\t\t\t\t\t\t<\/div>\n\t\t\t\t<\/div>\n\t\t\t\t\t<\/div>\n\t\t<\/div>\n\t\t\t\t\t\t\t<\/div>\n\t\t<\/section>\n\t\t\t\t\t\t\t<\/div>","protected":false},"excerpt":{"rendered":"<p>Bitte lesen Sie diese Bedingungen sorgf\u00e4ltig durch, bevor Sie unseren Dienst nutzen. Auslegung und Definitionen Auslegung W\u00f6rter, deren erster Buchstabe gro\u00df geschrieben ist, haben die in den folgenden Bedingungen definierte Bedeutung. Die folgenden Definitionen haben dieselbe Bedeutung, unabh\u00e4ngig davon, ob sie im Singular oder Plural stehen. Definitionen F\u00fcr die Zwecke dieser Bedingungen und Konditionen: Partner bedeutet.<\/p>","protected":false},"author":1,"featured_media":0,"parent":0,"menu_order":0,"comment_status":"closed","ping_status":"closed","template":"","meta":{"_acf_changed":false,"footnotes":""},"class_list":["post-6983","page","type-page","status-publish","hentry"],"acf":[],"yoast_head":"<!-- This site is optimized with the Yoast SEO plugin v24.2 - https:\/\/yoast.com\/wordpress\/plugins\/seo\/ -->\n<title>Polityka prywatno\u015bci - RMC Polska<\/title>\n<meta name=\"robots\" content=\"index, follow, max-snippet:-1, max-image-preview:large, max-video-preview:-1\" \/>\n<link rel=\"canonical\" href=\"https:\/\/rmcpolska.pl\/de\/datenschutzbestimmungen\/\" \/>\n<meta property=\"og:locale\" content=\"de_DE\" \/>\n<meta property=\"og:type\" content=\"article\" \/>\n<meta property=\"og:title\" content=\"Polityka prywatno\u015bci - RMC Polska\" \/>\n<meta property=\"og:description\" content=\"Prosimy o uwa\u017cne zapoznanie si\u0119 z niniejszymi warunkami przed rozpocz\u0119ciem korzystania z naszej Us\u0142ugi. Interpretacja i definicje Interpretacja Wyrazy, kt\u00f3rych pierwsza litera jest pisana wielk\u0105 liter\u0105, maj\u0105 znaczenie zdefiniowane w nast\u0119puj\u0105cych warunkach. Poni\u017csze definicje maj\u0105 takie samo znaczenie niezale\u017cnie od tego, czy wyst\u0119puj\u0105 w liczbie pojedynczej czy mnogiej. Definicje Dla cel\u00f3w niniejszego Regulaminu: Podmiot powi\u0105zany\u00a0oznacza&hellip;\" \/>\n<meta property=\"og:url\" content=\"https:\/\/rmcpolska.pl\/de\/datenschutzbestimmungen\/\" \/>\n<meta property=\"og:site_name\" content=\"RMC Polska\" \/>\n<meta property=\"article:modified_time\" content=\"2023-10-20T09:47:57+00:00\" \/>\n<meta name=\"twitter:card\" content=\"summary_large_image\" \/>\n<meta name=\"twitter:label1\" content=\"Gesch\u00e4tzte Lesezeit\" \/>\n\t<meta name=\"twitter:data1\" content=\"8\u00a0Minuten\" \/>\n<script type=\"application\/ld+json\" class=\"yoast-schema-graph\">{\"@context\":\"https:\/\/schema.org\",\"@graph\":[{\"@type\":\"WebPage\",\"@id\":\"https:\/\/rmcpolska.pl\/polityka-prywatnosci\/\",\"url\":\"https:\/\/rmcpolska.pl\/polityka-prywatnosci\/\",\"name\":\"Polityka prywatno\u015bci - RMC Polska\",\"isPartOf\":{\"@id\":\"https:\/\/rmcpolska.pl\/#website\"},\"datePublished\":\"2023-10-20T09:44:23+00:00\",\"dateModified\":\"2023-10-20T09:47:57+00:00\",\"breadcrumb\":{\"@id\":\"https:\/\/rmcpolska.pl\/polityka-prywatnosci\/#breadcrumb\"},\"inLanguage\":\"de\",\"potentialAction\":[{\"@type\":\"ReadAction\",\"target\":[\"https:\/\/rmcpolska.pl\/polityka-prywatnosci\/\"]}]},{\"@type\":\"BreadcrumbList\",\"@id\":\"https:\/\/rmcpolska.pl\/polityka-prywatnosci\/#breadcrumb\",\"itemListElement\":[{\"@type\":\"ListItem\",\"position\":1,\"name\":\"Strona g\u0142\u00f3wna\",\"item\":\"https:\/\/rmcpolska.pl\/\"},{\"@type\":\"ListItem\",\"position\":2,\"name\":\"Polityka prywatno\u015bci\"}]},{\"@type\":\"WebSite\",\"@id\":\"https:\/\/rmcpolska.pl\/#website\",\"url\":\"https:\/\/rmcpolska.pl\/\",\"name\":\"RMC Polska\",\"description\":\"Skup z\u0142omu Legnica, Skup z\u0142omu Mielec | RMC Polska\",\"publisher\":{\"@id\":\"https:\/\/rmcpolska.pl\/#organization\"},\"potentialAction\":[{\"@type\":\"SearchAction\",\"target\":{\"@type\":\"EntryPoint\",\"urlTemplate\":\"https:\/\/rmcpolska.pl\/?s={search_term_string}\"},\"query-input\":{\"@type\":\"PropertyValueSpecification\",\"valueRequired\":true,\"valueName\":\"search_term_string\"}}],\"inLanguage\":\"de\"},{\"@type\":\"Organization\",\"@id\":\"https:\/\/rmcpolska.pl\/#organization\",\"name\":\"RMC Polska\",\"url\":\"https:\/\/rmcpolska.pl\/\",\"logo\":{\"@type\":\"ImageObject\",\"inLanguage\":\"de\",\"@id\":\"https:\/\/rmcpolska.pl\/#\/schema\/logo\/image\/\",\"url\":\"https:\/\/rmcpolska.pl\/wp-content\/uploads\/2021\/09\/rmc_recycling_logo.png\",\"contentUrl\":\"https:\/\/rmcpolska.pl\/wp-content\/uploads\/2021\/09\/rmc_recycling_logo.png\",\"width\":1020,\"height\":353,\"caption\":\"RMC Polska\"},\"image\":{\"@id\":\"https:\/\/rmcpolska.pl\/#\/schema\/logo\/image\/\"}}]}<\/script>\n<!-- \/ Yoast SEO plugin. -->","yoast_head_json":{"title":"Polityka prywatno\u015bci - RMC Polska","robots":{"index":"index","follow":"follow","max-snippet":"max-snippet:-1","max-image-preview":"max-image-preview:large","max-video-preview":"max-video-preview:-1"},"canonical":"https:\/\/rmcpolska.pl\/de\/datenschutzbestimmungen\/","og_locale":"de_DE","og_type":"article","og_title":"Polityka prywatno\u015bci - RMC Polska","og_description":"Prosimy o uwa\u017cne zapoznanie si\u0119 z niniejszymi warunkami przed rozpocz\u0119ciem korzystania z naszej Us\u0142ugi. Interpretacja i definicje Interpretacja Wyrazy, kt\u00f3rych pierwsza litera jest pisana wielk\u0105 liter\u0105, maj\u0105 znaczenie zdefiniowane w nast\u0119puj\u0105cych warunkach. Poni\u017csze definicje maj\u0105 takie samo znaczenie niezale\u017cnie od tego, czy wyst\u0119puj\u0105 w liczbie pojedynczej czy mnogiej. Definicje Dla cel\u00f3w niniejszego Regulaminu: Podmiot powi\u0105zany\u00a0oznacza&hellip;","og_url":"https:\/\/rmcpolska.pl\/de\/datenschutzbestimmungen\/","og_site_name":"RMC Polska","article_modified_time":"2023-10-20T09:47:57+00:00","twitter_card":"summary_large_image","twitter_misc":{"Gesch\u00e4tzte Lesezeit":"8\u00a0Minuten"},"schema":{"@context":"https:\/\/schema.org","@graph":[{"@type":"WebPage","@id":"https:\/\/rmcpolska.pl\/polityka-prywatnosci\/","url":"https:\/\/rmcpolska.pl\/polityka-prywatnosci\/","name":"Polityka prywatno\u015bci - RMC Polska","isPartOf":{"@id":"https:\/\/rmcpolska.pl\/#website"},"datePublished":"2023-10-20T09:44:23+00:00","dateModified":"2023-10-20T09:47:57+00:00","breadcrumb":{"@id":"https:\/\/rmcpolska.pl\/polityka-prywatnosci\/#breadcrumb"},"inLanguage":"de","potentialAction":[{"@type":"ReadAction","target":["https:\/\/rmcpolska.pl\/polityka-prywatnosci\/"]}]},{"@type":"BreadcrumbList","@id":"https:\/\/rmcpolska.pl\/polityka-prywatnosci\/#breadcrumb","itemListElement":[{"@type":"ListItem","position":1,"name":"Strona g\u0142\u00f3wna","item":"https:\/\/rmcpolska.pl\/"},{"@type":"ListItem","position":2,"name":"Polityka prywatno\u015bci"}]},{"@type":"WebSite","@id":"https:\/\/rmcpolska.pl\/#website","url":"https:\/\/rmcpolska.pl\/","name":"RMC Polska","description":"Skup z\u0142omu Legnica, Skup z\u0142omu Mielec | RMC Polska","publisher":{"@id":"https:\/\/rmcpolska.pl\/#organization"},"potentialAction":[{"@type":"SearchAction","target":{"@type":"EntryPoint","urlTemplate":"https:\/\/rmcpolska.pl\/?s={search_term_string}"},"query-input":{"@type":"PropertyValueSpecification","valueRequired":true,"valueName":"search_term_string"}}],"inLanguage":"de"},{"@type":"Organization","@id":"https:\/\/rmcpolska.pl\/#organization","name":"RMC Polska","url":"https:\/\/rmcpolska.pl\/","logo":{"@type":"ImageObject","inLanguage":"de","@id":"https:\/\/rmcpolska.pl\/#\/schema\/logo\/image\/","url":"https:\/\/rmcpolska.pl\/wp-content\/uploads\/2021\/09\/rmc_recycling_logo.png","contentUrl":"https:\/\/rmcpolska.pl\/wp-content\/uploads\/2021\/09\/rmc_recycling_logo.png","width":1020,"height":353,"caption":"RMC Polska"},"image":{"@id":"https:\/\/rmcpolska.pl\/#\/schema\/logo\/image\/"}}]}},"_links":{"self":[{"href":"https:\/\/rmcpolska.pl\/de\/wp-json\/wp\/v2\/pages\/6983","targetHints":{"allow":["GET"]}}],"collection":[{"href":"https:\/\/rmcpolska.pl\/de\/wp-json\/wp\/v2\/pages"}],"about":[{"href":"https:\/\/rmcpolska.pl\/de\/wp-json\/wp\/v2\/types\/page"}],"author":[{"embeddable":true,"href":"https:\/\/rmcpolska.pl\/de\/wp-json\/wp\/v2\/users\/1"}],"replies":[{"embeddable":true,"href":"https:\/\/rmcpolska.pl\/de\/wp-json\/wp\/v2\/comments?post=6983"}],"version-history":[{"count":4,"href":"https:\/\/rmcpolska.pl\/de\/wp-json\/wp\/v2\/pages\/6983\/revisions"}],"predecessor-version":[{"id":6987,"href":"https:\/\/rmcpolska.pl\/de\/wp-json\/wp\/v2\/pages\/6983\/revisions\/6987"}],"wp:attachment":[{"href":"https:\/\/rmcpolska.pl\/de\/wp-json\/wp\/v2\/media?parent=6983"}],"curies":[{"name":"wp","href":"https:\/\/api.w.org\/{rel}","templated":true}]}}