{"id":9097,"date":"2025-09-18T09:35:05","date_gmt":"2025-09-18T07:35:05","guid":{"rendered":"https:\/\/rmcpolska.pl\/?page_id=9097"},"modified":"2025-10-07T13:37:04","modified_gmt":"2025-10-07T11:37:04","slug":"zapytania-ofertowe-cyna","status":"publish","type":"page","link":"https:\/\/rmcpolska.pl\/de\/anfragen\/","title":{"rendered":"Anfragen"},"content":{"rendered":"<div data-elementor-type=\"wp-page\" data-elementor-id=\"9097\" class=\"elementor elementor-9097\">\n\t\t\t\t\t\t\t\t\t<section class=\"elementor-section elementor-top-section elementor-element elementor-element-aa9ab6a elementor-section-boxed elementor-section-height-default elementor-section-height-default\" data-id=\"aa9ab6a\" data-element_type=\"section\">\n\t\t\t\t\t\t<div class=\"elementor-container elementor-column-gap-default\">\n\t\t\t\t\t<div class=\"elementor-column elementor-col-100 elementor-top-column elementor-element elementor-element-cd6419b\" data-id=\"cd6419b\" data-element_type=\"column\">\n\t\t\t<div class=\"elementor-widget-wrap elementor-element-populated\">\n\t\t\t\t\t\t\t\t<div class=\"elementor-element elementor-element-b8aa698 elementor-widget elementor-widget-text-editor\" data-id=\"b8aa698\" data-element_type=\"widget\" data-widget_type=\"text-editor.default\">\n\t\t\t\t<div class=\"elementor-widget-container\">\n\t\t\t\t\t\t\t<p><a href=\"https:\/\/rmcpolska.pl\/de\/zinnverfahren\/\" target=\"_blank\" rel=\"noopener\">Pr\u00fcfen Sie den Prozess der Zinnadoption<\/a><\/p>\t\t\t\t\t\t<\/div>\n\t\t\t\t<\/div>\n\t\t\t\t<div class=\"elementor-element elementor-element-89c6c06 elementor-widget elementor-widget-shortcode\" data-id=\"89c6c06\" data-element_type=\"widget\" data-widget_type=\"shortcode.default\">\n\t\t\t\t<div class=\"elementor-widget-container\">\n\t\t\t\t\t<div class=\"elementor-shortcode\"><form id=\"metal-form\" class=\"metal-form\" method=\"post\" action=\"\">\n\n    <!-- Sekcja: Metal -->\n    <div class=\"\">\n        <!-- Sekcja: Typ sprzedaj\u0105cego -->\n        <div class=\"metal-form-fieldset\">\n            <legend>Typ des Verk\u00e4ufers<\/legend>\n\n            <div class=\"metal-form-group metal-radio-group\" role=\"radiogroup\" aria-label=\"Typ des Verk\u00e4ufers\">\n\t\t\t\t<label class=\"radio-inline\">\n\t\t\t\t  <div><input type=\"radio\" name=\"typ_sprzedajacego\" value=\"osoba\" id=\"seller-osoba\" checked><\/div>\n\t\t\t\t  <div>Privatperson<\/div>\n\t\t\t\t<\/label>\n\t\t\t\t<label class=\"radio-inline\">\n\t\t\t\t  <div><input type=\"radio\" name=\"typ_sprzedajacego\" value=\"firma\" id=\"seller-firma\"><\/div>\n\t\t\t\t  <div>Unternehmen<\/div>\n\t\t\t\t<\/label>\n\t\t\t<\/div>\n        <\/div>\n\n        <legend>Informationen \u00fcber Metall<\/legend>\n\t\t<div class=\"sn-style\"><a href=\"https:\/\/rmcpolska.pl\/de\/zinnsorten\/\" target=\"_blank\">Kontrolle der Zinnsorten<\/a><\/div>\n\n        <!-- SZABLON WIERSZA (ukryty) -->\n        <div class=\"metal-form-group\">\n            <div id=\"metal-items\">\n                <!-- PIERWSZY WIERSZ -->\n                <div class=\"metal-item\">\n                    <div class=\"metal-group\">\n\t\t\t\t\t\t<div class=\"metal-group-left\">\n\t\t\t\t\t\t\t<div class=\"metal-field\">\n\t\t\t\t\t\t\t\t<label class=\"metal-label\">Typ<\/label>\n\t\t\t\t\t\t\t\t<select class=\"metal-select\" name=\"metal_select[]\">\n\t\t\t\t\t\t\t\t\t<option value=\"\">- w\u00e4hlen -<\/option>\n\t\t\t\t\t\t\t\t\t\t\t\t\t\t\t\t\t\t\t<option value=\"24\">\n\t\t\t\t\t\t\t\t\t\t\tBabbitt-Zinn-Legierung I\r\n\t\t\t\t\t\t\t\t\t\t<\/option>\n\t\t\t\t\t\t\t\t\t\t\t\t\t\t\t\t\t\t\t<option value=\"25\">\n\t\t\t\t\t\t\t\t\t\t\tBabbitt-Zinn-Legierung II\r\n\t\t\t\t\t\t\t\t\t\t<\/option>\n\t\t\t\t\t\t\t\t\t\t\t\t\t\t\t\t\t\t\t<option value=\"26\">\n\t\t\t\t\t\t\t\t\t\t\tBabbitt-Zinn-Legierung III\r\n\t\t\t\t\t\t\t\t\t\t<\/option>\n\t\t\t\t\t\t\t\t\t\t\t\t\t\t\t\t\t\t\t<option value=\"27\">\n\t\t\t\t\t\t\t\t\t\t\t\u014180\r\n\t\t\t\t\t\t\t\t\t\t<\/option>\n\t\t\t\t\t\t\t\t\t\t\t\t\t\t\t\t\t\t\t<option value=\"28\">\n\t\t\t\t\t\t\t\t\t\t\t\u014183\r\n\t\t\t\t\t\t\t\t\t\t<\/option>\n\t\t\t\t\t\t\t\t\t\t\t\t\t\t\t\t\t\t\t<option value=\"29\">\n\t\t\t\t\t\t\t\t\t\t\t\u014189\r\n\t\t\t\t\t\t\t\t\t\t<\/option>\n\t\t\t\t\t\t\t\t\t\t\t\t\t\t\t\t\t\t\t<option value=\"30\">\n\t\t\t\t\t\t\t\t\t\t\t\u014193\r\n\t\t\t\t\t\t\t\t\t\t<\/option>\n\t\t\t\t\t\t\t\t\t\t\t\t\t\t\t\t\t\t\t<option value=\"48\">\n\t\t\t\t\t\t\t\t\t\t\tmin. 80% Sn\r\n\t\t\t\t\t\t\t\t\t\t<\/option>\n\t\t\t\t\t\t\t\t\t\t\t\t\t\t\t\t\t\t\t<option value=\"44\">\n\t\t\t\t\t\t\t\t\t\t\tSAC0307\r\n\t\t\t\t\t\t\t\t\t\t<\/option>\n\t\t\t\t\t\t\t\t\t\t\t\t\t\t\t\t\t\t\t<option value=\"45\">\n\t\t\t\t\t\t\t\t\t\t\tSAC105\r\n\t\t\t\t\t\t\t\t\t\t<\/option>\n\t\t\t\t\t\t\t\t\t\t\t\t\t\t\t\t\t\t\t<option value=\"40\">\n\t\t\t\t\t\t\t\t\t\t\tSAC300\r\n\t\t\t\t\t\t\t\t\t\t<\/option>\n\t\t\t\t\t\t\t\t\t\t\t\t\t\t\t\t\t\t\t<option value=\"41\">\n\t\t\t\t\t\t\t\t\t\t\tSAC305\r\n\t\t\t\t\t\t\t\t\t\t<\/option>\n\t\t\t\t\t\t\t\t\t\t\t\t\t\t\t\t\t\t\t<option value=\"43\">\n\t\t\t\t\t\t\t\t\t\t\tSAC387\r\n\t\t\t\t\t\t\t\t\t\t<\/option>\n\t\t\t\t\t\t\t\t\t\t\t\t\t\t\t\t\t\t\t<option value=\"42\">\n\t\t\t\t\t\t\t\t\t\t\tSAC405\r\n\t\t\t\t\t\t\t\t\t\t<\/option>\n\t\t\t\t\t\t\t\t\t\t\t\t\t\t\t\t\t\t\t<option value=\"47\">\n\t\t\t\t\t\t\t\t\t\t\tSACM\r\n\t\t\t\t\t\t\t\t\t\t<\/option>\n\t\t\t\t\t\t\t\t\t\t\t\t\t\t\t\t\t\t\t<option value=\"46\">\n\t\t\t\t\t\t\t\t\t\t\tSACX\r\n\t\t\t\t\t\t\t\t\t\t<\/option>\n\t\t\t\t\t\t\t\t\t\t\t\t\t\t\t\t\t\t\t<option value=\"6\">\n\t\t\t\t\t\t\t\t\t\t\tSn10Pb90 (LC10)\r\n\t\t\t\t\t\t\t\t\t\t<\/option>\n\t\t\t\t\t\t\t\t\t\t\t\t\t\t\t\t\t\t\t<option value=\"5\">\n\t\t\t\t\t\t\t\t\t\t\tSn30Pb70 (LC30)\r\n\t\t\t\t\t\t\t\t\t\t<\/option>\n\t\t\t\t\t\t\t\t\t\t\t\t\t\t\t\t\t\t\t<option value=\"4\">\n\t\t\t\t\t\t\t\t\t\t\tSn40Pb60 (LC40)\r\n\t\t\t\t\t\t\t\t\t\t<\/option>\n\t\t\t\t\t\t\t\t\t\t\t\t\t\t\t\t\t\t\t<option value=\"3\">\n\t\t\t\t\t\t\t\t\t\t\tSn50Pb50 (LC50)\r\n\t\t\t\t\t\t\t\t\t\t<\/option>\n\t\t\t\t\t\t\t\t\t\t\t\t\t\t\t\t\t\t\t<option value=\"1\">\n\t\t\t\t\t\t\t\t\t\t\tSn60Pb40 (LC60)\t\t\t\t\t\t\t\t\t\t<\/option>\n\t\t\t\t\t\t\t\t\t\t\t\t\t\t\t\t\t\t\t<option value=\"2\">\n\t\t\t\t\t\t\t\t\t\t\tSn63Pb37 (LC63)\t\t\t\t\t\t\t\t\t\t<\/option>\n\t\t\t\t\t\t\t\t\t\t\t\t\t\t\t\t\t\t\t<option value=\"37\">\n\t\t\t\t\t\t\t\t\t\t\tSn97Ag3\r\n\t\t\t\t\t\t\t\t\t\t<\/option>\n\t\t\t\t\t\t\t\t\t\t\t\t\t\t\t\t\t\t\t<option value=\"34\">\n\t\t\t\t\t\t\t\t\t\t\tSn97Cu3\r\n\t\t\t\t\t\t\t\t\t\t<\/option>\n\t\t\t\t\t\t\t\t\t\t\t\t\t\t\t\t\t\t\t<option value=\"33\">\n\t\t\t\t\t\t\t\t\t\t\tSn99.3Cu0.7\r\n\t\t\t\t\t\t\t\t\t\t<\/option>\n\t\t\t\t\t\t\t\t\t\t\t\t\t\t\t\t\t\t\t<option value=\"32\">\n\t\t\t\t\t\t\t\t\t\t\tSn99Cu1\r\n\t\t\t\t\t\t\t\t\t\t<\/option>\n\t\t\t\t\t\t\t\t\t\t\t\t\t\t\t\t\t\t\t<option value=\"35\">\n\t\t\t\t\t\t\t\t\t\t\tSnCu0,5\r\n\t\t\t\t\t\t\t\t\t\t<\/option>\n\t\t\t\t\t\t\t\t\t\t\t\t\t\t\t\t\t\t\t<option value=\"36\">\n\t\t\t\t\t\t\t\t\t\t\tSnCuNi\r\n\t\t\t\t\t\t\t\t\t\t<\/option>\n\t\t\t\t\t\t\t\t\t\t\t\t\t\t\t\t\t\t<option value=\"other\">Andere, die gesch\u00e4tzt werden m\u00fcssen<\/option>\n\t\t\t\t\t\t\t\t<\/select>\n\t\t\t\t\t\t\t\t<div class=\"metal-description\"><\/div>\n\n\t\t\t\t\t\t\t\t<div class=\"metal-other-wrap\" style=\"margin-top:6px; display:none;\">\n\t\t\t\t\t\t\t\t\t<label>Beschreiben Sie den Bedarf<\/label>\n\t\t\t\t\t\t\t\t\t<textarea class=\"metal-other\" name=\"metal_other[]\" rows=\"3\" style=\"width:100%;\"><\/textarea>\n\t\t\t\t\t\t\t\t<\/div>\n\t\t\t\t\t\t\t<\/div>\n\n\t\t\t\t\t\t\t<div class=\"metal-field\">\n\t\t\t\t\t\t\t\t<label class=\"metal-label\">Gewicht [kg]<\/label>\n\t\t\t\t\t\t\t\t<input type=\"number\" class=\"metal-weight\" name=\"metal_weight[]\" step=\"0.01\" min=\"0\" value=\"\"\n\t\t\t\t\t\t\t\t\t   inputmode=\"decimal\" pattern=\"[0-9]+([,.][0-9]{1,3})?\">\n\t\t\t\t\t\t\t<\/div>\n\t\t\t\t\t\t\n\t\t\t\t\t\t<\/div>\n\t\t\t\t\t\t<div class=\"metal-group-right\">\n\n\t\t\t\t\t\t\t<div class=\"metal-field\" style=\"width: 200px\">\n\t\t\t\t\t\t\t\t<label class=\"metal-label\">Preis<\/label>\n\t\t\t\t\t\t\t\t<div class=\"metal-price\" data-price=\"0\">-<\/div>\n\t\t\t\t\t\t\t<\/div>\n\t\t\t\t\t\t<\/div>\n                    <\/div>\n\n                    <button type=\"button\" class=\"metal-remove\" aria-label=\"L\u00f6schen\">L\u00f6schen<\/button>\n\n                <\/div>\n\n            <\/div>\n\t\t\t<div style=\"display: flex; flex-direction:column\";>\n\t\t\t\t<button type=\"button\" id=\"custom\" class=\"button\">Ich kenne die Art der Dose nicht<\/button>\t\n\t\t\t\t<button type=\"button\" id=\"metal-add\" class=\"button\">Artikel hinzuf\u00fcgen<\/button>\n\t\t\t<\/div>\n\n            <div class=\"metal-summary\" style=\"margin-top:12px;\">\n                <div>Gesamtgewicht: <strong><span id=\"metal-total-weight\">0<\/span><\/strong> <\/div>\n                <div>Gesamtpreis: <strong><span id=\"metal-total-price\">0<\/span><\/strong> <\/div>\n                <div id=\"metal-pcc-row\">\n                    PCC-Steuer: <strong><span id=\"metal-total-pcc\">0<\/span><\/strong>\n                <\/div>\n                <div>Wertprognose: <strong><span id=\"metal-total-prediction\">0<\/span><\/strong> <\/div>\n            <\/div>\n        <\/div>\n\n        <div id=\"metal-result\" style=\"display:none;\">\n            <span><\/span>\n        <\/div>\n    <\/div>\n\n    \n\t<div id=\"dane-osoba\">\n        <div class=\"metal-form-fieldset\">\n            <legend>Informationen \u00fcber den K\u00e4ufer (Privatperson)<\/legend>\n\n            <div class=\"metal-form-group\">\n                <label>Name *:\n                    <input type=\"text\" name=\"imie\">\n                <\/label>\n            <\/div>\n\n            <div class=\"metal-form-group\">\n                <label>Name *:\n                    <input type=\"text\" name=\"nazwisko\">\n                <\/label>\n            <\/div>\n\n            <div class=\"metal-form-group\">\n                <label>Telefon *:\n                    <input type=\"tel\" name=\"telefon\">\n                <\/label>\n            <\/div>\n\n            <div class=\"metal-form-group\">\n                <label>E-Mail *:\n                    <input type=\"email\" name=\"email\">\n                <\/label>\n            <\/div>            \n        <\/div>\n\n    <\/div>\n\n    <div id=\"dane-firma\" style=\"display:none;\">\n        <!-- Sekcja: Dane kupuj\u0105cego (Firma) -->\n        <div class=\"metal-form-fieldset\">\n            <legend>Angaben zum K\u00e4ufer (Unternehmen)<\/legend>\n\n            <div class=\"metal-form-group\">\n                <label>Name des Unternehmens *:\n                    <input type=\"text\" name=\"nazwa_firmy\">\n                <\/label>\n            <\/div>\n\n            <div class=\"metal-form-group\">\n                <label>NIP *:\n                    <input type=\"text\" name=\"nip\">\n                <\/label>\n            <\/div>\n\n            <div class=\"metal-form-group\">\n                <label>Hat sie eine BDO?<\/label>\n\t\t\t\t<div class=\"metal-form-group metal-radio-group\" id=\"bdo-group\">\n                <label><input type=\"radio\" name=\"bdo\" value=\"tak\"> YES<\/label>\n                <label><input type=\"radio\" name=\"bdo\" value=\"nie\" checked> NO<\/label>\n            <\/div>\n\t\t\t\t<div class=\"metal-form-group metal-bdo\" id=\"nr-bdo-wrap\">\n\t\t\t\t\t<label for=\"nr_bdo\">BDO Nr:\n\t\t\t\t\t\t<input type=\"text\" name=\"nr_bdo\" id=\"nr_bdo\">\n\t\t\t\t\t<\/label>\n\t\t\t\t<\/div>\n            <\/div>\n            <div class=\"metal-form-group\" id=\"over500-box\">\n\t\t\t\t<label>\n\t\t\t\t\t<div>\n\t\t\t\t\t\t<input type=\"checkbox\" name=\"over500\" id=\"over500\">\n\t\t\t\t\t<\/div>\n\t\t\t\t\t<div>\n\t\t\t\t\t\tIch habe mehr als 500 kg Material.\n\t\t\t\t\t<\/div>\n\t\t\t\t<\/label>\n\t\t\t<\/div>\n        <\/div>\n    <\/div>\n\n    <!-- Sekcja: Siedziba -->\n\t<!--\n    <div class=\"metal-form-fieldset\">\n        <legend>Siedziba<\/legend>\n\n        <div class=\"metal-form-group\">\n            <label>Ulica:\n                <input type=\"text\" name=\"ulica\">\n            <\/label>\n        <\/div>\n\n        <div class=\"metal-form-group\">\n            <label>Nr mieszkania:\n                <input type=\"text\" name=\"nr_mieszkania\">\n            <\/label>\n        <\/div>\n\n        <div class=\"metal-form-group\">\n            <label>Miasto:\n                <input type=\"text\" name=\"miasto\">\n            <\/label>\n        <\/div>\n\n        <div class=\"metal-form-group\">\n            <label>Kod pocztowy:\n                <input type=\"text\" name=\"kod_pocztowy\">\n            <\/label>\n        <\/div>\n    <\/div>\n\t\n\t--->\n\n    <!-- Sekcja: Dane do odbioru -->\n    <div class=\"metal-form-fieldset\" id=\"pickup-section\" aria-hidden=\"true\" style=\"display: none;\">\n        <legend>Erhebungsdaten<\/legend>\n\n        <div class=\"metal-form-group\">\n            <label>Name des Unternehmens:\n                <input type=\"text\" name=\"odbior_nazwa\">\n            <\/label>\n        <\/div> \n\n        <div class=\"metal-form-group\">\n            <label>Name:\n                <input type=\"text\" name=\"odbior_imie_nazwisko\">\n            <\/label>\n        <\/div>\n\n        <div class=\"metal-form-group\">\n            <label>Telefon:\n                <input type=\"tel\" name=\"odbior_telefon\">\n            <\/label>\n        <\/div>\n\n        <div class=\"metal-form-group\">\n            <label>E-Mail:\n                <input type=\"email\" name=\"odbior_email\">\n            <\/label>\n        <\/div>\n\n        <div class=\"metal-form-group\">\n            <label>Stra\u00dfe:\n                <input type=\"text\" name=\"odbior_ulica\">\n            <\/label>\n        <\/div>\n\n        <div class=\"metal-form-group\">\n            <label>Wohnung Nr:\n                <input type=\"text\" name=\"odbior_nr_mieszkania\">\n            <\/label>\n        <\/div>\n\n        <div class=\"metal-form-group\">\n            <label>Stadt:\n                <input type=\"text\" name=\"odbior_miasto\">\n            <\/label>\n        <\/div>\n\n        <div class=\"metal-form-group\">\n            <label>Postleitzahl:\n                <input type=\"text\" name=\"odbior_kod_pocztowy\">\n            <\/label>\n        <\/div>\n    <\/div>\n\n    <div class=\"metal-form-fieldset info\" style=\"font-size:12px;\">\n        \"* DAS GEWICHT UND DER WERT DES MATERIALS WERDEN NACH DER ANNAHME DES MATERIALS DURCH RMC POLSKA SP. Z O.O. Das Wiegen erfolgt auf zertifizierten Waagen. Die Untersuchung der chemischen Zusammensetzung wird mit einem XRF-Spektrometer durchgef\u00fchrt.\"\n\n    <\/div>\n    <div class=\"metal-form-fieldset info\" style=\"font-size:12px;\">\n        Alle in dieser Preisliste enthaltenen Preise dienen nur zu Informationszwecken und stellen kein Angebot im Sinne des Artikels 66 \u00a71 des B\u00fcrgerlichen Gesetzbuches dar. RMC Polska Sp. z o.o. beh\u00e4lt sich das Recht vor, sie ohne vorherige Ank\u00fcndigung zu \u00e4ndern sowie die Erf\u00fcllung einer auf der Grundlage dieser Preisliste erteilten Bestellung abzulehnen, wenn sie nicht zuvor durch ein individuelles Handelsangebot best\u00e4tigt wurden.\n\n\n    <\/div>\n    <div class=\"metal-form-fieldset info\" style=\"font-size:12px;\">\n        \"RODO\"-Klausel Der Verwalter Ihrer personenbezogenen Daten ist RMC Polska Sp. z o.o. mit Sitz in Warschau, ul. Janusza Meissnera 1\/3 lok. 319 , NIP: 5242615311, REGON: 140495958, E-Mail-Adresse: biuro@rmcpolska.pl. Die von Ihnen im Kontaktformular angegebenen personenbezogenen Daten werden ausschlie\u00dflich zum Zweck der Beantwortung Ihrer Anfrage verarbeitet (Artikel 6 Absatz 1 Buchstabe f) RODO - berechtigtes Interesse des Verwalters am Schriftverkehr). Die Angabe der Daten ist freiwillig, aber f\u00fcr die Beantwortung notwendig. Ihre Daten werden so lange gespeichert, wie es f\u00fcr die Korrespondenz und die eventuelle Abwehr von Anspr\u00fcchen erforderlich ist, und dann gel\u00f6scht. Sie haben das Recht auf Auskunft, Berichtigung, L\u00f6schung, Einschr\u00e4nkung der Verarbeitung, Widerspruch gegen die Verarbeitung und das Recht, eine Beschwerde beim Pr\u00e4sidenten der Datenschutzbeh\u00f6rde einzureichen. Weitere Informationen \u00fcber die Verarbeitung Ihrer personenbezogenen Daten finden Sie in unserer Datenschutzrichtlinie [https:\/\/rmcpolska.pl\/dokumenty-do-pobrania\/].\"\n    <\/div>\n\n    <button type=\"submit\" name=\"bullion_configurator\" value=\"1\">Senden Sie<\/button>\n<input type=\"hidden\" name=\"trp-form-language\" value=\"de\"\/><\/form><\/div>\n\t\t\t\t<\/div>\n\t\t\t\t<\/div>\n\t\t\t\t\t<\/div>\n\t\t<\/div>\n\t\t\t\t\t\t\t<\/div>\n\t\t<\/section>\n\t\t\t\t\t\t\t<\/div>","protected":false},"excerpt":{"rendered":"<p>Pr\u00fcfen Sie den Prozess der Zinnadoption<\/p>","protected":false},"author":1,"featured_media":0,"parent":0,"menu_order":0,"comment_status":"closed","ping_status":"closed","template":"","meta":{"_acf_changed":false,"footnotes":""},"class_list":["post-9097","page","type-page","status-publish","hentry"],"acf":[],"yoast_head":"<!-- This site is optimized with the Yoast SEO plugin v24.2 - https:\/\/yoast.com\/wordpress\/plugins\/seo\/ -->\n<title>Zapytania ofertowe - RMC Polska<\/title>\n<meta name=\"robots\" content=\"index, follow, max-snippet:-1, max-image-preview:large, max-video-preview:-1\" \/>\n<link rel=\"canonical\" href=\"https:\/\/rmcpolska.pl\/de\/anfragen\/\" \/>\n<meta property=\"og:locale\" content=\"de_DE\" \/>\n<meta property=\"og:type\" content=\"article\" \/>\n<meta property=\"og:title\" content=\"Zapytania ofertowe - RMC Polska\" \/>\n<meta property=\"og:description\" content=\"Sprawd\u017a proces przyj\u0119cia cyny\" \/>\n<meta property=\"og:url\" content=\"https:\/\/rmcpolska.pl\/de\/anfragen\/\" \/>\n<meta property=\"og:site_name\" content=\"RMC Polska\" \/>\n<meta property=\"article:modified_time\" content=\"2025-10-07T11:37:04+00:00\" \/>\n<meta name=\"twitter:card\" content=\"summary_large_image\" \/>\n<meta name=\"twitter:label1\" content=\"Gesch\u00e4tzte Lesezeit\" \/>\n\t<meta name=\"twitter:data1\" content=\"1\u00a0Minute\" \/>\n<script type=\"application\/ld+json\" class=\"yoast-schema-graph\">{\"@context\":\"https:\/\/schema.org\",\"@graph\":[{\"@type\":\"WebPage\",\"@id\":\"https:\/\/rmcpolska.pl\/zapytania-ofertowe-cyna\/\",\"url\":\"https:\/\/rmcpolska.pl\/zapytania-ofertowe-cyna\/\",\"name\":\"Zapytania ofertowe - RMC Polska\",\"isPartOf\":{\"@id\":\"https:\/\/rmcpolska.pl\/#website\"},\"datePublished\":\"2025-09-18T07:35:05+00:00\",\"dateModified\":\"2025-10-07T11:37:04+00:00\",\"breadcrumb\":{\"@id\":\"https:\/\/rmcpolska.pl\/zapytania-ofertowe-cyna\/#breadcrumb\"},\"inLanguage\":\"de\",\"potentialAction\":[{\"@type\":\"ReadAction\",\"target\":[\"https:\/\/rmcpolska.pl\/zapytania-ofertowe-cyna\/\"]}]},{\"@type\":\"BreadcrumbList\",\"@id\":\"https:\/\/rmcpolska.pl\/zapytania-ofertowe-cyna\/#breadcrumb\",\"itemListElement\":[{\"@type\":\"ListItem\",\"position\":1,\"name\":\"Strona g\u0142\u00f3wna\",\"item\":\"https:\/\/rmcpolska.pl\/\"},{\"@type\":\"ListItem\",\"position\":2,\"name\":\"Zapytania ofertowe\"}]},{\"@type\":\"WebSite\",\"@id\":\"https:\/\/rmcpolska.pl\/#website\",\"url\":\"https:\/\/rmcpolska.pl\/\",\"name\":\"RMC Polska\",\"description\":\"Skup z\u0142omu Legnica, Skup z\u0142omu Mielec | RMC Polska\",\"publisher\":{\"@id\":\"https:\/\/rmcpolska.pl\/#organization\"},\"potentialAction\":[{\"@type\":\"SearchAction\",\"target\":{\"@type\":\"EntryPoint\",\"urlTemplate\":\"https:\/\/rmcpolska.pl\/?s={search_term_string}\"},\"query-input\":{\"@type\":\"PropertyValueSpecification\",\"valueRequired\":true,\"valueName\":\"search_term_string\"}}],\"inLanguage\":\"de\"},{\"@type\":\"Organization\",\"@id\":\"https:\/\/rmcpolska.pl\/#organization\",\"name\":\"RMC Polska\",\"url\":\"https:\/\/rmcpolska.pl\/\",\"logo\":{\"@type\":\"ImageObject\",\"inLanguage\":\"de\",\"@id\":\"https:\/\/rmcpolska.pl\/#\/schema\/logo\/image\/\",\"url\":\"https:\/\/rmcpolska.pl\/wp-content\/uploads\/2021\/09\/rmc_recycling_logo.png\",\"contentUrl\":\"https:\/\/rmcpolska.pl\/wp-content\/uploads\/2021\/09\/rmc_recycling_logo.png\",\"width\":1020,\"height\":353,\"caption\":\"RMC Polska\"},\"image\":{\"@id\":\"https:\/\/rmcpolska.pl\/#\/schema\/logo\/image\/\"}}]}<\/script>\n<!-- \/ Yoast SEO plugin. -->","yoast_head_json":{"title":"Zapytania ofertowe - RMC Polska","robots":{"index":"index","follow":"follow","max-snippet":"max-snippet:-1","max-image-preview":"max-image-preview:large","max-video-preview":"max-video-preview:-1"},"canonical":"https:\/\/rmcpolska.pl\/de\/anfragen\/","og_locale":"de_DE","og_type":"article","og_title":"Zapytania ofertowe - RMC Polska","og_description":"Sprawd\u017a proces przyj\u0119cia cyny","og_url":"https:\/\/rmcpolska.pl\/de\/anfragen\/","og_site_name":"RMC Polska","article_modified_time":"2025-10-07T11:37:04+00:00","twitter_card":"summary_large_image","twitter_misc":{"Gesch\u00e4tzte Lesezeit":"1\u00a0Minute"},"schema":{"@context":"https:\/\/schema.org","@graph":[{"@type":"WebPage","@id":"https:\/\/rmcpolska.pl\/zapytania-ofertowe-cyna\/","url":"https:\/\/rmcpolska.pl\/zapytania-ofertowe-cyna\/","name":"Zapytania ofertowe - RMC Polska","isPartOf":{"@id":"https:\/\/rmcpolska.pl\/#website"},"datePublished":"2025-09-18T07:35:05+00:00","dateModified":"2025-10-07T11:37:04+00:00","breadcrumb":{"@id":"https:\/\/rmcpolska.pl\/zapytania-ofertowe-cyna\/#breadcrumb"},"inLanguage":"de","potentialAction":[{"@type":"ReadAction","target":["https:\/\/rmcpolska.pl\/zapytania-ofertowe-cyna\/"]}]},{"@type":"BreadcrumbList","@id":"https:\/\/rmcpolska.pl\/zapytania-ofertowe-cyna\/#breadcrumb","itemListElement":[{"@type":"ListItem","position":1,"name":"Strona g\u0142\u00f3wna","item":"https:\/\/rmcpolska.pl\/"},{"@type":"ListItem","position":2,"name":"Zapytania ofertowe"}]},{"@type":"WebSite","@id":"https:\/\/rmcpolska.pl\/#website","url":"https:\/\/rmcpolska.pl\/","name":"RMC Polska","description":"Skup z\u0142omu Legnica, Skup z\u0142omu Mielec | RMC Polska","publisher":{"@id":"https:\/\/rmcpolska.pl\/#organization"},"potentialAction":[{"@type":"SearchAction","target":{"@type":"EntryPoint","urlTemplate":"https:\/\/rmcpolska.pl\/?s={search_term_string}"},"query-input":{"@type":"PropertyValueSpecification","valueRequired":true,"valueName":"search_term_string"}}],"inLanguage":"de"},{"@type":"Organization","@id":"https:\/\/rmcpolska.pl\/#organization","name":"RMC Polska","url":"https:\/\/rmcpolska.pl\/","logo":{"@type":"ImageObject","inLanguage":"de","@id":"https:\/\/rmcpolska.pl\/#\/schema\/logo\/image\/","url":"https:\/\/rmcpolska.pl\/wp-content\/uploads\/2021\/09\/rmc_recycling_logo.png","contentUrl":"https:\/\/rmcpolska.pl\/wp-content\/uploads\/2021\/09\/rmc_recycling_logo.png","width":1020,"height":353,"caption":"RMC Polska"},"image":{"@id":"https:\/\/rmcpolska.pl\/#\/schema\/logo\/image\/"}}]}},"_links":{"self":[{"href":"https:\/\/rmcpolska.pl\/de\/wp-json\/wp\/v2\/pages\/9097","targetHints":{"allow":["GET"]}}],"collection":[{"href":"https:\/\/rmcpolska.pl\/de\/wp-json\/wp\/v2\/pages"}],"about":[{"href":"https:\/\/rmcpolska.pl\/de\/wp-json\/wp\/v2\/types\/page"}],"author":[{"embeddable":true,"href":"https:\/\/rmcpolska.pl\/de\/wp-json\/wp\/v2\/users\/1"}],"replies":[{"embeddable":true,"href":"https:\/\/rmcpolska.pl\/de\/wp-json\/wp\/v2\/comments?post=9097"}],"version-history":[{"count":32,"href":"https:\/\/rmcpolska.pl\/de\/wp-json\/wp\/v2\/pages\/9097\/revisions"}],"predecessor-version":[{"id":9435,"href":"https:\/\/rmcpolska.pl\/de\/wp-json\/wp\/v2\/pages\/9097\/revisions\/9435"}],"wp:attachment":[{"href":"https:\/\/rmcpolska.pl\/de\/wp-json\/wp\/v2\/media?parent=9097"}],"curies":[{"name":"wp","href":"https:\/\/api.w.org\/{rel}","templated":true}]}}