{"id":9180,"date":"2025-10-03T09:28:45","date_gmt":"2025-10-03T07:28:45","guid":{"rendered":"https:\/\/rmcpolska.pl\/?page_id=9180"},"modified":"2025-10-03T09:36:18","modified_gmt":"2025-10-03T07:36:18","slug":"rodzaje-cyny","status":"publish","type":"page","link":"https:\/\/rmcpolska.pl\/de\/zinnsorten\/","title":{"rendered":"Arten von Zinn"},"content":{"rendered":"<div data-elementor-type=\"wp-page\" data-elementor-id=\"9180\" class=\"elementor elementor-9180\">\n\t\t\t\t\t\t\t\t\t<section class=\"elementor-section elementor-top-section elementor-element elementor-element-1efaa3b elementor-section-boxed elementor-section-height-default elementor-section-height-default\" data-id=\"1efaa3b\" data-element_type=\"section\">\n\t\t\t\t\t\t<div class=\"elementor-container elementor-column-gap-default\">\n\t\t\t\t\t<div class=\"elementor-column elementor-col-100 elementor-top-column elementor-element elementor-element-a5efd08\" data-id=\"a5efd08\" data-element_type=\"column\">\n\t\t\t<div class=\"elementor-widget-wrap elementor-element-populated\">\n\t\t\t\t\t\t\t\t<div class=\"elementor-element elementor-element-20fc6ac elementor-widget elementor-widget-heading\" data-id=\"20fc6ac\" data-element_type=\"widget\" data-widget_type=\"heading.default\">\n\t\t\t\t<div class=\"elementor-widget-container\">\n\t\t\t<h2 class=\"elementor-heading-title elementor-size-default\">Arten von Zinn<\/h2>\t\t<\/div>\n\t\t\t\t<\/div>\n\t\t\t\t<div class=\"elementor-element elementor-element-0fc71dc elementor-widget elementor-widget-text-editor\" data-id=\"0fc71dc\" data-element_type=\"widget\" data-widget_type=\"text-editor.default\">\n\t\t\t\t<div class=\"elementor-widget-container\">\n\t\t\t\t\t\t\t<table width=\"950\"><tbody><tr><td width=\"140\">Name<\/td><td width=\"146\">Typ<\/td><td width=\"263\">Chemische Zusammensetzung<\/td><td width=\"401\">Anmeldung<\/td><\/tr><tr><td>Zinn mit Blei<\/td><td>Sn60Pb40 (LC60)<\/td><td>60% Sn \/ 40% Pb<\/td><td width=\"401\">L\u00f6ten von Elektronik<\/td><\/tr><tr><td>Zinn mit Blei<\/td><td>Sn63Pb37 (LC63)<\/td><td>63% Sn \/ 37% Pb (eutektisch)<\/td><td width=\"401\">L\u00f6ten von Elektronik\u00a0<\/td><\/tr><tr><td>Zinn mit Blei<\/td><td>Sn50Pb50 (LC50)<\/td><td>50% Sn \/ 50% Pb<\/td><td width=\"401\">Allgemeines L\u00f6ten, Bleche, Dachrinnen, Wasserinstallationen, Elektronik<\/td><\/tr><tr><td>Zinn mit Blei<\/td><td>Sn40Pb60 (LC40)<\/td><td>40% Sn \/ 60% Pb<\/td><td width=\"401\">Gr\u00f6\u00dfere Komponenten, dickere Kabel<\/td><\/tr><tr><td>Zinn mit Blei<\/td><td>Sn30Pb70 (LC30)<\/td><td>30% Sn \/ 70% Pb<\/td><td width=\"401\">Schwere Verbindungen, Hydraulik<\/td><\/tr><tr><td>Zinn mit Blei<\/td><td>Sn10Pb90 (LC10)<\/td><td>10% Sn \/ 90% Pb<\/td><td width=\"401\">L\u00f6ten von Rohren und Blechen in \u00e4lteren Systemen<\/td><\/tr><tr><td>Zinnhaltige Legierungen<\/td><td>Babbitt-Zinn-Legierung I<\/td><td>Sn 90% \/ Sb 7% \/ Cu 3%<\/td><td width=\"401\">Hochbelastbare Gleitlager<\/td><\/tr><tr><td>Zinnhaltige Legierungen<\/td><td>Babbitt-Zinn-Legierung II<\/td><td>Sn 89% \/ Sb 8% \/ Cu 3%<\/td><td width=\"401\">Gleitlager, Lager mit mittlerer Belastung, gute Flexibilit\u00e4t<\/td><\/tr><tr><td>Zinnhaltige Legierungen<\/td><td>Babbitt-Zinn-Legierung III<\/td><td>Sn 83% \/ Sb 10% \/ Cu 7%<\/td><td width=\"401\">Gleitlager - verschlei\u00dffester<\/td><\/tr><tr><td>Zinnhaltige Legierungen<\/td><td>\u014180<\/td><td>Sn ~80%, Sb ~10%, Cu ~10%<\/td><td width=\"401\">Lager f\u00fcr Industriemaschinen<\/td><\/tr><tr><td>Zinnhaltige Legierungen<\/td><td>\u014183<\/td><td>Sn ~83%, Sb ~11%, Cu ~6%<\/td><td width=\"401\">Turbinen- und Verdichterlager<\/td><\/tr><tr><td>Zinnhaltige Legierungen<\/td><td>\u014189<\/td><td>Sn ~89%, Sb ~7%, Cu ~4%<\/td><td width=\"401\">Gleitlagerschalen<\/td><\/tr><tr><td>Zinnhaltige Legierungen<\/td><td>\u014193<\/td><td>Sn ~93%, Sb ~4%, Cu ~3%<\/td><td width=\"401\">Gleitlagerschalen - hohe Korrosions- und Temperaturbest\u00e4ndigkeit<\/td><\/tr><tr><td>Zinn mit Kupfer<\/td><td>Sn99Cu1<\/td><td>Sn 99% \/ Cu 1%<\/td><td width=\"401\">Bleifreies Lot, Wassersysteme, Heizk\u00f6rper<\/td><\/tr><tr><td>Zinn mit Kupfer<\/td><td>Sn99.3Cu0.7<\/td><td>Sn 99,3% \/ Cu 0,7%<\/td><td width=\"401\">L\u00f6ten von Elektronik - ein sehr beliebtes bleifreies Bindemittel<\/td><\/tr><tr><td>Zinn mit Kupfer<\/td><td>Sn97Cu3<\/td><td>Sn 97% \/ Cu 3%<\/td><td width=\"401\">Zum L\u00f6ten von gr\u00f6\u00dferen Bauteilen wie Rohren, Heizk\u00f6rpern<\/td><\/tr><tr><td>Zinn mit Kupfer<\/td><td>SnCu0,5<\/td><td>Sn 99,5% \/ Cu 0,5%<\/td><td width=\"401\">L\u00f6ten von Elektronik - weniger h\u00e4ufig<\/td><\/tr><tr><td>Zinn mit Kupfer<\/td><td>SnCuNi<\/td><td>Sn 99% \/ Cu 0,7% \/ Ni Spuren<\/td><td width=\"401\">Bleifreie Elektronik mit Nickelzusatz zur Schwei\u00dfstabilisierung<\/td><\/tr><tr><td>Zinn mit Silber<\/td><td>Sn97Ag3<\/td><td>Sn 97% \/ Ag 3%<\/td><td width=\"401\">St\u00e4rkere Verbindungen; Elektronik und Feinmechanik<\/td><\/tr><tr><td>Zinn mit Silber<\/td><td>Sn97Ag4<\/td><td>Sn 97% \/ Ag 4%<\/td><td width=\"401\">St\u00e4rkere Verbindungen; Elektronik und Feinmechanik<\/td><\/tr><tr><td>Zinn mit Silber<\/td><td>SnAgCu<\/td><td>Sn 97% \/ Ag 4%<\/td><td width=\"401\">L\u00f6ten von Elektronik\u00a0<\/td><\/tr><tr><td>Zinn mit Silber<\/td><td>SAC300<\/td><td>Sn 97% \/ Ag 4% \/ Cu 0,0%<\/td><td width=\"401\">L\u00f6ten von Elektronik - silberarm\/mikrolegiert, thermische Unterbrechungsgrenze<\/td><\/tr><tr><td>Zinn mit Silber<\/td><td>SAC305<\/td><td>Sn 96,5% \/ Ag 3% \/ Cu 0,5%<\/td><td width=\"401\">L\u00f6ten von Elektronik - Industriestandard, hohe Festigkeit<\/td><\/tr><tr><td>Zinn mit Silber<\/td><td>SAC405<\/td><td>Sn 95,5% \/ Ag 4% \/ Cu 0,5%<\/td><td width=\"401\">L\u00f6ten von Elektronik - h\u00f6here Festigkeit, teurer, f\u00fcr anspruchsvolle Anwendungen<\/td><\/tr><tr><td>Zinn mit Silber<\/td><td>SAC387<\/td><td>Sn 95,8% \/ Ag 3,8% \/ Cu 0,7%<\/td><td width=\"401\">L\u00f6ten von Elektronik - ein Gleichgewicht zwischen Kosten und Leistung<\/td><\/tr><tr><td>Zinn mit Silber<\/td><td>SAC0307<\/td><td>Sn 99% \/ Ag 0,3% \/ Cu 0,7%<\/td><td width=\"401\">L\u00f6ten von Elektronik - minimales Silber, sparsamer Binder<\/td><\/tr><tr><td>Zinn mit Silber<\/td><td>SAC105<\/td><td>Sn 98,5% \/ Ag 1% \/ Cu 0,5%<\/td><td width=\"401\">L\u00f6ten von Elektronik - billiger, Kompromiss zwischen Leistung und Preis<\/td><\/tr><tr><td>Zinn mit Silber<\/td><td>SACX<\/td><td>Sn ~99% \/ Ag 0,3-0,5% \/ Cu 0,7% + Zus\u00e4tze<\/td><td width=\"401\">L\u00f6ten von Elektronik - silberarme Ausf\u00fchrung mit Mikrolegierungen (Ni, Ge) rissbest\u00e4ndig<\/td><\/tr><tr><td>Zinn mit Silber<\/td><td>SAC257<\/td><td>Sn 97,5% \/ Ag 2,5% \/ Cu 0,7%<\/td><td width=\"401\">L\u00f6ten in der Elektronik - weniger verbreitet, aber in einigen Anwendungen verwendet. Rissfest<\/td><\/tr><tr><td>Zinn mit Silber<\/td><td>SACM<\/td><td>Sn 98,7% \/ Ag 0,3% \/ Cu 0,7% + Mn<\/td><td width=\"401\">L\u00f6ten von Elektronik - enth\u00e4lt Mangan (Mn) zur Verringerung von Rissbildung und<\/td><\/tr><tr><td>Zinnwaren<\/td><td>min. 80% Sn<\/td><td colspan=\"2\">\u00a0<\/td><\/tr><\/tbody><\/table>\t\t\t\t\t\t<\/div>\n\t\t\t\t<\/div>\n\t\t\t\t\t<\/div>\n\t\t<\/div>\n\t\t\t\t\t\t\t<\/div>\n\t\t<\/section>\n\t\t\t\t\t\t\t<\/div>","protected":false},"excerpt":{"rendered":"<p>Zinntypen Name Typ Chemische Zusammensetzung Anwendung Zinn mit Blei Sn60Pb40 (LC60) 60% Sn \/ 40% Pb L\u00f6ten von Elektronik Zinn mit Blei Sn63Pb37 (LC63) 63% Sn \/ 37% Pb (eutektisch) L\u00f6ten von Elektronik Zinn mit Blei Sn50Pb50 (LC50) 50% Sn \/ 50% Pb Allgemeines L\u00f6ten, Bleche, Dachrinnen, Wasserinstallationen, Elektronik Zinn mit Blei Sn40Pb60 (LC40) 40% Sn \/ 50% Pb...<\/p>","protected":false},"author":1,"featured_media":0,"parent":0,"menu_order":0,"comment_status":"closed","ping_status":"closed","template":"","meta":{"_acf_changed":false,"footnotes":""},"class_list":["post-9180","page","type-page","status-publish","hentry"],"acf":[],"yoast_head":"<!-- This site is optimized with the Yoast SEO plugin v24.2 - https:\/\/yoast.com\/wordpress\/plugins\/seo\/ -->\n<title>Rodzaje cyny - RMC Polska<\/title>\n<meta name=\"robots\" content=\"index, follow, max-snippet:-1, max-image-preview:large, max-video-preview:-1\" \/>\n<link rel=\"canonical\" href=\"https:\/\/rmcpolska.pl\/de\/zinnsorten\/\" \/>\n<meta property=\"og:locale\" content=\"de_DE\" \/>\n<meta property=\"og:type\" content=\"article\" \/>\n<meta property=\"og:title\" content=\"Rodzaje cyny - RMC Polska\" \/>\n<meta property=\"og:description\" content=\"Rodzaje cyny Nazwa Rodzaj Sk\u0142ad chemiczny Zastosowanie Cyna z o\u0142owiem Sn60Pb40 (LC60) 60% Sn \/ 40% Pb Lutowanie elektroniki Cyna z o\u0142owiem Sn63Pb37 (LC63) 63% Sn \/ 37% Pb (eutektyk) Lutowanie elektroniki\u00a0 Cyna z o\u0142owiem Sn50Pb50 (LC50) 50% Sn \/ 50% Pb Lutowanie og\u00f3lne, blachy, rynny, instalacje wodne, elektronika Cyna z o\u0142owiem Sn40Pb60 (LC40) 40%&hellip;\" \/>\n<meta property=\"og:url\" content=\"https:\/\/rmcpolska.pl\/de\/zinnsorten\/\" \/>\n<meta property=\"og:site_name\" content=\"RMC Polska\" \/>\n<meta property=\"article:modified_time\" content=\"2025-10-03T07:36:18+00:00\" \/>\n<meta name=\"twitter:card\" content=\"summary_large_image\" \/>\n<meta name=\"twitter:label1\" content=\"Gesch\u00e4tzte Lesezeit\" \/>\n\t<meta name=\"twitter:data1\" content=\"4\u00a0Minuten\" \/>\n<script type=\"application\/ld+json\" class=\"yoast-schema-graph\">{\"@context\":\"https:\/\/schema.org\",\"@graph\":[{\"@type\":\"WebPage\",\"@id\":\"https:\/\/rmcpolska.pl\/rodzaje-cyny\/\",\"url\":\"https:\/\/rmcpolska.pl\/rodzaje-cyny\/\",\"name\":\"Rodzaje cyny - RMC Polska\",\"isPartOf\":{\"@id\":\"https:\/\/rmcpolska.pl\/#website\"},\"datePublished\":\"2025-10-03T07:28:45+00:00\",\"dateModified\":\"2025-10-03T07:36:18+00:00\",\"breadcrumb\":{\"@id\":\"https:\/\/rmcpolska.pl\/rodzaje-cyny\/#breadcrumb\"},\"inLanguage\":\"de\",\"potentialAction\":[{\"@type\":\"ReadAction\",\"target\":[\"https:\/\/rmcpolska.pl\/rodzaje-cyny\/\"]}]},{\"@type\":\"BreadcrumbList\",\"@id\":\"https:\/\/rmcpolska.pl\/rodzaje-cyny\/#breadcrumb\",\"itemListElement\":[{\"@type\":\"ListItem\",\"position\":1,\"name\":\"Strona g\u0142\u00f3wna\",\"item\":\"https:\/\/rmcpolska.pl\/\"},{\"@type\":\"ListItem\",\"position\":2,\"name\":\"Rodzaje cyny\"}]},{\"@type\":\"WebSite\",\"@id\":\"https:\/\/rmcpolska.pl\/#website\",\"url\":\"https:\/\/rmcpolska.pl\/\",\"name\":\"RMC Polska\",\"description\":\"Skup z\u0142omu Legnica, Skup z\u0142omu Mielec | RMC Polska\",\"publisher\":{\"@id\":\"https:\/\/rmcpolska.pl\/#organization\"},\"potentialAction\":[{\"@type\":\"SearchAction\",\"target\":{\"@type\":\"EntryPoint\",\"urlTemplate\":\"https:\/\/rmcpolska.pl\/?s={search_term_string}\"},\"query-input\":{\"@type\":\"PropertyValueSpecification\",\"valueRequired\":true,\"valueName\":\"search_term_string\"}}],\"inLanguage\":\"de\"},{\"@type\":\"Organization\",\"@id\":\"https:\/\/rmcpolska.pl\/#organization\",\"name\":\"RMC Polska\",\"url\":\"https:\/\/rmcpolska.pl\/\",\"logo\":{\"@type\":\"ImageObject\",\"inLanguage\":\"de\",\"@id\":\"https:\/\/rmcpolska.pl\/#\/schema\/logo\/image\/\",\"url\":\"https:\/\/rmcpolska.pl\/wp-content\/uploads\/2021\/09\/rmc_recycling_logo.png\",\"contentUrl\":\"https:\/\/rmcpolska.pl\/wp-content\/uploads\/2021\/09\/rmc_recycling_logo.png\",\"width\":1020,\"height\":353,\"caption\":\"RMC Polska\"},\"image\":{\"@id\":\"https:\/\/rmcpolska.pl\/#\/schema\/logo\/image\/\"}}]}<\/script>\n<!-- \/ Yoast SEO plugin. -->","yoast_head_json":{"title":"Rodzaje cyny - RMC Polska","robots":{"index":"index","follow":"follow","max-snippet":"max-snippet:-1","max-image-preview":"max-image-preview:large","max-video-preview":"max-video-preview:-1"},"canonical":"https:\/\/rmcpolska.pl\/de\/zinnsorten\/","og_locale":"de_DE","og_type":"article","og_title":"Rodzaje cyny - RMC Polska","og_description":"Rodzaje cyny Nazwa Rodzaj Sk\u0142ad chemiczny Zastosowanie Cyna z o\u0142owiem Sn60Pb40 (LC60) 60% Sn \/ 40% Pb Lutowanie elektroniki Cyna z o\u0142owiem Sn63Pb37 (LC63) 63% Sn \/ 37% Pb (eutektyk) Lutowanie elektroniki\u00a0 Cyna z o\u0142owiem Sn50Pb50 (LC50) 50% Sn \/ 50% Pb Lutowanie og\u00f3lne, blachy, rynny, instalacje wodne, elektronika Cyna z o\u0142owiem Sn40Pb60 (LC40) 40%&hellip;","og_url":"https:\/\/rmcpolska.pl\/de\/zinnsorten\/","og_site_name":"RMC Polska","article_modified_time":"2025-10-03T07:36:18+00:00","twitter_card":"summary_large_image","twitter_misc":{"Gesch\u00e4tzte Lesezeit":"4\u00a0Minuten"},"schema":{"@context":"https:\/\/schema.org","@graph":[{"@type":"WebPage","@id":"https:\/\/rmcpolska.pl\/rodzaje-cyny\/","url":"https:\/\/rmcpolska.pl\/rodzaje-cyny\/","name":"Rodzaje cyny - RMC Polska","isPartOf":{"@id":"https:\/\/rmcpolska.pl\/#website"},"datePublished":"2025-10-03T07:28:45+00:00","dateModified":"2025-10-03T07:36:18+00:00","breadcrumb":{"@id":"https:\/\/rmcpolska.pl\/rodzaje-cyny\/#breadcrumb"},"inLanguage":"de","potentialAction":[{"@type":"ReadAction","target":["https:\/\/rmcpolska.pl\/rodzaje-cyny\/"]}]},{"@type":"BreadcrumbList","@id":"https:\/\/rmcpolska.pl\/rodzaje-cyny\/#breadcrumb","itemListElement":[{"@type":"ListItem","position":1,"name":"Strona g\u0142\u00f3wna","item":"https:\/\/rmcpolska.pl\/"},{"@type":"ListItem","position":2,"name":"Rodzaje cyny"}]},{"@type":"WebSite","@id":"https:\/\/rmcpolska.pl\/#website","url":"https:\/\/rmcpolska.pl\/","name":"RMC Polska","description":"Skup z\u0142omu Legnica, Skup z\u0142omu Mielec | RMC Polska","publisher":{"@id":"https:\/\/rmcpolska.pl\/#organization"},"potentialAction":[{"@type":"SearchAction","target":{"@type":"EntryPoint","urlTemplate":"https:\/\/rmcpolska.pl\/?s={search_term_string}"},"query-input":{"@type":"PropertyValueSpecification","valueRequired":true,"valueName":"search_term_string"}}],"inLanguage":"de"},{"@type":"Organization","@id":"https:\/\/rmcpolska.pl\/#organization","name":"RMC Polska","url":"https:\/\/rmcpolska.pl\/","logo":{"@type":"ImageObject","inLanguage":"de","@id":"https:\/\/rmcpolska.pl\/#\/schema\/logo\/image\/","url":"https:\/\/rmcpolska.pl\/wp-content\/uploads\/2021\/09\/rmc_recycling_logo.png","contentUrl":"https:\/\/rmcpolska.pl\/wp-content\/uploads\/2021\/09\/rmc_recycling_logo.png","width":1020,"height":353,"caption":"RMC Polska"},"image":{"@id":"https:\/\/rmcpolska.pl\/#\/schema\/logo\/image\/"}}]}},"_links":{"self":[{"href":"https:\/\/rmcpolska.pl\/de\/wp-json\/wp\/v2\/pages\/9180","targetHints":{"allow":["GET"]}}],"collection":[{"href":"https:\/\/rmcpolska.pl\/de\/wp-json\/wp\/v2\/pages"}],"about":[{"href":"https:\/\/rmcpolska.pl\/de\/wp-json\/wp\/v2\/types\/page"}],"author":[{"embeddable":true,"href":"https:\/\/rmcpolska.pl\/de\/wp-json\/wp\/v2\/users\/1"}],"replies":[{"embeddable":true,"href":"https:\/\/rmcpolska.pl\/de\/wp-json\/wp\/v2\/comments?post=9180"}],"version-history":[{"count":7,"href":"https:\/\/rmcpolska.pl\/de\/wp-json\/wp\/v2\/pages\/9180\/revisions"}],"predecessor-version":[{"id":9187,"href":"https:\/\/rmcpolska.pl\/de\/wp-json\/wp\/v2\/pages\/9180\/revisions\/9187"}],"wp:attachment":[{"href":"https:\/\/rmcpolska.pl\/de\/wp-json\/wp\/v2\/media?parent=9180"}],"curies":[{"name":"wp","href":"https:\/\/api.w.org\/{rel}","templated":true}]}}