{"id":2806,"date":"2021-09-22T07:20:57","date_gmt":"2021-09-22T07:20:57","guid":{"rendered":"https:\/\/the7.io\/consulting\/?page_id=2806"},"modified":"2023-10-20T11:41:41","modified_gmt":"2023-10-20T09:41:41","slug":"regulamin","status":"publish","type":"page","link":"https:\/\/rmcpolska.pl\/en\/regulations\/","title":{"rendered":"Regulations"},"content":{"rendered":"<div data-elementor-type=\"wp-page\" data-elementor-id=\"2806\" class=\"elementor elementor-2806\">\n\t\t\t\t\t\t\t\t\t<section class=\"elementor-section elementor-top-section elementor-element elementor-element-351e1a3 elementor-section-boxed elementor-section-height-default elementor-section-height-default\" data-id=\"351e1a3\" data-element_type=\"section\">\n\t\t\t\t\t\t<div class=\"elementor-container elementor-column-gap-wider\">\n\t\t\t\t\t<div class=\"elementor-column elementor-col-100 elementor-top-column elementor-element elementor-element-da23136\" data-id=\"da23136\" data-element_type=\"column\">\n\t\t\t<div class=\"elementor-widget-wrap elementor-element-populated\">\n\t\t\t\t\t\t\t\t<div class=\"elementor-element elementor-element-453c5e1 elementor-widget elementor-widget-text-editor\" data-id=\"453c5e1\" data-element_type=\"widget\" data-widget_type=\"text-editor.default\">\n\t\t\t\t<div class=\"elementor-widget-container\">\n\t\t\t\t\t\t\tThis Cookie Policy explains what cookies are and how we use them. You should read this policy to understand what types of cookies we use or what information we collect through cookies and how that information is used.\n<br><br>\n\nCookies do not normally contain any personally identifiable information about you, but the personal information we hold about you may be linked to information stored in and derived from cookies. For more information on how we use, store and secure your personal information, please see our Privacy Policy.\n<br><br>\n\nWe do not store sensitive personal data such as email addresses, account passwords etc. in the cookies we use.\n\n<hr class=\"the7-p-gap\" style=\"padding-bottom: 45px;\" \/>\n\n<h2>Interpretation and definitions<\/h2>\n<h3>Interpretation<\/h3>\nWords whose first letter is capitalised have the meaning defined in the following terms. The following definitions have the same meaning regardless of whether they appear in the singular or plural.\n\n<hr class=\"the7-p-gap\" style=\"padding-bottom: 15px;\" \/>\n\n<h3>Definitions<\/h3>\nFor the purposes of this Cookie Policy:\n<br><br>\n\n- \"Company\" (referred to in this Cookie Policy as \"Company\", \"We\", \"Us\" or \"Our\") refers to RMC Polska Ltd.\n\n<br><br>\n- \"Cookies\" means small files that are placed on your computer, mobile device or other device by a website containing, among other things, details of your browsing history on that website.\n<br><br>\n\n- \"Website\" refers to RMC Poland, available at https:\/\/rmcpolska.pl\/.\n<br><br>\n\n- \"User\" means the natural person accessing or using the Site, the company or any legal entity on whose behalf such natural person accesses or uses the Site, as the case may be.\n\n<hr class=\"the7-p-gap\" style=\"padding-bottom: 45px;\" \/>\n\n<h2>Use of cookies<\/h2>\n<h3>The type of cookies we use<\/h3>\nCookies can be 'persistent' or 'session' cookies. Persistent cookies remain on your personal computer or mobile device after you go offline, while session cookies are deleted immediately when you close your web browser.\n\n<hr class=\"the7-p-gap\" style=\"padding-bottom: 15px;\" \/>\n\n<h3>We use both session and persistent cookies for the purposes set out below:<\/h3>\n- Necessary cookies Cookie type: Session cookies Administered by: Us Purpose: These cookies are necessary to provide the services available through the Website and to enable some of its features. They help to authenticate users and prevent fraudulent use of user accounts. Without these cookies, the services you have requested cannot be provided and we only use these cookies to provide these services.\n<br><br>\n\n- Cookie Policy \/ Acceptance of cookies Type of cookie: Persistent cookies Administered by: Us Purpose: These cookies identify whether users have accepted the use of cookies on the Website.\n<br><br>\n\n- Functionality Type of cookie: Persistent cookies Administered by: Us Purpose: These cookies allow us to remember choices you make when using the Website, such as remembering your login details or language preferences. The purpose of these cookies is to provide you with a more personal experience and to avoid you having to re-enter your preferences each time you use the Website.\n<br><br>\n\n- Tracking and performance cookies Type: Persistent cookies Administered by: Third parties Purpose: These cookies are used to track information about traffic on the Website and how users use it. The information collected through these cookies can directly or indirectly identify you as an individual visitor. This is because the information collected is usually linked to a pseudonymous identifier associated with the device used to access the Site. We may also use these cookies to test new advertisements, pages, features or new functions of the Website to see how our users respond to them.\n\n<hr class=\"the7-p-gap\" style=\"padding-bottom: 45px;\" \/>\n\n<h2>User's choice of cookies<\/h2>\nIf the User wishes to avoid the use of cookies on the Website, the User must first disable the use of cookies in the browser and then delete the cookies stored in the browser related to the Website. The User may use this option to prevent the use of cookies at any time.\n<br><br>\n\nIf you do not accept our cookies, you may experience some inconvenience in your use of the Website and some features may not function properly.\n<br><br>\n\nIf you wish to delete cookies or instruct your browser to delete or reject cookies, please visit your browser's help pages.\n\n<br><br>\nThe Chrome browser can be found on this Google page: https:\/\/support.google.com\/accounts\/answer\/32050\n\n<br><br>\nInformation on Internet Explorer can be found on this Microsoft website: http:\/\/support.microsoft.com\/kb\/278835\n<br><br>\n\nThe Firefox browser can be found on this Mozilla website: https:\/\/support.mozilla.org\/en-US\/kb\/delete-cookies-remove-info-websites-stored.\n<br><br>\n\nThe Safari browser can be found on this Apple website: https:\/\/support.apple.com\/guide\/safari\/manage-cookies-and-website-data-sfri11471\/mac.\n\n<br><br>\nFor other web browsers, please visit their official websites.\n\n<hr class=\"the7-p-gap\" style=\"padding-bottom: 45px;\" \/>\n\n<h2>Contact us<\/h2>\nIf you have any questions about this Cookie Policy, you can contact us:\n<br><br>\n\n- By visiting this page on our website: <a href=\"https:\/\/rmcpolska.pl\/en\/contact\/\" target=\"_blank\" rel=\"external nofollow noopener\">https:\/\/rmcpolska.pl\/kontakt<\/a>\n<br><br>\n\n- By sending us an email: <a href=\"https:\/\/rmcpolska.pl\/en\/contact\/\" target=\"_blank\" rel=\"external nofollow noopener\">https:\/\/rmcpolska.pl\/kontakt<\/a>\t\t\t\t\t\t<\/div>\n\t\t\t\t<\/div>\n\t\t\t\t\t<\/div>\n\t\t<\/div>\n\t\t\t\t\t\t\t<\/div>\n\t\t<\/section>\n\t\t\t\t\t\t\t<\/div>","protected":false},"excerpt":{"rendered":"<p>This Cookie Policy explains what cookies are and how we use them. You should read this policy to understand what types of cookies we use or what information we collect through cookies and how that information is used. Cookies do not normally contain any information that enables you to...<\/p>","protected":false},"author":1,"featured_media":0,"parent":0,"menu_order":0,"comment_status":"closed","ping_status":"closed","template":"","meta":{"_acf_changed":false,"footnotes":""},"class_list":["post-2806","page","type-page","status-publish","hentry"],"acf":[],"yoast_head":"<!-- This site is optimized with the Yoast SEO plugin v24.2 - https:\/\/yoast.com\/wordpress\/plugins\/seo\/ -->\n<title>Regulamin - RMC Polska<\/title>\n<meta name=\"robots\" content=\"index, follow, max-snippet:-1, max-image-preview:large, max-video-preview:-1\" \/>\n<link rel=\"canonical\" href=\"https:\/\/rmcpolska.pl\/en\/regulations\/\" \/>\n<meta property=\"og:locale\" content=\"en_GB\" \/>\n<meta property=\"og:type\" content=\"article\" \/>\n<meta property=\"og:title\" content=\"Regulamin - RMC Polska\" \/>\n<meta property=\"og:description\" content=\"Niniejsza Polityka dotycz\u0105ca plik\u00f3w cookie wyja\u015bnia, czym s\u0105 pliki cookie i w jaki spos\u00f3b z nich korzystamy. U\u017cytkownik powinien zapozna\u0107 si\u0119 z niniejsz\u0105 polityk\u0105, aby zrozumie\u0107, jakiego rodzaju plik\u00f3w cookie u\u017cywamy lub jakie informacje zbieramy za pomoc\u0105 plik\u00f3w cookie i w jaki spos\u00f3b te informacje s\u0105 wykorzystywane. Pliki cookie zazwyczaj nie zawieraj\u0105 \u017cadnych informacji umo\u017cliwiaj\u0105cych&hellip;\" \/>\n<meta property=\"og:url\" content=\"https:\/\/rmcpolska.pl\/en\/regulations\/\" \/>\n<meta property=\"og:site_name\" content=\"RMC Polska\" \/>\n<meta property=\"article:modified_time\" content=\"2023-10-20T09:41:41+00:00\" \/>\n<meta name=\"twitter:card\" content=\"summary_large_image\" \/>\n<meta name=\"twitter:label1\" content=\"Estimated reading time\" \/>\n\t<meta name=\"twitter:data1\" content=\"5 minutes\" \/>\n<script type=\"application\/ld+json\" class=\"yoast-schema-graph\">{\"@context\":\"https:\/\/schema.org\",\"@graph\":[{\"@type\":\"WebPage\",\"@id\":\"https:\/\/rmcpolska.pl\/regulamin\/\",\"url\":\"https:\/\/rmcpolska.pl\/regulamin\/\",\"name\":\"Regulamin - RMC Polska\",\"isPartOf\":{\"@id\":\"https:\/\/rmcpolska.pl\/#website\"},\"datePublished\":\"2021-09-22T07:20:57+00:00\",\"dateModified\":\"2023-10-20T09:41:41+00:00\",\"breadcrumb\":{\"@id\":\"https:\/\/rmcpolska.pl\/regulamin\/#breadcrumb\"},\"inLanguage\":\"en-GB\",\"potentialAction\":[{\"@type\":\"ReadAction\",\"target\":[\"https:\/\/rmcpolska.pl\/regulamin\/\"]}]},{\"@type\":\"BreadcrumbList\",\"@id\":\"https:\/\/rmcpolska.pl\/regulamin\/#breadcrumb\",\"itemListElement\":[{\"@type\":\"ListItem\",\"position\":1,\"name\":\"Strona g\u0142\u00f3wna\",\"item\":\"https:\/\/rmcpolska.pl\/\"},{\"@type\":\"ListItem\",\"position\":2,\"name\":\"Regulamin\"}]},{\"@type\":\"WebSite\",\"@id\":\"https:\/\/rmcpolska.pl\/#website\",\"url\":\"https:\/\/rmcpolska.pl\/\",\"name\":\"RMC Polska\",\"description\":\"Skup z\u0142omu Legnica, Skup z\u0142omu Mielec | RMC Polska\",\"publisher\":{\"@id\":\"https:\/\/rmcpolska.pl\/#organization\"},\"potentialAction\":[{\"@type\":\"SearchAction\",\"target\":{\"@type\":\"EntryPoint\",\"urlTemplate\":\"https:\/\/rmcpolska.pl\/?s={search_term_string}\"},\"query-input\":{\"@type\":\"PropertyValueSpecification\",\"valueRequired\":true,\"valueName\":\"search_term_string\"}}],\"inLanguage\":\"en-GB\"},{\"@type\":\"Organization\",\"@id\":\"https:\/\/rmcpolska.pl\/#organization\",\"name\":\"RMC Polska\",\"url\":\"https:\/\/rmcpolska.pl\/\",\"logo\":{\"@type\":\"ImageObject\",\"inLanguage\":\"en-GB\",\"@id\":\"https:\/\/rmcpolska.pl\/#\/schema\/logo\/image\/\",\"url\":\"https:\/\/rmcpolska.pl\/wp-content\/uploads\/2021\/09\/rmc_recycling_logo.png\",\"contentUrl\":\"https:\/\/rmcpolska.pl\/wp-content\/uploads\/2021\/09\/rmc_recycling_logo.png\",\"width\":1020,\"height\":353,\"caption\":\"RMC Polska\"},\"image\":{\"@id\":\"https:\/\/rmcpolska.pl\/#\/schema\/logo\/image\/\"}}]}<\/script>\n<!-- \/ Yoast SEO plugin. -->","yoast_head_json":{"title":"Regulamin - RMC Polska","robots":{"index":"index","follow":"follow","max-snippet":"max-snippet:-1","max-image-preview":"max-image-preview:large","max-video-preview":"max-video-preview:-1"},"canonical":"https:\/\/rmcpolska.pl\/en\/regulations\/","og_locale":"en_GB","og_type":"article","og_title":"Regulamin - RMC Polska","og_description":"Niniejsza Polityka dotycz\u0105ca plik\u00f3w cookie wyja\u015bnia, czym s\u0105 pliki cookie i w jaki spos\u00f3b z nich korzystamy. U\u017cytkownik powinien zapozna\u0107 si\u0119 z niniejsz\u0105 polityk\u0105, aby zrozumie\u0107, jakiego rodzaju plik\u00f3w cookie u\u017cywamy lub jakie informacje zbieramy za pomoc\u0105 plik\u00f3w cookie i w jaki spos\u00f3b te informacje s\u0105 wykorzystywane. Pliki cookie zazwyczaj nie zawieraj\u0105 \u017cadnych informacji umo\u017cliwiaj\u0105cych&hellip;","og_url":"https:\/\/rmcpolska.pl\/en\/regulations\/","og_site_name":"RMC Polska","article_modified_time":"2023-10-20T09:41:41+00:00","twitter_card":"summary_large_image","twitter_misc":{"Estimated reading time":"5 minutes"},"schema":{"@context":"https:\/\/schema.org","@graph":[{"@type":"WebPage","@id":"https:\/\/rmcpolska.pl\/regulamin\/","url":"https:\/\/rmcpolska.pl\/regulamin\/","name":"Regulamin - RMC Polska","isPartOf":{"@id":"https:\/\/rmcpolska.pl\/#website"},"datePublished":"2021-09-22T07:20:57+00:00","dateModified":"2023-10-20T09:41:41+00:00","breadcrumb":{"@id":"https:\/\/rmcpolska.pl\/regulamin\/#breadcrumb"},"inLanguage":"en-GB","potentialAction":[{"@type":"ReadAction","target":["https:\/\/rmcpolska.pl\/regulamin\/"]}]},{"@type":"BreadcrumbList","@id":"https:\/\/rmcpolska.pl\/regulamin\/#breadcrumb","itemListElement":[{"@type":"ListItem","position":1,"name":"Strona g\u0142\u00f3wna","item":"https:\/\/rmcpolska.pl\/"},{"@type":"ListItem","position":2,"name":"Regulamin"}]},{"@type":"WebSite","@id":"https:\/\/rmcpolska.pl\/#website","url":"https:\/\/rmcpolska.pl\/","name":"RMC Polska","description":"Skup z\u0142omu Legnica, Skup z\u0142omu Mielec | RMC Polska","publisher":{"@id":"https:\/\/rmcpolska.pl\/#organization"},"potentialAction":[{"@type":"SearchAction","target":{"@type":"EntryPoint","urlTemplate":"https:\/\/rmcpolska.pl\/?s={search_term_string}"},"query-input":{"@type":"PropertyValueSpecification","valueRequired":true,"valueName":"search_term_string"}}],"inLanguage":"en-GB"},{"@type":"Organization","@id":"https:\/\/rmcpolska.pl\/#organization","name":"RMC Polska","url":"https:\/\/rmcpolska.pl\/","logo":{"@type":"ImageObject","inLanguage":"en-GB","@id":"https:\/\/rmcpolska.pl\/#\/schema\/logo\/image\/","url":"https:\/\/rmcpolska.pl\/wp-content\/uploads\/2021\/09\/rmc_recycling_logo.png","contentUrl":"https:\/\/rmcpolska.pl\/wp-content\/uploads\/2021\/09\/rmc_recycling_logo.png","width":1020,"height":353,"caption":"RMC Polska"},"image":{"@id":"https:\/\/rmcpolska.pl\/#\/schema\/logo\/image\/"}}]}},"_links":{"self":[{"href":"https:\/\/rmcpolska.pl\/en\/wp-json\/wp\/v2\/pages\/2806","targetHints":{"allow":["GET"]}}],"collection":[{"href":"https:\/\/rmcpolska.pl\/en\/wp-json\/wp\/v2\/pages"}],"about":[{"href":"https:\/\/rmcpolska.pl\/en\/wp-json\/wp\/v2\/types\/page"}],"author":[{"embeddable":true,"href":"https:\/\/rmcpolska.pl\/en\/wp-json\/wp\/v2\/users\/1"}],"replies":[{"embeddable":true,"href":"https:\/\/rmcpolska.pl\/en\/wp-json\/wp\/v2\/comments?post=2806"}],"version-history":[{"count":7,"href":"https:\/\/rmcpolska.pl\/en\/wp-json\/wp\/v2\/pages\/2806\/revisions"}],"predecessor-version":[{"id":6980,"href":"https:\/\/rmcpolska.pl\/en\/wp-json\/wp\/v2\/pages\/2806\/revisions\/6980"}],"wp:attachment":[{"href":"https:\/\/rmcpolska.pl\/en\/wp-json\/wp\/v2\/media?parent=2806"}],"curies":[{"name":"wp","href":"https:\/\/api.w.org\/{rel}","templated":true}]}}