{"id":5267,"date":"2023-09-07T15:50:11","date_gmt":"2023-09-07T13:50:11","guid":{"rendered":"https:\/\/cncdodrewna.pl\/?page_id=5267"},"modified":"2023-11-07T20:13:54","modified_gmt":"2023-11-07T19:13:54","slug":"analiza-stopow-metali","status":"publish","type":"page","link":"https:\/\/rmcpolska.pl\/en\/metal-alloy-analysis\/","title":{"rendered":"Metal alloy analysis"},"content":{"rendered":"<div data-elementor-type=\"wp-page\" data-elementor-id=\"5267\" class=\"elementor elementor-5267\">\n\t\t\t\t\t\t\t\t\t<section class=\"elementor-section elementor-top-section elementor-element elementor-element-f73b45f elementor-section-boxed elementor-section-height-default elementor-section-height-default\" data-id=\"f73b45f\" data-element_type=\"section\">\n\t\t\t\t\t\t<div class=\"elementor-container elementor-column-gap-default\">\n\t\t\t\t\t<div class=\"elementor-column elementor-col-50 elementor-top-column elementor-element elementor-element-c12d6cb\" data-id=\"c12d6cb\" data-element_type=\"column\">\n\t\t\t<div class=\"elementor-widget-wrap elementor-element-populated\">\n\t\t\t\t\t\t\t\t<div class=\"elementor-element elementor-element-673225e icon-position-mobile-top content-align-left icon-box-vertical-align-top icon-position-left icon-vertical-align-start elementor-widget elementor-widget-the7_icon_box_widget\" data-id=\"673225e\" data-element_type=\"widget\" data-widget_type=\"the7_icon_box_widget.default\">\n\t\t\t\t<div class=\"elementor-widget-container\">\n\t\t\t\n\t\t<div class=\"the7-box-wrapper the7-elementor-widget the7_icon_box_widget-673225e\">\t\t\t<div class=\"box-content-wrapper\">\n\t\t\t\t\t\t\t\t<div class=\"box-content\">\n\t\t\t\t\t\t\t\t\t\t\t\t\t\t\t\t\t<h4 class=\"box-heading\">\n\t\t\t\t\t\t\t<a >\t\t\t\t\t\t\t\tWe carry out tests\t\t\t\t\t\t\t<\/a>\t\t\t\t\t\t<\/h4>\n\t\t\t\t\t\t\t\t\t\t\n\t\t\t\t\t\n\t\t\t\t<\/div>\n\t\t\t<\/div>\n\t\t<\/div>\t\t\t<\/div>\n\t\t\t\t<\/div>\n\t\t\t\t<div class=\"elementor-element elementor-element-f88a7e5 elementor-widget elementor-widget-text-editor\" data-id=\"f88a7e5\" data-element_type=\"widget\" data-widget_type=\"text-editor.default\">\n\t\t\t\t<div class=\"elementor-widget-container\">\n\t\t\t\t\t\t\tAs part of the services provided, we offer you the possibility of testing non-ferrous alloys and alloy steels.<br><br>At our branches, we have laboratories equipped with furnaces, spectrometers and other necessary equipment for reliable testing of metal alloys. \t\t\t\t\t\t<\/div>\n\t\t\t\t<\/div>\n\t\t\t\t\t<\/div>\n\t\t<\/div>\n\t\t\t\t<div class=\"elementor-column elementor-col-50 elementor-top-column elementor-element elementor-element-2c3781b\" data-id=\"2c3781b\" data-element_type=\"column\">\n\t\t\t<div class=\"elementor-widget-wrap elementor-element-populated\">\n\t\t\t\t\t\t\t\t<div class=\"elementor-element elementor-element-d02927e elementor-widget__width-initial elementor-widget elementor-widget-image\" data-id=\"d02927e\" data-element_type=\"widget\" data-widget_type=\"image.default\">\n\t\t\t\t<div class=\"elementor-widget-container\">\n\t\t\t\t\t\t\t\t\t\t\t\t\t\t\t<img loading=\"lazy\" decoding=\"async\" width=\"1020\" height=\"353\" src=\"https:\/\/rmcpolska.pl\/wp-content\/uploads\/2021\/09\/rmc_recycling_logo.png\" class=\"attachment-large size-large wp-image-4688\" alt=\"Skup z\u0142omu Legnica - RMC Polska\" srcset=\"https:\/\/rmcpolska.pl\/wp-content\/uploads\/2021\/09\/rmc_recycling_logo.png 1020w, https:\/\/rmcpolska.pl\/wp-content\/uploads\/2021\/09\/rmc_recycling_logo-300x104.png 300w, https:\/\/rmcpolska.pl\/wp-content\/uploads\/2021\/09\/rmc_recycling_logo-768x266.png 768w\" sizes=\"auto, (max-width: 1020px) 100vw, 1020px\" \/>\t\t\t\t\t\t\t\t\t\t\t\t\t\t\t<\/div>\n\t\t\t\t<\/div>\n\t\t\t\t\t<\/div>\n\t\t<\/div>\n\t\t\t\t\t\t\t<\/div>\n\t\t<\/section>\n\t\t\t\t\t\t\t<\/div>","protected":false},"excerpt":{"rendered":"<p>We perform tests As part of our services, we offer you the possibility of testing non-ferrous alloys and alloy steels. At our branches, we have laboratories equipped with furnaces, spectrometers and other necessary equipment for reliable testing of metal alloys.<\/p>","protected":false},"author":1,"featured_media":0,"parent":0,"menu_order":20,"comment_status":"closed","ping_status":"closed","template":"","meta":{"_acf_changed":false,"footnotes":""},"class_list":["post-5267","page","type-page","status-publish","hentry"],"acf":[],"yoast_head":"<!-- This site is optimized with the Yoast SEO plugin v24.2 - https:\/\/yoast.com\/wordpress\/plugins\/seo\/ -->\n<title>Analiza Zawarto\u015bci Metali, Badania Makroskopowe Metali - RMC Polska<\/title>\n<meta name=\"robots\" content=\"index, follow, max-snippet:-1, max-image-preview:large, max-video-preview:-1\" \/>\n<link rel=\"canonical\" href=\"https:\/\/rmcpolska.pl\/en\/metal-alloy-analysis\/\" \/>\n<meta property=\"og:locale\" content=\"en_GB\" \/>\n<meta property=\"og:type\" content=\"article\" \/>\n<meta property=\"og:title\" content=\"Analiza Zawarto\u015bci Metali, Badania Makroskopowe Metali - RMC Polska\" \/>\n<meta property=\"og:description\" content=\"Wykonujemy badania W ramach \u015bwiadczonych us\u0142ug oferujemy pa\u0144stwu mo\u017cliwo\u015b\u0107 wykonania badania stop\u00f3w metali kolorowych oraz stali stopowych. W naszych oddzia\u0142ach posiadamy laboratoria wyposa\u017cone w piecyki, spektrometry i inne niezb\u0119dne urz\u0105dzenia do przeprowadzenia wiarygodnych bada\u0144 stop\u00f3w metali.\" \/>\n<meta property=\"og:url\" content=\"https:\/\/rmcpolska.pl\/en\/metal-alloy-analysis\/\" \/>\n<meta property=\"og:site_name\" content=\"RMC Polska\" \/>\n<meta property=\"article:modified_time\" content=\"2023-11-07T19:13:54+00:00\" \/>\n<meta property=\"og:image\" content=\"https:\/\/rmcpolska.pl\/wp-content\/uploads\/2021\/09\/rmc_recycling_logo.png\" \/>\n<meta name=\"twitter:card\" content=\"summary_large_image\" \/>\n<meta name=\"twitter:label1\" content=\"Estimated reading time\" \/>\n\t<meta name=\"twitter:data1\" content=\"1 minute\" \/>\n<script type=\"application\/ld+json\" class=\"yoast-schema-graph\">{\"@context\":\"https:\/\/schema.org\",\"@graph\":[{\"@type\":\"WebPage\",\"@id\":\"https:\/\/rmcpolska.pl\/analiza-stopow-metali\/\",\"url\":\"https:\/\/rmcpolska.pl\/analiza-stopow-metali\/\",\"name\":\"Analiza Zawarto\u015bci Metali, Badania Makroskopowe Metali - RMC Polska\",\"isPartOf\":{\"@id\":\"https:\/\/rmcpolska.pl\/#website\"},\"primaryImageOfPage\":{\"@id\":\"https:\/\/rmcpolska.pl\/analiza-stopow-metali\/#primaryimage\"},\"image\":{\"@id\":\"https:\/\/rmcpolska.pl\/analiza-stopow-metali\/#primaryimage\"},\"thumbnailUrl\":\"https:\/\/rmcpolska.pl\/wp-content\/uploads\/2021\/09\/rmc_recycling_logo.png\",\"datePublished\":\"2023-09-07T13:50:11+00:00\",\"dateModified\":\"2023-11-07T19:13:54+00:00\",\"breadcrumb\":{\"@id\":\"https:\/\/rmcpolska.pl\/analiza-stopow-metali\/#breadcrumb\"},\"inLanguage\":\"en-GB\",\"potentialAction\":[{\"@type\":\"ReadAction\",\"target\":[\"https:\/\/rmcpolska.pl\/analiza-stopow-metali\/\"]}]},{\"@type\":\"ImageObject\",\"inLanguage\":\"en-GB\",\"@id\":\"https:\/\/rmcpolska.pl\/analiza-stopow-metali\/#primaryimage\",\"url\":\"https:\/\/rmcpolska.pl\/wp-content\/uploads\/2021\/09\/rmc_recycling_logo.png\",\"contentUrl\":\"https:\/\/rmcpolska.pl\/wp-content\/uploads\/2021\/09\/rmc_recycling_logo.png\"},{\"@type\":\"BreadcrumbList\",\"@id\":\"https:\/\/rmcpolska.pl\/analiza-stopow-metali\/#breadcrumb\",\"itemListElement\":[{\"@type\":\"ListItem\",\"position\":1,\"name\":\"Strona g\u0142\u00f3wna\",\"item\":\"https:\/\/rmcpolska.pl\/\"},{\"@type\":\"ListItem\",\"position\":2,\"name\":\"Analiza stop\u00f3w metali\"}]},{\"@type\":\"WebSite\",\"@id\":\"https:\/\/rmcpolska.pl\/#website\",\"url\":\"https:\/\/rmcpolska.pl\/\",\"name\":\"RMC Polska\",\"description\":\"Skup z\u0142omu Legnica, Skup z\u0142omu Mielec | RMC Polska\",\"publisher\":{\"@id\":\"https:\/\/rmcpolska.pl\/#organization\"},\"potentialAction\":[{\"@type\":\"SearchAction\",\"target\":{\"@type\":\"EntryPoint\",\"urlTemplate\":\"https:\/\/rmcpolska.pl\/?s={search_term_string}\"},\"query-input\":{\"@type\":\"PropertyValueSpecification\",\"valueRequired\":true,\"valueName\":\"search_term_string\"}}],\"inLanguage\":\"en-GB\"},{\"@type\":\"Organization\",\"@id\":\"https:\/\/rmcpolska.pl\/#organization\",\"name\":\"RMC Polska\",\"url\":\"https:\/\/rmcpolska.pl\/\",\"logo\":{\"@type\":\"ImageObject\",\"inLanguage\":\"en-GB\",\"@id\":\"https:\/\/rmcpolska.pl\/#\/schema\/logo\/image\/\",\"url\":\"https:\/\/rmcpolska.pl\/wp-content\/uploads\/2021\/09\/rmc_recycling_logo.png\",\"contentUrl\":\"https:\/\/rmcpolska.pl\/wp-content\/uploads\/2021\/09\/rmc_recycling_logo.png\",\"width\":1020,\"height\":353,\"caption\":\"RMC Polska\"},\"image\":{\"@id\":\"https:\/\/rmcpolska.pl\/#\/schema\/logo\/image\/\"}}]}<\/script>\n<!-- \/ Yoast SEO plugin. -->","yoast_head_json":{"title":"Analiza Zawarto\u015bci Metali, Badania Makroskopowe Metali - RMC Polska","robots":{"index":"index","follow":"follow","max-snippet":"max-snippet:-1","max-image-preview":"max-image-preview:large","max-video-preview":"max-video-preview:-1"},"canonical":"https:\/\/rmcpolska.pl\/en\/metal-alloy-analysis\/","og_locale":"en_GB","og_type":"article","og_title":"Analiza Zawarto\u015bci Metali, Badania Makroskopowe Metali - RMC Polska","og_description":"Wykonujemy badania W ramach \u015bwiadczonych us\u0142ug oferujemy pa\u0144stwu mo\u017cliwo\u015b\u0107 wykonania badania stop\u00f3w metali kolorowych oraz stali stopowych. W naszych oddzia\u0142ach posiadamy laboratoria wyposa\u017cone w piecyki, spektrometry i inne niezb\u0119dne urz\u0105dzenia do przeprowadzenia wiarygodnych bada\u0144 stop\u00f3w metali.","og_url":"https:\/\/rmcpolska.pl\/en\/metal-alloy-analysis\/","og_site_name":"RMC Polska","article_modified_time":"2023-11-07T19:13:54+00:00","og_image":[{"url":"https:\/\/rmcpolska.pl\/wp-content\/uploads\/2021\/09\/rmc_recycling_logo.png","type":"","width":"","height":""}],"twitter_card":"summary_large_image","twitter_misc":{"Estimated reading time":"1 minute"},"schema":{"@context":"https:\/\/schema.org","@graph":[{"@type":"WebPage","@id":"https:\/\/rmcpolska.pl\/analiza-stopow-metali\/","url":"https:\/\/rmcpolska.pl\/analiza-stopow-metali\/","name":"Analiza Zawarto\u015bci Metali, Badania Makroskopowe Metali - RMC Polska","isPartOf":{"@id":"https:\/\/rmcpolska.pl\/#website"},"primaryImageOfPage":{"@id":"https:\/\/rmcpolska.pl\/analiza-stopow-metali\/#primaryimage"},"image":{"@id":"https:\/\/rmcpolska.pl\/analiza-stopow-metali\/#primaryimage"},"thumbnailUrl":"https:\/\/rmcpolska.pl\/wp-content\/uploads\/2021\/09\/rmc_recycling_logo.png","datePublished":"2023-09-07T13:50:11+00:00","dateModified":"2023-11-07T19:13:54+00:00","breadcrumb":{"@id":"https:\/\/rmcpolska.pl\/analiza-stopow-metali\/#breadcrumb"},"inLanguage":"en-GB","potentialAction":[{"@type":"ReadAction","target":["https:\/\/rmcpolska.pl\/analiza-stopow-metali\/"]}]},{"@type":"ImageObject","inLanguage":"en-GB","@id":"https:\/\/rmcpolska.pl\/analiza-stopow-metali\/#primaryimage","url":"https:\/\/rmcpolska.pl\/wp-content\/uploads\/2021\/09\/rmc_recycling_logo.png","contentUrl":"https:\/\/rmcpolska.pl\/wp-content\/uploads\/2021\/09\/rmc_recycling_logo.png"},{"@type":"BreadcrumbList","@id":"https:\/\/rmcpolska.pl\/analiza-stopow-metali\/#breadcrumb","itemListElement":[{"@type":"ListItem","position":1,"name":"Strona g\u0142\u00f3wna","item":"https:\/\/rmcpolska.pl\/"},{"@type":"ListItem","position":2,"name":"Analiza stop\u00f3w metali"}]},{"@type":"WebSite","@id":"https:\/\/rmcpolska.pl\/#website","url":"https:\/\/rmcpolska.pl\/","name":"RMC Polska","description":"Skup z\u0142omu Legnica, Skup z\u0142omu Mielec | RMC Polska","publisher":{"@id":"https:\/\/rmcpolska.pl\/#organization"},"potentialAction":[{"@type":"SearchAction","target":{"@type":"EntryPoint","urlTemplate":"https:\/\/rmcpolska.pl\/?s={search_term_string}"},"query-input":{"@type":"PropertyValueSpecification","valueRequired":true,"valueName":"search_term_string"}}],"inLanguage":"en-GB"},{"@type":"Organization","@id":"https:\/\/rmcpolska.pl\/#organization","name":"RMC Polska","url":"https:\/\/rmcpolska.pl\/","logo":{"@type":"ImageObject","inLanguage":"en-GB","@id":"https:\/\/rmcpolska.pl\/#\/schema\/logo\/image\/","url":"https:\/\/rmcpolska.pl\/wp-content\/uploads\/2021\/09\/rmc_recycling_logo.png","contentUrl":"https:\/\/rmcpolska.pl\/wp-content\/uploads\/2021\/09\/rmc_recycling_logo.png","width":1020,"height":353,"caption":"RMC Polska"},"image":{"@id":"https:\/\/rmcpolska.pl\/#\/schema\/logo\/image\/"}}]}},"_links":{"self":[{"href":"https:\/\/rmcpolska.pl\/en\/wp-json\/wp\/v2\/pages\/5267","targetHints":{"allow":["GET"]}}],"collection":[{"href":"https:\/\/rmcpolska.pl\/en\/wp-json\/wp\/v2\/pages"}],"about":[{"href":"https:\/\/rmcpolska.pl\/en\/wp-json\/wp\/v2\/types\/page"}],"author":[{"embeddable":true,"href":"https:\/\/rmcpolska.pl\/en\/wp-json\/wp\/v2\/users\/1"}],"replies":[{"embeddable":true,"href":"https:\/\/rmcpolska.pl\/en\/wp-json\/wp\/v2\/comments?post=5267"}],"version-history":[{"count":4,"href":"https:\/\/rmcpolska.pl\/en\/wp-json\/wp\/v2\/pages\/5267\/revisions"}],"predecessor-version":[{"id":5272,"href":"https:\/\/rmcpolska.pl\/en\/wp-json\/wp\/v2\/pages\/5267\/revisions\/5272"}],"wp:attachment":[{"href":"https:\/\/rmcpolska.pl\/en\/wp-json\/wp\/v2\/media?parent=5267"}],"curies":[{"name":"wp","href":"https:\/\/api.w.org\/{rel}","templated":true}]}}