{"id":5273,"date":"2023-09-07T15:56:06","date_gmt":"2023-09-07T13:56:06","guid":{"rendered":"https:\/\/cncdodrewna.pl\/?page_id=5273"},"modified":"2023-11-07T20:08:11","modified_gmt":"2023-11-07T19:08:11","slug":"gospodarka-odpadami","status":"publish","type":"page","link":"https:\/\/rmcpolska.pl\/en\/waste-management\/","title":{"rendered":"Waste management"},"content":{"rendered":"<div data-elementor-type=\"wp-page\" data-elementor-id=\"5273\" class=\"elementor elementor-5273\">\n\t\t\t\t\t\t\t\t\t<section class=\"elementor-section elementor-top-section elementor-element elementor-element-f73b45f elementor-section-boxed elementor-section-height-default elementor-section-height-default\" data-id=\"f73b45f\" data-element_type=\"section\">\n\t\t\t\t\t\t<div class=\"elementor-container elementor-column-gap-default\">\n\t\t\t\t\t<div class=\"elementor-column elementor-col-50 elementor-top-column elementor-element elementor-element-c12d6cb\" data-id=\"c12d6cb\" data-element_type=\"column\">\n\t\t\t<div class=\"elementor-widget-wrap elementor-element-populated\">\n\t\t\t\t\t\t\t\t<div class=\"elementor-element elementor-element-673225e icon-position-mobile-top content-align-left icon-box-vertical-align-top icon-position-left icon-vertical-align-start elementor-widget elementor-widget-the7_icon_box_widget\" data-id=\"673225e\" data-element_type=\"widget\" data-widget_type=\"the7_icon_box_widget.default\">\n\t\t\t\t<div class=\"elementor-widget-container\">\n\t\t\t\n\t\t<div class=\"the7-box-wrapper the7-elementor-widget the7_icon_box_widget-673225e\">\t\t\t<div class=\"box-content-wrapper\">\n\t\t\t\t\t\t\t\t<div class=\"box-content\">\n\t\t\t\t\t\t\t\t\t\t\t\t\t\t\t\t\t<h4 class=\"box-heading\">\n\t\t\t\t\t\t\t<a >\t\t\t\t\t\t\t\tComprehensive service\t\t\t\t\t\t\t<\/a>\t\t\t\t\t\t<\/h4>\n\t\t\t\t\t\t\t\t\t\t\n\t\t\t\t\t\n\t\t\t\t<\/div>\n\t\t\t<\/div>\n\t\t<\/div>\t\t\t<\/div>\n\t\t\t\t<\/div>\n\t\t\t\t<div class=\"elementor-element elementor-element-f88a7e5 elementor-widget elementor-widget-text-editor\" data-id=\"f88a7e5\" data-element_type=\"widget\" data-widget_type=\"text-editor.default\">\n\t\t\t\t<div class=\"elementor-widget-container\">\n\t\t\t\t\t\t\tRMC Recycling offers comprehensive waste management services tailored to the needs of its customers. We have developed our offer based on the experience we have gained, guaranteeing our customers a single waste management partner who will take care to minimise the costs of disposing of the waste generated within the company and maximise revenues from secondary raw materials.\t\t\t\t\t\t<\/div>\n\t\t\t\t<\/div>\n\t\t\t\t\t<\/div>\n\t\t<\/div>\n\t\t\t\t<div class=\"elementor-column elementor-col-50 elementor-top-column elementor-element elementor-element-0ecc875\" data-id=\"0ecc875\" data-element_type=\"column\">\n\t\t\t<div class=\"elementor-widget-wrap elementor-element-populated\">\n\t\t\t\t\t\t\t\t<div class=\"elementor-element elementor-element-a0d3c1a elementor-widget elementor-widget-heading\" data-id=\"a0d3c1a\" data-element_type=\"widget\" data-widget_type=\"heading.default\">\n\t\t\t\t<div class=\"elementor-widget-container\">\n\t\t\t<h4 class=\"elementor-heading-title elementor-size-default\">What makes us different?<\/h4>\t\t<\/div>\n\t\t\t\t<\/div>\n\t\t\t\t<div class=\"elementor-element elementor-element-0cf5514 elementor-widget-mobile__width-inherit elementor-widget__width-initial elementor-icon-list--layout-traditional elementor-list-item-link-full_width elementor-widget elementor-widget-icon-list\" data-id=\"0cf5514\" data-element_type=\"widget\" data-widget_type=\"icon-list.default\">\n\t\t\t\t<div class=\"elementor-widget-container\">\n\t\t\t\t\t<ul class=\"elementor-icon-list-items\">\n\t\t\t\t\t\t\t<li class=\"elementor-icon-list-item\">\n\t\t\t\t\t\t\t\t\t\t\t<span class=\"elementor-icon-list-icon\">\n\t\t\t\t\t\t\t<i aria-hidden=\"true\" class=\"fas fa-award\"><\/i>\t\t\t\t\t\t<\/span>\n\t\t\t\t\t\t\t\t\t\t<span class=\"elementor-icon-list-text\">Reliable index-based pricing - we guarantee fair weighting<br>and a price for the waste collected based on market guidelines<\/span>\n\t\t\t\t\t\t\t\t\t<\/li>\n\t\t\t\t\t\t\t\t<li class=\"elementor-icon-list-item\">\n\t\t\t\t\t\t\t\t\t\t\t<span class=\"elementor-icon-list-icon\">\n\t\t\t\t\t\t\t<i aria-hidden=\"true\" class=\"fas fa-award\"><\/i>\t\t\t\t\t\t<\/span>\n\t\t\t\t\t\t\t\t\t\t<span class=\"elementor-icon-list-text\">Reliable collection and transport service - we take care of your time and money and advise you on how to optimise waste collection and transport, set collection times flexibly according to your needs<\/span>\n\t\t\t\t\t\t\t\t\t<\/li>\n\t\t\t\t\t\t\t\t<li class=\"elementor-icon-list-item\">\n\t\t\t\t\t\t\t\t\t\t\t<span class=\"elementor-icon-list-icon\">\n\t\t\t\t\t\t\t<i aria-hidden=\"true\" class=\"fas fa-award\"><\/i>\t\t\t\t\t\t<\/span>\n\t\t\t\t\t\t\t\t\t\t<span class=\"elementor-icon-list-text\">We offer a full range of containers and bins - we hire containers and other types of waste receptacles<\/span>\n\t\t\t\t\t\t\t\t\t<\/li>\n\t\t\t\t\t\t\t\t<li class=\"elementor-icon-list-item\">\n\t\t\t\t\t\t\t\t\t\t\t<span class=\"elementor-icon-list-icon\">\n\t\t\t\t\t\t\t<i aria-hidden=\"true\" class=\"fas fa-award\"><\/i>\t\t\t\t\t\t<\/span>\n\t\t\t\t\t\t\t\t\t\t<span class=\"elementor-icon-list-text\">Professional signage and the Sorting Manual - education and clear guidance are important for the smooth operation of the system.<\/span>\n\t\t\t\t\t\t\t\t\t<\/li>\n\t\t\t\t\t\t<\/ul>\n\t\t\t\t<\/div>\n\t\t\t\t<\/div>\n\t\t\t\t\t<\/div>\n\t\t<\/div>\n\t\t\t\t\t\t\t<\/div>\n\t\t<\/section>\n\t\t\t\t<section class=\"elementor-section elementor-top-section elementor-element elementor-element-528e428 elementor-section-boxed elementor-section-height-default elementor-section-height-default\" data-id=\"528e428\" data-element_type=\"section\">\n\t\t\t\t\t\t<div class=\"elementor-container elementor-column-gap-default\">\n\t\t\t\t\t<div class=\"elementor-column elementor-col-33 elementor-top-column elementor-element elementor-element-6ef00be\" data-id=\"6ef00be\" data-element_type=\"column\">\n\t\t\t<div class=\"elementor-widget-wrap elementor-element-populated\">\n\t\t\t\t\t\t\t\t<div class=\"elementor-element elementor-element-3537b74 elementor-widget elementor-widget-image-box\" data-id=\"3537b74\" data-element_type=\"widget\" data-widget_type=\"image-box.default\">\n\t\t\t\t<div class=\"elementor-widget-container\">\n\t\t\t<div class=\"elementor-image-box-wrapper\"><div class=\"elementor-image-box-content\"><h4 class=\"elementor-image-box-title\">Individual approach<\/h4><p class=\"elementor-image-box-description\">\nOn the basis of an initial audit of the types and quantities of waste generated by the client, we propose a complete solution that meets your specific needs, which includes waste containers, sorting system, collection schedule, etc. Our experience in dealing with all industries combined with our innovative thinking and knowledge of your business allows us to design and implement an effective waste management system.<\/p><\/div><\/div>\t\t<\/div>\n\t\t\t\t<\/div>\n\t\t\t\t\t<\/div>\n\t\t<\/div>\n\t\t\t\t<div class=\"elementor-column elementor-col-33 elementor-top-column elementor-element elementor-element-0354e14\" data-id=\"0354e14\" data-element_type=\"column\">\n\t\t\t<div class=\"elementor-widget-wrap elementor-element-populated\">\n\t\t\t\t\t\t\t\t<div class=\"elementor-element elementor-element-d106ce8 elementor-widget elementor-widget-image-box\" data-id=\"d106ce8\" data-element_type=\"widget\" data-widget_type=\"image-box.default\">\n\t\t\t\t<div class=\"elementor-widget-container\">\n\t\t\t<div class=\"elementor-image-box-wrapper\"><div class=\"elementor-image-box-content\"><h4 class=\"elementor-image-box-title\">Tailored services<\/h4><p class=\"elementor-image-box-description\">As part of our end-to-end solution, you will find services whose implementation promotes the implementation of an effective waste management system. Implementing our proposal allows you to optimise your resources: time, labour, finances.<\/p><\/div><\/div>\t\t<\/div>\n\t\t\t\t<\/div>\n\t\t\t\t\t<\/div>\n\t\t<\/div>\n\t\t\t\t<div class=\"elementor-column elementor-col-33 elementor-top-column elementor-element elementor-element-77a83a7\" data-id=\"77a83a7\" data-element_type=\"column\">\n\t\t\t<div class=\"elementor-widget-wrap elementor-element-populated\">\n\t\t\t\t\t\t\t\t<div class=\"elementor-element elementor-element-31a283b elementor-widget elementor-widget-image-box\" data-id=\"31a283b\" data-element_type=\"widget\" data-widget_type=\"image-box.default\">\n\t\t\t\t<div class=\"elementor-widget-container\">\n\t\t\t<div class=\"elementor-image-box-wrapper\"><div class=\"elementor-image-box-content\"><h4 class=\"elementor-image-box-title\">Comprehensive solutions<\/h4><p class=\"elementor-image-box-description\">We cover everything to do with waste management, from the design of waste management systems, collection, transport and recycling, to monitoring, reporting, consultancy and training. What's more, we are able to collect all types of waste from you, which makes the whole process easier as you only have one partner in this area and you only receive one invoice.<\/p><\/div><\/div>\t\t<\/div>\n\t\t\t\t<\/div>\n\t\t\t\t\t<\/div>\n\t\t<\/div>\n\t\t\t\t\t\t\t<\/div>\n\t\t<\/section>\n\t\t\t\t<section class=\"elementor-section elementor-top-section elementor-element elementor-element-84afa2e elementor-section-boxed elementor-section-height-default elementor-section-height-default\" data-id=\"84afa2e\" data-element_type=\"section\">\n\t\t\t\t\t\t<div class=\"elementor-container elementor-column-gap-default\">\n\t\t\t\t\t<div class=\"elementor-column elementor-col-100 elementor-top-column elementor-element elementor-element-b9d36fe\" data-id=\"b9d36fe\" data-element_type=\"column\">\n\t\t\t<div class=\"elementor-widget-wrap elementor-element-populated\">\n\t\t\t\t\t\t\t\t<div class=\"elementor-element elementor-element-d865fe3 elementor-widget elementor-widget-heading\" data-id=\"d865fe3\" data-element_type=\"widget\" data-widget_type=\"heading.default\">\n\t\t\t\t<div class=\"elementor-widget-container\">\n\t\t\t<h4 class=\"elementor-heading-title elementor-size-default\">We supply companies with which we have cooperation agreements with the containers and bins necessary for storing waste.<\/h4>\t\t<\/div>\n\t\t\t\t<\/div>\n\t\t\t\t\t<\/div>\n\t\t<\/div>\n\t\t\t\t\t\t\t<\/div>\n\t\t<\/section>\n\t\t\t\t<section class=\"elementor-section elementor-top-section elementor-element elementor-element-fc23b50 elementor-section-boxed elementor-section-height-default elementor-section-height-default\" data-id=\"fc23b50\" data-element_type=\"section\">\n\t\t\t\t\t\t<div class=\"elementor-container elementor-column-gap-default\">\n\t\t\t\t\t<div class=\"elementor-column elementor-col-50 elementor-top-column elementor-element elementor-element-4bd3ce2\" data-id=\"4bd3ce2\" data-element_type=\"column\">\n\t\t\t<div class=\"elementor-widget-wrap elementor-element-populated\">\n\t\t\t\t\t\t\t\t<div class=\"elementor-element elementor-element-934b884 elementor-position-top elementor-widget elementor-widget-image-box\" data-id=\"934b884\" data-element_type=\"widget\" data-widget_type=\"image-box.default\">\n\t\t\t\t<div class=\"elementor-widget-container\">\n\t\t\t<div class=\"elementor-image-box-wrapper\"><figure class=\"elementor-image-box-img\"><img loading=\"lazy\" decoding=\"async\" width=\"800\" height=\"561\" src=\"https:\/\/rmcpolska.pl\/wp-content\/uploads\/2023\/10\/kONTENER-36M3-1.jpg\" class=\"attachment-full size-full wp-image-6999\" alt=\"containers - waste management\" srcset=\"https:\/\/rmcpolska.pl\/wp-content\/uploads\/2023\/10\/kONTENER-36M3-1.jpg 800w, https:\/\/rmcpolska.pl\/wp-content\/uploads\/2023\/10\/kONTENER-36M3-1-300x210.jpg 300w, https:\/\/rmcpolska.pl\/wp-content\/uploads\/2023\/10\/kONTENER-36M3-1-768x539.jpg 768w\" sizes=\"auto, (max-width: 800px) 100vw, 800px\" \/><\/figure><div class=\"elementor-image-box-content\"><h4 class=\"elementor-image-box-title\">Open containers<\/h4><p class=\"elementor-image-box-description\">The open containers are mainly used for waste such as steel scrap, non-ferrous metals and plastics. Container capacities range from 15m\u00b3 to 40m\u00b3.<\/p><\/div><\/div>\t\t<\/div>\n\t\t\t\t<\/div>\n\t\t\t\t\t<\/div>\n\t\t<\/div>\n\t\t\t\t<div class=\"elementor-column elementor-col-50 elementor-top-column elementor-element elementor-element-c98bfe2\" data-id=\"c98bfe2\" data-element_type=\"column\">\n\t\t\t<div class=\"elementor-widget-wrap elementor-element-populated\">\n\t\t\t\t\t\t\t\t<div class=\"elementor-element elementor-element-5107961 elementor-position-top elementor-widget elementor-widget-image-box\" data-id=\"5107961\" data-element_type=\"widget\" data-widget_type=\"image-box.default\">\n\t\t\t\t<div class=\"elementor-widget-container\">\n\t\t\t<div class=\"elementor-image-box-wrapper\"><figure class=\"elementor-image-box-img\"><img loading=\"lazy\" decoding=\"async\" width=\"800\" height=\"556\" src=\"https:\/\/rmcpolska.pl\/wp-content\/uploads\/2023\/10\/Kontenery-zamykane-1.jpg\" class=\"attachment-full size-full wp-image-7001\" alt=\"lockable containers\" srcset=\"https:\/\/rmcpolska.pl\/wp-content\/uploads\/2023\/10\/Kontenery-zamykane-1.jpg 800w, https:\/\/rmcpolska.pl\/wp-content\/uploads\/2023\/10\/Kontenery-zamykane-1-300x209.jpg 300w, https:\/\/rmcpolska.pl\/wp-content\/uploads\/2023\/10\/Kontenery-zamykane-1-768x534.jpg 768w\" sizes=\"auto, (max-width: 800px) 100vw, 800px\" \/><\/figure><div class=\"elementor-image-box-content\"><h4 class=\"elementor-image-box-title\">Containers with lockable flap<\/h4><p class=\"elementor-image-box-description\">Mainly used for waste paper, expensive non-ferrous metals and other waste that must remain dry. Container capacities from 15m\u00b3 to 40m\u00b3.<\/p><\/div><\/div>\t\t<\/div>\n\t\t\t\t<\/div>\n\t\t\t\t\t<\/div>\n\t\t<\/div>\n\t\t\t\t\t\t\t<\/div>\n\t\t<\/section>\n\t\t\t\t<section class=\"elementor-section elementor-top-section elementor-element elementor-element-383edd3 elementor-section-boxed elementor-section-height-default elementor-section-height-default\" data-id=\"383edd3\" data-element_type=\"section\">\n\t\t\t\t\t\t<div class=\"elementor-container elementor-column-gap-default\">\n\t\t\t\t\t<div class=\"elementor-column elementor-col-50 elementor-top-column elementor-element elementor-element-2f63e0d\" data-id=\"2f63e0d\" data-element_type=\"column\">\n\t\t\t<div class=\"elementor-widget-wrap elementor-element-populated\">\n\t\t\t\t\t\t\t\t<div class=\"elementor-element elementor-element-3228d24 elementor-position-top elementor-widget elementor-widget-image-box\" data-id=\"3228d24\" data-element_type=\"widget\" data-widget_type=\"image-box.default\">\n\t\t\t\t<div class=\"elementor-widget-container\">\n\t\t\t<div class=\"elementor-image-box-wrapper\"><figure class=\"elementor-image-box-img\"><img loading=\"lazy\" decoding=\"async\" width=\"800\" height=\"508\" src=\"https:\/\/rmcpolska.pl\/wp-content\/uploads\/2023\/10\/Kontener-zamykany-z-ociekaczem-1.jpg\" class=\"attachment-full size-full wp-image-7000\" alt=\"lockable containers with a draining board\" srcset=\"https:\/\/rmcpolska.pl\/wp-content\/uploads\/2023\/10\/Kontener-zamykany-z-ociekaczem-1.jpg 800w, https:\/\/rmcpolska.pl\/wp-content\/uploads\/2023\/10\/Kontener-zamykany-z-ociekaczem-1-300x191.jpg 300w, https:\/\/rmcpolska.pl\/wp-content\/uploads\/2023\/10\/Kontener-zamykany-z-ociekaczem-1-768x488.jpg 768w\" sizes=\"auto, (max-width: 800px) 100vw, 800px\" \/><\/figure><div class=\"elementor-image-box-content\"><h4 class=\"elementor-image-box-title\">Sealed containers with lapping<\/h4><p class=\"elementor-image-box-description\">Mainly used for the storage of non-ferrous metal and steel shavings. The contained coolant is collected in a drip tray from which it is then drained into dedicated containers for this type of waste. Container capacities from 15m\u00b3 to 30m\u00b3<\/p><\/div><\/div>\t\t<\/div>\n\t\t\t\t<\/div>\n\t\t\t\t\t<\/div>\n\t\t<\/div>\n\t\t\t\t<div class=\"elementor-column elementor-col-50 elementor-top-column elementor-element elementor-element-a050a57\" data-id=\"a050a57\" data-element_type=\"column\">\n\t\t\t<div class=\"elementor-widget-wrap elementor-element-populated\">\n\t\t\t\t\t\t\t\t<div class=\"elementor-element elementor-element-eb1ddef elementor-position-top elementor-widget elementor-widget-image-box\" data-id=\"eb1ddef\" data-element_type=\"widget\" data-widget_type=\"image-box.default\">\n\t\t\t\t<div class=\"elementor-widget-container\">\n\t\t\t<div class=\"elementor-image-box-wrapper\"><figure class=\"elementor-image-box-img\"><img loading=\"lazy\" decoding=\"async\" width=\"800\" height=\"484\" src=\"https:\/\/rmcpolska.pl\/wp-content\/uploads\/2023\/10\/Pojemniki-1-1.jpg\" class=\"attachment-full size-full wp-image-7005\" alt=\"waste management\" srcset=\"https:\/\/rmcpolska.pl\/wp-content\/uploads\/2023\/10\/Pojemniki-1-1.jpg 800w, https:\/\/rmcpolska.pl\/wp-content\/uploads\/2023\/10\/Pojemniki-1-1-300x182.jpg 300w, https:\/\/rmcpolska.pl\/wp-content\/uploads\/2023\/10\/Pojemniki-1-1-768x465.jpg 768w\" sizes=\"auto, (max-width: 800px) 100vw, 800px\" \/><\/figure><div class=\"elementor-image-box-content\"><h4 class=\"elementor-image-box-title\">Metal containers<\/h4><p class=\"elementor-image-box-description\">Metal containers find their use mainly for collecting all types of waste on production halls or for storing them outside. The containers are designed to be rotated in order to dump the contents. The containers can be closed or open.<\/p><\/div><\/div>\t\t<\/div>\n\t\t\t\t<\/div>\n\t\t\t\t\t<\/div>\n\t\t<\/div>\n\t\t\t\t\t\t\t<\/div>\n\t\t<\/section>\n\t\t\t\t\t\t\t<\/div>","protected":false},"excerpt":{"rendered":"<p>RMC Recycling offers a comprehensive waste management service tailored to your needs. Our offer is based on the experience we have gained, guaranteeing our customers a single waste management partner who will take care to minimise the costs of disposing of the waste generated within the company and maximise revenues from secondary raw materials. What makes us different? Reliable index-based pricing -...<\/p>","protected":false},"author":1,"featured_media":0,"parent":0,"menu_order":20,"comment_status":"closed","ping_status":"closed","template":"","meta":{"_acf_changed":false,"footnotes":""},"class_list":["post-5273","page","type-page","status-publish","hentry"],"acf":[],"yoast_head":"<!-- This site is optimized with the Yoast SEO plugin v24.2 - https:\/\/yoast.com\/wordpress\/plugins\/seo\/ -->\n<title>Gospodarka odpadami, Zarz\u0105dzanie odpadami Legnica - RMC Polska<\/title>\n<meta name=\"robots\" content=\"index, follow, max-snippet:-1, max-image-preview:large, max-video-preview:-1\" \/>\n<link rel=\"canonical\" href=\"https:\/\/rmcpolska.pl\/en\/waste-management\/\" \/>\n<meta property=\"og:locale\" content=\"en_GB\" \/>\n<meta property=\"og:type\" content=\"article\" \/>\n<meta property=\"og:title\" content=\"Gospodarka odpadami, Zarz\u0105dzanie odpadami Legnica - RMC Polska\" \/>\n<meta property=\"og:description\" content=\"Us\u0142uga kompleksowa RMC Recykling oferuje us\u0142ugi kompleksowego gospodarowania opadami dopasowane do potrzeb klient\u00f3w. Nasz\u0105 ofert\u0119 stworzyli\u015bmy w oparciu o zdobyte do\u015bwiadczenia gwarantuj\u0105ce Klientom jednego partnera w zakresie gospodarki odpadami, kt\u00f3ry b\u0119dzie dba\u0142 o minimalizacj\u0119 koszt\u00f3w utylizacji powstaj\u0105cych odpad\u00f3w w przedsi\u0119biorstwie oraz maksymalizacj\u0119 przychod\u00f3w z surowc\u00f3w wt\u00f3rnych. Czym si\u0119 wyr\u00f3\u017cniamy? Rzetelna wycena oparta na indeksach &#8211;&hellip;\" \/>\n<meta property=\"og:url\" content=\"https:\/\/rmcpolska.pl\/en\/waste-management\/\" \/>\n<meta property=\"og:site_name\" content=\"RMC Polska\" \/>\n<meta property=\"article:modified_time\" content=\"2023-11-07T19:08:11+00:00\" \/>\n<meta property=\"og:image\" content=\"https:\/\/rmcpolska.pl\/wp-content\/uploads\/2023\/10\/kONTENER-36M3-1.jpg\" \/>\n<meta name=\"twitter:card\" content=\"summary_large_image\" \/>\n<meta name=\"twitter:label1\" content=\"Estimated reading time\" \/>\n\t<meta name=\"twitter:data1\" content=\"4 minutes\" \/>\n<script type=\"application\/ld+json\" class=\"yoast-schema-graph\">{\"@context\":\"https:\/\/schema.org\",\"@graph\":[{\"@type\":\"WebPage\",\"@id\":\"https:\/\/rmcpolska.pl\/gospodarka-odpadami\/\",\"url\":\"https:\/\/rmcpolska.pl\/gospodarka-odpadami\/\",\"name\":\"Gospodarka odpadami, Zarz\u0105dzanie odpadami Legnica - RMC Polska\",\"isPartOf\":{\"@id\":\"https:\/\/rmcpolska.pl\/#website\"},\"primaryImageOfPage\":{\"@id\":\"https:\/\/rmcpolska.pl\/gospodarka-odpadami\/#primaryimage\"},\"image\":{\"@id\":\"https:\/\/rmcpolska.pl\/gospodarka-odpadami\/#primaryimage\"},\"thumbnailUrl\":\"https:\/\/rmcpolska.pl\/wp-content\/uploads\/2023\/10\/kONTENER-36M3-1.jpg\",\"datePublished\":\"2023-09-07T13:56:06+00:00\",\"dateModified\":\"2023-11-07T19:08:11+00:00\",\"breadcrumb\":{\"@id\":\"https:\/\/rmcpolska.pl\/gospodarka-odpadami\/#breadcrumb\"},\"inLanguage\":\"en-GB\",\"potentialAction\":[{\"@type\":\"ReadAction\",\"target\":[\"https:\/\/rmcpolska.pl\/gospodarka-odpadami\/\"]}]},{\"@type\":\"ImageObject\",\"inLanguage\":\"en-GB\",\"@id\":\"https:\/\/rmcpolska.pl\/gospodarka-odpadami\/#primaryimage\",\"url\":\"https:\/\/rmcpolska.pl\/wp-content\/uploads\/2023\/10\/kONTENER-36M3-1.jpg\",\"contentUrl\":\"https:\/\/rmcpolska.pl\/wp-content\/uploads\/2023\/10\/kONTENER-36M3-1.jpg\"},{\"@type\":\"BreadcrumbList\",\"@id\":\"https:\/\/rmcpolska.pl\/gospodarka-odpadami\/#breadcrumb\",\"itemListElement\":[{\"@type\":\"ListItem\",\"position\":1,\"name\":\"Strona g\u0142\u00f3wna\",\"item\":\"https:\/\/rmcpolska.pl\/\"},{\"@type\":\"ListItem\",\"position\":2,\"name\":\"Gospodarka odpadami\"}]},{\"@type\":\"WebSite\",\"@id\":\"https:\/\/rmcpolska.pl\/#website\",\"url\":\"https:\/\/rmcpolska.pl\/\",\"name\":\"RMC Polska\",\"description\":\"Skup z\u0142omu Legnica, Skup z\u0142omu Mielec | RMC Polska\",\"publisher\":{\"@id\":\"https:\/\/rmcpolska.pl\/#organization\"},\"potentialAction\":[{\"@type\":\"SearchAction\",\"target\":{\"@type\":\"EntryPoint\",\"urlTemplate\":\"https:\/\/rmcpolska.pl\/?s={search_term_string}\"},\"query-input\":{\"@type\":\"PropertyValueSpecification\",\"valueRequired\":true,\"valueName\":\"search_term_string\"}}],\"inLanguage\":\"en-GB\"},{\"@type\":\"Organization\",\"@id\":\"https:\/\/rmcpolska.pl\/#organization\",\"name\":\"RMC Polska\",\"url\":\"https:\/\/rmcpolska.pl\/\",\"logo\":{\"@type\":\"ImageObject\",\"inLanguage\":\"en-GB\",\"@id\":\"https:\/\/rmcpolska.pl\/#\/schema\/logo\/image\/\",\"url\":\"https:\/\/rmcpolska.pl\/wp-content\/uploads\/2021\/09\/rmc_recycling_logo.png\",\"contentUrl\":\"https:\/\/rmcpolska.pl\/wp-content\/uploads\/2021\/09\/rmc_recycling_logo.png\",\"width\":1020,\"height\":353,\"caption\":\"RMC Polska\"},\"image\":{\"@id\":\"https:\/\/rmcpolska.pl\/#\/schema\/logo\/image\/\"}}]}<\/script>\n<!-- \/ Yoast SEO plugin. -->","yoast_head_json":{"title":"Gospodarka odpadami, Zarz\u0105dzanie odpadami Legnica - RMC Polska","robots":{"index":"index","follow":"follow","max-snippet":"max-snippet:-1","max-image-preview":"max-image-preview:large","max-video-preview":"max-video-preview:-1"},"canonical":"https:\/\/rmcpolska.pl\/en\/waste-management\/","og_locale":"en_GB","og_type":"article","og_title":"Gospodarka odpadami, Zarz\u0105dzanie odpadami Legnica - RMC Polska","og_description":"Us\u0142uga kompleksowa RMC Recykling oferuje us\u0142ugi kompleksowego gospodarowania opadami dopasowane do potrzeb klient\u00f3w. Nasz\u0105 ofert\u0119 stworzyli\u015bmy w oparciu o zdobyte do\u015bwiadczenia gwarantuj\u0105ce Klientom jednego partnera w zakresie gospodarki odpadami, kt\u00f3ry b\u0119dzie dba\u0142 o minimalizacj\u0119 koszt\u00f3w utylizacji powstaj\u0105cych odpad\u00f3w w przedsi\u0119biorstwie oraz maksymalizacj\u0119 przychod\u00f3w z surowc\u00f3w wt\u00f3rnych. Czym si\u0119 wyr\u00f3\u017cniamy? Rzetelna wycena oparta na indeksach &#8211;&hellip;","og_url":"https:\/\/rmcpolska.pl\/en\/waste-management\/","og_site_name":"RMC Polska","article_modified_time":"2023-11-07T19:08:11+00:00","og_image":[{"url":"https:\/\/rmcpolska.pl\/wp-content\/uploads\/2023\/10\/kONTENER-36M3-1.jpg","type":"","width":"","height":""}],"twitter_card":"summary_large_image","twitter_misc":{"Estimated reading time":"4 minutes"},"schema":{"@context":"https:\/\/schema.org","@graph":[{"@type":"WebPage","@id":"https:\/\/rmcpolska.pl\/gospodarka-odpadami\/","url":"https:\/\/rmcpolska.pl\/gospodarka-odpadami\/","name":"Gospodarka odpadami, Zarz\u0105dzanie odpadami Legnica - RMC Polska","isPartOf":{"@id":"https:\/\/rmcpolska.pl\/#website"},"primaryImageOfPage":{"@id":"https:\/\/rmcpolska.pl\/gospodarka-odpadami\/#primaryimage"},"image":{"@id":"https:\/\/rmcpolska.pl\/gospodarka-odpadami\/#primaryimage"},"thumbnailUrl":"https:\/\/rmcpolska.pl\/wp-content\/uploads\/2023\/10\/kONTENER-36M3-1.jpg","datePublished":"2023-09-07T13:56:06+00:00","dateModified":"2023-11-07T19:08:11+00:00","breadcrumb":{"@id":"https:\/\/rmcpolska.pl\/gospodarka-odpadami\/#breadcrumb"},"inLanguage":"en-GB","potentialAction":[{"@type":"ReadAction","target":["https:\/\/rmcpolska.pl\/gospodarka-odpadami\/"]}]},{"@type":"ImageObject","inLanguage":"en-GB","@id":"https:\/\/rmcpolska.pl\/gospodarka-odpadami\/#primaryimage","url":"https:\/\/rmcpolska.pl\/wp-content\/uploads\/2023\/10\/kONTENER-36M3-1.jpg","contentUrl":"https:\/\/rmcpolska.pl\/wp-content\/uploads\/2023\/10\/kONTENER-36M3-1.jpg"},{"@type":"BreadcrumbList","@id":"https:\/\/rmcpolska.pl\/gospodarka-odpadami\/#breadcrumb","itemListElement":[{"@type":"ListItem","position":1,"name":"Strona g\u0142\u00f3wna","item":"https:\/\/rmcpolska.pl\/"},{"@type":"ListItem","position":2,"name":"Gospodarka odpadami"}]},{"@type":"WebSite","@id":"https:\/\/rmcpolska.pl\/#website","url":"https:\/\/rmcpolska.pl\/","name":"RMC Polska","description":"Skup z\u0142omu Legnica, Skup z\u0142omu Mielec | RMC Polska","publisher":{"@id":"https:\/\/rmcpolska.pl\/#organization"},"potentialAction":[{"@type":"SearchAction","target":{"@type":"EntryPoint","urlTemplate":"https:\/\/rmcpolska.pl\/?s={search_term_string}"},"query-input":{"@type":"PropertyValueSpecification","valueRequired":true,"valueName":"search_term_string"}}],"inLanguage":"en-GB"},{"@type":"Organization","@id":"https:\/\/rmcpolska.pl\/#organization","name":"RMC Polska","url":"https:\/\/rmcpolska.pl\/","logo":{"@type":"ImageObject","inLanguage":"en-GB","@id":"https:\/\/rmcpolska.pl\/#\/schema\/logo\/image\/","url":"https:\/\/rmcpolska.pl\/wp-content\/uploads\/2021\/09\/rmc_recycling_logo.png","contentUrl":"https:\/\/rmcpolska.pl\/wp-content\/uploads\/2021\/09\/rmc_recycling_logo.png","width":1020,"height":353,"caption":"RMC Polska"},"image":{"@id":"https:\/\/rmcpolska.pl\/#\/schema\/logo\/image\/"}}]}},"_links":{"self":[{"href":"https:\/\/rmcpolska.pl\/en\/wp-json\/wp\/v2\/pages\/5273","targetHints":{"allow":["GET"]}}],"collection":[{"href":"https:\/\/rmcpolska.pl\/en\/wp-json\/wp\/v2\/pages"}],"about":[{"href":"https:\/\/rmcpolska.pl\/en\/wp-json\/wp\/v2\/types\/page"}],"author":[{"embeddable":true,"href":"https:\/\/rmcpolska.pl\/en\/wp-json\/wp\/v2\/users\/1"}],"replies":[{"embeddable":true,"href":"https:\/\/rmcpolska.pl\/en\/wp-json\/wp\/v2\/comments?post=5273"}],"version-history":[{"count":46,"href":"https:\/\/rmcpolska.pl\/en\/wp-json\/wp\/v2\/pages\/5273\/revisions"}],"predecessor-version":[{"id":7102,"href":"https:\/\/rmcpolska.pl\/en\/wp-json\/wp\/v2\/pages\/5273\/revisions\/7102"}],"wp:attachment":[{"href":"https:\/\/rmcpolska.pl\/en\/wp-json\/wp\/v2\/media?parent=5273"}],"curies":[{"name":"wp","href":"https:\/\/api.w.org\/{rel}","templated":true}]}}