{"id":5305,"date":"2023-09-07T16:30:08","date_gmt":"2023-09-07T14:30:08","guid":{"rendered":"https:\/\/cncdodrewna.pl\/?page_id=5305"},"modified":"2023-11-07T20:02:05","modified_gmt":"2023-11-07T19:02:05","slug":"transport-odpadow","status":"publish","type":"page","link":"https:\/\/rmcpolska.pl\/en\/waste-transport\/","title":{"rendered":"Waste transport"},"content":{"rendered":"<div data-elementor-type=\"wp-page\" data-elementor-id=\"5305\" class=\"elementor elementor-5305\">\n\t\t\t\t\t\t\t\t\t<section class=\"elementor-section elementor-top-section elementor-element elementor-element-f73b45f elementor-section-boxed elementor-section-height-default elementor-section-height-default\" data-id=\"f73b45f\" data-element_type=\"section\">\n\t\t\t\t\t\t<div class=\"elementor-container elementor-column-gap-default\">\n\t\t\t\t\t<div class=\"elementor-column elementor-col-50 elementor-top-column elementor-element elementor-element-c12d6cb\" data-id=\"c12d6cb\" data-element_type=\"column\">\n\t\t\t<div class=\"elementor-widget-wrap elementor-element-populated\">\n\t\t\t\t\t\t\t\t<div class=\"elementor-element elementor-element-673225e icon-position-mobile-top content-align-left icon-box-vertical-align-top icon-position-left icon-vertical-align-start elementor-widget elementor-widget-the7_icon_box_widget\" data-id=\"673225e\" data-element_type=\"widget\" data-widget_type=\"the7_icon_box_widget.default\">\n\t\t\t\t<div class=\"elementor-widget-container\">\n\t\t\t\n\t\t<div class=\"the7-box-wrapper the7-elementor-widget the7_icon_box_widget-673225e\">\t\t\t<div class=\"box-content-wrapper\">\n\t\t\t\t\t\t\t\t<div class=\"box-content\">\n\t\t\t\t\t\t\t\t\t\t\t\t\t\t\t\t\t<h4 class=\"box-heading\">\n\t\t\t\t\t\t\t<a >\t\t\t\t\t\t\t\tIndividual solutions\t\t\t\t\t\t\t<\/a>\t\t\t\t\t\t<\/h4>\n\t\t\t\t\t\t\t\t\t\t\n\t\t\t\t\t\n\t\t\t\t<\/div>\n\t\t\t<\/div>\n\t\t<\/div>\t\t\t<\/div>\n\t\t\t\t<\/div>\n\t\t\t\t<div class=\"elementor-element elementor-element-f88a7e5 elementor-widget elementor-widget-text-editor\" data-id=\"f88a7e5\" data-element_type=\"widget\" data-widget_type=\"text-editor.default\">\n\t\t\t\t<div class=\"elementor-widget-container\">\n\t\t\t\t\t\t\tBespoke waste transport solutions for both production operations and subsequent processing elsewhere can make a significant contribution to savings.<br><br>\nRMC Polska offers transport services and also subcontracts transports to reliable carriers. This makes it possible to develop tailor-made solutions, regardless of whether operations are carried out at a single location or at several geographically dispersed locations.\nCorrect sorting of waste and use of appropriate containers and bins are also the basis for rational transports. We would be happy to advise you on how to do this efficiently!<br><br>With optimised transports, we ensure that waste does not linger longer than necessary and does not reduce the company's productivity.\t\t\t\t\t\t<\/div>\n\t\t\t\t<\/div>\n\t\t\t\t\t<\/div>\n\t\t<\/div>\n\t\t\t\t<div class=\"elementor-column elementor-col-50 elementor-top-column elementor-element elementor-element-0ecc875\" data-id=\"0ecc875\" data-element_type=\"column\">\n\t\t\t<div class=\"elementor-widget-wrap elementor-element-populated\">\n\t\t\t\t\t\t\t\t<div class=\"elementor-element elementor-element-6f56bfc elementor-widget elementor-widget-image\" data-id=\"6f56bfc\" data-element_type=\"widget\" data-widget_type=\"image.default\">\n\t\t\t\t<div class=\"elementor-widget-container\">\n\t\t\t\t\t\t\t\t\t\t\t\t\t\t\t<img loading=\"lazy\" decoding=\"async\" width=\"768\" height=\"410\" src=\"https:\/\/rmcpolska.pl\/wp-content\/uploads\/2023\/09\/transport_odpadow-1024x547-new-768x410.jpg\" class=\"attachment-medium_large size-medium_large wp-image-5307\" alt=\"waste transport\" srcset=\"https:\/\/rmcpolska.pl\/wp-content\/uploads\/2023\/09\/transport_odpadow-1024x547-new-768x410.jpg 768w, https:\/\/rmcpolska.pl\/wp-content\/uploads\/2023\/09\/transport_odpadow-1024x547-new-300x160.jpg 300w, https:\/\/rmcpolska.pl\/wp-content\/uploads\/2023\/09\/transport_odpadow-1024x547-new.jpg 1024w\" sizes=\"auto, (max-width: 768px) 100vw, 768px\" \/>\t\t\t\t\t\t\t\t\t\t\t\t\t\t\t<\/div>\n\t\t\t\t<\/div>\n\t\t\t\t<div class=\"elementor-element elementor-element-a0d3c1a elementor-widget elementor-widget-heading\" data-id=\"a0d3c1a\" data-element_type=\"widget\" data-widget_type=\"heading.default\">\n\t\t\t\t<div class=\"elementor-widget-container\">\n\t\t\t<h4 class=\"elementor-heading-title elementor-size-default\">Among other things, we provide transport services using vehicles:<\/h4>\t\t<\/div>\n\t\t\t\t<\/div>\n\t\t\t\t<div class=\"elementor-element elementor-element-0cf5514 elementor-widget-mobile__width-inherit elementor-widget__width-initial elementor-icon-list--layout-traditional elementor-list-item-link-full_width elementor-widget elementor-widget-icon-list\" data-id=\"0cf5514\" data-element_type=\"widget\" data-widget_type=\"icon-list.default\">\n\t\t\t\t<div class=\"elementor-widget-container\">\n\t\t\t\t\t<ul class=\"elementor-icon-list-items\">\n\t\t\t\t\t\t\t<li class=\"elementor-icon-list-item\">\n\t\t\t\t\t\t\t\t\t\t\t<span class=\"elementor-icon-list-icon\">\n\t\t\t\t\t\t\t<i aria-hidden=\"true\" class=\"fas fa-check\"><\/i>\t\t\t\t\t\t<\/span>\n\t\t\t\t\t\t\t\t\t\t<span class=\"elementor-icon-list-text\">Container hookloader<\/span>\n\t\t\t\t\t\t\t\t\t<\/li>\n\t\t\t\t\t\t\t\t<li class=\"elementor-icon-list-item\">\n\t\t\t\t\t\t\t\t\t\t\t<span class=\"elementor-icon-list-icon\">\n\t\t\t\t\t\t\t<i aria-hidden=\"true\" class=\"fas fa-check\"><\/i>\t\t\t\t\t\t<\/span>\n\t\t\t\t\t\t\t\t\t\t<span class=\"elementor-icon-list-text\">Hookloader with HDS equipment<\/span>\n\t\t\t\t\t\t\t\t\t<\/li>\n\t\t\t\t\t\t\t\t<li class=\"elementor-icon-list-item\">\n\t\t\t\t\t\t\t\t\t\t\t<span class=\"elementor-icon-list-icon\">\n\t\t\t\t\t\t\t<i aria-hidden=\"true\" class=\"fas fa-check\"><\/i>\t\t\t\t\t\t<\/span>\n\t\t\t\t\t\t\t\t\t\t<span class=\"elementor-icon-list-text\">Bus up to 3.5 tonnes<\/span>\n\t\t\t\t\t\t\t\t\t<\/li>\n\t\t\t\t\t\t<\/ul>\n\t\t\t\t<\/div>\n\t\t\t\t<\/div>\n\t\t\t\t\t<\/div>\n\t\t<\/div>\n\t\t\t\t\t\t\t<\/div>\n\t\t<\/section>\n\t\t\t\t\t\t\t<\/div>","protected":false},"excerpt":{"rendered":"<p>Tailor-made solutions Customised waste transport solutions for both production operations and subsequent processing elsewhere can make a significant contribution to savings. RMC Polska offers transport services and also subcontracts transports to reliable hauliers. This enables tailor-made solutions to be developed, regardless of whether the activity is carried out at one location,...<\/p>","protected":false},"author":1,"featured_media":0,"parent":0,"menu_order":20,"comment_status":"closed","ping_status":"closed","template":"","meta":{"_acf_changed":false,"footnotes":""},"class_list":["post-5305","page","type-page","status-publish","hentry"],"acf":[],"yoast_head":"<!-- This site is optimized with the Yoast SEO plugin v24.2 - https:\/\/yoast.com\/wordpress\/plugins\/seo\/ -->\n<title>Transport odpad\u00f3w, przew\u00f3z odpad\u00f3w Legnica - RMC Polska<\/title>\n<meta name=\"robots\" content=\"index, follow, max-snippet:-1, max-image-preview:large, max-video-preview:-1\" \/>\n<link rel=\"canonical\" href=\"https:\/\/rmcpolska.pl\/en\/waste-transport\/\" \/>\n<meta property=\"og:locale\" content=\"en_GB\" \/>\n<meta property=\"og:type\" content=\"article\" \/>\n<meta property=\"og:title\" content=\"Transport odpad\u00f3w, przew\u00f3z odpad\u00f3w Legnica - RMC Polska\" \/>\n<meta property=\"og:description\" content=\"Indywidualne rozwi\u0105zania Indywidualnie dopasowane rozwi\u0105zania transportu odpad\u00f3w zar\u00f3wno w dzia\u0142alno\u015bci produkcyjnej, jak w p\u00f3\u017aniejszym przetwarzaniu w innym miejscu mog\u0105 w znacz\u0105cy spos\u00f3b przyczyni\u0107 si\u0119 do oszcz\u0119dno\u015bci. RMC Polska oferuje us\u0142ugi transportowe, a tak\u017ce zleca transporty sprawdzonym przewo\u017anikom. Umo\u017cliwia to opracowanie rozwi\u0105za\u0144 dopasowanych do konkretnych potrzeb, niezale\u017cnie od tego, czy dzia\u0142alno\u015b\u0107 prowadzona jest w jednej lokalizacji,&hellip;\" \/>\n<meta property=\"og:url\" content=\"https:\/\/rmcpolska.pl\/en\/waste-transport\/\" \/>\n<meta property=\"og:site_name\" content=\"RMC Polska\" \/>\n<meta property=\"article:modified_time\" content=\"2023-11-07T19:02:05+00:00\" \/>\n<meta property=\"og:image\" content=\"https:\/\/rmcpolska.pl\/wp-content\/uploads\/2023\/09\/transport_odpadow-1024x547-new-768x410.jpg\" \/>\n<meta name=\"twitter:card\" content=\"summary_large_image\" \/>\n<meta name=\"twitter:label1\" content=\"Estimated reading time\" \/>\n\t<meta name=\"twitter:data1\" content=\"1 minute\" \/>\n<script type=\"application\/ld+json\" class=\"yoast-schema-graph\">{\"@context\":\"https:\/\/schema.org\",\"@graph\":[{\"@type\":\"WebPage\",\"@id\":\"https:\/\/rmcpolska.pl\/transport-odpadow\/\",\"url\":\"https:\/\/rmcpolska.pl\/transport-odpadow\/\",\"name\":\"Transport odpad\u00f3w, przew\u00f3z odpad\u00f3w Legnica - RMC Polska\",\"isPartOf\":{\"@id\":\"https:\/\/rmcpolska.pl\/#website\"},\"primaryImageOfPage\":{\"@id\":\"https:\/\/rmcpolska.pl\/transport-odpadow\/#primaryimage\"},\"image\":{\"@id\":\"https:\/\/rmcpolska.pl\/transport-odpadow\/#primaryimage\"},\"thumbnailUrl\":\"https:\/\/rmcpolska.pl\/wp-content\/uploads\/2023\/09\/transport_odpadow-1024x547-new-768x410.jpg\",\"datePublished\":\"2023-09-07T14:30:08+00:00\",\"dateModified\":\"2023-11-07T19:02:05+00:00\",\"breadcrumb\":{\"@id\":\"https:\/\/rmcpolska.pl\/transport-odpadow\/#breadcrumb\"},\"inLanguage\":\"en-GB\",\"potentialAction\":[{\"@type\":\"ReadAction\",\"target\":[\"https:\/\/rmcpolska.pl\/transport-odpadow\/\"]}]},{\"@type\":\"ImageObject\",\"inLanguage\":\"en-GB\",\"@id\":\"https:\/\/rmcpolska.pl\/transport-odpadow\/#primaryimage\",\"url\":\"https:\/\/rmcpolska.pl\/wp-content\/uploads\/2023\/09\/transport_odpadow-1024x547-new-768x410.jpg\",\"contentUrl\":\"https:\/\/rmcpolska.pl\/wp-content\/uploads\/2023\/09\/transport_odpadow-1024x547-new-768x410.jpg\"},{\"@type\":\"BreadcrumbList\",\"@id\":\"https:\/\/rmcpolska.pl\/transport-odpadow\/#breadcrumb\",\"itemListElement\":[{\"@type\":\"ListItem\",\"position\":1,\"name\":\"Strona g\u0142\u00f3wna\",\"item\":\"https:\/\/rmcpolska.pl\/\"},{\"@type\":\"ListItem\",\"position\":2,\"name\":\"Transport odpad\u00f3w\"}]},{\"@type\":\"WebSite\",\"@id\":\"https:\/\/rmcpolska.pl\/#website\",\"url\":\"https:\/\/rmcpolska.pl\/\",\"name\":\"RMC Polska\",\"description\":\"Skup z\u0142omu Legnica, Skup z\u0142omu Mielec | RMC Polska\",\"publisher\":{\"@id\":\"https:\/\/rmcpolska.pl\/#organization\"},\"potentialAction\":[{\"@type\":\"SearchAction\",\"target\":{\"@type\":\"EntryPoint\",\"urlTemplate\":\"https:\/\/rmcpolska.pl\/?s={search_term_string}\"},\"query-input\":{\"@type\":\"PropertyValueSpecification\",\"valueRequired\":true,\"valueName\":\"search_term_string\"}}],\"inLanguage\":\"en-GB\"},{\"@type\":\"Organization\",\"@id\":\"https:\/\/rmcpolska.pl\/#organization\",\"name\":\"RMC Polska\",\"url\":\"https:\/\/rmcpolska.pl\/\",\"logo\":{\"@type\":\"ImageObject\",\"inLanguage\":\"en-GB\",\"@id\":\"https:\/\/rmcpolska.pl\/#\/schema\/logo\/image\/\",\"url\":\"https:\/\/rmcpolska.pl\/wp-content\/uploads\/2021\/09\/rmc_recycling_logo.png\",\"contentUrl\":\"https:\/\/rmcpolska.pl\/wp-content\/uploads\/2021\/09\/rmc_recycling_logo.png\",\"width\":1020,\"height\":353,\"caption\":\"RMC Polska\"},\"image\":{\"@id\":\"https:\/\/rmcpolska.pl\/#\/schema\/logo\/image\/\"}}]}<\/script>\n<!-- \/ Yoast SEO plugin. -->","yoast_head_json":{"title":"Transport odpad\u00f3w, przew\u00f3z odpad\u00f3w Legnica - RMC Polska","robots":{"index":"index","follow":"follow","max-snippet":"max-snippet:-1","max-image-preview":"max-image-preview:large","max-video-preview":"max-video-preview:-1"},"canonical":"https:\/\/rmcpolska.pl\/en\/waste-transport\/","og_locale":"en_GB","og_type":"article","og_title":"Transport odpad\u00f3w, przew\u00f3z odpad\u00f3w Legnica - RMC Polska","og_description":"Indywidualne rozwi\u0105zania Indywidualnie dopasowane rozwi\u0105zania transportu odpad\u00f3w zar\u00f3wno w dzia\u0142alno\u015bci produkcyjnej, jak w p\u00f3\u017aniejszym przetwarzaniu w innym miejscu mog\u0105 w znacz\u0105cy spos\u00f3b przyczyni\u0107 si\u0119 do oszcz\u0119dno\u015bci. RMC Polska oferuje us\u0142ugi transportowe, a tak\u017ce zleca transporty sprawdzonym przewo\u017anikom. Umo\u017cliwia to opracowanie rozwi\u0105za\u0144 dopasowanych do konkretnych potrzeb, niezale\u017cnie od tego, czy dzia\u0142alno\u015b\u0107 prowadzona jest w jednej lokalizacji,&hellip;","og_url":"https:\/\/rmcpolska.pl\/en\/waste-transport\/","og_site_name":"RMC Polska","article_modified_time":"2023-11-07T19:02:05+00:00","og_image":[{"url":"https:\/\/rmcpolska.pl\/wp-content\/uploads\/2023\/09\/transport_odpadow-1024x547-new-768x410.jpg","type":"","width":"","height":""}],"twitter_card":"summary_large_image","twitter_misc":{"Estimated reading time":"1 minute"},"schema":{"@context":"https:\/\/schema.org","@graph":[{"@type":"WebPage","@id":"https:\/\/rmcpolska.pl\/transport-odpadow\/","url":"https:\/\/rmcpolska.pl\/transport-odpadow\/","name":"Transport odpad\u00f3w, przew\u00f3z odpad\u00f3w Legnica - RMC Polska","isPartOf":{"@id":"https:\/\/rmcpolska.pl\/#website"},"primaryImageOfPage":{"@id":"https:\/\/rmcpolska.pl\/transport-odpadow\/#primaryimage"},"image":{"@id":"https:\/\/rmcpolska.pl\/transport-odpadow\/#primaryimage"},"thumbnailUrl":"https:\/\/rmcpolska.pl\/wp-content\/uploads\/2023\/09\/transport_odpadow-1024x547-new-768x410.jpg","datePublished":"2023-09-07T14:30:08+00:00","dateModified":"2023-11-07T19:02:05+00:00","breadcrumb":{"@id":"https:\/\/rmcpolska.pl\/transport-odpadow\/#breadcrumb"},"inLanguage":"en-GB","potentialAction":[{"@type":"ReadAction","target":["https:\/\/rmcpolska.pl\/transport-odpadow\/"]}]},{"@type":"ImageObject","inLanguage":"en-GB","@id":"https:\/\/rmcpolska.pl\/transport-odpadow\/#primaryimage","url":"https:\/\/rmcpolska.pl\/wp-content\/uploads\/2023\/09\/transport_odpadow-1024x547-new-768x410.jpg","contentUrl":"https:\/\/rmcpolska.pl\/wp-content\/uploads\/2023\/09\/transport_odpadow-1024x547-new-768x410.jpg"},{"@type":"BreadcrumbList","@id":"https:\/\/rmcpolska.pl\/transport-odpadow\/#breadcrumb","itemListElement":[{"@type":"ListItem","position":1,"name":"Strona g\u0142\u00f3wna","item":"https:\/\/rmcpolska.pl\/"},{"@type":"ListItem","position":2,"name":"Transport odpad\u00f3w"}]},{"@type":"WebSite","@id":"https:\/\/rmcpolska.pl\/#website","url":"https:\/\/rmcpolska.pl\/","name":"RMC Polska","description":"Skup z\u0142omu Legnica, Skup z\u0142omu Mielec | RMC Polska","publisher":{"@id":"https:\/\/rmcpolska.pl\/#organization"},"potentialAction":[{"@type":"SearchAction","target":{"@type":"EntryPoint","urlTemplate":"https:\/\/rmcpolska.pl\/?s={search_term_string}"},"query-input":{"@type":"PropertyValueSpecification","valueRequired":true,"valueName":"search_term_string"}}],"inLanguage":"en-GB"},{"@type":"Organization","@id":"https:\/\/rmcpolska.pl\/#organization","name":"RMC Polska","url":"https:\/\/rmcpolska.pl\/","logo":{"@type":"ImageObject","inLanguage":"en-GB","@id":"https:\/\/rmcpolska.pl\/#\/schema\/logo\/image\/","url":"https:\/\/rmcpolska.pl\/wp-content\/uploads\/2021\/09\/rmc_recycling_logo.png","contentUrl":"https:\/\/rmcpolska.pl\/wp-content\/uploads\/2021\/09\/rmc_recycling_logo.png","width":1020,"height":353,"caption":"RMC Polska"},"image":{"@id":"https:\/\/rmcpolska.pl\/#\/schema\/logo\/image\/"}}]}},"_links":{"self":[{"href":"https:\/\/rmcpolska.pl\/en\/wp-json\/wp\/v2\/pages\/5305","targetHints":{"allow":["GET"]}}],"collection":[{"href":"https:\/\/rmcpolska.pl\/en\/wp-json\/wp\/v2\/pages"}],"about":[{"href":"https:\/\/rmcpolska.pl\/en\/wp-json\/wp\/v2\/types\/page"}],"author":[{"embeddable":true,"href":"https:\/\/rmcpolska.pl\/en\/wp-json\/wp\/v2\/users\/1"}],"replies":[{"embeddable":true,"href":"https:\/\/rmcpolska.pl\/en\/wp-json\/wp\/v2\/comments?post=5305"}],"version-history":[{"count":6,"href":"https:\/\/rmcpolska.pl\/en\/wp-json\/wp\/v2\/pages\/5305\/revisions"}],"predecessor-version":[{"id":7917,"href":"https:\/\/rmcpolska.pl\/en\/wp-json\/wp\/v2\/pages\/5305\/revisions\/7917"}],"wp:attachment":[{"href":"https:\/\/rmcpolska.pl\/en\/wp-json\/wp\/v2\/media?parent=5305"}],"curies":[{"name":"wp","href":"https:\/\/api.w.org\/{rel}","templated":true}]}}