{"id":5539,"date":"2023-09-18T20:48:07","date_gmt":"2023-09-18T18:48:07","guid":{"rendered":"https:\/\/cncdodrewna.pl\/?page_id=5539"},"modified":"2023-11-07T20:08:57","modified_gmt":"2023-11-07T19:08:57","slug":"skup-stali-narzedziowej","status":"publish","type":"page","link":"https:\/\/rmcpolska.pl\/en\/purchase-of-tool-steel\/","title":{"rendered":"Buying tool steel"},"content":{"rendered":"<div data-elementor-type=\"wp-page\" data-elementor-id=\"5539\" class=\"elementor elementor-5539\">\n\t\t\t\t\t\t\t\t\t<section class=\"elementor-section elementor-top-section elementor-element elementor-element-5bacbd4 elementor-section-boxed elementor-section-height-default elementor-section-height-default\" data-id=\"5bacbd4\" data-element_type=\"section\">\n\t\t\t\t\t\t<div class=\"elementor-container elementor-column-gap-default\">\n\t\t\t\t\t<div class=\"elementor-column elementor-col-100 elementor-top-column elementor-element elementor-element-5f61f09\" data-id=\"5f61f09\" data-element_type=\"column\">\n\t\t\t<div class=\"elementor-widget-wrap elementor-element-populated\">\n\t\t\t\t\t\t\t\t<section class=\"elementor-section elementor-inner-section elementor-element elementor-element-7e736a9 elementor-section-boxed elementor-section-height-default elementor-section-height-default\" data-id=\"7e736a9\" data-element_type=\"section\">\n\t\t\t\t\t\t<div class=\"elementor-container elementor-column-gap-default\">\n\t\t\t\t\t<div class=\"elementor-column elementor-col-50 elementor-inner-column elementor-element elementor-element-5f60fe7\" data-id=\"5f60fe7\" data-element_type=\"column\">\n\t\t\t<div class=\"elementor-widget-wrap elementor-element-populated\">\n\t\t\t\t\t\t\t\t<div class=\"elementor-element elementor-element-7b57498 elementor-widget elementor-widget-heading\" data-id=\"7b57498\" data-element_type=\"widget\" data-widget_type=\"heading.default\">\n\t\t\t\t<div class=\"elementor-widget-container\">\n\t\t\t<h2 class=\"elementor-heading-title elementor-size-default\">We buy tool steel<\/h2>\t\t<\/div>\n\t\t\t\t<\/div>\n\t\t\t\t<div class=\"elementor-element elementor-element-7be61bf elementor-widget elementor-widget-text-editor\" data-id=\"7be61bf\" data-element_type=\"widget\" data-widget_type=\"text-editor.default\">\n\t\t\t\t<div class=\"elementor-widget-container\">\n\t\t\t\t\t\t\tIn addition to non-ferrous metals, RMC Polska Sp. z o.o. also buys tool steel.\n\n<br><br>\nHigh-speed steel scrap is a set of tool steel alloys. Alloy steels were so named because of their ability to cut materials (e.g. metals) faster than the traditional high-carbon steels previously used in cutting tools. These steels have excellent hardness, wear resistance and resistance to softening at high temperatures.\n<br><br>\nWe buy scrap tool steel mainly from scrap yards <br>and non-ferrous metals, from companies in the industrial sectors <br>and in particular in the areas of machining, measuring tool manufacture and professional tools.\n<br><br>\n\nThanks to our cooperation with major alloy steel manufacturers, we can offer you the best prices for buying tool steel.\t\t\t\t\t\t<\/div>\n\t\t\t\t<\/div>\n\t\t\t\t\t<\/div>\n\t\t<\/div>\n\t\t\t\t<div class=\"elementor-column elementor-col-50 elementor-inner-column elementor-element elementor-element-d807f0b\" data-id=\"d807f0b\" data-element_type=\"column\">\n\t\t\t<div class=\"elementor-widget-wrap elementor-element-populated\">\n\t\t\t\t\t\t\t\t<div class=\"elementor-element elementor-element-77f9e1a elementor-widget elementor-widget-heading\" data-id=\"77f9e1a\" data-element_type=\"widget\" data-widget_type=\"heading.default\">\n\t\t\t\t<div class=\"elementor-widget-container\">\n\t\t\t<h4 class=\"elementor-heading-title elementor-size-default\">We buy:<\/h4>\t\t<\/div>\n\t\t\t\t<\/div>\n\t\t\t\t<div class=\"elementor-element elementor-element-db1719f icon-vertical-align-center content-align-left icon-box-vertical-align-top elementor-widget elementor-widget-the7_image_box_widget\" data-id=\"db1719f\" data-element_type=\"widget\" data-widget_type=\"the7_image_box_widget.default\">\n\t\t\t\t<div class=\"elementor-widget-container\">\n\t\t\t\n\t\t<div class=\"the7-box-wrapper the7-elementor-widget the7_image_box_widget-db1719f\">\t\t\t<div class=\"box-content-wrapper\">\n\t\t\t\t\t\t\t\t<div class=\"elementor-image-div\">\n\t\t\t\t\t<a class=\"post-thumbnail-rollover layzr-bg img-css-resize-wrapper\" ><img decoding=\"async\" width=\"340\" height=\"137\" src=\"data:image\/svg+xml,%3Csvg%20xmlns%3D&#039;http%3A%2F%2Fwww.w3.org%2F2000%2Fsvg&#039;%20viewBox%3D&#039;0%200%20340%20137&#039;%2F%3E\" class=\"attachment-full size-full preload-me aspect lazy lazy-load\" alt=\"purchase of tool steel\" sizes=\"(max-width: 340px) 100vw, 340px\" style=\"--ratio: 340 \/ 137;\" data-src=\"https:\/\/rmcpolska.pl\/wp-content\/uploads\/2023\/09\/stalnarzedziowa.jpg\" loading=\"eager\" data-srcset=\"https:\/\/rmcpolska.pl\/wp-content\/uploads\/2023\/09\/stalnarzedziowa.jpg 340w, https:\/\/rmcpolska.pl\/wp-content\/uploads\/2023\/09\/stalnarzedziowa-300x121.jpg 300w\" \/><span class=\"the7-hover-icon\"><\/span><\/a>\t\t\t\t<\/div>\n\t\t\t\t\n\t\t\t\t<div class=\"box-content\">\n\t\t\t\t\t<h4 class=\"box-heading\"><a >High speed steel (HSS)<\/a><\/h4><div class=\"box-description\">scrap from used<br>lathe knives, cutters, drills<\/div>\t\t\t\t<\/div>\n\t\t\t<\/div>\n\t\t<\/div>\t\t<\/div>\n\t\t\t\t<\/div>\n\t\t\t\t<div class=\"elementor-element elementor-element-055c159 elementor-widget elementor-widget-text-editor\" data-id=\"055c159\" data-element_type=\"widget\" data-widget_type=\"text-editor.default\">\n\t\t\t\t<div class=\"elementor-widget-container\">\n\t\t\t\t\t\t\tThe following chemical composition is defined for the above: C 0.75-1.4% W to 18%, Mo to 10%, V to 4%, Co to 10%. Example grades: SW7M; SW18.\t\t\t\t\t\t<\/div>\n\t\t\t\t<\/div>\n\t\t\t\t<div class=\"elementor-element elementor-element-f870a0e content-align-left icon-box-vertical-align-top icon-vertical-align-start elementor-widget elementor-widget-the7_image_box_widget\" data-id=\"f870a0e\" data-element_type=\"widget\" data-widget_type=\"the7_image_box_widget.default\">\n\t\t\t\t<div class=\"elementor-widget-container\">\n\t\t\t\n\t\t<div class=\"the7-box-wrapper the7-elementor-widget the7_image_box_widget-f870a0e\">\t\t\t<div class=\"box-content-wrapper\">\n\t\t\t\t\t\t\t\t<div class=\"elementor-image-div\">\n\t\t\t\t\t<a class=\"post-thumbnail-rollover layzr-bg img-css-resize-wrapper\" ><img decoding=\"async\" width=\"340\" height=\"137\" src=\"data:image\/svg+xml,%3Csvg%20xmlns%3D&#039;http%3A%2F%2Fwww.w3.org%2F2000%2Fsvg&#039;%20viewBox%3D&#039;0%200%20340%20137&#039;%2F%3E\" class=\"attachment-full size-full preload-me aspect lazy lazy-load\" alt=\"tool steel purchase\" sizes=\"(max-width: 340px) 100vw, 340px\" style=\"--ratio: 340 \/ 137;\" data-src=\"https:\/\/rmcpolska.pl\/wp-content\/uploads\/2023\/09\/wegliki.jpg\" loading=\"eager\" data-srcset=\"https:\/\/rmcpolska.pl\/wp-content\/uploads\/2023\/09\/wegliki.jpg 340w, https:\/\/rmcpolska.pl\/wp-content\/uploads\/2023\/09\/wegliki-300x121.jpg 300w\" \/><span class=\"the7-hover-icon\"><\/span><\/a>\t\t\t\t<\/div>\n\t\t\t\t\n\t\t\t\t<div class=\"box-content\">\n\t\t\t\t\t<h4 class=\"box-heading\"><a >Carbide<\/a><\/h4><div class=\"box-description\">scrapped cutting elements<br>(form of triangle, square, etc.).<\/div>\t\t\t\t<\/div>\n\t\t\t<\/div>\n\t\t<\/div>\t\t<\/div>\n\t\t\t\t<\/div>\n\t\t\t\t<div class=\"elementor-element elementor-element-597b749 elementor-widget elementor-widget-text-editor\" data-id=\"597b749\" data-element_type=\"widget\" data-widget_type=\"text-editor.default\">\n\t\t\t\t<div class=\"elementor-widget-container\">\n\t\t\t\t\t\t\tCarbide is a tool material obtained by powder metallurgy methods from metal carbides. They are very hard and wear-resistant.\t\t\t\t\t\t<\/div>\n\t\t\t\t<\/div>\n\t\t\t\t\t<\/div>\n\t\t<\/div>\n\t\t\t\t\t\t\t<\/div>\n\t\t<\/section>\n\t\t\t\t\t<\/div>\n\t\t<\/div>\n\t\t\t\t\t\t\t<\/div>\n\t\t<\/section>\n\t\t\t\t<section class=\"elementor-section elementor-top-section elementor-element elementor-element-d1dec58 elementor-section-boxed elementor-section-height-default elementor-section-height-default\" data-id=\"d1dec58\" data-element_type=\"section\">\n\t\t\t\t\t\t<div class=\"elementor-container elementor-column-gap-default\">\n\t\t\t\t\t<div class=\"elementor-column elementor-col-100 elementor-top-column elementor-element elementor-element-cdf6f53\" data-id=\"cdf6f53\" data-element_type=\"column\">\n\t\t\t<div class=\"elementor-widget-wrap elementor-element-populated\">\n\t\t\t\t\t\t\t\t<section class=\"elementor-section elementor-inner-section elementor-element elementor-element-6a7bcd9 elementor-section-boxed elementor-section-height-default elementor-section-height-default\" data-id=\"6a7bcd9\" data-element_type=\"section\">\n\t\t\t\t\t\t<div class=\"elementor-container elementor-column-gap-default\">\n\t\t\t\t\t<div class=\"elementor-column elementor-col-50 elementor-inner-column elementor-element elementor-element-89569f0\" data-id=\"89569f0\" data-element_type=\"column\">\n\t\t\t<div class=\"elementor-widget-wrap elementor-element-populated\">\n\t\t\t\t\t\t\t\t<section class=\"elementor-section elementor-inner-section elementor-element elementor-element-08b4e27 elementor-section-boxed elementor-section-height-default elementor-section-height-default\" data-id=\"08b4e27\" data-element_type=\"section\">\n\t\t\t\t\t\t<div class=\"elementor-container elementor-column-gap-default\">\n\t\t\t\t\t<div class=\"elementor-column elementor-col-100 elementor-inner-column elementor-element elementor-element-df06db7\" data-id=\"df06db7\" data-element_type=\"column\">\n\t\t\t<div class=\"elementor-widget-wrap elementor-element-populated\">\n\t\t\t\t\t\t\t\t<div class=\"elementor-element elementor-element-05e3c18 elementor-widget__width-initial elementor-widget elementor-widget-heading\" data-id=\"05e3c18\" data-element_type=\"widget\" data-widget_type=\"heading.default\">\n\t\t\t\t<div class=\"elementor-widget-container\">\n\t\t\t<h2 class=\"elementor-heading-title elementor-size-default\">Tool steel - interesting facts<\/h2>\t\t<\/div>\n\t\t\t\t<\/div>\n\t\t\t\t<div class=\"elementor-element elementor-element-b04b6ce elementor-widget elementor-widget-accordion\" data-id=\"b04b6ce\" data-element_type=\"widget\" data-widget_type=\"accordion.default\">\n\t\t\t\t<div class=\"elementor-widget-container\">\n\t\t\t\t\t<div class=\"elementor-accordion\">\n\t\t\t\t\t\t\t<div class=\"elementor-accordion-item\">\n\t\t\t\t\t<div id=\"elementor-tab-title-1841\" class=\"elementor-tab-title\" data-tab=\"1\" role=\"button\" aria-controls=\"elementor-tab-content-1841\" aria-expanded=\"false\">\n\t\t\t\t\t\t\t\t\t\t\t\t\t<span class=\"elementor-accordion-icon elementor-accordion-icon-left\" aria-hidden=\"true\">\n\t\t\t\t\t\t\t\t\t\t\t\t\t\t\t<span class=\"elementor-accordion-icon-closed\"><i class=\"fas fa-plus\"><\/i><\/span>\n\t\t\t\t\t\t\t\t<span class=\"elementor-accordion-icon-opened\"><i class=\"fas fa-minus\"><\/i><\/span>\n\t\t\t\t\t\t\t\t\t\t\t\t\t\t<\/span>\n\t\t\t\t\t\t\t\t\t\t\t\t<a class=\"elementor-accordion-title\" tabindex=\"0\">Tool steel can be:<\/a>\n\t\t\t\t\t<\/div>\n\t\t\t\t\t<div id=\"elementor-tab-content-1841\" class=\"elementor-tab-content elementor-clearfix\" data-tab=\"1\" role=\"region\" aria-labelledby=\"elementor-tab-title-1841\">Tool steel can be recycled many times without losing any of its properties.<\/div>\n\t\t\t\t<\/div>\n\t\t\t\t\t\t\t<div class=\"elementor-accordion-item\">\n\t\t\t\t\t<div id=\"elementor-tab-title-1842\" class=\"elementor-tab-title\" data-tab=\"2\" role=\"button\" aria-controls=\"elementor-tab-content-1842\" aria-expanded=\"false\">\n\t\t\t\t\t\t\t\t\t\t\t\t\t<span class=\"elementor-accordion-icon elementor-accordion-icon-left\" aria-hidden=\"true\">\n\t\t\t\t\t\t\t\t\t\t\t\t\t\t\t<span class=\"elementor-accordion-icon-closed\"><i class=\"fas fa-plus\"><\/i><\/span>\n\t\t\t\t\t\t\t\t<span class=\"elementor-accordion-icon-opened\"><i class=\"fas fa-minus\"><\/i><\/span>\n\t\t\t\t\t\t\t\t\t\t\t\t\t\t<\/span>\n\t\t\t\t\t\t\t\t\t\t\t\t<a class=\"elementor-accordion-title\" tabindex=\"0\">Recycling of 1 tonne of high speed steel:<\/a>\n\t\t\t\t\t<\/div>\n\t\t\t\t\t<div id=\"elementor-tab-content-1842\" class=\"elementor-tab-content elementor-clearfix\" data-tab=\"2\" role=\"region\" aria-labelledby=\"elementor-tab-title-1842\">Recycling 1 tonne of high-speed steel saves 642 kWh of energy and 1.8 barrels of oil.<\/div>\n\t\t\t\t<\/div>\n\t\t\t\t\t\t\t\t<\/div>\n\t\t\t\t<\/div>\n\t\t\t\t<\/div>\n\t\t\t\t\t<\/div>\n\t\t<\/div>\n\t\t\t\t\t\t\t<\/div>\n\t\t<\/section>\n\t\t\t\t\t<\/div>\n\t\t<\/div>\n\t\t\t\t<div class=\"elementor-column elementor-col-50 elementor-inner-column elementor-element elementor-element-8823f5e\" data-id=\"8823f5e\" data-element_type=\"column\">\n\t\t\t<div class=\"elementor-widget-wrap elementor-element-populated\">\n\t\t\t\t\t\t\t\t<div class=\"elementor-element elementor-element-9ceff3a elementor-widget elementor-widget-heading\" data-id=\"9ceff3a\" data-element_type=\"widget\" data-widget_type=\"heading.default\">\n\t\t\t\t<div class=\"elementor-widget-container\">\n\t\t\t<h4 class=\"elementor-heading-title elementor-size-default\">See also:<\/h4>\t\t<\/div>\n\t\t\t\t<\/div>\n\t\t\t\t<div class=\"elementor-element elementor-element-1c43c01 elementor-widget-mobile__width-inherit elementor-icon-list--layout-traditional elementor-list-item-link-full_width elementor-widget elementor-widget-icon-list\" data-id=\"1c43c01\" data-element_type=\"widget\" data-widget_type=\"icon-list.default\">\n\t\t\t\t<div class=\"elementor-widget-container\">\n\t\t\t\t\t<ul class=\"elementor-icon-list-items\">\n\t\t\t\t\t\t\t<li class=\"elementor-icon-list-item\">\n\t\t\t\t\t\t\t\t\t\t\t<a href=\"https:\/\/rmcpolska.pl\/en\/cable-purchase\/\">\n\n\t\t\t\t\t\t\t\t\t\t\t<span class=\"elementor-icon-list-text\">Cable purchase<\/span>\n\t\t\t\t\t\t\t\t\t\t\t<\/a>\n\t\t\t\t\t\t\t\t\t<\/li>\n\t\t\t\t\t\t\t\t<li class=\"elementor-icon-list-item\">\n\t\t\t\t\t\t\t\t\t\t\t<a href=\"https:\/\/rmcpolska.pl\/en\/aluminium-purchase\/\">\n\n\t\t\t\t\t\t\t\t\t\t\t<span class=\"elementor-icon-list-text\">Aluminium purchase<\/span>\n\t\t\t\t\t\t\t\t\t\t\t<\/a>\n\t\t\t\t\t\t\t\t\t<\/li>\n\t\t\t\t\t\t\t\t<li class=\"elementor-icon-list-item\">\n\t\t\t\t\t\t\t\t\t\t\t<a href=\"https:\/\/rmcpolska.pl\/en\/purchase-of-steel-scrap\/\">\n\n\t\t\t\t\t\t\t\t\t\t\t<span class=\"elementor-icon-list-text\">Scrap steel purchase<\/span>\n\t\t\t\t\t\t\t\t\t\t\t<\/a>\n\t\t\t\t\t\t\t\t\t<\/li>\n\t\t\t\t\t\t\t\t<li class=\"elementor-icon-list-item\">\n\t\t\t\t\t\t\t\t\t\t\t<a href=\"https:\/\/rmcpolska.pl\/en\/purchase-of-electric-motors\/\">\n\n\t\t\t\t\t\t\t\t\t\t\t<span class=\"elementor-icon-list-text\">Purchase of electric motors<\/span>\n\t\t\t\t\t\t\t\t\t\t\t<\/a>\n\t\t\t\t\t\t\t\t\t<\/li>\n\t\t\t\t\t\t\t\t<li class=\"elementor-icon-list-item\">\n\t\t\t\t\t\t\t\t\t\t\t<a href=\"https:\/\/rmcpolska.pl\/en\/purchase-of-copper-and-aluminium-granulate\/\">\n\n\t\t\t\t\t\t\t\t\t\t\t<span class=\"elementor-icon-list-text\">Purchase of copper and aluminium granules<\/span>\n\t\t\t\t\t\t\t\t\t\t\t<\/a>\n\t\t\t\t\t\t\t\t\t<\/li>\n\t\t\t\t\t\t<\/ul>\n\t\t\t\t<\/div>\n\t\t\t\t<\/div>\n\t\t\t\t\t<\/div>\n\t\t<\/div>\n\t\t\t\t\t\t\t<\/div>\n\t\t<\/section>\n\t\t\t\t\t<\/div>\n\t\t<\/div>\n\t\t\t\t\t\t\t<\/div>\n\t\t<\/section>\n\t\t\t\t\t\t\t<\/div>","protected":false},"excerpt":{"rendered":"<p>We buy tool steel In addition to non-ferrous metals, RMC Polska Sp. z o.o. also buys tool steel. High-speed steel scrap is a set of tool steel alloys. Alloy steels are so named because of their ability to cut materials (e.g. metals) faster than the traditional high-carbon steels previously used in cutting tools. These steels have excellent hardness, resistance...<\/p>","protected":false},"author":1,"featured_media":0,"parent":0,"menu_order":20,"comment_status":"closed","ping_status":"closed","template":"","meta":{"_acf_changed":false,"footnotes":""},"class_list":["post-5539","page","type-page","status-publish","hentry"],"acf":[],"yoast_head":"<!-- This site is optimized with the Yoast SEO plugin v24.2 - https:\/\/yoast.com\/wordpress\/plugins\/seo\/ -->\n<title>Skup stali narz\u0119dziowej cennik, Stal narz\u0119dziowa z\u0142om - RMC Polska<\/title>\n<meta name=\"robots\" content=\"index, follow, max-snippet:-1, max-image-preview:large, max-video-preview:-1\" \/>\n<link rel=\"canonical\" href=\"https:\/\/rmcpolska.pl\/en\/purchase-of-tool-steel\/\" \/>\n<meta property=\"og:locale\" content=\"en_GB\" \/>\n<meta property=\"og:type\" content=\"article\" \/>\n<meta property=\"og:title\" content=\"Skup stali narz\u0119dziowej cennik, Stal narz\u0119dziowa z\u0142om - RMC Polska\" \/>\n<meta property=\"og:description\" content=\"Skupujemy stal narz\u0119dziow\u0105 Poza metalami kolorowymi w RMC Polska Sp. z o.o. prowadzimy skup stali narz\u0119dziowej. Z\u0142om szybkotn\u0105cej stali to zestaw stop\u00f3w stali narz\u0119dziowej. Stale stopowe zosta\u0142y tak nazwane ze wzgl\u0119du na ich zdolno\u015b\u0107 do szybszego ci\u0119cia materia\u0142\u00f3w (np. metali) ni\u017c tradycyjne stale wysokow\u0119glowe stosowane wcze\u015bniej w narz\u0119dziach skrawaj\u0105cych. Stale te maj\u0105 doskona\u0142\u0105 twardo\u015b\u0107, odporno\u015b\u0107&hellip;\" \/>\n<meta property=\"og:url\" content=\"https:\/\/rmcpolska.pl\/en\/purchase-of-tool-steel\/\" \/>\n<meta property=\"og:site_name\" content=\"RMC Polska\" \/>\n<meta property=\"article:modified_time\" content=\"2023-11-07T19:08:57+00:00\" \/>\n<meta name=\"twitter:card\" content=\"summary_large_image\" \/>\n<meta name=\"twitter:label1\" content=\"Estimated reading time\" \/>\n\t<meta name=\"twitter:data1\" content=\"2 minutes\" \/>\n<script type=\"application\/ld+json\" class=\"yoast-schema-graph\">{\"@context\":\"https:\/\/schema.org\",\"@graph\":[{\"@type\":\"WebPage\",\"@id\":\"https:\/\/rmcpolska.pl\/skup-stali-narzedziowej\/\",\"url\":\"https:\/\/rmcpolska.pl\/skup-stali-narzedziowej\/\",\"name\":\"Skup stali narz\u0119dziowej cennik, Stal narz\u0119dziowa z\u0142om - RMC Polska\",\"isPartOf\":{\"@id\":\"https:\/\/rmcpolska.pl\/#website\"},\"datePublished\":\"2023-09-18T18:48:07+00:00\",\"dateModified\":\"2023-11-07T19:08:57+00:00\",\"breadcrumb\":{\"@id\":\"https:\/\/rmcpolska.pl\/skup-stali-narzedziowej\/#breadcrumb\"},\"inLanguage\":\"en-GB\",\"potentialAction\":[{\"@type\":\"ReadAction\",\"target\":[\"https:\/\/rmcpolska.pl\/skup-stali-narzedziowej\/\"]}]},{\"@type\":\"BreadcrumbList\",\"@id\":\"https:\/\/rmcpolska.pl\/skup-stali-narzedziowej\/#breadcrumb\",\"itemListElement\":[{\"@type\":\"ListItem\",\"position\":1,\"name\":\"Strona g\u0142\u00f3wna\",\"item\":\"https:\/\/rmcpolska.pl\/\"},{\"@type\":\"ListItem\",\"position\":2,\"name\":\"Skup stali narz\u0119dziowej\"}]},{\"@type\":\"WebSite\",\"@id\":\"https:\/\/rmcpolska.pl\/#website\",\"url\":\"https:\/\/rmcpolska.pl\/\",\"name\":\"RMC Polska\",\"description\":\"Skup z\u0142omu Legnica, Skup z\u0142omu Mielec | RMC Polska\",\"publisher\":{\"@id\":\"https:\/\/rmcpolska.pl\/#organization\"},\"potentialAction\":[{\"@type\":\"SearchAction\",\"target\":{\"@type\":\"EntryPoint\",\"urlTemplate\":\"https:\/\/rmcpolska.pl\/?s={search_term_string}\"},\"query-input\":{\"@type\":\"PropertyValueSpecification\",\"valueRequired\":true,\"valueName\":\"search_term_string\"}}],\"inLanguage\":\"en-GB\"},{\"@type\":\"Organization\",\"@id\":\"https:\/\/rmcpolska.pl\/#organization\",\"name\":\"RMC Polska\",\"url\":\"https:\/\/rmcpolska.pl\/\",\"logo\":{\"@type\":\"ImageObject\",\"inLanguage\":\"en-GB\",\"@id\":\"https:\/\/rmcpolska.pl\/#\/schema\/logo\/image\/\",\"url\":\"https:\/\/rmcpolska.pl\/wp-content\/uploads\/2021\/09\/rmc_recycling_logo.png\",\"contentUrl\":\"https:\/\/rmcpolska.pl\/wp-content\/uploads\/2021\/09\/rmc_recycling_logo.png\",\"width\":1020,\"height\":353,\"caption\":\"RMC Polska\"},\"image\":{\"@id\":\"https:\/\/rmcpolska.pl\/#\/schema\/logo\/image\/\"}}]}<\/script>\n<!-- \/ Yoast SEO plugin. -->","yoast_head_json":{"title":"Skup stali narz\u0119dziowej cennik, Stal narz\u0119dziowa z\u0142om - RMC Polska","robots":{"index":"index","follow":"follow","max-snippet":"max-snippet:-1","max-image-preview":"max-image-preview:large","max-video-preview":"max-video-preview:-1"},"canonical":"https:\/\/rmcpolska.pl\/en\/purchase-of-tool-steel\/","og_locale":"en_GB","og_type":"article","og_title":"Skup stali narz\u0119dziowej cennik, Stal narz\u0119dziowa z\u0142om - RMC Polska","og_description":"Skupujemy stal narz\u0119dziow\u0105 Poza metalami kolorowymi w RMC Polska Sp. z o.o. prowadzimy skup stali narz\u0119dziowej. Z\u0142om szybkotn\u0105cej stali to zestaw stop\u00f3w stali narz\u0119dziowej. Stale stopowe zosta\u0142y tak nazwane ze wzgl\u0119du na ich zdolno\u015b\u0107 do szybszego ci\u0119cia materia\u0142\u00f3w (np. metali) ni\u017c tradycyjne stale wysokow\u0119glowe stosowane wcze\u015bniej w narz\u0119dziach skrawaj\u0105cych. Stale te maj\u0105 doskona\u0142\u0105 twardo\u015b\u0107, odporno\u015b\u0107&hellip;","og_url":"https:\/\/rmcpolska.pl\/en\/purchase-of-tool-steel\/","og_site_name":"RMC Polska","article_modified_time":"2023-11-07T19:08:57+00:00","twitter_card":"summary_large_image","twitter_misc":{"Estimated reading time":"2 minutes"},"schema":{"@context":"https:\/\/schema.org","@graph":[{"@type":"WebPage","@id":"https:\/\/rmcpolska.pl\/skup-stali-narzedziowej\/","url":"https:\/\/rmcpolska.pl\/skup-stali-narzedziowej\/","name":"Skup stali narz\u0119dziowej cennik, Stal narz\u0119dziowa z\u0142om - RMC Polska","isPartOf":{"@id":"https:\/\/rmcpolska.pl\/#website"},"datePublished":"2023-09-18T18:48:07+00:00","dateModified":"2023-11-07T19:08:57+00:00","breadcrumb":{"@id":"https:\/\/rmcpolska.pl\/skup-stali-narzedziowej\/#breadcrumb"},"inLanguage":"en-GB","potentialAction":[{"@type":"ReadAction","target":["https:\/\/rmcpolska.pl\/skup-stali-narzedziowej\/"]}]},{"@type":"BreadcrumbList","@id":"https:\/\/rmcpolska.pl\/skup-stali-narzedziowej\/#breadcrumb","itemListElement":[{"@type":"ListItem","position":1,"name":"Strona g\u0142\u00f3wna","item":"https:\/\/rmcpolska.pl\/"},{"@type":"ListItem","position":2,"name":"Skup stali narz\u0119dziowej"}]},{"@type":"WebSite","@id":"https:\/\/rmcpolska.pl\/#website","url":"https:\/\/rmcpolska.pl\/","name":"RMC Polska","description":"Skup z\u0142omu Legnica, Skup z\u0142omu Mielec | RMC Polska","publisher":{"@id":"https:\/\/rmcpolska.pl\/#organization"},"potentialAction":[{"@type":"SearchAction","target":{"@type":"EntryPoint","urlTemplate":"https:\/\/rmcpolska.pl\/?s={search_term_string}"},"query-input":{"@type":"PropertyValueSpecification","valueRequired":true,"valueName":"search_term_string"}}],"inLanguage":"en-GB"},{"@type":"Organization","@id":"https:\/\/rmcpolska.pl\/#organization","name":"RMC Polska","url":"https:\/\/rmcpolska.pl\/","logo":{"@type":"ImageObject","inLanguage":"en-GB","@id":"https:\/\/rmcpolska.pl\/#\/schema\/logo\/image\/","url":"https:\/\/rmcpolska.pl\/wp-content\/uploads\/2021\/09\/rmc_recycling_logo.png","contentUrl":"https:\/\/rmcpolska.pl\/wp-content\/uploads\/2021\/09\/rmc_recycling_logo.png","width":1020,"height":353,"caption":"RMC Polska"},"image":{"@id":"https:\/\/rmcpolska.pl\/#\/schema\/logo\/image\/"}}]}},"_links":{"self":[{"href":"https:\/\/rmcpolska.pl\/en\/wp-json\/wp\/v2\/pages\/5539","targetHints":{"allow":["GET"]}}],"collection":[{"href":"https:\/\/rmcpolska.pl\/en\/wp-json\/wp\/v2\/pages"}],"about":[{"href":"https:\/\/rmcpolska.pl\/en\/wp-json\/wp\/v2\/types\/page"}],"author":[{"embeddable":true,"href":"https:\/\/rmcpolska.pl\/en\/wp-json\/wp\/v2\/users\/1"}],"replies":[{"embeddable":true,"href":"https:\/\/rmcpolska.pl\/en\/wp-json\/wp\/v2\/comments?post=5539"}],"version-history":[{"count":43,"href":"https:\/\/rmcpolska.pl\/en\/wp-json\/wp\/v2\/pages\/5539\/revisions"}],"predecessor-version":[{"id":6762,"href":"https:\/\/rmcpolska.pl\/en\/wp-json\/wp\/v2\/pages\/5539\/revisions\/6762"}],"wp:attachment":[{"href":"https:\/\/rmcpolska.pl\/en\/wp-json\/wp\/v2\/media?parent=5539"}],"curies":[{"name":"wp","href":"https:\/\/api.w.org\/{rel}","templated":true}]}}