{"id":6983,"date":"2023-10-20T11:44:23","date_gmt":"2023-10-20T09:44:23","guid":{"rendered":"https:\/\/cncdodrewna.pl\/?page_id=6983"},"modified":"2023-10-20T11:47:57","modified_gmt":"2023-10-20T09:47:57","slug":"polityka-prywatnosci","status":"publish","type":"page","link":"https:\/\/rmcpolska.pl\/en\/privacy-policy\/","title":{"rendered":"Privacy policy"},"content":{"rendered":"<div data-elementor-type=\"wp-page\" data-elementor-id=\"6983\" class=\"elementor elementor-6983\">\n\t\t\t\t\t\t\t\t\t<section class=\"elementor-section elementor-top-section elementor-element elementor-element-b63f3a0 elementor-section-boxed elementor-section-height-default elementor-section-height-default\" data-id=\"b63f3a0\" data-element_type=\"section\">\n\t\t\t\t\t\t<div class=\"elementor-container elementor-column-gap-wider\">\n\t\t\t\t\t<div class=\"elementor-column elementor-col-100 elementor-top-column elementor-element elementor-element-132c275\" data-id=\"132c275\" data-element_type=\"column\">\n\t\t\t<div class=\"elementor-widget-wrap elementor-element-populated\">\n\t\t\t\t\t\t\t\t<div class=\"elementor-element elementor-element-6121a98 elementor-widget elementor-widget-text-editor\" data-id=\"6121a98\" data-element_type=\"widget\" data-widget_type=\"text-editor.default\">\n\t\t\t\t<div class=\"elementor-widget-container\">\n\t\t\t\t\t\t\tPlease read these terms and conditions carefully before using our Service.\n\n<hr class=\"the7-p-gap\" style=\"padding-bottom: 45px;\" \/>\n\n<h2>Interpretation and definitions<\/h2>\n<h3>Interpretation<\/h3>\nWords whose first letter is capitalised have the meaning defined in the following terms. The following definitions have the same meaning regardless of whether they appear in the singular or plural.\n\n<hr class=\"the7-p-gap\" style=\"padding-bottom: 25px;\" \/>\n\n<h3>Definitions<\/h3>\nFor the purposes of these Regulations:\n<ul>\n \t<li><strong>Related party<\/strong>\u00a0means an entity that controls, is controlled by or is under common control with a party, where \"control\" means the ownership of 50% or more shares, interests or other securities carrying voting rights for the election of directors or other governing bodies.<\/li>\n \t<li><strong>Country<\/strong>\u00a0refers to: Poland<\/li>\n \t<li><strong>Company<\/strong>\u00a0(referred to in this Agreement as the \"Company\", \"We\", \"Us\" or \"Our\") refers to RMC Polska Sp. z o.o.<\/li>\n \t<li><strong>Device<\/strong>\u00a0means any device that can access the Service, such as a computer, mobile phone or digital tablet.<\/li>\n \t<li><strong>Service<\/strong>\u00a0refers to the page.<\/li>\n \t<li><strong>Regulations<\/strong>\u00a0(also referred to as the \"Terms and Conditions\") means these Terms and Conditions, which constitute the entire agreement between you and the Company regarding the use of the Service. These Terms and Conditions have been created using the free Terms and Conditions Generator.0<\/li>\n \t<li><strong>Third party social media service<\/strong>\u00a0means any service or content (including data, information, products or services) provided by a third party that may be displayed, included or made available by the Service.<\/li>\n \t<li><strong>Website<\/strong>\u00a0refers to RMC Polska Sp. z o.o., available at\u00a0<a href=\"https:\/\/rmcpolska.pl\/en\/\" target=\"_blank\" rel=\"external nofollow noopener\">https:\/\/rmcpolska.pl\/<\/a><\/li>\n \t<li><strong>User<\/strong> means the natural person accessing or using the Service or the company or other legal entity on whose behalf such natural person accesses or uses the Service.<\/li>\n<\/ul>\n\n<hr class=\"the7-p-gap\" style=\"padding-bottom: 45px;\" \/>\n\n<h2>Awareness<\/h2>\nThese Terms and Conditions set out the rules for the use of the Service and constitute an agreement between the User and the Company. These Terms and Conditions set out the rights and obligations of all users in relation to the use of the Service.\n<br><br>\nYour access to and use of the Service is subject to your acceptance of and compliance with these Terms and Conditions. These Terms and Conditions apply to all visitors, users and others who access or use the Service.\n<br><br>\nBy accessing or using the Service, you agree to be bound by these Terms. If you do not agree with any part of these Terms, you may not access the Service.\n<br><br>\n\nYour access to and use of the Service is also subject to your acceptance of and compliance with the Company's Privacy Policy. Our Privacy Policy describes our policies and procedures regarding the collection, use and disclosure of your personal information when you use the Application or the Site, and informs you of your privacy rights and how the law protects you. Please read our Privacy Policy carefully before using our Service.\n\n<hr class=\"the7-p-gap\" style=\"padding-bottom: 45px;\" \/>\n\n<h2>Links to other websites<\/h2>\nOur service may contain links to third party websites or services that are not owned or controlled by the Company.\n<br><br>\nThe Company has no control over, and assumes no responsibility for, the content, privacy policies or practices of any third party web sites or services. You further acknowledge and agree that the Company shall not be responsible or liable, directly or indirectly, for any damage or loss caused or alleged to be caused by or in connection with use of or reliance on any such content, goods or services available on or through any such website or service.\n<br><br>\nWe strongly recommend that you read the terms and conditions and privacy policies of any third-party websites or services you visit.\n\n<hr class=\"the7-p-gap\" style=\"padding-bottom: 45px;\" \/>\n\n<h2>Solution<\/h2>\nWe may terminate or suspend your access immediately, without notice or liability, for any reason, including, but not limited to, if you breach these Terms.\n<br><br>\nUpon termination of the contract, the user's right to use the Service shall immediately cease.\n\n<hr class=\"the7-p-gap\" style=\"padding-bottom: 45px;\" \/>\n\n<h2>Limitation of liability<\/h2>\nTo the maximum extent permitted by applicable law, in no event shall the Company or its suppliers be liable for any special, incidental, indirect or consequential damages (including, without limitation, damages for loss of profits, loss of data or other information, business interruption, personal injury, loss of privacy arising out of or in any way connected with the use of or inability to use the Service, third party software and\/or third party equipment used with the Service or otherwise in connection with any provision of these Terms), even if the Company or any supplier has been advised of the possibility of such damages and even if the remedy fails of its essential purpose.\n\n<hr class=\"the7-p-gap\" style=\"padding-bottom: 45px;\" \/>\n\n<h2>Disclaimer \"AS IS\" and \"AS AVAILABLE\"<\/h2>\nThe Service is provided to you on an \"as is\" and \"as available\" basis, with all faults and defects, without warranty of any kind. To the maximum extent permitted by applicable law, the Company, on its own behalf and on behalf of its Affiliates and their respective licensors and service providers, expressly disclaims all warranties, express, implied, statutory or otherwise, with respect to the Service, including all implied warranties of merchantability, fitness for a particular purpose, title and non-infringement, and warranties that may arise from course of dealing, course of performance, use or trade practice. Without limiting the foregoing, the Company makes no warranties or undertakings and makes no representations that the Service will meet your requirements, achieve your intended results, be compatible or interoperable with any other software, applications, systems or services, operate uninterrupted, meet any performance or reliability standards, be error free or that any errors or defects can or will be corrected.\n<br><br>\nWithout limiting the foregoing, neither the Company nor any of the Company's suppliers makes any representation or warranty of any kind, express or implied: (i) as to the operation or availability of the Service or the information, content and materials or products contained therein; (ii) that the Service will be uninterrupted or error-free; (iii) as to the accuracy, reliability or timeliness of any information or content provided through the Service; or (iv) that the Service, its servers, content or emails sent from or on behalf of the Company are free of viruses, scripts, Trojan horses, worms, malware, time bombs or other harmful components.\n<br><br>\nSome jurisdictions do not allow the exclusion of certain types of warranties or limitations on applicable statutory consumer rights, so some or all of the above exclusions and limitations may not apply to you. However, if this is the case, the exclusions and limitations set out in this section will apply to the greatest extent enforceable under applicable law.\n\n<hr class=\"the7-p-gap\" style=\"padding-bottom: 45px;\" \/>\n\n<h2>Applicable law<\/h2>\nThese Terms and your use of the Service shall be governed by the laws of your country, excluding conflict of law rules. Your use of the Application may also be subject to other local, state, national or international laws.\n\n<hr class=\"the7-p-gap\" style=\"padding-bottom: 45px;\" \/>\n\n<h2>Settlement of disputes<\/h2>\nIn the event of any doubt or dispute regarding the Service, you agree to first try to resolve the dispute informally by contacting the Company.\n\n<hr class=\"the7-p-gap\" style=\"padding-bottom: 45px;\" \/>\n\n<h2>For users from the European Union (EU)<\/h2>\nIf the User is a consumer from the European Union, he\/she will benefit from all mandatory laws of the country in which he\/she resides.\n\n<hr class=\"the7-p-gap\" style=\"padding-bottom: 45px;\" \/>\n\n<h2>Separation and withdrawal<\/h2>\n<h3>Separation<\/h3>\nIf any provision of these Terms and Conditions is found to be unenforceable or invalid, such provision shall be amended and interpreted to achieve the purposes of such provision to the fullest extent possible in accordance with applicable law, and the remaining provisions shall remain in full force and effect.\n\n<hr class=\"the7-p-gap\" style=\"padding-bottom: 25px;\" \/>\n\n<h3>Withdrawal<\/h3>\nExcept as set forth herein, the failure to exercise a right or perform an obligation under these Terms and Conditions shall not affect a party's ability to exercise such right or require such performance at any time thereafter, and a waiver of a breach shall not constitute a waiver of any subsequent breach.\n\n<hr class=\"the7-p-gap\" style=\"padding-bottom: 45px;\" \/>\n\n<h2>Interpretation of the translation<\/h2>\nThese Terms and Conditions may have been translated if we have made them available to you on our Service. You agree that in the event of a dispute, the original Polish text shall prevail.\n\n<hr class=\"the7-p-gap\" style=\"padding-bottom: 45px;\" \/>\n\n<h2>Amendments to these Regulations<\/h2>\nWe reserve the right, at our sole discretion, to amend or replace these Terms at any time. If the change is material, we will use reasonable endeavours to provide at least 30 days' notice before the new terms take effect. What constitutes a material change will be determined at our sole discretion.\n<br><br>\nBy continuing to access or use our Service after these changes take effect, you agree to be bound by the revised terms. If you do not agree to the new terms and conditions, in whole or in part, please stop using the website and the Service.\n\n<hr class=\"the7-p-gap\" style=\"padding-bottom: 45px;\" \/>\n\n<h2>Contact us<\/h2>\nIf you have any questions about these Terms and Conditions, you may contact us:\n<ul>\n \t<li> via\u00a0<a href=\"https:\/\/rmcpolska.pl\/en\/contact\/\" target=\"_blank\" rel=\"external nofollow noopener\">https:\/\/rmcpolska.pl\/kontakt<\/a><\/li>\n<\/ul>\t\t\t\t\t\t<\/div>\n\t\t\t\t<\/div>\n\t\t\t\t\t<\/div>\n\t\t<\/div>\n\t\t\t\t\t\t\t<\/div>\n\t\t<\/section>\n\t\t\t\t\t\t\t<\/div>","protected":false},"excerpt":{"rendered":"<p>Please read these terms and conditions carefully before using our Service. Interpretation and definitions Interpretation Words whose first letter is capitalised have the meanings defined in the following terms and conditions. The following definitions have the same meaning whether they appear in the singular or plural. Definitions For the purposes of these Terms and Conditions: Affiliate means.<\/p>","protected":false},"author":1,"featured_media":0,"parent":0,"menu_order":0,"comment_status":"closed","ping_status":"closed","template":"","meta":{"_acf_changed":false,"footnotes":""},"class_list":["post-6983","page","type-page","status-publish","hentry"],"acf":[],"yoast_head":"<!-- This site is optimized with the Yoast SEO plugin v24.2 - https:\/\/yoast.com\/wordpress\/plugins\/seo\/ -->\n<title>Polityka prywatno\u015bci - RMC Polska<\/title>\n<meta name=\"robots\" content=\"index, follow, max-snippet:-1, max-image-preview:large, max-video-preview:-1\" \/>\n<link rel=\"canonical\" href=\"https:\/\/rmcpolska.pl\/en\/privacy-policy\/\" \/>\n<meta property=\"og:locale\" content=\"en_GB\" \/>\n<meta property=\"og:type\" content=\"article\" \/>\n<meta property=\"og:title\" content=\"Polityka prywatno\u015bci - RMC Polska\" \/>\n<meta property=\"og:description\" content=\"Prosimy o uwa\u017cne zapoznanie si\u0119 z niniejszymi warunkami przed rozpocz\u0119ciem korzystania z naszej Us\u0142ugi. Interpretacja i definicje Interpretacja Wyrazy, kt\u00f3rych pierwsza litera jest pisana wielk\u0105 liter\u0105, maj\u0105 znaczenie zdefiniowane w nast\u0119puj\u0105cych warunkach. Poni\u017csze definicje maj\u0105 takie samo znaczenie niezale\u017cnie od tego, czy wyst\u0119puj\u0105 w liczbie pojedynczej czy mnogiej. Definicje Dla cel\u00f3w niniejszego Regulaminu: Podmiot powi\u0105zany\u00a0oznacza&hellip;\" \/>\n<meta property=\"og:url\" content=\"https:\/\/rmcpolska.pl\/en\/privacy-policy\/\" \/>\n<meta property=\"og:site_name\" content=\"RMC Polska\" \/>\n<meta property=\"article:modified_time\" content=\"2023-10-20T09:47:57+00:00\" \/>\n<meta name=\"twitter:card\" content=\"summary_large_image\" \/>\n<meta name=\"twitter:label1\" content=\"Estimated reading time\" \/>\n\t<meta name=\"twitter:data1\" content=\"8 minutes\" \/>\n<script type=\"application\/ld+json\" class=\"yoast-schema-graph\">{\"@context\":\"https:\/\/schema.org\",\"@graph\":[{\"@type\":\"WebPage\",\"@id\":\"https:\/\/rmcpolska.pl\/polityka-prywatnosci\/\",\"url\":\"https:\/\/rmcpolska.pl\/polityka-prywatnosci\/\",\"name\":\"Polityka prywatno\u015bci - RMC Polska\",\"isPartOf\":{\"@id\":\"https:\/\/rmcpolska.pl\/#website\"},\"datePublished\":\"2023-10-20T09:44:23+00:00\",\"dateModified\":\"2023-10-20T09:47:57+00:00\",\"breadcrumb\":{\"@id\":\"https:\/\/rmcpolska.pl\/polityka-prywatnosci\/#breadcrumb\"},\"inLanguage\":\"en-GB\",\"potentialAction\":[{\"@type\":\"ReadAction\",\"target\":[\"https:\/\/rmcpolska.pl\/polityka-prywatnosci\/\"]}]},{\"@type\":\"BreadcrumbList\",\"@id\":\"https:\/\/rmcpolska.pl\/polityka-prywatnosci\/#breadcrumb\",\"itemListElement\":[{\"@type\":\"ListItem\",\"position\":1,\"name\":\"Strona g\u0142\u00f3wna\",\"item\":\"https:\/\/rmcpolska.pl\/\"},{\"@type\":\"ListItem\",\"position\":2,\"name\":\"Polityka prywatno\u015bci\"}]},{\"@type\":\"WebSite\",\"@id\":\"https:\/\/rmcpolska.pl\/#website\",\"url\":\"https:\/\/rmcpolska.pl\/\",\"name\":\"RMC Polska\",\"description\":\"Skup z\u0142omu Legnica, Skup z\u0142omu Mielec | RMC Polska\",\"publisher\":{\"@id\":\"https:\/\/rmcpolska.pl\/#organization\"},\"potentialAction\":[{\"@type\":\"SearchAction\",\"target\":{\"@type\":\"EntryPoint\",\"urlTemplate\":\"https:\/\/rmcpolska.pl\/?s={search_term_string}\"},\"query-input\":{\"@type\":\"PropertyValueSpecification\",\"valueRequired\":true,\"valueName\":\"search_term_string\"}}],\"inLanguage\":\"en-GB\"},{\"@type\":\"Organization\",\"@id\":\"https:\/\/rmcpolska.pl\/#organization\",\"name\":\"RMC Polska\",\"url\":\"https:\/\/rmcpolska.pl\/\",\"logo\":{\"@type\":\"ImageObject\",\"inLanguage\":\"en-GB\",\"@id\":\"https:\/\/rmcpolska.pl\/#\/schema\/logo\/image\/\",\"url\":\"https:\/\/rmcpolska.pl\/wp-content\/uploads\/2021\/09\/rmc_recycling_logo.png\",\"contentUrl\":\"https:\/\/rmcpolska.pl\/wp-content\/uploads\/2021\/09\/rmc_recycling_logo.png\",\"width\":1020,\"height\":353,\"caption\":\"RMC Polska\"},\"image\":{\"@id\":\"https:\/\/rmcpolska.pl\/#\/schema\/logo\/image\/\"}}]}<\/script>\n<!-- \/ Yoast SEO plugin. -->","yoast_head_json":{"title":"Polityka prywatno\u015bci - RMC Polska","robots":{"index":"index","follow":"follow","max-snippet":"max-snippet:-1","max-image-preview":"max-image-preview:large","max-video-preview":"max-video-preview:-1"},"canonical":"https:\/\/rmcpolska.pl\/en\/privacy-policy\/","og_locale":"en_GB","og_type":"article","og_title":"Polityka prywatno\u015bci - RMC Polska","og_description":"Prosimy o uwa\u017cne zapoznanie si\u0119 z niniejszymi warunkami przed rozpocz\u0119ciem korzystania z naszej Us\u0142ugi. Interpretacja i definicje Interpretacja Wyrazy, kt\u00f3rych pierwsza litera jest pisana wielk\u0105 liter\u0105, maj\u0105 znaczenie zdefiniowane w nast\u0119puj\u0105cych warunkach. Poni\u017csze definicje maj\u0105 takie samo znaczenie niezale\u017cnie od tego, czy wyst\u0119puj\u0105 w liczbie pojedynczej czy mnogiej. Definicje Dla cel\u00f3w niniejszego Regulaminu: Podmiot powi\u0105zany\u00a0oznacza&hellip;","og_url":"https:\/\/rmcpolska.pl\/en\/privacy-policy\/","og_site_name":"RMC Polska","article_modified_time":"2023-10-20T09:47:57+00:00","twitter_card":"summary_large_image","twitter_misc":{"Estimated reading time":"8 minutes"},"schema":{"@context":"https:\/\/schema.org","@graph":[{"@type":"WebPage","@id":"https:\/\/rmcpolska.pl\/polityka-prywatnosci\/","url":"https:\/\/rmcpolska.pl\/polityka-prywatnosci\/","name":"Polityka prywatno\u015bci - RMC Polska","isPartOf":{"@id":"https:\/\/rmcpolska.pl\/#website"},"datePublished":"2023-10-20T09:44:23+00:00","dateModified":"2023-10-20T09:47:57+00:00","breadcrumb":{"@id":"https:\/\/rmcpolska.pl\/polityka-prywatnosci\/#breadcrumb"},"inLanguage":"en-GB","potentialAction":[{"@type":"ReadAction","target":["https:\/\/rmcpolska.pl\/polityka-prywatnosci\/"]}]},{"@type":"BreadcrumbList","@id":"https:\/\/rmcpolska.pl\/polityka-prywatnosci\/#breadcrumb","itemListElement":[{"@type":"ListItem","position":1,"name":"Strona g\u0142\u00f3wna","item":"https:\/\/rmcpolska.pl\/"},{"@type":"ListItem","position":2,"name":"Polityka prywatno\u015bci"}]},{"@type":"WebSite","@id":"https:\/\/rmcpolska.pl\/#website","url":"https:\/\/rmcpolska.pl\/","name":"RMC Polska","description":"Skup z\u0142omu Legnica, Skup z\u0142omu Mielec | RMC Polska","publisher":{"@id":"https:\/\/rmcpolska.pl\/#organization"},"potentialAction":[{"@type":"SearchAction","target":{"@type":"EntryPoint","urlTemplate":"https:\/\/rmcpolska.pl\/?s={search_term_string}"},"query-input":{"@type":"PropertyValueSpecification","valueRequired":true,"valueName":"search_term_string"}}],"inLanguage":"en-GB"},{"@type":"Organization","@id":"https:\/\/rmcpolska.pl\/#organization","name":"RMC Polska","url":"https:\/\/rmcpolska.pl\/","logo":{"@type":"ImageObject","inLanguage":"en-GB","@id":"https:\/\/rmcpolska.pl\/#\/schema\/logo\/image\/","url":"https:\/\/rmcpolska.pl\/wp-content\/uploads\/2021\/09\/rmc_recycling_logo.png","contentUrl":"https:\/\/rmcpolska.pl\/wp-content\/uploads\/2021\/09\/rmc_recycling_logo.png","width":1020,"height":353,"caption":"RMC Polska"},"image":{"@id":"https:\/\/rmcpolska.pl\/#\/schema\/logo\/image\/"}}]}},"_links":{"self":[{"href":"https:\/\/rmcpolska.pl\/en\/wp-json\/wp\/v2\/pages\/6983","targetHints":{"allow":["GET"]}}],"collection":[{"href":"https:\/\/rmcpolska.pl\/en\/wp-json\/wp\/v2\/pages"}],"about":[{"href":"https:\/\/rmcpolska.pl\/en\/wp-json\/wp\/v2\/types\/page"}],"author":[{"embeddable":true,"href":"https:\/\/rmcpolska.pl\/en\/wp-json\/wp\/v2\/users\/1"}],"replies":[{"embeddable":true,"href":"https:\/\/rmcpolska.pl\/en\/wp-json\/wp\/v2\/comments?post=6983"}],"version-history":[{"count":4,"href":"https:\/\/rmcpolska.pl\/en\/wp-json\/wp\/v2\/pages\/6983\/revisions"}],"predecessor-version":[{"id":6987,"href":"https:\/\/rmcpolska.pl\/en\/wp-json\/wp\/v2\/pages\/6983\/revisions\/6987"}],"wp:attachment":[{"href":"https:\/\/rmcpolska.pl\/en\/wp-json\/wp\/v2\/media?parent=6983"}],"curies":[{"name":"wp","href":"https:\/\/api.w.org\/{rel}","templated":true}]}}