{"id":2806,"date":"2021-09-22T07:20:57","date_gmt":"2021-09-22T07:20:57","guid":{"rendered":"https:\/\/the7.io\/consulting\/?page_id=2806"},"modified":"2023-10-20T11:41:41","modified_gmt":"2023-10-20T09:41:41","slug":"regulamin","status":"publish","type":"page","link":"https:\/\/rmcpolska.pl\/fr\/reglements\/","title":{"rendered":"R\u00e8glements"},"content":{"rendered":"<div data-elementor-type=\"wp-page\" data-elementor-id=\"2806\" class=\"elementor elementor-2806\">\n\t\t\t\t\t\t\t\t\t<section class=\"elementor-section elementor-top-section elementor-element elementor-element-351e1a3 elementor-section-boxed elementor-section-height-default elementor-section-height-default\" data-id=\"351e1a3\" data-element_type=\"section\">\n\t\t\t\t\t\t<div class=\"elementor-container elementor-column-gap-wider\">\n\t\t\t\t\t<div class=\"elementor-column elementor-col-100 elementor-top-column elementor-element elementor-element-da23136\" data-id=\"da23136\" data-element_type=\"column\">\n\t\t\t<div class=\"elementor-widget-wrap elementor-element-populated\">\n\t\t\t\t\t\t\t\t<div class=\"elementor-element elementor-element-453c5e1 elementor-widget elementor-widget-text-editor\" data-id=\"453c5e1\" data-element_type=\"widget\" data-widget_type=\"text-editor.default\">\n\t\t\t\t<div class=\"elementor-widget-container\">\n\t\t\t\t\t\t\tLa pr\u00e9sente politique en mati\u00e8re de cookies explique ce que sont les cookies et comment nous les utilisons. Vous devez lire cette politique pour comprendre quels types de cookies nous utilisons ou quelles informations nous collectons par le biais des cookies et comment ces informations sont utilis\u00e9es.\n<br><br>\n\nLes cookies ne contiennent normalement pas d'informations permettant de vous identifier personnellement, mais les informations personnelles que nous d\u00e9tenons \u00e0 votre sujet peuvent \u00eatre li\u00e9es aux informations stock\u00e9es dans les cookies et d\u00e9riv\u00e9es de ceux-ci. Pour plus d'informations sur la mani\u00e8re dont nous utilisons, stockons et s\u00e9curisons vos informations personnelles, veuillez consulter notre politique de confidentialit\u00e9.\n<br><br>\n\nNous ne stockons pas de donn\u00e9es personnelles sensibles telles que les adresses \u00e9lectroniques, les mots de passe des comptes, etc. dans les cookies que nous utilisons.\n\n<hr class=\"the7-p-gap\" style=\"padding-bottom: 45px;\" \/>\n\n<h2>Interpr\u00e9tation et d\u00e9finitions<\/h2>\n<h3>Interpr\u00e9tation<\/h3>\nLes mots dont la premi\u00e8re lettre est en majuscule ont la signification d\u00e9finie dans les termes suivants. Les d\u00e9finitions suivantes ont la m\u00eame signification, qu'elles soient au singulier ou au pluriel.\n\n<hr class=\"the7-p-gap\" style=\"padding-bottom: 15px;\" \/>\n\n<h3>D\u00e9finitions<\/h3>\nAux fins de la pr\u00e9sente politique en mati\u00e8re de cookies :\n<br><br>\n\n- La \"soci\u00e9t\u00e9\" (d\u00e9sign\u00e9e dans la pr\u00e9sente politique en mati\u00e8re de cookies par les termes \"soci\u00e9t\u00e9\", \"nous\", \"notre\" ou \"nos\") fait r\u00e9f\u00e9rence \u00e0 RMC Polska Ltd.\n\n<br><br>\n- Les \"cookies\" sont de petits fichiers plac\u00e9s sur votre ordinateur, votre appareil mobile ou tout autre appareil par un site web et contenant, entre autres, des d\u00e9tails sur votre historique de navigation sur ce site web.\n<br><br>\n\n- Le terme \"site web\" fait r\u00e9f\u00e9rence au site du CMR en Pologne, disponible \u00e0 l'adresse https:\/\/rmcpolska.pl\/.\n<br><br>\n\n- On entend par \"utilisateur\" la personne physique qui acc\u00e8de au site ou l'utilise, la soci\u00e9t\u00e9 ou toute entit\u00e9 juridique pour le compte de laquelle cette personne physique acc\u00e8de au site ou l'utilise, selon le cas.\n\n<hr class=\"the7-p-gap\" style=\"padding-bottom: 45px;\" \/>\n\n<h2>Utilisation de cookies<\/h2>\n<h3>Le type de cookies que nous utilisons<\/h3>\nLes cookies peuvent \u00eatre \"persistants\" ou \"de session\". Les cookies persistants restent sur votre ordinateur personnel ou votre appareil mobile apr\u00e8s votre d\u00e9connexion, tandis que les cookies de session sont supprim\u00e9s imm\u00e9diatement lorsque vous fermez votre navigateur web.\n\n<hr class=\"the7-p-gap\" style=\"padding-bottom: 15px;\" \/>\n\n<h3>Nous utilisons des cookies de session et des cookies persistants aux fins d\u00e9crites ci-dessous :<\/h3>\n- Cookies n\u00e9cessaires Type de cookie : Cookies de session Administr\u00e9 par : Nous Objectif : Ces cookies sont n\u00e9cessaires pour fournir les services disponibles sur le site web et pour activer certaines fonctions du site web. Ils aident \u00e0 authentifier les utilisateurs et \u00e0 pr\u00e9venir l'utilisation frauduleuse des comptes d'utilisateurs. Sans ces cookies, les services que vous avez demand\u00e9s ne peuvent pas \u00eatre fournis et nous n'utilisons ces cookies que pour fournir ces services.\n<br><br>\n\n- Politique en mati\u00e8re de cookies \/ Acceptation des cookies Type de cookie : Cookies persistants Administr\u00e9 par : Objectif : Ces cookies permettent de d\u00e9terminer si les utilisateurs ont accept\u00e9 l'utilisation de cookies sur le site web.\n<br><br>\n\n- Fonctionnalit\u00e9 Type de cookie : Cookies persistants Administr\u00e9 par : Nous Objectif : Ces cookies nous permettent de nous souvenir des choix que vous faites lorsque vous utilisez le site web, par exemple en m\u00e9morisant vos donn\u00e9es de connexion ou vos pr\u00e9f\u00e9rences linguistiques. L'objectif de ces cookies est de vous offrir une exp\u00e9rience plus personnelle et de vous \u00e9viter d'avoir \u00e0 r\u00e9introduire vos pr\u00e9f\u00e9rences \u00e0 chaque fois que vous utilisez le site web.\n<br><br>\n\n- Cookies de suivi et de performance Type : Cookies persistants Administr\u00e9s par : Tiers Objectif : Ces cookies sont utilis\u00e9s pour recueillir des informations sur le trafic sur le site web et sur la mani\u00e8re dont les utilisateurs l'utilisent. Les informations collect\u00e9es par le biais de ces cookies peuvent directement ou indirectement vous identifier en tant que visiteur individuel. En effet, les informations collect\u00e9es sont g\u00e9n\u00e9ralement li\u00e9es \u00e0 un identifiant pseudonyme associ\u00e9 \u00e0 l'appareil utilis\u00e9 pour acc\u00e9der au site. Nous pouvons \u00e9galement utiliser ces cookies pour tester de nouvelles publicit\u00e9s, pages, caract\u00e9ristiques ou nouvelles fonctions du site web afin de voir comment nos utilisateurs y r\u00e9agissent.\n\n<hr class=\"the7-p-gap\" style=\"padding-bottom: 45px;\" \/>\n\n<h2>Choix des cookies par l'utilisateur<\/h2>\nSi l'utilisateur souhaite \u00e9viter l'utilisation de cookies sur le site web, il doit d'abord d\u00e9sactiver l'utilisation de cookies dans le navigateur, puis supprimer les cookies stock\u00e9s dans le navigateur et li\u00e9s au site web. L'utilisateur peut utiliser cette option pour emp\u00eacher l'utilisation de cookies \u00e0 tout moment.\n<br><br>\n\nSi vous n'acceptez pas nos cookies, il se peut que votre utilisation du site Web soit g\u00ean\u00e9e et que certaines fonctions ne fonctionnent pas correctement.\n<br><br>\n\nSi vous souhaitez supprimer les cookies ou demander \u00e0 votre navigateur de les supprimer ou de les rejeter, veuillez consulter les pages d'aide de votre navigateur.\n\n<br><br>\nLe navigateur Chrome est disponible sur cette page Google : https:\/\/support.google.com\/accounts\/answer\/32050\n\n<br><br>\nDes informations sur Internet Explorer sont disponibles sur le site web de Microsoft : http:\/\/support.microsoft.com\/kb\/278835\n<br><br>\n\nLe navigateur Firefox est disponible sur le site web de Mozilla : https:\/\/support.mozilla.org\/en-US\/kb\/delete-cookies-remove-info-websites-stored.\n<br><br>\n\nLe navigateur Safari est disponible sur le site web d'Apple : https:\/\/support.apple.com\/guide\/safari\/manage-cookies-and-website-data-sfri11471\/mac.\n\n<br><br>\nPour les autres navigateurs web, veuillez consulter leurs sites web officiels.\n\n<hr class=\"the7-p-gap\" style=\"padding-bottom: 45px;\" \/>\n\n<h2>Contactez nous<\/h2>\nSi vous avez des questions concernant cette politique en mati\u00e8re de cookies, vous pouvez nous contacter :\n<br><br>\n\n- En visitant cette page de notre site web : <a href=\"https:\/\/rmcpolska.pl\/fr\/contact\/\" target=\"_blank\" rel=\"external nofollow noopener\">https:\/\/rmcpolska.pl\/kontakt<\/a>\n<br><br>\n\n- En nous envoyant un courriel : <a href=\"https:\/\/rmcpolska.pl\/fr\/contact\/\" target=\"_blank\" rel=\"external nofollow noopener\">https:\/\/rmcpolska.pl\/kontakt<\/a>\t\t\t\t\t\t<\/div>\n\t\t\t\t<\/div>\n\t\t\t\t\t<\/div>\n\t\t<\/div>\n\t\t\t\t\t\t\t<\/div>\n\t\t<\/section>\n\t\t\t\t\t\t\t<\/div>","protected":false},"excerpt":{"rendered":"<p>La pr\u00e9sente politique en mati\u00e8re de cookies explique ce que sont les cookies et comment nous les utilisons. Vous devez lire cette politique pour comprendre quels types de cookies nous utilisons ou quelles informations nous collectons par le biais des cookies et comment ces informations sont utilis\u00e9es. Les cookies ne contiennent normalement pas d'informations permettant de...<\/p>","protected":false},"author":1,"featured_media":0,"parent":0,"menu_order":0,"comment_status":"closed","ping_status":"closed","template":"","meta":{"_acf_changed":false,"footnotes":""},"class_list":["post-2806","page","type-page","status-publish","hentry"],"acf":[],"yoast_head":"<!-- This site is optimized with the Yoast SEO plugin v24.2 - https:\/\/yoast.com\/wordpress\/plugins\/seo\/ -->\n<title>Regulamin - RMC Polska<\/title>\n<meta name=\"robots\" content=\"index, follow, max-snippet:-1, max-image-preview:large, max-video-preview:-1\" \/>\n<link rel=\"canonical\" href=\"https:\/\/rmcpolska.pl\/fr\/reglements\/\" \/>\n<meta property=\"og:locale\" content=\"fr_FR\" \/>\n<meta property=\"og:type\" content=\"article\" \/>\n<meta property=\"og:title\" content=\"Regulamin - RMC Polska\" \/>\n<meta property=\"og:description\" content=\"Niniejsza Polityka dotycz\u0105ca plik\u00f3w cookie wyja\u015bnia, czym s\u0105 pliki cookie i w jaki spos\u00f3b z nich korzystamy. U\u017cytkownik powinien zapozna\u0107 si\u0119 z niniejsz\u0105 polityk\u0105, aby zrozumie\u0107, jakiego rodzaju plik\u00f3w cookie u\u017cywamy lub jakie informacje zbieramy za pomoc\u0105 plik\u00f3w cookie i w jaki spos\u00f3b te informacje s\u0105 wykorzystywane. Pliki cookie zazwyczaj nie zawieraj\u0105 \u017cadnych informacji umo\u017cliwiaj\u0105cych&hellip;\" \/>\n<meta property=\"og:url\" content=\"https:\/\/rmcpolska.pl\/fr\/reglements\/\" \/>\n<meta property=\"og:site_name\" content=\"RMC Polska\" \/>\n<meta property=\"article:modified_time\" content=\"2023-10-20T09:41:41+00:00\" \/>\n<meta name=\"twitter:card\" content=\"summary_large_image\" \/>\n<meta name=\"twitter:label1\" content=\"Dur\u00e9e de lecture estim\u00e9e\" \/>\n\t<meta name=\"twitter:data1\" content=\"5 minutes\" \/>\n<script type=\"application\/ld+json\" class=\"yoast-schema-graph\">{\"@context\":\"https:\/\/schema.org\",\"@graph\":[{\"@type\":\"WebPage\",\"@id\":\"https:\/\/rmcpolska.pl\/regulamin\/\",\"url\":\"https:\/\/rmcpolska.pl\/regulamin\/\",\"name\":\"Regulamin - RMC Polska\",\"isPartOf\":{\"@id\":\"https:\/\/rmcpolska.pl\/#website\"},\"datePublished\":\"2021-09-22T07:20:57+00:00\",\"dateModified\":\"2023-10-20T09:41:41+00:00\",\"breadcrumb\":{\"@id\":\"https:\/\/rmcpolska.pl\/regulamin\/#breadcrumb\"},\"inLanguage\":\"fr-FR\",\"potentialAction\":[{\"@type\":\"ReadAction\",\"target\":[\"https:\/\/rmcpolska.pl\/regulamin\/\"]}]},{\"@type\":\"BreadcrumbList\",\"@id\":\"https:\/\/rmcpolska.pl\/regulamin\/#breadcrumb\",\"itemListElement\":[{\"@type\":\"ListItem\",\"position\":1,\"name\":\"Strona g\u0142\u00f3wna\",\"item\":\"https:\/\/rmcpolska.pl\/\"},{\"@type\":\"ListItem\",\"position\":2,\"name\":\"Regulamin\"}]},{\"@type\":\"WebSite\",\"@id\":\"https:\/\/rmcpolska.pl\/#website\",\"url\":\"https:\/\/rmcpolska.pl\/\",\"name\":\"RMC Polska\",\"description\":\"Skup z\u0142omu Legnica, Skup z\u0142omu Mielec | RMC Polska\",\"publisher\":{\"@id\":\"https:\/\/rmcpolska.pl\/#organization\"},\"potentialAction\":[{\"@type\":\"SearchAction\",\"target\":{\"@type\":\"EntryPoint\",\"urlTemplate\":\"https:\/\/rmcpolska.pl\/?s={search_term_string}\"},\"query-input\":{\"@type\":\"PropertyValueSpecification\",\"valueRequired\":true,\"valueName\":\"search_term_string\"}}],\"inLanguage\":\"fr-FR\"},{\"@type\":\"Organization\",\"@id\":\"https:\/\/rmcpolska.pl\/#organization\",\"name\":\"RMC Polska\",\"url\":\"https:\/\/rmcpolska.pl\/\",\"logo\":{\"@type\":\"ImageObject\",\"inLanguage\":\"fr-FR\",\"@id\":\"https:\/\/rmcpolska.pl\/#\/schema\/logo\/image\/\",\"url\":\"https:\/\/rmcpolska.pl\/wp-content\/uploads\/2021\/09\/rmc_recycling_logo.png\",\"contentUrl\":\"https:\/\/rmcpolska.pl\/wp-content\/uploads\/2021\/09\/rmc_recycling_logo.png\",\"width\":1020,\"height\":353,\"caption\":\"RMC Polska\"},\"image\":{\"@id\":\"https:\/\/rmcpolska.pl\/#\/schema\/logo\/image\/\"}}]}<\/script>\n<!-- \/ Yoast SEO plugin. -->","yoast_head_json":{"title":"Regulamin - RMC Polska","robots":{"index":"index","follow":"follow","max-snippet":"max-snippet:-1","max-image-preview":"max-image-preview:large","max-video-preview":"max-video-preview:-1"},"canonical":"https:\/\/rmcpolska.pl\/fr\/reglements\/","og_locale":"fr_FR","og_type":"article","og_title":"Regulamin - RMC Polska","og_description":"Niniejsza Polityka dotycz\u0105ca plik\u00f3w cookie wyja\u015bnia, czym s\u0105 pliki cookie i w jaki spos\u00f3b z nich korzystamy. U\u017cytkownik powinien zapozna\u0107 si\u0119 z niniejsz\u0105 polityk\u0105, aby zrozumie\u0107, jakiego rodzaju plik\u00f3w cookie u\u017cywamy lub jakie informacje zbieramy za pomoc\u0105 plik\u00f3w cookie i w jaki spos\u00f3b te informacje s\u0105 wykorzystywane. Pliki cookie zazwyczaj nie zawieraj\u0105 \u017cadnych informacji umo\u017cliwiaj\u0105cych&hellip;","og_url":"https:\/\/rmcpolska.pl\/fr\/reglements\/","og_site_name":"RMC Polska","article_modified_time":"2023-10-20T09:41:41+00:00","twitter_card":"summary_large_image","twitter_misc":{"Dur\u00e9e de lecture estim\u00e9e":"5 minutes"},"schema":{"@context":"https:\/\/schema.org","@graph":[{"@type":"WebPage","@id":"https:\/\/rmcpolska.pl\/regulamin\/","url":"https:\/\/rmcpolska.pl\/regulamin\/","name":"Regulamin - RMC Polska","isPartOf":{"@id":"https:\/\/rmcpolska.pl\/#website"},"datePublished":"2021-09-22T07:20:57+00:00","dateModified":"2023-10-20T09:41:41+00:00","breadcrumb":{"@id":"https:\/\/rmcpolska.pl\/regulamin\/#breadcrumb"},"inLanguage":"fr-FR","potentialAction":[{"@type":"ReadAction","target":["https:\/\/rmcpolska.pl\/regulamin\/"]}]},{"@type":"BreadcrumbList","@id":"https:\/\/rmcpolska.pl\/regulamin\/#breadcrumb","itemListElement":[{"@type":"ListItem","position":1,"name":"Strona g\u0142\u00f3wna","item":"https:\/\/rmcpolska.pl\/"},{"@type":"ListItem","position":2,"name":"Regulamin"}]},{"@type":"WebSite","@id":"https:\/\/rmcpolska.pl\/#website","url":"https:\/\/rmcpolska.pl\/","name":"RMC Polska","description":"Skup z\u0142omu Legnica, Skup z\u0142omu Mielec | RMC Polska","publisher":{"@id":"https:\/\/rmcpolska.pl\/#organization"},"potentialAction":[{"@type":"SearchAction","target":{"@type":"EntryPoint","urlTemplate":"https:\/\/rmcpolska.pl\/?s={search_term_string}"},"query-input":{"@type":"PropertyValueSpecification","valueRequired":true,"valueName":"search_term_string"}}],"inLanguage":"fr-FR"},{"@type":"Organization","@id":"https:\/\/rmcpolska.pl\/#organization","name":"RMC Polska","url":"https:\/\/rmcpolska.pl\/","logo":{"@type":"ImageObject","inLanguage":"fr-FR","@id":"https:\/\/rmcpolska.pl\/#\/schema\/logo\/image\/","url":"https:\/\/rmcpolska.pl\/wp-content\/uploads\/2021\/09\/rmc_recycling_logo.png","contentUrl":"https:\/\/rmcpolska.pl\/wp-content\/uploads\/2021\/09\/rmc_recycling_logo.png","width":1020,"height":353,"caption":"RMC Polska"},"image":{"@id":"https:\/\/rmcpolska.pl\/#\/schema\/logo\/image\/"}}]}},"_links":{"self":[{"href":"https:\/\/rmcpolska.pl\/fr\/wp-json\/wp\/v2\/pages\/2806","targetHints":{"allow":["GET"]}}],"collection":[{"href":"https:\/\/rmcpolska.pl\/fr\/wp-json\/wp\/v2\/pages"}],"about":[{"href":"https:\/\/rmcpolska.pl\/fr\/wp-json\/wp\/v2\/types\/page"}],"author":[{"embeddable":true,"href":"https:\/\/rmcpolska.pl\/fr\/wp-json\/wp\/v2\/users\/1"}],"replies":[{"embeddable":true,"href":"https:\/\/rmcpolska.pl\/fr\/wp-json\/wp\/v2\/comments?post=2806"}],"version-history":[{"count":7,"href":"https:\/\/rmcpolska.pl\/fr\/wp-json\/wp\/v2\/pages\/2806\/revisions"}],"predecessor-version":[{"id":6980,"href":"https:\/\/rmcpolska.pl\/fr\/wp-json\/wp\/v2\/pages\/2806\/revisions\/6980"}],"wp:attachment":[{"href":"https:\/\/rmcpolska.pl\/fr\/wp-json\/wp\/v2\/media?parent=2806"}],"curies":[{"name":"wp","href":"https:\/\/api.w.org\/{rel}","templated":true}]}}