{"id":5297,"date":"2023-09-07T16:24:20","date_gmt":"2023-09-07T14:24:20","guid":{"rendered":"https:\/\/cncdodrewna.pl\/?page_id=5297"},"modified":"2023-11-07T20:10:54","modified_gmt":"2023-11-07T19:10:54","slug":"niszczenie-dokumentow","status":"publish","type":"page","link":"https:\/\/rmcpolska.pl\/fr\/destruction-de-documents\/","title":{"rendered":"Destruction professionnelle de documents"},"content":{"rendered":"<div data-elementor-type=\"wp-page\" data-elementor-id=\"5297\" class=\"elementor elementor-5297\">\n\t\t\t\t\t\t\t\t\t<section class=\"elementor-section elementor-top-section elementor-element elementor-element-f73b45f elementor-section-boxed elementor-section-height-default elementor-section-height-default\" data-id=\"f73b45f\" data-element_type=\"section\">\n\t\t\t\t\t\t<div class=\"elementor-container elementor-column-gap-default\">\n\t\t\t\t\t<div class=\"elementor-column elementor-col-50 elementor-top-column elementor-element elementor-element-c12d6cb\" data-id=\"c12d6cb\" data-element_type=\"column\">\n\t\t\t<div class=\"elementor-widget-wrap elementor-element-populated\">\n\t\t\t\t\t\t\t\t<div class=\"elementor-element elementor-element-673225e icon-position-mobile-top content-align-left icon-box-vertical-align-top icon-position-left icon-vertical-align-start elementor-widget elementor-widget-the7_icon_box_widget\" data-id=\"673225e\" data-element_type=\"widget\" data-widget_type=\"the7_icon_box_widget.default\">\n\t\t\t\t<div class=\"elementor-widget-container\">\n\t\t\t\n\t\t<div class=\"the7-box-wrapper the7-elementor-widget the7_icon_box_widget-673225e\">\t\t\t<div class=\"box-content-wrapper\">\n\t\t\t\t\t\t\t\t<div class=\"box-content\">\n\t\t\t\t\t\t\t\t\t\t\t\t\t\t\t\t\t<h4 class=\"box-heading\">\n\t\t\t\t\t\t\t<a >\t\t\t\t\t\t\t\tS\u00e9curit\u00e9 et professionnalisme\t\t\t\t\t\t\t<\/a>\t\t\t\t\t\t<\/h4>\n\t\t\t\t\t\t\t\t\t\t\n\t\t\t\t\t\n\t\t\t\t<\/div>\n\t\t\t<\/div>\n\t\t<\/div>\t\t\t<\/div>\n\t\t\t\t<\/div>\n\t\t\t\t<div class=\"elementor-element elementor-element-f88a7e5 elementor-widget elementor-widget-text-editor\" data-id=\"f88a7e5\" data-element_type=\"widget\" data-widget_type=\"text-editor.default\">\n\t\t\t\t<div class=\"elementor-widget-container\">\n\t\t\t\t\t\t\tNous proposons un service de collecte s\u00e9curis\u00e9e et de destruction professionnelle des documents d'entreprise. Le d\u00e9chiquetage des documents est effectu\u00e9 de mani\u00e8re \u00e0 ce que les informations qu'ils contiennent ne puissent pas \u00eatre r\u00e9cup\u00e9r\u00e9es. Le produit final du processus de destruction de documents est une balle de chutes de papier.<br><br>Nous proposons un broyage fiable des documents d'entreprise conform\u00e9ment \u00e0 la norme DIN 66399 dans la classe de s\u00e9curit\u00e9 P4. Elle permet de d\u00e9truire les donn\u00e9es sensibles et confidentielles, ainsi que les donn\u00e9es personnelles faisant l'objet d'une protection accrue, telles que les bilans, les fiches de paie, les dossiers du personnel, les contrats de travail, les dossiers m\u00e9dicaux et les documents fiscaux personnels.<br><br>Nos services assurent la s\u00e9curit\u00e9 totale des documents et supports d'information qui nous sont confi\u00e9s.\t\t\t\t\t\t<\/div>\n\t\t\t\t<\/div>\n\t\t\t\t\t<\/div>\n\t\t<\/div>\n\t\t\t\t<div class=\"elementor-column elementor-col-50 elementor-top-column elementor-element elementor-element-2c3781b\" data-id=\"2c3781b\" data-element_type=\"column\">\n\t\t\t<div class=\"elementor-widget-wrap elementor-element-populated\">\n\t\t\t\t\t\t\t\t<div class=\"elementor-element elementor-element-d02927e elementor-widget__width-initial elementor-widget elementor-widget-image\" data-id=\"d02927e\" data-element_type=\"widget\" data-widget_type=\"image.default\">\n\t\t\t\t<div class=\"elementor-widget-container\">\n\t\t\t\t\t\t\t\t\t\t\t\t\t\t\t<img loading=\"lazy\" decoding=\"async\" width=\"1020\" height=\"353\" src=\"https:\/\/rmcpolska.pl\/wp-content\/uploads\/2021\/09\/rmc_recycling_logo.png\" class=\"attachment-large size-large wp-image-4688\" alt=\"Skup z\u0142omu Legnica - RMC Polska\" srcset=\"https:\/\/rmcpolska.pl\/wp-content\/uploads\/2021\/09\/rmc_recycling_logo.png 1020w, https:\/\/rmcpolska.pl\/wp-content\/uploads\/2021\/09\/rmc_recycling_logo-300x104.png 300w, https:\/\/rmcpolska.pl\/wp-content\/uploads\/2021\/09\/rmc_recycling_logo-768x266.png 768w\" sizes=\"auto, (max-width: 1020px) 100vw, 1020px\" \/>\t\t\t\t\t\t\t\t\t\t\t\t\t\t\t<\/div>\n\t\t\t\t<\/div>\n\t\t\t\t\t<\/div>\n\t\t<\/div>\n\t\t\t\t\t\t\t<\/div>\n\t\t<\/section>\n\t\t\t\t\t\t\t<\/div>","protected":false},"excerpt":{"rendered":"<p>S\u00e9curit\u00e9 et professionnalisme Nous vous proposons un service de collecte s\u00e9curis\u00e9e et de destruction professionnelle des documents d'entreprise. La destruction des documents est effectu\u00e9e de mani\u00e8re \u00e0 ce que les informations qu'ils contiennent ne puissent pas \u00eatre r\u00e9cup\u00e9r\u00e9es. Le produit final du processus de destruction de documents est une balle de chutes de papier. Nous proposons un processus fiable de destruction de documents d'entreprise conform\u00e9ment \u00e0 la norme DIN 66399 dans la classe de s\u00e9curit\u00e9 P4. Il est ainsi possible de d\u00e9truire...<\/p>","protected":false},"author":1,"featured_media":0,"parent":0,"menu_order":20,"comment_status":"closed","ping_status":"closed","template":"","meta":{"_acf_changed":false,"footnotes":""},"class_list":["post-5297","page","type-page","status-publish","hentry"],"acf":[],"yoast_head":"<!-- This site is optimized with the Yoast SEO plugin v24.2 - https:\/\/yoast.com\/wordpress\/plugins\/seo\/ -->\n<title>Utylizacja i niszczenie dokument\u00f3w - cennik - RMC Polska<\/title>\n<meta name=\"robots\" content=\"index, follow, max-snippet:-1, max-image-preview:large, max-video-preview:-1\" \/>\n<link rel=\"canonical\" href=\"https:\/\/rmcpolska.pl\/fr\/destruction-de-documents\/\" \/>\n<meta property=\"og:locale\" content=\"fr_FR\" \/>\n<meta property=\"og:type\" content=\"article\" \/>\n<meta property=\"og:title\" content=\"Utylizacja i niszczenie dokument\u00f3w - cennik - RMC Polska\" \/>\n<meta property=\"og:description\" content=\"Bezpiecze\u0144stwo i profesjonalizm Proponujemy Pa\u0144stwu us\u0142ug\u0119 bezpiecznego odbioru i profesjonalnego niszczenia dokument\u00f3w firmowych. Niszczenie dokument\u00f3w odbywa si\u0119 w taki spos\u00f3b, by odtworzenie zawartych w nich informacji by\u0142a niemo\u017cliwa. Finalnym produktem procesu niszczenia dokument\u00f3w jest bela \u015bcinek papierowych. Oferujemy niezawodny proces niszczenia dokument\u00f3w firmowych zgodny z norm\u0105 DIN 66399 w klasie tajno\u015bci P4. Umo\u017cliwia ona niszczenie&hellip;\" \/>\n<meta property=\"og:url\" content=\"https:\/\/rmcpolska.pl\/fr\/destruction-de-documents\/\" \/>\n<meta property=\"og:site_name\" content=\"RMC Polska\" \/>\n<meta property=\"article:modified_time\" content=\"2023-11-07T19:10:54+00:00\" \/>\n<meta property=\"og:image\" content=\"https:\/\/rmcpolska.pl\/wp-content\/uploads\/2021\/09\/rmc_recycling_logo.png\" \/>\n<meta name=\"twitter:card\" content=\"summary_large_image\" \/>\n<meta name=\"twitter:label1\" content=\"Dur\u00e9e de lecture estim\u00e9e\" \/>\n\t<meta name=\"twitter:data1\" content=\"1 minute\" \/>\n<script type=\"application\/ld+json\" class=\"yoast-schema-graph\">{\"@context\":\"https:\/\/schema.org\",\"@graph\":[{\"@type\":\"WebPage\",\"@id\":\"https:\/\/rmcpolska.pl\/niszczenie-dokumentow\/\",\"url\":\"https:\/\/rmcpolska.pl\/niszczenie-dokumentow\/\",\"name\":\"Utylizacja i niszczenie dokument\u00f3w - cennik - RMC Polska\",\"isPartOf\":{\"@id\":\"https:\/\/rmcpolska.pl\/#website\"},\"primaryImageOfPage\":{\"@id\":\"https:\/\/rmcpolska.pl\/niszczenie-dokumentow\/#primaryimage\"},\"image\":{\"@id\":\"https:\/\/rmcpolska.pl\/niszczenie-dokumentow\/#primaryimage\"},\"thumbnailUrl\":\"https:\/\/rmcpolska.pl\/wp-content\/uploads\/2021\/09\/rmc_recycling_logo.png\",\"datePublished\":\"2023-09-07T14:24:20+00:00\",\"dateModified\":\"2023-11-07T19:10:54+00:00\",\"breadcrumb\":{\"@id\":\"https:\/\/rmcpolska.pl\/niszczenie-dokumentow\/#breadcrumb\"},\"inLanguage\":\"fr-FR\",\"potentialAction\":[{\"@type\":\"ReadAction\",\"target\":[\"https:\/\/rmcpolska.pl\/niszczenie-dokumentow\/\"]}]},{\"@type\":\"ImageObject\",\"inLanguage\":\"fr-FR\",\"@id\":\"https:\/\/rmcpolska.pl\/niszczenie-dokumentow\/#primaryimage\",\"url\":\"https:\/\/rmcpolska.pl\/wp-content\/uploads\/2021\/09\/rmc_recycling_logo.png\",\"contentUrl\":\"https:\/\/rmcpolska.pl\/wp-content\/uploads\/2021\/09\/rmc_recycling_logo.png\"},{\"@type\":\"BreadcrumbList\",\"@id\":\"https:\/\/rmcpolska.pl\/niszczenie-dokumentow\/#breadcrumb\",\"itemListElement\":[{\"@type\":\"ListItem\",\"position\":1,\"name\":\"Strona g\u0142\u00f3wna\",\"item\":\"https:\/\/rmcpolska.pl\/\"},{\"@type\":\"ListItem\",\"position\":2,\"name\":\"Profesjonalne niszczenie dokument\u00f3w\"}]},{\"@type\":\"WebSite\",\"@id\":\"https:\/\/rmcpolska.pl\/#website\",\"url\":\"https:\/\/rmcpolska.pl\/\",\"name\":\"RMC Polska\",\"description\":\"Skup z\u0142omu Legnica, Skup z\u0142omu Mielec | RMC Polska\",\"publisher\":{\"@id\":\"https:\/\/rmcpolska.pl\/#organization\"},\"potentialAction\":[{\"@type\":\"SearchAction\",\"target\":{\"@type\":\"EntryPoint\",\"urlTemplate\":\"https:\/\/rmcpolska.pl\/?s={search_term_string}\"},\"query-input\":{\"@type\":\"PropertyValueSpecification\",\"valueRequired\":true,\"valueName\":\"search_term_string\"}}],\"inLanguage\":\"fr-FR\"},{\"@type\":\"Organization\",\"@id\":\"https:\/\/rmcpolska.pl\/#organization\",\"name\":\"RMC Polska\",\"url\":\"https:\/\/rmcpolska.pl\/\",\"logo\":{\"@type\":\"ImageObject\",\"inLanguage\":\"fr-FR\",\"@id\":\"https:\/\/rmcpolska.pl\/#\/schema\/logo\/image\/\",\"url\":\"https:\/\/rmcpolska.pl\/wp-content\/uploads\/2021\/09\/rmc_recycling_logo.png\",\"contentUrl\":\"https:\/\/rmcpolska.pl\/wp-content\/uploads\/2021\/09\/rmc_recycling_logo.png\",\"width\":1020,\"height\":353,\"caption\":\"RMC Polska\"},\"image\":{\"@id\":\"https:\/\/rmcpolska.pl\/#\/schema\/logo\/image\/\"}}]}<\/script>\n<!-- \/ Yoast SEO plugin. -->","yoast_head_json":{"title":"Utylizacja i niszczenie dokument\u00f3w - cennik - RMC Polska","robots":{"index":"index","follow":"follow","max-snippet":"max-snippet:-1","max-image-preview":"max-image-preview:large","max-video-preview":"max-video-preview:-1"},"canonical":"https:\/\/rmcpolska.pl\/fr\/destruction-de-documents\/","og_locale":"fr_FR","og_type":"article","og_title":"Utylizacja i niszczenie dokument\u00f3w - cennik - RMC Polska","og_description":"Bezpiecze\u0144stwo i profesjonalizm Proponujemy Pa\u0144stwu us\u0142ug\u0119 bezpiecznego odbioru i profesjonalnego niszczenia dokument\u00f3w firmowych. Niszczenie dokument\u00f3w odbywa si\u0119 w taki spos\u00f3b, by odtworzenie zawartych w nich informacji by\u0142a niemo\u017cliwa. Finalnym produktem procesu niszczenia dokument\u00f3w jest bela \u015bcinek papierowych. Oferujemy niezawodny proces niszczenia dokument\u00f3w firmowych zgodny z norm\u0105 DIN 66399 w klasie tajno\u015bci P4. Umo\u017cliwia ona niszczenie&hellip;","og_url":"https:\/\/rmcpolska.pl\/fr\/destruction-de-documents\/","og_site_name":"RMC Polska","article_modified_time":"2023-11-07T19:10:54+00:00","og_image":[{"url":"https:\/\/rmcpolska.pl\/wp-content\/uploads\/2021\/09\/rmc_recycling_logo.png","type":"","width":"","height":""}],"twitter_card":"summary_large_image","twitter_misc":{"Dur\u00e9e de lecture estim\u00e9e":"1 minute"},"schema":{"@context":"https:\/\/schema.org","@graph":[{"@type":"WebPage","@id":"https:\/\/rmcpolska.pl\/niszczenie-dokumentow\/","url":"https:\/\/rmcpolska.pl\/niszczenie-dokumentow\/","name":"Utylizacja i niszczenie dokument\u00f3w - cennik - RMC Polska","isPartOf":{"@id":"https:\/\/rmcpolska.pl\/#website"},"primaryImageOfPage":{"@id":"https:\/\/rmcpolska.pl\/niszczenie-dokumentow\/#primaryimage"},"image":{"@id":"https:\/\/rmcpolska.pl\/niszczenie-dokumentow\/#primaryimage"},"thumbnailUrl":"https:\/\/rmcpolska.pl\/wp-content\/uploads\/2021\/09\/rmc_recycling_logo.png","datePublished":"2023-09-07T14:24:20+00:00","dateModified":"2023-11-07T19:10:54+00:00","breadcrumb":{"@id":"https:\/\/rmcpolska.pl\/niszczenie-dokumentow\/#breadcrumb"},"inLanguage":"fr-FR","potentialAction":[{"@type":"ReadAction","target":["https:\/\/rmcpolska.pl\/niszczenie-dokumentow\/"]}]},{"@type":"ImageObject","inLanguage":"fr-FR","@id":"https:\/\/rmcpolska.pl\/niszczenie-dokumentow\/#primaryimage","url":"https:\/\/rmcpolska.pl\/wp-content\/uploads\/2021\/09\/rmc_recycling_logo.png","contentUrl":"https:\/\/rmcpolska.pl\/wp-content\/uploads\/2021\/09\/rmc_recycling_logo.png"},{"@type":"BreadcrumbList","@id":"https:\/\/rmcpolska.pl\/niszczenie-dokumentow\/#breadcrumb","itemListElement":[{"@type":"ListItem","position":1,"name":"Strona g\u0142\u00f3wna","item":"https:\/\/rmcpolska.pl\/"},{"@type":"ListItem","position":2,"name":"Profesjonalne niszczenie dokument\u00f3w"}]},{"@type":"WebSite","@id":"https:\/\/rmcpolska.pl\/#website","url":"https:\/\/rmcpolska.pl\/","name":"RMC Polska","description":"Skup z\u0142omu Legnica, Skup z\u0142omu Mielec | RMC Polska","publisher":{"@id":"https:\/\/rmcpolska.pl\/#organization"},"potentialAction":[{"@type":"SearchAction","target":{"@type":"EntryPoint","urlTemplate":"https:\/\/rmcpolska.pl\/?s={search_term_string}"},"query-input":{"@type":"PropertyValueSpecification","valueRequired":true,"valueName":"search_term_string"}}],"inLanguage":"fr-FR"},{"@type":"Organization","@id":"https:\/\/rmcpolska.pl\/#organization","name":"RMC Polska","url":"https:\/\/rmcpolska.pl\/","logo":{"@type":"ImageObject","inLanguage":"fr-FR","@id":"https:\/\/rmcpolska.pl\/#\/schema\/logo\/image\/","url":"https:\/\/rmcpolska.pl\/wp-content\/uploads\/2021\/09\/rmc_recycling_logo.png","contentUrl":"https:\/\/rmcpolska.pl\/wp-content\/uploads\/2021\/09\/rmc_recycling_logo.png","width":1020,"height":353,"caption":"RMC Polska"},"image":{"@id":"https:\/\/rmcpolska.pl\/#\/schema\/logo\/image\/"}}]}},"_links":{"self":[{"href":"https:\/\/rmcpolska.pl\/fr\/wp-json\/wp\/v2\/pages\/5297","targetHints":{"allow":["GET"]}}],"collection":[{"href":"https:\/\/rmcpolska.pl\/fr\/wp-json\/wp\/v2\/pages"}],"about":[{"href":"https:\/\/rmcpolska.pl\/fr\/wp-json\/wp\/v2\/types\/page"}],"author":[{"embeddable":true,"href":"https:\/\/rmcpolska.pl\/fr\/wp-json\/wp\/v2\/users\/1"}],"replies":[{"embeddable":true,"href":"https:\/\/rmcpolska.pl\/fr\/wp-json\/wp\/v2\/comments?post=5297"}],"version-history":[{"count":7,"href":"https:\/\/rmcpolska.pl\/fr\/wp-json\/wp\/v2\/pages\/5297\/revisions"}],"predecessor-version":[{"id":5304,"href":"https:\/\/rmcpolska.pl\/fr\/wp-json\/wp\/v2\/pages\/5297\/revisions\/5304"}],"wp:attachment":[{"href":"https:\/\/rmcpolska.pl\/fr\/wp-json\/wp\/v2\/media?parent=5297"}],"curies":[{"name":"wp","href":"https:\/\/api.w.org\/{rel}","templated":true}]}}