{"id":5305,"date":"2023-09-07T16:30:08","date_gmt":"2023-09-07T14:30:08","guid":{"rendered":"https:\/\/cncdodrewna.pl\/?page_id=5305"},"modified":"2023-11-07T20:02:05","modified_gmt":"2023-11-07T19:02:05","slug":"transport-odpadow","status":"publish","type":"page","link":"https:\/\/rmcpolska.pl\/fr\/transport-des-dechets\/","title":{"rendered":"Transport des d\u00e9chets"},"content":{"rendered":"<div data-elementor-type=\"wp-page\" data-elementor-id=\"5305\" class=\"elementor elementor-5305\">\n\t\t\t\t\t\t\t\t\t<section class=\"elementor-section elementor-top-section elementor-element elementor-element-f73b45f elementor-section-boxed elementor-section-height-default elementor-section-height-default\" data-id=\"f73b45f\" data-element_type=\"section\">\n\t\t\t\t\t\t<div class=\"elementor-container elementor-column-gap-default\">\n\t\t\t\t\t<div class=\"elementor-column elementor-col-50 elementor-top-column elementor-element elementor-element-c12d6cb\" data-id=\"c12d6cb\" data-element_type=\"column\">\n\t\t\t<div class=\"elementor-widget-wrap elementor-element-populated\">\n\t\t\t\t\t\t\t\t<div class=\"elementor-element elementor-element-673225e icon-position-mobile-top content-align-left icon-box-vertical-align-top icon-position-left icon-vertical-align-start elementor-widget elementor-widget-the7_icon_box_widget\" data-id=\"673225e\" data-element_type=\"widget\" data-widget_type=\"the7_icon_box_widget.default\">\n\t\t\t\t<div class=\"elementor-widget-container\">\n\t\t\t\n\t\t<div class=\"the7-box-wrapper the7-elementor-widget the7_icon_box_widget-673225e\">\t\t\t<div class=\"box-content-wrapper\">\n\t\t\t\t\t\t\t\t<div class=\"box-content\">\n\t\t\t\t\t\t\t\t\t\t\t\t\t\t\t\t\t<h4 class=\"box-heading\">\n\t\t\t\t\t\t\t<a >\t\t\t\t\t\t\t\tSolutions individuelles\t\t\t\t\t\t\t<\/a>\t\t\t\t\t\t<\/h4>\n\t\t\t\t\t\t\t\t\t\t\n\t\t\t\t\t\n\t\t\t\t<\/div>\n\t\t\t<\/div>\n\t\t<\/div>\t\t\t<\/div>\n\t\t\t\t<\/div>\n\t\t\t\t<div class=\"elementor-element elementor-element-f88a7e5 elementor-widget elementor-widget-text-editor\" data-id=\"f88a7e5\" data-element_type=\"widget\" data-widget_type=\"text-editor.default\">\n\t\t\t\t<div class=\"elementor-widget-container\">\n\t\t\t\t\t\t\tDes solutions de transport de d\u00e9chets sur mesure, tant pour les op\u00e9rations de production que pour le traitement ult\u00e9rieur dans d'autres lieux, peuvent contribuer de mani\u00e8re significative aux \u00e9conomies r\u00e9alis\u00e9es.<br><br>\nRMC Polska offre des services de transport et sous-traite \u00e9galement des transports \u00e0 des transporteurs fiables. Cela permet de d\u00e9velopper des solutions sur mesure, que les op\u00e9rations soient effectu\u00e9es sur un seul site ou sur plusieurs sites g\u00e9ographiquement dispers\u00e9s.\nUn tri correct des d\u00e9chets et l'utilisation de conteneurs et de poubelles appropri\u00e9s sont \u00e9galement \u00e0 la base de transports rationnels. Nous vous conseillons volontiers sur la mani\u00e8re d'y parvenir efficacement !<br><br>Gr\u00e2ce \u00e0 des transports optimis\u00e9s, nous veillons \u00e0 ce que les d\u00e9chets ne tra\u00eenent pas plus longtemps que n\u00e9cessaire et ne r\u00e9duisent pas la productivit\u00e9 de l'entreprise.\t\t\t\t\t\t<\/div>\n\t\t\t\t<\/div>\n\t\t\t\t\t<\/div>\n\t\t<\/div>\n\t\t\t\t<div class=\"elementor-column elementor-col-50 elementor-top-column elementor-element elementor-element-0ecc875\" data-id=\"0ecc875\" data-element_type=\"column\">\n\t\t\t<div class=\"elementor-widget-wrap elementor-element-populated\">\n\t\t\t\t\t\t\t\t<div class=\"elementor-element elementor-element-6f56bfc elementor-widget elementor-widget-image\" data-id=\"6f56bfc\" data-element_type=\"widget\" data-widget_type=\"image.default\">\n\t\t\t\t<div class=\"elementor-widget-container\">\n\t\t\t\t\t\t\t\t\t\t\t\t\t\t\t<img loading=\"lazy\" decoding=\"async\" width=\"768\" height=\"410\" src=\"https:\/\/rmcpolska.pl\/wp-content\/uploads\/2023\/09\/transport_odpadow-1024x547-new-768x410.jpg\" class=\"attachment-medium_large size-medium_large wp-image-5307\" alt=\"transport des d\u00e9chets\" srcset=\"https:\/\/rmcpolska.pl\/wp-content\/uploads\/2023\/09\/transport_odpadow-1024x547-new-768x410.jpg 768w, https:\/\/rmcpolska.pl\/wp-content\/uploads\/2023\/09\/transport_odpadow-1024x547-new-300x160.jpg 300w, https:\/\/rmcpolska.pl\/wp-content\/uploads\/2023\/09\/transport_odpadow-1024x547-new.jpg 1024w\" sizes=\"auto, (max-width: 768px) 100vw, 768px\" \/>\t\t\t\t\t\t\t\t\t\t\t\t\t\t\t<\/div>\n\t\t\t\t<\/div>\n\t\t\t\t<div class=\"elementor-element elementor-element-a0d3c1a elementor-widget elementor-widget-heading\" data-id=\"a0d3c1a\" data-element_type=\"widget\" data-widget_type=\"heading.default\">\n\t\t\t\t<div class=\"elementor-widget-container\">\n\t\t\t<h4 class=\"elementor-heading-title elementor-size-default\">Nous fournissons notamment des services de transport \u00e0 l'aide de v\u00e9hicules :<\/h4>\t\t<\/div>\n\t\t\t\t<\/div>\n\t\t\t\t<div class=\"elementor-element elementor-element-0cf5514 elementor-widget-mobile__width-inherit elementor-widget__width-initial elementor-icon-list--layout-traditional elementor-list-item-link-full_width elementor-widget elementor-widget-icon-list\" data-id=\"0cf5514\" data-element_type=\"widget\" data-widget_type=\"icon-list.default\">\n\t\t\t\t<div class=\"elementor-widget-container\">\n\t\t\t\t\t<ul class=\"elementor-icon-list-items\">\n\t\t\t\t\t\t\t<li class=\"elementor-icon-list-item\">\n\t\t\t\t\t\t\t\t\t\t\t<span class=\"elementor-icon-list-icon\">\n\t\t\t\t\t\t\t<i aria-hidden=\"true\" class=\"fas fa-check\"><\/i>\t\t\t\t\t\t<\/span>\n\t\t\t\t\t\t\t\t\t\t<span class=\"elementor-icon-list-text\">Chargeur \u00e0 crochets pour conteneurs<\/span>\n\t\t\t\t\t\t\t\t\t<\/li>\n\t\t\t\t\t\t\t\t<li class=\"elementor-icon-list-item\">\n\t\t\t\t\t\t\t\t\t\t\t<span class=\"elementor-icon-list-icon\">\n\t\t\t\t\t\t\t<i aria-hidden=\"true\" class=\"fas fa-check\"><\/i>\t\t\t\t\t\t<\/span>\n\t\t\t\t\t\t\t\t\t\t<span class=\"elementor-icon-list-text\">Chargeur \u00e0 crochets avec \u00e9quipement HDS<\/span>\n\t\t\t\t\t\t\t\t\t<\/li>\n\t\t\t\t\t\t\t\t<li class=\"elementor-icon-list-item\">\n\t\t\t\t\t\t\t\t\t\t\t<span class=\"elementor-icon-list-icon\">\n\t\t\t\t\t\t\t<i aria-hidden=\"true\" class=\"fas fa-check\"><\/i>\t\t\t\t\t\t<\/span>\n\t\t\t\t\t\t\t\t\t\t<span class=\"elementor-icon-list-text\">Bus jusqu'\u00e0 3,5 tonnes<\/span>\n\t\t\t\t\t\t\t\t\t<\/li>\n\t\t\t\t\t\t<\/ul>\n\t\t\t\t<\/div>\n\t\t\t\t<\/div>\n\t\t\t\t\t<\/div>\n\t\t<\/div>\n\t\t\t\t\t\t\t<\/div>\n\t\t<\/section>\n\t\t\t\t\t\t\t<\/div>","protected":false},"excerpt":{"rendered":"<p>Des solutions sur mesure Des solutions personnalis\u00e9es pour le transport des d\u00e9chets, tant pour les op\u00e9rations de production que pour le traitement ult\u00e9rieur dans d'autres lieux, peuvent contribuer de mani\u00e8re significative \u00e0 la r\u00e9alisation d'\u00e9conomies. RMC Polska propose des services de transport et sous-traite \u00e9galement des transports \u00e0 des transporteurs fiables. Cela permet de d\u00e9velopper des solutions sur mesure, que l'activit\u00e9 soit men\u00e9e sur un seul site,...<\/p>","protected":false},"author":1,"featured_media":0,"parent":0,"menu_order":20,"comment_status":"closed","ping_status":"closed","template":"","meta":{"_acf_changed":false,"footnotes":""},"class_list":["post-5305","page","type-page","status-publish","hentry"],"acf":[],"yoast_head":"<!-- This site is optimized with the Yoast SEO plugin v24.2 - https:\/\/yoast.com\/wordpress\/plugins\/seo\/ -->\n<title>Transport odpad\u00f3w, przew\u00f3z odpad\u00f3w Legnica - RMC Polska<\/title>\n<meta name=\"robots\" content=\"index, follow, max-snippet:-1, max-image-preview:large, max-video-preview:-1\" \/>\n<link rel=\"canonical\" href=\"https:\/\/rmcpolska.pl\/fr\/transport-des-dechets\/\" \/>\n<meta property=\"og:locale\" content=\"fr_FR\" \/>\n<meta property=\"og:type\" content=\"article\" \/>\n<meta property=\"og:title\" content=\"Transport odpad\u00f3w, przew\u00f3z odpad\u00f3w Legnica - RMC Polska\" \/>\n<meta property=\"og:description\" content=\"Indywidualne rozwi\u0105zania Indywidualnie dopasowane rozwi\u0105zania transportu odpad\u00f3w zar\u00f3wno w dzia\u0142alno\u015bci produkcyjnej, jak w p\u00f3\u017aniejszym przetwarzaniu w innym miejscu mog\u0105 w znacz\u0105cy spos\u00f3b przyczyni\u0107 si\u0119 do oszcz\u0119dno\u015bci. RMC Polska oferuje us\u0142ugi transportowe, a tak\u017ce zleca transporty sprawdzonym przewo\u017anikom. Umo\u017cliwia to opracowanie rozwi\u0105za\u0144 dopasowanych do konkretnych potrzeb, niezale\u017cnie od tego, czy dzia\u0142alno\u015b\u0107 prowadzona jest w jednej lokalizacji,&hellip;\" \/>\n<meta property=\"og:url\" content=\"https:\/\/rmcpolska.pl\/fr\/transport-des-dechets\/\" \/>\n<meta property=\"og:site_name\" content=\"RMC Polska\" \/>\n<meta property=\"article:modified_time\" content=\"2023-11-07T19:02:05+00:00\" \/>\n<meta property=\"og:image\" content=\"https:\/\/rmcpolska.pl\/wp-content\/uploads\/2023\/09\/transport_odpadow-1024x547-new-768x410.jpg\" \/>\n<meta name=\"twitter:card\" content=\"summary_large_image\" \/>\n<meta name=\"twitter:label1\" content=\"Dur\u00e9e de lecture estim\u00e9e\" \/>\n\t<meta name=\"twitter:data1\" content=\"1 minute\" \/>\n<script type=\"application\/ld+json\" class=\"yoast-schema-graph\">{\"@context\":\"https:\/\/schema.org\",\"@graph\":[{\"@type\":\"WebPage\",\"@id\":\"https:\/\/rmcpolska.pl\/transport-odpadow\/\",\"url\":\"https:\/\/rmcpolska.pl\/transport-odpadow\/\",\"name\":\"Transport odpad\u00f3w, przew\u00f3z odpad\u00f3w Legnica - RMC Polska\",\"isPartOf\":{\"@id\":\"https:\/\/rmcpolska.pl\/#website\"},\"primaryImageOfPage\":{\"@id\":\"https:\/\/rmcpolska.pl\/transport-odpadow\/#primaryimage\"},\"image\":{\"@id\":\"https:\/\/rmcpolska.pl\/transport-odpadow\/#primaryimage\"},\"thumbnailUrl\":\"https:\/\/rmcpolska.pl\/wp-content\/uploads\/2023\/09\/transport_odpadow-1024x547-new-768x410.jpg\",\"datePublished\":\"2023-09-07T14:30:08+00:00\",\"dateModified\":\"2023-11-07T19:02:05+00:00\",\"breadcrumb\":{\"@id\":\"https:\/\/rmcpolska.pl\/transport-odpadow\/#breadcrumb\"},\"inLanguage\":\"fr-FR\",\"potentialAction\":[{\"@type\":\"ReadAction\",\"target\":[\"https:\/\/rmcpolska.pl\/transport-odpadow\/\"]}]},{\"@type\":\"ImageObject\",\"inLanguage\":\"fr-FR\",\"@id\":\"https:\/\/rmcpolska.pl\/transport-odpadow\/#primaryimage\",\"url\":\"https:\/\/rmcpolska.pl\/wp-content\/uploads\/2023\/09\/transport_odpadow-1024x547-new-768x410.jpg\",\"contentUrl\":\"https:\/\/rmcpolska.pl\/wp-content\/uploads\/2023\/09\/transport_odpadow-1024x547-new-768x410.jpg\"},{\"@type\":\"BreadcrumbList\",\"@id\":\"https:\/\/rmcpolska.pl\/transport-odpadow\/#breadcrumb\",\"itemListElement\":[{\"@type\":\"ListItem\",\"position\":1,\"name\":\"Strona g\u0142\u00f3wna\",\"item\":\"https:\/\/rmcpolska.pl\/\"},{\"@type\":\"ListItem\",\"position\":2,\"name\":\"Transport odpad\u00f3w\"}]},{\"@type\":\"WebSite\",\"@id\":\"https:\/\/rmcpolska.pl\/#website\",\"url\":\"https:\/\/rmcpolska.pl\/\",\"name\":\"RMC Polska\",\"description\":\"Skup z\u0142omu Legnica, Skup z\u0142omu Mielec | RMC Polska\",\"publisher\":{\"@id\":\"https:\/\/rmcpolska.pl\/#organization\"},\"potentialAction\":[{\"@type\":\"SearchAction\",\"target\":{\"@type\":\"EntryPoint\",\"urlTemplate\":\"https:\/\/rmcpolska.pl\/?s={search_term_string}\"},\"query-input\":{\"@type\":\"PropertyValueSpecification\",\"valueRequired\":true,\"valueName\":\"search_term_string\"}}],\"inLanguage\":\"fr-FR\"},{\"@type\":\"Organization\",\"@id\":\"https:\/\/rmcpolska.pl\/#organization\",\"name\":\"RMC Polska\",\"url\":\"https:\/\/rmcpolska.pl\/\",\"logo\":{\"@type\":\"ImageObject\",\"inLanguage\":\"fr-FR\",\"@id\":\"https:\/\/rmcpolska.pl\/#\/schema\/logo\/image\/\",\"url\":\"https:\/\/rmcpolska.pl\/wp-content\/uploads\/2021\/09\/rmc_recycling_logo.png\",\"contentUrl\":\"https:\/\/rmcpolska.pl\/wp-content\/uploads\/2021\/09\/rmc_recycling_logo.png\",\"width\":1020,\"height\":353,\"caption\":\"RMC Polska\"},\"image\":{\"@id\":\"https:\/\/rmcpolska.pl\/#\/schema\/logo\/image\/\"}}]}<\/script>\n<!-- \/ Yoast SEO plugin. -->","yoast_head_json":{"title":"Transport odpad\u00f3w, przew\u00f3z odpad\u00f3w Legnica - RMC Polska","robots":{"index":"index","follow":"follow","max-snippet":"max-snippet:-1","max-image-preview":"max-image-preview:large","max-video-preview":"max-video-preview:-1"},"canonical":"https:\/\/rmcpolska.pl\/fr\/transport-des-dechets\/","og_locale":"fr_FR","og_type":"article","og_title":"Transport odpad\u00f3w, przew\u00f3z odpad\u00f3w Legnica - RMC Polska","og_description":"Indywidualne rozwi\u0105zania Indywidualnie dopasowane rozwi\u0105zania transportu odpad\u00f3w zar\u00f3wno w dzia\u0142alno\u015bci produkcyjnej, jak w p\u00f3\u017aniejszym przetwarzaniu w innym miejscu mog\u0105 w znacz\u0105cy spos\u00f3b przyczyni\u0107 si\u0119 do oszcz\u0119dno\u015bci. RMC Polska oferuje us\u0142ugi transportowe, a tak\u017ce zleca transporty sprawdzonym przewo\u017anikom. Umo\u017cliwia to opracowanie rozwi\u0105za\u0144 dopasowanych do konkretnych potrzeb, niezale\u017cnie od tego, czy dzia\u0142alno\u015b\u0107 prowadzona jest w jednej lokalizacji,&hellip;","og_url":"https:\/\/rmcpolska.pl\/fr\/transport-des-dechets\/","og_site_name":"RMC Polska","article_modified_time":"2023-11-07T19:02:05+00:00","og_image":[{"url":"https:\/\/rmcpolska.pl\/wp-content\/uploads\/2023\/09\/transport_odpadow-1024x547-new-768x410.jpg","type":"","width":"","height":""}],"twitter_card":"summary_large_image","twitter_misc":{"Dur\u00e9e de lecture estim\u00e9e":"1 minute"},"schema":{"@context":"https:\/\/schema.org","@graph":[{"@type":"WebPage","@id":"https:\/\/rmcpolska.pl\/transport-odpadow\/","url":"https:\/\/rmcpolska.pl\/transport-odpadow\/","name":"Transport odpad\u00f3w, przew\u00f3z odpad\u00f3w Legnica - RMC Polska","isPartOf":{"@id":"https:\/\/rmcpolska.pl\/#website"},"primaryImageOfPage":{"@id":"https:\/\/rmcpolska.pl\/transport-odpadow\/#primaryimage"},"image":{"@id":"https:\/\/rmcpolska.pl\/transport-odpadow\/#primaryimage"},"thumbnailUrl":"https:\/\/rmcpolska.pl\/wp-content\/uploads\/2023\/09\/transport_odpadow-1024x547-new-768x410.jpg","datePublished":"2023-09-07T14:30:08+00:00","dateModified":"2023-11-07T19:02:05+00:00","breadcrumb":{"@id":"https:\/\/rmcpolska.pl\/transport-odpadow\/#breadcrumb"},"inLanguage":"fr-FR","potentialAction":[{"@type":"ReadAction","target":["https:\/\/rmcpolska.pl\/transport-odpadow\/"]}]},{"@type":"ImageObject","inLanguage":"fr-FR","@id":"https:\/\/rmcpolska.pl\/transport-odpadow\/#primaryimage","url":"https:\/\/rmcpolska.pl\/wp-content\/uploads\/2023\/09\/transport_odpadow-1024x547-new-768x410.jpg","contentUrl":"https:\/\/rmcpolska.pl\/wp-content\/uploads\/2023\/09\/transport_odpadow-1024x547-new-768x410.jpg"},{"@type":"BreadcrumbList","@id":"https:\/\/rmcpolska.pl\/transport-odpadow\/#breadcrumb","itemListElement":[{"@type":"ListItem","position":1,"name":"Strona g\u0142\u00f3wna","item":"https:\/\/rmcpolska.pl\/"},{"@type":"ListItem","position":2,"name":"Transport odpad\u00f3w"}]},{"@type":"WebSite","@id":"https:\/\/rmcpolska.pl\/#website","url":"https:\/\/rmcpolska.pl\/","name":"RMC Polska","description":"Skup z\u0142omu Legnica, Skup z\u0142omu Mielec | RMC Polska","publisher":{"@id":"https:\/\/rmcpolska.pl\/#organization"},"potentialAction":[{"@type":"SearchAction","target":{"@type":"EntryPoint","urlTemplate":"https:\/\/rmcpolska.pl\/?s={search_term_string}"},"query-input":{"@type":"PropertyValueSpecification","valueRequired":true,"valueName":"search_term_string"}}],"inLanguage":"fr-FR"},{"@type":"Organization","@id":"https:\/\/rmcpolska.pl\/#organization","name":"RMC Polska","url":"https:\/\/rmcpolska.pl\/","logo":{"@type":"ImageObject","inLanguage":"fr-FR","@id":"https:\/\/rmcpolska.pl\/#\/schema\/logo\/image\/","url":"https:\/\/rmcpolska.pl\/wp-content\/uploads\/2021\/09\/rmc_recycling_logo.png","contentUrl":"https:\/\/rmcpolska.pl\/wp-content\/uploads\/2021\/09\/rmc_recycling_logo.png","width":1020,"height":353,"caption":"RMC Polska"},"image":{"@id":"https:\/\/rmcpolska.pl\/#\/schema\/logo\/image\/"}}]}},"_links":{"self":[{"href":"https:\/\/rmcpolska.pl\/fr\/wp-json\/wp\/v2\/pages\/5305","targetHints":{"allow":["GET"]}}],"collection":[{"href":"https:\/\/rmcpolska.pl\/fr\/wp-json\/wp\/v2\/pages"}],"about":[{"href":"https:\/\/rmcpolska.pl\/fr\/wp-json\/wp\/v2\/types\/page"}],"author":[{"embeddable":true,"href":"https:\/\/rmcpolska.pl\/fr\/wp-json\/wp\/v2\/users\/1"}],"replies":[{"embeddable":true,"href":"https:\/\/rmcpolska.pl\/fr\/wp-json\/wp\/v2\/comments?post=5305"}],"version-history":[{"count":6,"href":"https:\/\/rmcpolska.pl\/fr\/wp-json\/wp\/v2\/pages\/5305\/revisions"}],"predecessor-version":[{"id":7917,"href":"https:\/\/rmcpolska.pl\/fr\/wp-json\/wp\/v2\/pages\/5305\/revisions\/7917"}],"wp:attachment":[{"href":"https:\/\/rmcpolska.pl\/fr\/wp-json\/wp\/v2\/media?parent=5305"}],"curies":[{"name":"wp","href":"https:\/\/api.w.org\/{rel}","templated":true}]}}