{"id":5311,"date":"2023-09-07T16:40:28","date_gmt":"2023-09-07T14:40:28","guid":{"rendered":"https:\/\/cncdodrewna.pl\/?page_id=5311"},"modified":"2023-10-20T09:31:40","modified_gmt":"2023-10-20T07:31:40","slug":"uslugi-konsultingowe","status":"publish","type":"page","link":"https:\/\/rmcpolska.pl\/fr\/services-de-conseil\/","title":{"rendered":"Services de conseil"},"content":{"rendered":"<div data-elementor-type=\"wp-page\" data-elementor-id=\"5311\" class=\"elementor elementor-5311\">\n\t\t\t\t\t\t\t\t\t<section class=\"elementor-section elementor-top-section elementor-element elementor-element-f73b45f elementor-section-boxed elementor-section-height-default elementor-section-height-default\" data-id=\"f73b45f\" data-element_type=\"section\">\n\t\t\t\t\t\t<div class=\"elementor-container elementor-column-gap-default\">\n\t\t\t\t\t<div class=\"elementor-column elementor-col-50 elementor-top-column elementor-element elementor-element-c12d6cb\" data-id=\"c12d6cb\" data-element_type=\"column\">\n\t\t\t<div class=\"elementor-widget-wrap elementor-element-populated\">\n\t\t\t\t\t\t\t\t<div class=\"elementor-element elementor-element-673225e icon-position-mobile-top content-align-left icon-box-vertical-align-top icon-position-left icon-vertical-align-start elementor-widget elementor-widget-the7_icon_box_widget\" data-id=\"673225e\" data-element_type=\"widget\" data-widget_type=\"the7_icon_box_widget.default\">\n\t\t\t\t<div class=\"elementor-widget-container\">\n\t\t\t\n\t\t<div class=\"the7-box-wrapper the7-elementor-widget the7_icon_box_widget-673225e\">\t\t\t<div class=\"box-content-wrapper\">\n\t\t\t\t\t\t\t\t<div class=\"box-content\">\n\t\t\t\t\t\t\t\t\t\t\t\t\t\t\t\t\t<h4 class=\"box-heading\">\n\t\t\t\t\t\t\t<a >\t\t\t\t\t\t\t\tApproche individuelle\t\t\t\t\t\t\t<\/a>\t\t\t\t\t\t<\/h4>\n\t\t\t\t\t\t\t\t\t\t\n\t\t\t\t\t\n\t\t\t\t<\/div>\n\t\t\t<\/div>\n\t\t<\/div>\t\t\t<\/div>\n\t\t\t\t<\/div>\n\t\t\t\t<div class=\"elementor-element elementor-element-f88a7e5 elementor-widget elementor-widget-text-editor\" data-id=\"f88a7e5\" data-element_type=\"widget\" data-widget_type=\"text-editor.default\">\n\t\t\t\t<div class=\"elementor-widget-container\">\n\t\t\t\t\t\t\t<p>RMC Polska ach\u00e8te et vend des m\u00e9taux ferreux et non ferreux \u00e0 des prix comp\u00e9titifs dans toute la Pologne et l'Union europ\u00e9enne.<br \/><br \/>Nous avons ainsi \u00e9tabli des relations avec de nombreuses aci\u00e9ries, fonderies et recycleurs, gagnant ainsi leur confiance. Cette diversit\u00e9 nous permet de n\u00e9gocier les meilleurs prix pour nous et nos clients. Gr\u00e2ce \u00e0 la qualit\u00e9 sup\u00e9rieure de notre ferraille, nous pouvons r\u00e9guli\u00e8rement r\u00e9pondre aux normes strictes de chaque client sans nous soucier des retours ou des r\u00e9clamations.<br \/><br \/>Nous offrons des conseils et une exp\u00e9rience dans la gestion des collectes de ferraille, de papier et de plastique et de tous les recycleurs.<\/p>\t\t\t\t\t\t<\/div>\n\t\t\t\t<\/div>\n\t\t\t\t\t<\/div>\n\t\t<\/div>\n\t\t\t\t<div class=\"elementor-column elementor-col-50 elementor-top-column elementor-element elementor-element-2c3781b\" data-id=\"2c3781b\" data-element_type=\"column\">\n\t\t\t<div class=\"elementor-widget-wrap elementor-element-populated\">\n\t\t\t\t\t\t\t\t<div class=\"elementor-element elementor-element-8f181f0 elementor-widget elementor-widget-text-editor\" data-id=\"8f181f0\" data-element_type=\"widget\" data-widget_type=\"text-editor.default\">\n\t\t\t\t<div class=\"elementor-widget-container\">\n\t\t\t\t\t\t\t<p>Gr\u00e2ce \u00e0 l'exp\u00e9rience de nos collaborateurs, nous nous tenons au courant des derni\u00e8res tendances sur les march\u00e9s des m\u00e9taux en constante \u00e9volution, ce qui nous permet de r\u00e9agir en temps r\u00e9el et m\u00eame de devancer les \u00e9volutions des march\u00e9s \u00e9mergents, informant ainsi nos partenaires commerciaux habituels.<br><br>Pour toute question concernant les ventes de transit, veuillez contacter notre d\u00e9partement des ventes<\/p>\t\t\t\t\t\t<\/div>\n\t\t\t\t<\/div>\n\t\t\t\t<div class=\"elementor-element elementor-element-f70e740 elementor-align-left elementor-widget elementor-widget-button\" data-id=\"f70e740\" data-element_type=\"widget\" data-widget_type=\"button.default\">\n\t\t\t\t<div class=\"elementor-widget-container\">\n\t\t\t\t\t<div class=\"elementor-button-wrapper\">\n\t\t\t<a class=\"elementor-button elementor-button-link elementor-size-md\" href=\"https:\/\/rmcpolska.pl\/fr\/contact\/\">\n\t\t\t\t\t\t<span class=\"elementor-button-content-wrapper\">\n\t\t\t\t\t\t<span class=\"elementor-button-text\">Appelez-nous !<\/span>\n\t\t<\/span>\n\t\t\t\t\t<\/a>\n\t\t<\/div>\n\t\t\t\t<\/div>\n\t\t\t\t<\/div>\n\t\t\t\t\t<\/div>\n\t\t<\/div>\n\t\t\t\t\t\t\t<\/div>\n\t\t<\/section>\n\t\t\t\t\t\t\t<\/div>","protected":false},"excerpt":{"rendered":"<p>Approche individuelle RMC Polska ach\u00e8te et vend des m\u00e9taux ferreux et non ferreux \u00e0 des prix comp\u00e9titifs dans toute la Pologne et l'Union europ\u00e9enne. Nous avons ainsi \u00e9tabli des relations de confiance avec de nombreuses aci\u00e9ries, fonderies et entreprises de recyclage. Cette diversit\u00e9 nous permet de n\u00e9gocier les meilleurs prix pour nous et nos clients. Gr\u00e2ce \u00e0 la qualit\u00e9 sup\u00e9rieure de notre ferraille, nous pouvons r\u00e9guli\u00e8rement...<\/p>","protected":false},"author":1,"featured_media":0,"parent":0,"menu_order":20,"comment_status":"closed","ping_status":"closed","template":"","meta":{"_acf_changed":false,"footnotes":""},"class_list":["post-5311","page","type-page","status-publish","hentry"],"acf":[],"yoast_head":"<!-- This site is optimized with the Yoast SEO plugin v24.2 - https:\/\/yoast.com\/wordpress\/plugins\/seo\/ -->\n<title>Us\u0142ugi konsultingowe - RMC Polska<\/title>\n<meta name=\"robots\" content=\"index, follow, max-snippet:-1, max-image-preview:large, max-video-preview:-1\" \/>\n<link rel=\"canonical\" href=\"https:\/\/rmcpolska.pl\/fr\/services-de-conseil\/\" \/>\n<meta property=\"og:locale\" content=\"fr_FR\" \/>\n<meta property=\"og:type\" content=\"article\" \/>\n<meta property=\"og:title\" content=\"Us\u0142ugi konsultingowe - RMC Polska\" \/>\n<meta property=\"og:description\" content=\"Indywidualne podej\u015bcie RMC Polska kupuje i sprzedaje zar\u00f3wno metale \u017celazne, jak i nie\u017celazne po konkurencyjnych cenach w ca\u0142ej Polsce i Unii Europejskiej. W rezultacie nawi\u0105zali\u015bmy kontakty z wieloma hutami, odlewniami i recyklerami zdobywaj\u0105c ich zaufanie. Ta r\u00f3\u017cnorodno\u015b\u0107 pozwala nam negocjowa\u0107 najlepsze ceny z\u0142omu dla Nas i naszych klient\u00f3w. Dzi\u0119ki najwy\u017cszej jako\u015b\u0107 naszego z\u0142omu mo\u017cemy regularnie&hellip;\" \/>\n<meta property=\"og:url\" content=\"https:\/\/rmcpolska.pl\/fr\/services-de-conseil\/\" \/>\n<meta property=\"og:site_name\" content=\"RMC Polska\" \/>\n<meta property=\"article:modified_time\" content=\"2023-10-20T07:31:40+00:00\" \/>\n<meta name=\"twitter:card\" content=\"summary_large_image\" \/>\n<meta name=\"twitter:label1\" content=\"Dur\u00e9e de lecture estim\u00e9e\" \/>\n\t<meta name=\"twitter:data1\" content=\"1 minute\" \/>\n<script type=\"application\/ld+json\" class=\"yoast-schema-graph\">{\"@context\":\"https:\/\/schema.org\",\"@graph\":[{\"@type\":\"WebPage\",\"@id\":\"https:\/\/rmcpolska.pl\/uslugi-konsultingowe\/\",\"url\":\"https:\/\/rmcpolska.pl\/uslugi-konsultingowe\/\",\"name\":\"Us\u0142ugi konsultingowe - RMC Polska\",\"isPartOf\":{\"@id\":\"https:\/\/rmcpolska.pl\/#website\"},\"datePublished\":\"2023-09-07T14:40:28+00:00\",\"dateModified\":\"2023-10-20T07:31:40+00:00\",\"breadcrumb\":{\"@id\":\"https:\/\/rmcpolska.pl\/uslugi-konsultingowe\/#breadcrumb\"},\"inLanguage\":\"fr-FR\",\"potentialAction\":[{\"@type\":\"ReadAction\",\"target\":[\"https:\/\/rmcpolska.pl\/uslugi-konsultingowe\/\"]}]},{\"@type\":\"BreadcrumbList\",\"@id\":\"https:\/\/rmcpolska.pl\/uslugi-konsultingowe\/#breadcrumb\",\"itemListElement\":[{\"@type\":\"ListItem\",\"position\":1,\"name\":\"Strona g\u0142\u00f3wna\",\"item\":\"https:\/\/rmcpolska.pl\/\"},{\"@type\":\"ListItem\",\"position\":2,\"name\":\"Us\u0142ugi konsultingowe\"}]},{\"@type\":\"WebSite\",\"@id\":\"https:\/\/rmcpolska.pl\/#website\",\"url\":\"https:\/\/rmcpolska.pl\/\",\"name\":\"RMC Polska\",\"description\":\"Skup z\u0142omu Legnica, Skup z\u0142omu Mielec | RMC Polska\",\"publisher\":{\"@id\":\"https:\/\/rmcpolska.pl\/#organization\"},\"potentialAction\":[{\"@type\":\"SearchAction\",\"target\":{\"@type\":\"EntryPoint\",\"urlTemplate\":\"https:\/\/rmcpolska.pl\/?s={search_term_string}\"},\"query-input\":{\"@type\":\"PropertyValueSpecification\",\"valueRequired\":true,\"valueName\":\"search_term_string\"}}],\"inLanguage\":\"fr-FR\"},{\"@type\":\"Organization\",\"@id\":\"https:\/\/rmcpolska.pl\/#organization\",\"name\":\"RMC Polska\",\"url\":\"https:\/\/rmcpolska.pl\/\",\"logo\":{\"@type\":\"ImageObject\",\"inLanguage\":\"fr-FR\",\"@id\":\"https:\/\/rmcpolska.pl\/#\/schema\/logo\/image\/\",\"url\":\"https:\/\/rmcpolska.pl\/wp-content\/uploads\/2021\/09\/rmc_recycling_logo.png\",\"contentUrl\":\"https:\/\/rmcpolska.pl\/wp-content\/uploads\/2021\/09\/rmc_recycling_logo.png\",\"width\":1020,\"height\":353,\"caption\":\"RMC Polska\"},\"image\":{\"@id\":\"https:\/\/rmcpolska.pl\/#\/schema\/logo\/image\/\"}}]}<\/script>\n<!-- \/ Yoast SEO plugin. -->","yoast_head_json":{"title":"Us\u0142ugi konsultingowe - RMC Polska","robots":{"index":"index","follow":"follow","max-snippet":"max-snippet:-1","max-image-preview":"max-image-preview:large","max-video-preview":"max-video-preview:-1"},"canonical":"https:\/\/rmcpolska.pl\/fr\/services-de-conseil\/","og_locale":"fr_FR","og_type":"article","og_title":"Us\u0142ugi konsultingowe - RMC Polska","og_description":"Indywidualne podej\u015bcie RMC Polska kupuje i sprzedaje zar\u00f3wno metale \u017celazne, jak i nie\u017celazne po konkurencyjnych cenach w ca\u0142ej Polsce i Unii Europejskiej. W rezultacie nawi\u0105zali\u015bmy kontakty z wieloma hutami, odlewniami i recyklerami zdobywaj\u0105c ich zaufanie. Ta r\u00f3\u017cnorodno\u015b\u0107 pozwala nam negocjowa\u0107 najlepsze ceny z\u0142omu dla Nas i naszych klient\u00f3w. Dzi\u0119ki najwy\u017cszej jako\u015b\u0107 naszego z\u0142omu mo\u017cemy regularnie&hellip;","og_url":"https:\/\/rmcpolska.pl\/fr\/services-de-conseil\/","og_site_name":"RMC Polska","article_modified_time":"2023-10-20T07:31:40+00:00","twitter_card":"summary_large_image","twitter_misc":{"Dur\u00e9e de lecture estim\u00e9e":"1 minute"},"schema":{"@context":"https:\/\/schema.org","@graph":[{"@type":"WebPage","@id":"https:\/\/rmcpolska.pl\/uslugi-konsultingowe\/","url":"https:\/\/rmcpolska.pl\/uslugi-konsultingowe\/","name":"Us\u0142ugi konsultingowe - RMC Polska","isPartOf":{"@id":"https:\/\/rmcpolska.pl\/#website"},"datePublished":"2023-09-07T14:40:28+00:00","dateModified":"2023-10-20T07:31:40+00:00","breadcrumb":{"@id":"https:\/\/rmcpolska.pl\/uslugi-konsultingowe\/#breadcrumb"},"inLanguage":"fr-FR","potentialAction":[{"@type":"ReadAction","target":["https:\/\/rmcpolska.pl\/uslugi-konsultingowe\/"]}]},{"@type":"BreadcrumbList","@id":"https:\/\/rmcpolska.pl\/uslugi-konsultingowe\/#breadcrumb","itemListElement":[{"@type":"ListItem","position":1,"name":"Strona g\u0142\u00f3wna","item":"https:\/\/rmcpolska.pl\/"},{"@type":"ListItem","position":2,"name":"Us\u0142ugi konsultingowe"}]},{"@type":"WebSite","@id":"https:\/\/rmcpolska.pl\/#website","url":"https:\/\/rmcpolska.pl\/","name":"RMC Polska","description":"Skup z\u0142omu Legnica, Skup z\u0142omu Mielec | RMC Polska","publisher":{"@id":"https:\/\/rmcpolska.pl\/#organization"},"potentialAction":[{"@type":"SearchAction","target":{"@type":"EntryPoint","urlTemplate":"https:\/\/rmcpolska.pl\/?s={search_term_string}"},"query-input":{"@type":"PropertyValueSpecification","valueRequired":true,"valueName":"search_term_string"}}],"inLanguage":"fr-FR"},{"@type":"Organization","@id":"https:\/\/rmcpolska.pl\/#organization","name":"RMC Polska","url":"https:\/\/rmcpolska.pl\/","logo":{"@type":"ImageObject","inLanguage":"fr-FR","@id":"https:\/\/rmcpolska.pl\/#\/schema\/logo\/image\/","url":"https:\/\/rmcpolska.pl\/wp-content\/uploads\/2021\/09\/rmc_recycling_logo.png","contentUrl":"https:\/\/rmcpolska.pl\/wp-content\/uploads\/2021\/09\/rmc_recycling_logo.png","width":1020,"height":353,"caption":"RMC Polska"},"image":{"@id":"https:\/\/rmcpolska.pl\/#\/schema\/logo\/image\/"}}]}},"_links":{"self":[{"href":"https:\/\/rmcpolska.pl\/fr\/wp-json\/wp\/v2\/pages\/5311","targetHints":{"allow":["GET"]}}],"collection":[{"href":"https:\/\/rmcpolska.pl\/fr\/wp-json\/wp\/v2\/pages"}],"about":[{"href":"https:\/\/rmcpolska.pl\/fr\/wp-json\/wp\/v2\/types\/page"}],"author":[{"embeddable":true,"href":"https:\/\/rmcpolska.pl\/fr\/wp-json\/wp\/v2\/users\/1"}],"replies":[{"embeddable":true,"href":"https:\/\/rmcpolska.pl\/fr\/wp-json\/wp\/v2\/comments?post=5311"}],"version-history":[{"count":19,"href":"https:\/\/rmcpolska.pl\/fr\/wp-json\/wp\/v2\/pages\/5311\/revisions"}],"predecessor-version":[{"id":6914,"href":"https:\/\/rmcpolska.pl\/fr\/wp-json\/wp\/v2\/pages\/5311\/revisions\/6914"}],"wp:attachment":[{"href":"https:\/\/rmcpolska.pl\/fr\/wp-json\/wp\/v2\/media?parent=5311"}],"curies":[{"name":"wp","href":"https:\/\/api.w.org\/{rel}","templated":true}]}}