{"id":5539,"date":"2023-09-18T20:48:07","date_gmt":"2023-09-18T18:48:07","guid":{"rendered":"https:\/\/cncdodrewna.pl\/?page_id=5539"},"modified":"2023-11-07T20:08:57","modified_gmt":"2023-11-07T19:08:57","slug":"skup-stali-narzedziowej","status":"publish","type":"page","link":"https:\/\/rmcpolska.pl\/fr\/achat-dacier-a-outils\/","title":{"rendered":"Achat d'acier \u00e0 outils"},"content":{"rendered":"<div data-elementor-type=\"wp-page\" data-elementor-id=\"5539\" class=\"elementor elementor-5539\">\n\t\t\t\t\t\t\t\t\t<section class=\"elementor-section elementor-top-section elementor-element elementor-element-5bacbd4 elementor-section-boxed elementor-section-height-default elementor-section-height-default\" data-id=\"5bacbd4\" data-element_type=\"section\">\n\t\t\t\t\t\t<div class=\"elementor-container elementor-column-gap-default\">\n\t\t\t\t\t<div class=\"elementor-column elementor-col-100 elementor-top-column elementor-element elementor-element-5f61f09\" data-id=\"5f61f09\" data-element_type=\"column\">\n\t\t\t<div class=\"elementor-widget-wrap elementor-element-populated\">\n\t\t\t\t\t\t\t\t<section class=\"elementor-section elementor-inner-section elementor-element elementor-element-7e736a9 elementor-section-boxed elementor-section-height-default elementor-section-height-default\" data-id=\"7e736a9\" data-element_type=\"section\">\n\t\t\t\t\t\t<div class=\"elementor-container elementor-column-gap-default\">\n\t\t\t\t\t<div class=\"elementor-column elementor-col-50 elementor-inner-column elementor-element elementor-element-5f60fe7\" data-id=\"5f60fe7\" data-element_type=\"column\">\n\t\t\t<div class=\"elementor-widget-wrap elementor-element-populated\">\n\t\t\t\t\t\t\t\t<div class=\"elementor-element elementor-element-7b57498 elementor-widget elementor-widget-heading\" data-id=\"7b57498\" data-element_type=\"widget\" data-widget_type=\"heading.default\">\n\t\t\t\t<div class=\"elementor-widget-container\">\n\t\t\t<h2 class=\"elementor-heading-title elementor-size-default\">Nous achetons de l'acier \u00e0 outils<\/h2>\t\t<\/div>\n\t\t\t\t<\/div>\n\t\t\t\t<div class=\"elementor-element elementor-element-7be61bf elementor-widget elementor-widget-text-editor\" data-id=\"7be61bf\" data-element_type=\"widget\" data-widget_type=\"text-editor.default\">\n\t\t\t\t<div class=\"elementor-widget-container\">\n\t\t\t\t\t\t\tOutre les m\u00e9taux non ferreux, RMC Polska Sp. z o.o. ach\u00e8te \u00e9galement de l'acier \u00e0 outils.\n\n<br><br>\nLes d\u00e9chets d'acier rapide sont un ensemble d'alliages d'acier \u00e0 outils. Les aciers alli\u00e9s ont \u00e9t\u00e9 nomm\u00e9s ainsi en raison de leur capacit\u00e9 \u00e0 couper des mat\u00e9riaux (par exemple des m\u00e9taux) plus rapidement que les aciers traditionnels \u00e0 haute teneur en carbone utilis\u00e9s auparavant dans les outils de coupe. Ces aciers pr\u00e9sentent une excellente duret\u00e9, une r\u00e9sistance \u00e0 l'usure et une r\u00e9sistance au ramollissement \u00e0 haute temp\u00e9rature.\n<br><br>\nNous achetons des d\u00e9chets d'acier \u00e0 outils principalement aupr\u00e8s de parcs \u00e0 ferraille. <br>et des m\u00e9taux non ferreux, provenant d'entreprises des secteurs industriels <br>et en particulier dans les domaines de la coupe, de la mesure et de la fabrication d'outils professionnels.\n<br><br>\n\nGr\u00e2ce \u00e0 notre coop\u00e9ration avec les principaux fabricants d'acier alli\u00e9, nous pouvons vous offrir les meilleurs prix pour l'achat d'acier \u00e0 outils.\t\t\t\t\t\t<\/div>\n\t\t\t\t<\/div>\n\t\t\t\t\t<\/div>\n\t\t<\/div>\n\t\t\t\t<div class=\"elementor-column elementor-col-50 elementor-inner-column elementor-element elementor-element-d807f0b\" data-id=\"d807f0b\" data-element_type=\"column\">\n\t\t\t<div class=\"elementor-widget-wrap elementor-element-populated\">\n\t\t\t\t\t\t\t\t<div class=\"elementor-element elementor-element-77f9e1a elementor-widget elementor-widget-heading\" data-id=\"77f9e1a\" data-element_type=\"widget\" data-widget_type=\"heading.default\">\n\t\t\t\t<div class=\"elementor-widget-container\">\n\t\t\t<h4 class=\"elementor-heading-title elementor-size-default\">Nous achetons :<\/h4>\t\t<\/div>\n\t\t\t\t<\/div>\n\t\t\t\t<div class=\"elementor-element elementor-element-db1719f icon-vertical-align-center content-align-left icon-box-vertical-align-top elementor-widget elementor-widget-the7_image_box_widget\" data-id=\"db1719f\" data-element_type=\"widget\" data-widget_type=\"the7_image_box_widget.default\">\n\t\t\t\t<div class=\"elementor-widget-container\">\n\t\t\t\n\t\t<div class=\"the7-box-wrapper the7-elementor-widget the7_image_box_widget-db1719f\">\t\t\t<div class=\"box-content-wrapper\">\n\t\t\t\t\t\t\t\t<div class=\"elementor-image-div\">\n\t\t\t\t\t<a class=\"post-thumbnail-rollover layzr-bg img-css-resize-wrapper\" ><img decoding=\"async\" width=\"340\" height=\"137\" src=\"data:image\/svg+xml,%3Csvg%20xmlns%3D&#039;http%3A%2F%2Fwww.w3.org%2F2000%2Fsvg&#039;%20viewBox%3D&#039;0%200%20340%20137&#039;%2F%3E\" class=\"attachment-full size-full preload-me aspect lazy lazy-load\" alt=\"achat d&#039;acier \u00e0 outils\" sizes=\"(max-width: 340px) 100vw, 340px\" style=\"--ratio: 340 \/ 137;\" data-src=\"https:\/\/rmcpolska.pl\/wp-content\/uploads\/2023\/09\/stalnarzedziowa.jpg\" loading=\"eager\" data-srcset=\"https:\/\/rmcpolska.pl\/wp-content\/uploads\/2023\/09\/stalnarzedziowa.jpg 340w, https:\/\/rmcpolska.pl\/wp-content\/uploads\/2023\/09\/stalnarzedziowa-300x121.jpg 300w\" \/><span class=\"the7-hover-icon\"><\/span><\/a>\t\t\t\t<\/div>\n\t\t\t\t\n\t\t\t\t<div class=\"box-content\">\n\t\t\t\t\t<h4 class=\"box-heading\"><a >Acier rapide (HSS)<\/a><\/h4><div class=\"box-description\">d\u00e9chets issus de l'utilisation de mat\u00e9riaux usag\u00e9s<br>couteaux, fraises et forets de tour<\/div>\t\t\t\t<\/div>\n\t\t\t<\/div>\n\t\t<\/div>\t\t<\/div>\n\t\t\t\t<\/div>\n\t\t\t\t<div class=\"elementor-element elementor-element-055c159 elementor-widget elementor-widget-text-editor\" data-id=\"055c159\" data-element_type=\"widget\" data-widget_type=\"text-editor.default\">\n\t\t\t\t<div class=\"elementor-widget-container\">\n\t\t\t\t\t\t\tLa composition chimique suivante est d\u00e9finie pour ce qui pr\u00e9c\u00e8de : C 0,75-1,4% W \u00e0 18%, Mo \u00e0 10%, V \u00e0 4%, Co \u00e0 10%. Exemples de nuances : SW7M ; SW18.\t\t\t\t\t\t<\/div>\n\t\t\t\t<\/div>\n\t\t\t\t<div class=\"elementor-element elementor-element-f870a0e content-align-left icon-box-vertical-align-top icon-vertical-align-start elementor-widget elementor-widget-the7_image_box_widget\" data-id=\"f870a0e\" data-element_type=\"widget\" data-widget_type=\"the7_image_box_widget.default\">\n\t\t\t\t<div class=\"elementor-widget-container\">\n\t\t\t\n\t\t<div class=\"the7-box-wrapper the7-elementor-widget the7_image_box_widget-f870a0e\">\t\t\t<div class=\"box-content-wrapper\">\n\t\t\t\t\t\t\t\t<div class=\"elementor-image-div\">\n\t\t\t\t\t<a class=\"post-thumbnail-rollover layzr-bg img-css-resize-wrapper\" ><img decoding=\"async\" width=\"340\" height=\"137\" src=\"data:image\/svg+xml,%3Csvg%20xmlns%3D&#039;http%3A%2F%2Fwww.w3.org%2F2000%2Fsvg&#039;%20viewBox%3D&#039;0%200%20340%20137&#039;%2F%3E\" class=\"attachment-full size-full preload-me aspect lazy lazy-load\" alt=\"achat d&#039;acier \u00e0 outils\" sizes=\"(max-width: 340px) 100vw, 340px\" style=\"--ratio: 340 \/ 137;\" data-src=\"https:\/\/rmcpolska.pl\/wp-content\/uploads\/2023\/09\/wegliki.jpg\" loading=\"eager\" data-srcset=\"https:\/\/rmcpolska.pl\/wp-content\/uploads\/2023\/09\/wegliki.jpg 340w, https:\/\/rmcpolska.pl\/wp-content\/uploads\/2023\/09\/wegliki-300x121.jpg 300w\" \/><span class=\"the7-hover-icon\"><\/span><\/a>\t\t\t\t<\/div>\n\t\t\t\t\n\t\t\t\t<div class=\"box-content\">\n\t\t\t\t\t<h4 class=\"box-heading\"><a >Carbure<\/a><\/h4><div class=\"box-description\">\u00e9l\u00e9ments de coupe mis au rebut<br>(forme de triangle, de carr\u00e9, etc.).<\/div>\t\t\t\t<\/div>\n\t\t\t<\/div>\n\t\t<\/div>\t\t<\/div>\n\t\t\t\t<\/div>\n\t\t\t\t<div class=\"elementor-element elementor-element-597b749 elementor-widget elementor-widget-text-editor\" data-id=\"597b749\" data-element_type=\"widget\" data-widget_type=\"text-editor.default\">\n\t\t\t\t<div class=\"elementor-widget-container\">\n\t\t\t\t\t\t\tLe carbure est un mat\u00e9riau d'outillage obtenu par des m\u00e9thodes de m\u00e9tallurgie des poudres \u00e0 partir de carbures m\u00e9talliques. Ils sont tr\u00e8s durs et r\u00e9sistants \u00e0 l'usure.\t\t\t\t\t\t<\/div>\n\t\t\t\t<\/div>\n\t\t\t\t\t<\/div>\n\t\t<\/div>\n\t\t\t\t\t\t\t<\/div>\n\t\t<\/section>\n\t\t\t\t\t<\/div>\n\t\t<\/div>\n\t\t\t\t\t\t\t<\/div>\n\t\t<\/section>\n\t\t\t\t<section class=\"elementor-section elementor-top-section elementor-element elementor-element-d1dec58 elementor-section-boxed elementor-section-height-default elementor-section-height-default\" data-id=\"d1dec58\" data-element_type=\"section\">\n\t\t\t\t\t\t<div class=\"elementor-container elementor-column-gap-default\">\n\t\t\t\t\t<div class=\"elementor-column elementor-col-100 elementor-top-column elementor-element elementor-element-cdf6f53\" data-id=\"cdf6f53\" data-element_type=\"column\">\n\t\t\t<div class=\"elementor-widget-wrap elementor-element-populated\">\n\t\t\t\t\t\t\t\t<section class=\"elementor-section elementor-inner-section elementor-element elementor-element-6a7bcd9 elementor-section-boxed elementor-section-height-default elementor-section-height-default\" data-id=\"6a7bcd9\" data-element_type=\"section\">\n\t\t\t\t\t\t<div class=\"elementor-container elementor-column-gap-default\">\n\t\t\t\t\t<div class=\"elementor-column elementor-col-50 elementor-inner-column elementor-element elementor-element-89569f0\" data-id=\"89569f0\" data-element_type=\"column\">\n\t\t\t<div class=\"elementor-widget-wrap elementor-element-populated\">\n\t\t\t\t\t\t\t\t<section class=\"elementor-section elementor-inner-section elementor-element elementor-element-08b4e27 elementor-section-boxed elementor-section-height-default elementor-section-height-default\" data-id=\"08b4e27\" data-element_type=\"section\">\n\t\t\t\t\t\t<div class=\"elementor-container elementor-column-gap-default\">\n\t\t\t\t\t<div class=\"elementor-column elementor-col-100 elementor-inner-column elementor-element elementor-element-df06db7\" data-id=\"df06db7\" data-element_type=\"column\">\n\t\t\t<div class=\"elementor-widget-wrap elementor-element-populated\">\n\t\t\t\t\t\t\t\t<div class=\"elementor-element elementor-element-05e3c18 elementor-widget__width-initial elementor-widget elementor-widget-heading\" data-id=\"05e3c18\" data-element_type=\"widget\" data-widget_type=\"heading.default\">\n\t\t\t\t<div class=\"elementor-widget-container\">\n\t\t\t<h2 class=\"elementor-heading-title elementor-size-default\">Acier \u00e0 outils - faits int\u00e9ressants<\/h2>\t\t<\/div>\n\t\t\t\t<\/div>\n\t\t\t\t<div class=\"elementor-element elementor-element-b04b6ce elementor-widget elementor-widget-accordion\" data-id=\"b04b6ce\" data-element_type=\"widget\" data-widget_type=\"accordion.default\">\n\t\t\t\t<div class=\"elementor-widget-container\">\n\t\t\t\t\t<div class=\"elementor-accordion\">\n\t\t\t\t\t\t\t<div class=\"elementor-accordion-item\">\n\t\t\t\t\t<div id=\"elementor-tab-title-1841\" class=\"elementor-tab-title\" data-tab=\"1\" role=\"button\" aria-controls=\"elementor-tab-content-1841\" aria-expanded=\"false\">\n\t\t\t\t\t\t\t\t\t\t\t\t\t<span class=\"elementor-accordion-icon elementor-accordion-icon-left\" aria-hidden=\"true\">\n\t\t\t\t\t\t\t\t\t\t\t\t\t\t\t<span class=\"elementor-accordion-icon-closed\"><i class=\"fas fa-plus\"><\/i><\/span>\n\t\t\t\t\t\t\t\t<span class=\"elementor-accordion-icon-opened\"><i class=\"fas fa-minus\"><\/i><\/span>\n\t\t\t\t\t\t\t\t\t\t\t\t\t\t<\/span>\n\t\t\t\t\t\t\t\t\t\t\t\t<a class=\"elementor-accordion-title\" tabindex=\"0\">L'acier \u00e0 outils peut \u00eatre :<\/a>\n\t\t\t\t\t<\/div>\n\t\t\t\t\t<div id=\"elementor-tab-content-1841\" class=\"elementor-tab-content elementor-clearfix\" data-tab=\"1\" role=\"region\" aria-labelledby=\"elementor-tab-title-1841\">L'acier \u00e0 outils peut \u00eatre recycl\u00e9 plusieurs fois sans perdre ses propri\u00e9t\u00e9s.<\/div>\n\t\t\t\t<\/div>\n\t\t\t\t\t\t\t<div class=\"elementor-accordion-item\">\n\t\t\t\t\t<div id=\"elementor-tab-title-1842\" class=\"elementor-tab-title\" data-tab=\"2\" role=\"button\" aria-controls=\"elementor-tab-content-1842\" aria-expanded=\"false\">\n\t\t\t\t\t\t\t\t\t\t\t\t\t<span class=\"elementor-accordion-icon elementor-accordion-icon-left\" aria-hidden=\"true\">\n\t\t\t\t\t\t\t\t\t\t\t\t\t\t\t<span class=\"elementor-accordion-icon-closed\"><i class=\"fas fa-plus\"><\/i><\/span>\n\t\t\t\t\t\t\t\t<span class=\"elementor-accordion-icon-opened\"><i class=\"fas fa-minus\"><\/i><\/span>\n\t\t\t\t\t\t\t\t\t\t\t\t\t\t<\/span>\n\t\t\t\t\t\t\t\t\t\t\t\t<a class=\"elementor-accordion-title\" tabindex=\"0\">Recyclage d'une tonne d'acier rapide :<\/a>\n\t\t\t\t\t<\/div>\n\t\t\t\t\t<div id=\"elementor-tab-content-1842\" class=\"elementor-tab-content elementor-clearfix\" data-tab=\"2\" role=\"region\" aria-labelledby=\"elementor-tab-title-1842\">Le recyclage d'une tonne d'acier rapide permet d'\u00e9conomiser 642 kWh d'\u00e9nergie et 1,8 baril de p\u00e9trole.<\/div>\n\t\t\t\t<\/div>\n\t\t\t\t\t\t\t\t<\/div>\n\t\t\t\t<\/div>\n\t\t\t\t<\/div>\n\t\t\t\t\t<\/div>\n\t\t<\/div>\n\t\t\t\t\t\t\t<\/div>\n\t\t<\/section>\n\t\t\t\t\t<\/div>\n\t\t<\/div>\n\t\t\t\t<div class=\"elementor-column elementor-col-50 elementor-inner-column elementor-element elementor-element-8823f5e\" data-id=\"8823f5e\" data-element_type=\"column\">\n\t\t\t<div class=\"elementor-widget-wrap elementor-element-populated\">\n\t\t\t\t\t\t\t\t<div class=\"elementor-element elementor-element-9ceff3a elementor-widget elementor-widget-heading\" data-id=\"9ceff3a\" data-element_type=\"widget\" data-widget_type=\"heading.default\">\n\t\t\t\t<div class=\"elementor-widget-container\">\n\t\t\t<h4 class=\"elementor-heading-title elementor-size-default\">Voir aussi<\/h4>\t\t<\/div>\n\t\t\t\t<\/div>\n\t\t\t\t<div class=\"elementor-element elementor-element-1c43c01 elementor-widget-mobile__width-inherit elementor-icon-list--layout-traditional elementor-list-item-link-full_width elementor-widget elementor-widget-icon-list\" data-id=\"1c43c01\" data-element_type=\"widget\" data-widget_type=\"icon-list.default\">\n\t\t\t\t<div class=\"elementor-widget-container\">\n\t\t\t\t\t<ul class=\"elementor-icon-list-items\">\n\t\t\t\t\t\t\t<li class=\"elementor-icon-list-item\">\n\t\t\t\t\t\t\t\t\t\t\t<a href=\"https:\/\/rmcpolska.pl\/fr\/achat-de-cable\/\">\n\n\t\t\t\t\t\t\t\t\t\t\t<span class=\"elementor-icon-list-text\">Achat de c\u00e2ble<\/span>\n\t\t\t\t\t\t\t\t\t\t\t<\/a>\n\t\t\t\t\t\t\t\t\t<\/li>\n\t\t\t\t\t\t\t\t<li class=\"elementor-icon-list-item\">\n\t\t\t\t\t\t\t\t\t\t\t<a href=\"https:\/\/rmcpolska.pl\/fr\/achat-daluminium\/\">\n\n\t\t\t\t\t\t\t\t\t\t\t<span class=\"elementor-icon-list-text\">Achat d'aluminium<\/span>\n\t\t\t\t\t\t\t\t\t\t\t<\/a>\n\t\t\t\t\t\t\t\t\t<\/li>\n\t\t\t\t\t\t\t\t<li class=\"elementor-icon-list-item\">\n\t\t\t\t\t\t\t\t\t\t\t<a href=\"https:\/\/rmcpolska.pl\/fr\/achat-de-ferraille-dacier\/\">\n\n\t\t\t\t\t\t\t\t\t\t\t<span class=\"elementor-icon-list-text\">Achat de ferraille d'acier<\/span>\n\t\t\t\t\t\t\t\t\t\t\t<\/a>\n\t\t\t\t\t\t\t\t\t<\/li>\n\t\t\t\t\t\t\t\t<li class=\"elementor-icon-list-item\">\n\t\t\t\t\t\t\t\t\t\t\t<a href=\"https:\/\/rmcpolska.pl\/fr\/achat-de-moteurs-electriques\/\">\n\n\t\t\t\t\t\t\t\t\t\t\t<span class=\"elementor-icon-list-text\">Achat de moteurs \u00e9lectriques<\/span>\n\t\t\t\t\t\t\t\t\t\t\t<\/a>\n\t\t\t\t\t\t\t\t\t<\/li>\n\t\t\t\t\t\t\t\t<li class=\"elementor-icon-list-item\">\n\t\t\t\t\t\t\t\t\t\t\t<a href=\"https:\/\/rmcpolska.pl\/fr\/achat-de-granules-de-cuivre-et-daluminium\/\">\n\n\t\t\t\t\t\t\t\t\t\t\t<span class=\"elementor-icon-list-text\">Achat de granul\u00e9s de cuivre et d'aluminium<\/span>\n\t\t\t\t\t\t\t\t\t\t\t<\/a>\n\t\t\t\t\t\t\t\t\t<\/li>\n\t\t\t\t\t\t<\/ul>\n\t\t\t\t<\/div>\n\t\t\t\t<\/div>\n\t\t\t\t\t<\/div>\n\t\t<\/div>\n\t\t\t\t\t\t\t<\/div>\n\t\t<\/section>\n\t\t\t\t\t<\/div>\n\t\t<\/div>\n\t\t\t\t\t\t\t<\/div>\n\t\t<\/section>\n\t\t\t\t\t\t\t<\/div>","protected":false},"excerpt":{"rendered":"<p>Nous achetons de l'acier \u00e0 outils Outre les m\u00e9taux non ferreux, RMC Polska Sp. z o.o. ach\u00e8te \u00e9galement de l'acier \u00e0 outils. Les d\u00e9chets d'acier rapide sont un ensemble d'alliages d'acier \u00e0 outils. Les aciers alli\u00e9s sont ainsi nomm\u00e9s en raison de leur capacit\u00e9 \u00e0 couper des mat\u00e9riaux (par exemple des m\u00e9taux) plus rapidement que les aciers traditionnels \u00e0 haute teneur en carbone utilis\u00e9s auparavant dans les outils de coupe. Ces aciers ont une excellente duret\u00e9, une r\u00e9sistance...<\/p>","protected":false},"author":1,"featured_media":0,"parent":0,"menu_order":20,"comment_status":"closed","ping_status":"closed","template":"","meta":{"_acf_changed":false,"footnotes":""},"class_list":["post-5539","page","type-page","status-publish","hentry"],"acf":[],"yoast_head":"<!-- This site is optimized with the Yoast SEO plugin v24.2 - https:\/\/yoast.com\/wordpress\/plugins\/seo\/ -->\n<title>Skup stali narz\u0119dziowej cennik, Stal narz\u0119dziowa z\u0142om - RMC Polska<\/title>\n<meta name=\"robots\" content=\"index, follow, max-snippet:-1, max-image-preview:large, max-video-preview:-1\" \/>\n<link rel=\"canonical\" href=\"https:\/\/rmcpolska.pl\/fr\/achat-dacier-a-outils\/\" \/>\n<meta property=\"og:locale\" content=\"fr_FR\" \/>\n<meta property=\"og:type\" content=\"article\" \/>\n<meta property=\"og:title\" content=\"Skup stali narz\u0119dziowej cennik, Stal narz\u0119dziowa z\u0142om - RMC Polska\" \/>\n<meta property=\"og:description\" content=\"Skupujemy stal narz\u0119dziow\u0105 Poza metalami kolorowymi w RMC Polska Sp. z o.o. prowadzimy skup stali narz\u0119dziowej. Z\u0142om szybkotn\u0105cej stali to zestaw stop\u00f3w stali narz\u0119dziowej. Stale stopowe zosta\u0142y tak nazwane ze wzgl\u0119du na ich zdolno\u015b\u0107 do szybszego ci\u0119cia materia\u0142\u00f3w (np. metali) ni\u017c tradycyjne stale wysokow\u0119glowe stosowane wcze\u015bniej w narz\u0119dziach skrawaj\u0105cych. Stale te maj\u0105 doskona\u0142\u0105 twardo\u015b\u0107, odporno\u015b\u0107&hellip;\" \/>\n<meta property=\"og:url\" content=\"https:\/\/rmcpolska.pl\/fr\/achat-dacier-a-outils\/\" \/>\n<meta property=\"og:site_name\" content=\"RMC Polska\" \/>\n<meta property=\"article:modified_time\" content=\"2023-11-07T19:08:57+00:00\" \/>\n<meta name=\"twitter:card\" content=\"summary_large_image\" \/>\n<meta name=\"twitter:label1\" content=\"Dur\u00e9e de lecture estim\u00e9e\" \/>\n\t<meta name=\"twitter:data1\" content=\"2 minutes\" \/>\n<script type=\"application\/ld+json\" class=\"yoast-schema-graph\">{\"@context\":\"https:\/\/schema.org\",\"@graph\":[{\"@type\":\"WebPage\",\"@id\":\"https:\/\/rmcpolska.pl\/skup-stali-narzedziowej\/\",\"url\":\"https:\/\/rmcpolska.pl\/skup-stali-narzedziowej\/\",\"name\":\"Skup stali narz\u0119dziowej cennik, Stal narz\u0119dziowa z\u0142om - RMC Polska\",\"isPartOf\":{\"@id\":\"https:\/\/rmcpolska.pl\/#website\"},\"datePublished\":\"2023-09-18T18:48:07+00:00\",\"dateModified\":\"2023-11-07T19:08:57+00:00\",\"breadcrumb\":{\"@id\":\"https:\/\/rmcpolska.pl\/skup-stali-narzedziowej\/#breadcrumb\"},\"inLanguage\":\"fr-FR\",\"potentialAction\":[{\"@type\":\"ReadAction\",\"target\":[\"https:\/\/rmcpolska.pl\/skup-stali-narzedziowej\/\"]}]},{\"@type\":\"BreadcrumbList\",\"@id\":\"https:\/\/rmcpolska.pl\/skup-stali-narzedziowej\/#breadcrumb\",\"itemListElement\":[{\"@type\":\"ListItem\",\"position\":1,\"name\":\"Strona g\u0142\u00f3wna\",\"item\":\"https:\/\/rmcpolska.pl\/\"},{\"@type\":\"ListItem\",\"position\":2,\"name\":\"Skup stali narz\u0119dziowej\"}]},{\"@type\":\"WebSite\",\"@id\":\"https:\/\/rmcpolska.pl\/#website\",\"url\":\"https:\/\/rmcpolska.pl\/\",\"name\":\"RMC Polska\",\"description\":\"Skup z\u0142omu Legnica, Skup z\u0142omu Mielec | RMC Polska\",\"publisher\":{\"@id\":\"https:\/\/rmcpolska.pl\/#organization\"},\"potentialAction\":[{\"@type\":\"SearchAction\",\"target\":{\"@type\":\"EntryPoint\",\"urlTemplate\":\"https:\/\/rmcpolska.pl\/?s={search_term_string}\"},\"query-input\":{\"@type\":\"PropertyValueSpecification\",\"valueRequired\":true,\"valueName\":\"search_term_string\"}}],\"inLanguage\":\"fr-FR\"},{\"@type\":\"Organization\",\"@id\":\"https:\/\/rmcpolska.pl\/#organization\",\"name\":\"RMC Polska\",\"url\":\"https:\/\/rmcpolska.pl\/\",\"logo\":{\"@type\":\"ImageObject\",\"inLanguage\":\"fr-FR\",\"@id\":\"https:\/\/rmcpolska.pl\/#\/schema\/logo\/image\/\",\"url\":\"https:\/\/rmcpolska.pl\/wp-content\/uploads\/2021\/09\/rmc_recycling_logo.png\",\"contentUrl\":\"https:\/\/rmcpolska.pl\/wp-content\/uploads\/2021\/09\/rmc_recycling_logo.png\",\"width\":1020,\"height\":353,\"caption\":\"RMC Polska\"},\"image\":{\"@id\":\"https:\/\/rmcpolska.pl\/#\/schema\/logo\/image\/\"}}]}<\/script>\n<!-- \/ Yoast SEO plugin. -->","yoast_head_json":{"title":"Skup stali narz\u0119dziowej cennik, Stal narz\u0119dziowa z\u0142om - RMC Polska","robots":{"index":"index","follow":"follow","max-snippet":"max-snippet:-1","max-image-preview":"max-image-preview:large","max-video-preview":"max-video-preview:-1"},"canonical":"https:\/\/rmcpolska.pl\/fr\/achat-dacier-a-outils\/","og_locale":"fr_FR","og_type":"article","og_title":"Skup stali narz\u0119dziowej cennik, Stal narz\u0119dziowa z\u0142om - RMC Polska","og_description":"Skupujemy stal narz\u0119dziow\u0105 Poza metalami kolorowymi w RMC Polska Sp. z o.o. prowadzimy skup stali narz\u0119dziowej. Z\u0142om szybkotn\u0105cej stali to zestaw stop\u00f3w stali narz\u0119dziowej. Stale stopowe zosta\u0142y tak nazwane ze wzgl\u0119du na ich zdolno\u015b\u0107 do szybszego ci\u0119cia materia\u0142\u00f3w (np. metali) ni\u017c tradycyjne stale wysokow\u0119glowe stosowane wcze\u015bniej w narz\u0119dziach skrawaj\u0105cych. Stale te maj\u0105 doskona\u0142\u0105 twardo\u015b\u0107, odporno\u015b\u0107&hellip;","og_url":"https:\/\/rmcpolska.pl\/fr\/achat-dacier-a-outils\/","og_site_name":"RMC Polska","article_modified_time":"2023-11-07T19:08:57+00:00","twitter_card":"summary_large_image","twitter_misc":{"Dur\u00e9e de lecture estim\u00e9e":"2 minutes"},"schema":{"@context":"https:\/\/schema.org","@graph":[{"@type":"WebPage","@id":"https:\/\/rmcpolska.pl\/skup-stali-narzedziowej\/","url":"https:\/\/rmcpolska.pl\/skup-stali-narzedziowej\/","name":"Skup stali narz\u0119dziowej cennik, Stal narz\u0119dziowa z\u0142om - RMC Polska","isPartOf":{"@id":"https:\/\/rmcpolska.pl\/#website"},"datePublished":"2023-09-18T18:48:07+00:00","dateModified":"2023-11-07T19:08:57+00:00","breadcrumb":{"@id":"https:\/\/rmcpolska.pl\/skup-stali-narzedziowej\/#breadcrumb"},"inLanguage":"fr-FR","potentialAction":[{"@type":"ReadAction","target":["https:\/\/rmcpolska.pl\/skup-stali-narzedziowej\/"]}]},{"@type":"BreadcrumbList","@id":"https:\/\/rmcpolska.pl\/skup-stali-narzedziowej\/#breadcrumb","itemListElement":[{"@type":"ListItem","position":1,"name":"Strona g\u0142\u00f3wna","item":"https:\/\/rmcpolska.pl\/"},{"@type":"ListItem","position":2,"name":"Skup stali narz\u0119dziowej"}]},{"@type":"WebSite","@id":"https:\/\/rmcpolska.pl\/#website","url":"https:\/\/rmcpolska.pl\/","name":"RMC Polska","description":"Skup z\u0142omu Legnica, Skup z\u0142omu Mielec | RMC Polska","publisher":{"@id":"https:\/\/rmcpolska.pl\/#organization"},"potentialAction":[{"@type":"SearchAction","target":{"@type":"EntryPoint","urlTemplate":"https:\/\/rmcpolska.pl\/?s={search_term_string}"},"query-input":{"@type":"PropertyValueSpecification","valueRequired":true,"valueName":"search_term_string"}}],"inLanguage":"fr-FR"},{"@type":"Organization","@id":"https:\/\/rmcpolska.pl\/#organization","name":"RMC Polska","url":"https:\/\/rmcpolska.pl\/","logo":{"@type":"ImageObject","inLanguage":"fr-FR","@id":"https:\/\/rmcpolska.pl\/#\/schema\/logo\/image\/","url":"https:\/\/rmcpolska.pl\/wp-content\/uploads\/2021\/09\/rmc_recycling_logo.png","contentUrl":"https:\/\/rmcpolska.pl\/wp-content\/uploads\/2021\/09\/rmc_recycling_logo.png","width":1020,"height":353,"caption":"RMC Polska"},"image":{"@id":"https:\/\/rmcpolska.pl\/#\/schema\/logo\/image\/"}}]}},"_links":{"self":[{"href":"https:\/\/rmcpolska.pl\/fr\/wp-json\/wp\/v2\/pages\/5539","targetHints":{"allow":["GET"]}}],"collection":[{"href":"https:\/\/rmcpolska.pl\/fr\/wp-json\/wp\/v2\/pages"}],"about":[{"href":"https:\/\/rmcpolska.pl\/fr\/wp-json\/wp\/v2\/types\/page"}],"author":[{"embeddable":true,"href":"https:\/\/rmcpolska.pl\/fr\/wp-json\/wp\/v2\/users\/1"}],"replies":[{"embeddable":true,"href":"https:\/\/rmcpolska.pl\/fr\/wp-json\/wp\/v2\/comments?post=5539"}],"version-history":[{"count":43,"href":"https:\/\/rmcpolska.pl\/fr\/wp-json\/wp\/v2\/pages\/5539\/revisions"}],"predecessor-version":[{"id":6762,"href":"https:\/\/rmcpolska.pl\/fr\/wp-json\/wp\/v2\/pages\/5539\/revisions\/6762"}],"wp:attachment":[{"href":"https:\/\/rmcpolska.pl\/fr\/wp-json\/wp\/v2\/media?parent=5539"}],"curies":[{"name":"wp","href":"https:\/\/api.w.org\/{rel}","templated":true}]}}