{"id":6983,"date":"2023-10-20T11:44:23","date_gmt":"2023-10-20T09:44:23","guid":{"rendered":"https:\/\/cncdodrewna.pl\/?page_id=6983"},"modified":"2023-10-20T11:47:57","modified_gmt":"2023-10-20T09:47:57","slug":"polityka-prywatnosci","status":"publish","type":"page","link":"https:\/\/rmcpolska.pl\/fr\/politique-de-confidentialite\/","title":{"rendered":"Politique de confidentialit\u00e9"},"content":{"rendered":"<div data-elementor-type=\"wp-page\" data-elementor-id=\"6983\" class=\"elementor elementor-6983\">\n\t\t\t\t\t\t\t\t\t<section class=\"elementor-section elementor-top-section elementor-element elementor-element-b63f3a0 elementor-section-boxed elementor-section-height-default elementor-section-height-default\" data-id=\"b63f3a0\" data-element_type=\"section\">\n\t\t\t\t\t\t<div class=\"elementor-container elementor-column-gap-wider\">\n\t\t\t\t\t<div class=\"elementor-column elementor-col-100 elementor-top-column elementor-element elementor-element-132c275\" data-id=\"132c275\" data-element_type=\"column\">\n\t\t\t<div class=\"elementor-widget-wrap elementor-element-populated\">\n\t\t\t\t\t\t\t\t<div class=\"elementor-element elementor-element-6121a98 elementor-widget elementor-widget-text-editor\" data-id=\"6121a98\" data-element_type=\"widget\" data-widget_type=\"text-editor.default\">\n\t\t\t\t<div class=\"elementor-widget-container\">\n\t\t\t\t\t\t\tVeuillez lire attentivement ces conditions avant d'utiliser notre service.\n\n<hr class=\"the7-p-gap\" style=\"padding-bottom: 45px;\" \/>\n\n<h2>Interpr\u00e9tation et d\u00e9finitions<\/h2>\n<h3>Interpr\u00e9tation<\/h3>\nLes mots dont la premi\u00e8re lettre est en majuscule ont la signification d\u00e9finie dans les termes suivants. Les d\u00e9finitions suivantes ont la m\u00eame signification, qu'elles soient au singulier ou au pluriel.\n\n<hr class=\"the7-p-gap\" style=\"padding-bottom: 25px;\" \/>\n\n<h3>D\u00e9finitions<\/h3>\nAux fins du pr\u00e9sent r\u00e8glement :\n<ul>\n \t<li><strong>Partie li\u00e9e<\/strong>\u00a0d\u00e9signe une entit\u00e9 qui contr\u00f4le, est contr\u00f4l\u00e9e par ou est sous contr\u00f4le commun avec une partie, le terme \"contr\u00f4le\" d\u00e9signant la propri\u00e9t\u00e9 d'au moins 50% actions, int\u00e9r\u00eats ou autres titres assortis de droits de vote pour l'\u00e9lection des administrateurs ou d'autres organes de direction.<\/li>\n \t<li><strong>Pays<\/strong>\u00a0se r\u00e9f\u00e8re \u00e0 : la Pologne<\/li>\n \t<li><strong>Entreprise<\/strong>\u00a0(d\u00e9nomm\u00e9 dans le pr\u00e9sent accord \"la soci\u00e9t\u00e9\", \"nous\", \"notre\" ou \"nos\") se r\u00e9f\u00e8re \u00e0 RMC Polska Sp. z o.o.<\/li>\n \t<li><strong>Dispositif<\/strong>\u00a0d\u00e9signe tout appareil pouvant acc\u00e9der au Service, tel qu'un ordinateur, un t\u00e9l\u00e9phone mobile ou une tablette num\u00e9rique.<\/li>\n \t<li><strong>Service<\/strong>\u00a0renvoie \u00e0 la page.<\/li>\n \t<li><strong>R\u00e8glements<\/strong>\u00a0(\u00e9galement appel\u00e9es \"conditions g\u00e9n\u00e9rales\") : les pr\u00e9sentes conditions g\u00e9n\u00e9rales, qui constituent l'int\u00e9gralit\u00e9 de l'accord entre vous et la soci\u00e9t\u00e9 concernant l'utilisation du service. Les pr\u00e9sentes conditions g\u00e9n\u00e9rales ont \u00e9t\u00e9 cr\u00e9\u00e9es \u00e0 l'aide du logiciel gratuit Terms and Conditions Generator.0<\/li>\n \t<li><strong>Service de m\u00e9dias sociaux tiers<\/strong>\u00a0d\u00e9signe tout service ou contenu (y compris les donn\u00e9es, informations, produits ou services) fourni par un tiers qui peut \u00eatre affich\u00e9, inclus ou mis \u00e0 disposition par le service.<\/li>\n \t<li><strong>Site web<\/strong>\u00a0se r\u00e9f\u00e8re \u00e0 RMC Polska Sp. z o.o., disponible \u00e0 l'adresse suivante\u00a0<a href=\"https:\/\/rmcpolska.pl\/fr\/\" target=\"_blank\" rel=\"external nofollow noopener\">https:\/\/rmcpolska.pl\/<\/a><\/li>\n \t<li><strong>Utilisateur<\/strong> d\u00e9signe la personne physique qui acc\u00e8de au service ou l'utilise, ou la soci\u00e9t\u00e9 ou autre entit\u00e9 juridique au nom de laquelle cette personne physique acc\u00e8de au service ou l'utilise.<\/li>\n<\/ul>\n\n<hr class=\"the7-p-gap\" style=\"padding-bottom: 45px;\" \/>\n\n<h2>Sensibilisation<\/h2>\nLes pr\u00e9sentes conditions g\u00e9n\u00e9rales d\u00e9finissent les r\u00e8gles d'utilisation du service et constituent un accord entre l'utilisateur et la soci\u00e9t\u00e9. Les pr\u00e9sentes conditions g\u00e9n\u00e9rales d\u00e9finissent les droits et obligations de tous les utilisateurs en ce qui concerne l'utilisation du service.\n<br><br>\nL'acc\u00e8s au service et son utilisation sont subordonn\u00e9s \u00e0 l'acceptation et au respect des pr\u00e9sentes conditions g\u00e9n\u00e9rales. Ces conditions s'appliquent \u00e0 tous les visiteurs, utilisateurs et autres personnes qui acc\u00e8dent au service ou l'utilisent.\n<br><br>\nEn acc\u00e9dant au service ou en l'utilisant, vous acceptez d'\u00eatre li\u00e9 par les pr\u00e9sentes conditions. Si vous n'\u00eates pas d'accord avec une partie de ces conditions, vous ne pouvez pas acc\u00e9der au service.\n<br><br>\n\nVotre acc\u00e8s et votre utilisation du service sont \u00e9galement soumis \u00e0 votre acceptation et \u00e0 votre respect de la politique de confidentialit\u00e9 de la soci\u00e9t\u00e9. Notre politique de confidentialit\u00e9 d\u00e9crit nos politiques et proc\u00e9dures concernant la collecte, l'utilisation et la divulgation de vos informations personnelles lorsque vous utilisez l'application ou le site et vous informe de vos droits en mati\u00e8re de confidentialit\u00e9 et de la mani\u00e8re dont la loi vous prot\u00e8ge. Veuillez lire attentivement notre politique de confidentialit\u00e9 avant d'utiliser notre service.\n\n<hr class=\"the7-p-gap\" style=\"padding-bottom: 45px;\" \/>\n\n<h2>Liens vers d'autres sites web<\/h2>\nNotre service peut contenir des liens vers des sites web ou des services de tiers qui ne sont pas d\u00e9tenus ou contr\u00f4l\u00e9s par la soci\u00e9t\u00e9.\n<br><br>\nLa Soci\u00e9t\u00e9 n'a aucun contr\u00f4le sur le contenu, les politiques de confidentialit\u00e9 ou les pratiques des sites web ou des services de tiers et n'assume aucune responsabilit\u00e9 \u00e0 cet \u00e9gard. Vous reconnaissez et acceptez en outre que la Soci\u00e9t\u00e9 ne peut \u00eatre tenue responsable, directement ou indirectement, de tout dommage ou perte caus\u00e9 ou suppos\u00e9 caus\u00e9 par ou en rapport avec l'utilisation ou la confiance accord\u00e9e \u00e0 tout contenu, bien ou service disponible sur ou par l'interm\u00e9diaire d'un tel site web ou d'un tel service.\n<br><br>\nNous vous recommandons vivement de lire les conditions g\u00e9n\u00e9rales et les politiques de confidentialit\u00e9 de tout site web ou service tiers que vous visitez.\n\n<hr class=\"the7-p-gap\" style=\"padding-bottom: 45px;\" \/>\n\n<h2>Solution<\/h2>\nNous pouvons r\u00e9silier ou suspendre votre acc\u00e8s imm\u00e9diatement, sans pr\u00e9avis ni responsabilit\u00e9, pour quelque raison que ce soit, y compris, mais sans s'y limiter, si vous enfreignez les pr\u00e9sentes conditions.\n<br><br>\nEn cas de r\u00e9siliation du contrat, le droit de l'utilisateur d'utiliser le service prend fin imm\u00e9diatement.\n\n<hr class=\"the7-p-gap\" style=\"padding-bottom: 45px;\" \/>\n\n<h2>Limitation de la responsabilit\u00e9<\/h2>\nDans toute la mesure permise par la loi applicable, la Soci\u00e9t\u00e9 ou ses fournisseurs ne seront en aucun cas responsables des dommages sp\u00e9ciaux, accessoires, indirects ou cons\u00e9cutifs (y compris, mais sans s'y limiter, les dommages pour perte de b\u00e9n\u00e9fices, perte de donn\u00e9es ou d'autres informations, interruption d'activit\u00e9, pr\u00e9judice personnel, perte de vie priv\u00e9e r\u00e9sultant de ou li\u00e9s de quelque mani\u00e8re que ce soit \u00e0 l'utilisation ou \u00e0 l'incapacit\u00e9 d'utiliser le service, les logiciels de tiers et\/ou les \u00e9quipements de tiers utilis\u00e9s avec le service ou autrement li\u00e9s \u00e0 toute disposition des pr\u00e9sentes conditions), m\u00eame si la soci\u00e9t\u00e9 ou tout fournisseur a \u00e9t\u00e9 inform\u00e9 de la possibilit\u00e9 de tels dommages et m\u00eame si le rem\u00e8de n'atteint pas son objectif essentiel.\n\n<hr class=\"the7-p-gap\" style=\"padding-bottom: 45px;\" \/>\n\n<h2>Clause de non-responsabilit\u00e9 \"TEL QUEL\" et \"TEL QUE DISPONIBLE\"<\/h2>\nLe service vous est fourni \"en l'\u00e9tat\" et \"tel que disponible\", avec tous les d\u00e9fauts et vices, sans garantie d'aucune sorte. Dans toute la mesure permise par le droit applicable, la Soci\u00e9t\u00e9, en son nom propre et au nom de ses soci\u00e9t\u00e9s affili\u00e9es et de leurs conc\u00e9dants et fournisseurs de services respectifs, d\u00e9cline express\u00e9ment toute garantie, expresse, implicite, l\u00e9gale ou autre, concernant le Service, y compris toute garantie implicite de qualit\u00e9 marchande, d'ad\u00e9quation \u00e0 un usage particulier, de titre et d'absence de contrefa\u00e7on, ainsi que les garanties pouvant r\u00e9sulter de la conduite habituelle, des performances, de l'utilisation ou des pratiques commerciales. Sans limiter la port\u00e9e de ce qui pr\u00e9c\u00e8de, la Soci\u00e9t\u00e9 ne donne aucune garantie, ne prend aucun engagement et ne fait aucune d\u00e9claration quant au fait que le Service r\u00e9pondra \u00e0 vos exigences, atteindra les r\u00e9sultats escompt\u00e9s, sera compatible ou interop\u00e9rable avec tout autre logiciel, application, syst\u00e8me ou service, fonctionnera sans interruption, r\u00e9pondra \u00e0 toute norme de performance ou de fiabilit\u00e9, sera exempt d'erreur ou que toute erreur ou tout d\u00e9faut peut \u00eatre ou sera corrig\u00e9.\n<br><br>\nSans limiter la port\u00e9e de ce qui pr\u00e9c\u00e8de, ni la Soci\u00e9t\u00e9 ni aucun de ses fournisseurs ne font de d\u00e9claration ou ne donnent de garantie de quelque nature que ce soit, expresse ou implicite : (i) quant au fonctionnement ou \u00e0 la disponibilit\u00e9 du service ou des informations, du contenu et des mat\u00e9riaux ou produits qu'il contient ; (ii) quant au fait que le service sera ininterrompu ou exempt d'erreurs ; (iii) quant \u00e0 l'exactitude, la fiabilit\u00e9 ou l'actualit\u00e9 de toute information ou de tout contenu fourni par l'interm\u00e9diaire du service ; ou (iv) quant au fait que le service, ses serveurs, son contenu ou les courriers \u00e9lectroniques envoy\u00e9s par la soci\u00e9t\u00e9 ou en son nom sont exempts de virus, de scripts, de chevaux de Troie, de vers, de logiciels malveillants, de bombes \u00e0 retardement ou d'autres composants nocifs.\n<br><br>\nCertaines juridictions n'autorisent pas l'exclusion de certains types de garanties ou la limitation des droits l\u00e9gaux applicables aux consommateurs, de sorte que tout ou partie des exclusions et limitations susmentionn\u00e9es peuvent ne pas s'appliquer \u00e0 vous. Toutefois, si tel est le cas, les exclusions et limitations \u00e9nonc\u00e9es dans la pr\u00e9sente section s'appliqueront dans la mesure la plus large possible en vertu de la loi applicable.\n\n<hr class=\"the7-p-gap\" style=\"padding-bottom: 45px;\" \/>\n\n<h2>Droit applicable<\/h2>\nLes pr\u00e9sentes conditions et votre utilisation du service sont r\u00e9gies par les lois de votre pays, \u00e0 l'exclusion des r\u00e8gles de conflit de lois. Votre utilisation de l'application peut \u00e9galement \u00eatre soumise \u00e0 d'autres lois locales, r\u00e9gionales, nationales ou internationales.\n\n<hr class=\"the7-p-gap\" style=\"padding-bottom: 45px;\" \/>\n\n<h2>R\u00e8glement des litiges<\/h2>\nEn cas de doute ou de litige concernant le service, vous acceptez d'essayer d'abord de r\u00e9soudre le litige de mani\u00e8re informelle en contactant la soci\u00e9t\u00e9.\n\n<hr class=\"the7-p-gap\" style=\"padding-bottom: 45px;\" \/>\n\n<h2>Pour les utilisateurs de l'Union europ\u00e9enne (UE)<\/h2>\nSi l'utilisateur est un consommateur de l'Union europ\u00e9enne, il b\u00e9n\u00e9ficiera de toutes les lois obligatoires du pays dans lequel il r\u00e9side.\n\n<hr class=\"the7-p-gap\" style=\"padding-bottom: 45px;\" \/>\n\n<h2>S\u00e9paration et retrait<\/h2>\n<h3>S\u00e9paration<\/h3>\nSi l'une des dispositions des pr\u00e9sentes conditions g\u00e9n\u00e9rales est jug\u00e9e inapplicable ou invalide, cette disposition sera modifi\u00e9e et interpr\u00e9t\u00e9e de mani\u00e8re \u00e0 atteindre les objectifs de cette disposition dans toute la mesure du possible, conform\u00e9ment \u00e0 la l\u00e9gislation applicable, et les autres dispositions resteront pleinement en vigueur.\n\n<hr class=\"the7-p-gap\" style=\"padding-bottom: 25px;\" \/>\n\n<h3>Retrait<\/h3>\nSauf dans les cas pr\u00e9vus par les pr\u00e9sentes, le fait de ne pas exercer un droit ou de ne pas ex\u00e9cuter une obligation en vertu des pr\u00e9sentes conditions g\u00e9n\u00e9rales n'affecte pas la capacit\u00e9 d'une partie \u00e0 exercer ce droit ou \u00e0 exiger cette ex\u00e9cution \u00e0 tout moment par la suite, et la renonciation \u00e0 une violation ne constitue pas une renonciation \u00e0 toute violation ult\u00e9rieure.\n\n<hr class=\"the7-p-gap\" style=\"padding-bottom: 45px;\" \/>\n\n<h2>Interpr\u00e9tation de la traduction<\/h2>\nLes pr\u00e9sentes conditions g\u00e9n\u00e9rales peuvent avoir \u00e9t\u00e9 traduites si nous les avons mises \u00e0 votre disposition sur notre service. Vous acceptez qu'en cas de litige, le texte original polonais pr\u00e9vaudra.\n\n<hr class=\"the7-p-gap\" style=\"padding-bottom: 45px;\" \/>\n\n<h2>Modifications du pr\u00e9sent r\u00e8glement<\/h2>\nNous nous r\u00e9servons le droit, \u00e0 notre seule discr\u00e9tion, de modifier ou de remplacer les pr\u00e9sentes conditions \u00e0 tout moment. Si la modification est importante, nous nous efforcerons de fournir un pr\u00e9avis d'au moins 30 jours avant l'entr\u00e9e en vigueur des nouvelles conditions. La d\u00e9finition de ce qui constitue une modification substantielle est laiss\u00e9e \u00e0 notre enti\u00e8re discr\u00e9tion.\n<br><br>\nEn continuant \u00e0 acc\u00e9der \u00e0 notre service ou \u00e0 l'utiliser apr\u00e8s l'entr\u00e9e en vigueur de ces modifications, vous acceptez d'\u00eatre li\u00e9 par les conditions r\u00e9vis\u00e9es. Si vous n'acceptez pas les nouvelles conditions, en tout ou en partie, veuillez cesser d'utiliser le site web et le service.\n\n<hr class=\"the7-p-gap\" style=\"padding-bottom: 45px;\" \/>\n\n<h2>Contactez nous<\/h2>\nSi vous avez des questions concernant les pr\u00e9sentes conditions g\u00e9n\u00e9rales, vous pouvez nous contacter :\n<ul>\n \t<li> via\u00a0<a href=\"https:\/\/rmcpolska.pl\/fr\/contact\/\" target=\"_blank\" rel=\"external nofollow noopener\">https:\/\/rmcpolska.pl\/kontakt<\/a><\/li>\n<\/ul>\t\t\t\t\t\t<\/div>\n\t\t\t\t<\/div>\n\t\t\t\t\t<\/div>\n\t\t<\/div>\n\t\t\t\t\t\t\t<\/div>\n\t\t<\/section>\n\t\t\t\t\t\t\t<\/div>","protected":false},"excerpt":{"rendered":"<p>Veuillez lire attentivement les pr\u00e9sentes conditions g\u00e9n\u00e9rales avant d'utiliser notre service. Interpr\u00e9tation et d\u00e9finitions Interpr\u00e9tation Les mots dont la premi\u00e8re lettre est en majuscule ont la signification d\u00e9finie dans les conditions suivantes. Les d\u00e9finitions suivantes ont la m\u00eame signification, qu'elles apparaissent au singulier ou au pluriel. D\u00e9finitions Aux fins des pr\u00e9sentes conditions g\u00e9n\u00e9rales, on entend par : Affili\u00e9 signifie.<\/p>","protected":false},"author":1,"featured_media":0,"parent":0,"menu_order":0,"comment_status":"closed","ping_status":"closed","template":"","meta":{"_acf_changed":false,"footnotes":""},"class_list":["post-6983","page","type-page","status-publish","hentry"],"acf":[],"yoast_head":"<!-- This site is optimized with the Yoast SEO plugin v24.2 - https:\/\/yoast.com\/wordpress\/plugins\/seo\/ -->\n<title>Polityka prywatno\u015bci - RMC Polska<\/title>\n<meta name=\"robots\" content=\"index, follow, max-snippet:-1, max-image-preview:large, max-video-preview:-1\" \/>\n<link rel=\"canonical\" href=\"https:\/\/rmcpolska.pl\/fr\/politique-de-confidentialite\/\" \/>\n<meta property=\"og:locale\" content=\"fr_FR\" \/>\n<meta property=\"og:type\" content=\"article\" \/>\n<meta property=\"og:title\" content=\"Polityka prywatno\u015bci - RMC Polska\" \/>\n<meta property=\"og:description\" content=\"Prosimy o uwa\u017cne zapoznanie si\u0119 z niniejszymi warunkami przed rozpocz\u0119ciem korzystania z naszej Us\u0142ugi. Interpretacja i definicje Interpretacja Wyrazy, kt\u00f3rych pierwsza litera jest pisana wielk\u0105 liter\u0105, maj\u0105 znaczenie zdefiniowane w nast\u0119puj\u0105cych warunkach. Poni\u017csze definicje maj\u0105 takie samo znaczenie niezale\u017cnie od tego, czy wyst\u0119puj\u0105 w liczbie pojedynczej czy mnogiej. Definicje Dla cel\u00f3w niniejszego Regulaminu: Podmiot powi\u0105zany\u00a0oznacza&hellip;\" \/>\n<meta property=\"og:url\" content=\"https:\/\/rmcpolska.pl\/fr\/politique-de-confidentialite\/\" \/>\n<meta property=\"og:site_name\" content=\"RMC Polska\" \/>\n<meta property=\"article:modified_time\" content=\"2023-10-20T09:47:57+00:00\" \/>\n<meta name=\"twitter:card\" content=\"summary_large_image\" \/>\n<meta name=\"twitter:label1\" content=\"Dur\u00e9e de lecture estim\u00e9e\" \/>\n\t<meta name=\"twitter:data1\" content=\"8 minutes\" \/>\n<script type=\"application\/ld+json\" class=\"yoast-schema-graph\">{\"@context\":\"https:\/\/schema.org\",\"@graph\":[{\"@type\":\"WebPage\",\"@id\":\"https:\/\/rmcpolska.pl\/polityka-prywatnosci\/\",\"url\":\"https:\/\/rmcpolska.pl\/polityka-prywatnosci\/\",\"name\":\"Polityka prywatno\u015bci - RMC Polska\",\"isPartOf\":{\"@id\":\"https:\/\/rmcpolska.pl\/#website\"},\"datePublished\":\"2023-10-20T09:44:23+00:00\",\"dateModified\":\"2023-10-20T09:47:57+00:00\",\"breadcrumb\":{\"@id\":\"https:\/\/rmcpolska.pl\/polityka-prywatnosci\/#breadcrumb\"},\"inLanguage\":\"fr-FR\",\"potentialAction\":[{\"@type\":\"ReadAction\",\"target\":[\"https:\/\/rmcpolska.pl\/polityka-prywatnosci\/\"]}]},{\"@type\":\"BreadcrumbList\",\"@id\":\"https:\/\/rmcpolska.pl\/polityka-prywatnosci\/#breadcrumb\",\"itemListElement\":[{\"@type\":\"ListItem\",\"position\":1,\"name\":\"Strona g\u0142\u00f3wna\",\"item\":\"https:\/\/rmcpolska.pl\/\"},{\"@type\":\"ListItem\",\"position\":2,\"name\":\"Polityka prywatno\u015bci\"}]},{\"@type\":\"WebSite\",\"@id\":\"https:\/\/rmcpolska.pl\/#website\",\"url\":\"https:\/\/rmcpolska.pl\/\",\"name\":\"RMC Polska\",\"description\":\"Skup z\u0142omu Legnica, Skup z\u0142omu Mielec | RMC Polska\",\"publisher\":{\"@id\":\"https:\/\/rmcpolska.pl\/#organization\"},\"potentialAction\":[{\"@type\":\"SearchAction\",\"target\":{\"@type\":\"EntryPoint\",\"urlTemplate\":\"https:\/\/rmcpolska.pl\/?s={search_term_string}\"},\"query-input\":{\"@type\":\"PropertyValueSpecification\",\"valueRequired\":true,\"valueName\":\"search_term_string\"}}],\"inLanguage\":\"fr-FR\"},{\"@type\":\"Organization\",\"@id\":\"https:\/\/rmcpolska.pl\/#organization\",\"name\":\"RMC Polska\",\"url\":\"https:\/\/rmcpolska.pl\/\",\"logo\":{\"@type\":\"ImageObject\",\"inLanguage\":\"fr-FR\",\"@id\":\"https:\/\/rmcpolska.pl\/#\/schema\/logo\/image\/\",\"url\":\"https:\/\/rmcpolska.pl\/wp-content\/uploads\/2021\/09\/rmc_recycling_logo.png\",\"contentUrl\":\"https:\/\/rmcpolska.pl\/wp-content\/uploads\/2021\/09\/rmc_recycling_logo.png\",\"width\":1020,\"height\":353,\"caption\":\"RMC Polska\"},\"image\":{\"@id\":\"https:\/\/rmcpolska.pl\/#\/schema\/logo\/image\/\"}}]}<\/script>\n<!-- \/ Yoast SEO plugin. -->","yoast_head_json":{"title":"Polityka prywatno\u015bci - RMC Polska","robots":{"index":"index","follow":"follow","max-snippet":"max-snippet:-1","max-image-preview":"max-image-preview:large","max-video-preview":"max-video-preview:-1"},"canonical":"https:\/\/rmcpolska.pl\/fr\/politique-de-confidentialite\/","og_locale":"fr_FR","og_type":"article","og_title":"Polityka prywatno\u015bci - RMC Polska","og_description":"Prosimy o uwa\u017cne zapoznanie si\u0119 z niniejszymi warunkami przed rozpocz\u0119ciem korzystania z naszej Us\u0142ugi. Interpretacja i definicje Interpretacja Wyrazy, kt\u00f3rych pierwsza litera jest pisana wielk\u0105 liter\u0105, maj\u0105 znaczenie zdefiniowane w nast\u0119puj\u0105cych warunkach. Poni\u017csze definicje maj\u0105 takie samo znaczenie niezale\u017cnie od tego, czy wyst\u0119puj\u0105 w liczbie pojedynczej czy mnogiej. Definicje Dla cel\u00f3w niniejszego Regulaminu: Podmiot powi\u0105zany\u00a0oznacza&hellip;","og_url":"https:\/\/rmcpolska.pl\/fr\/politique-de-confidentialite\/","og_site_name":"RMC Polska","article_modified_time":"2023-10-20T09:47:57+00:00","twitter_card":"summary_large_image","twitter_misc":{"Dur\u00e9e de lecture estim\u00e9e":"8 minutes"},"schema":{"@context":"https:\/\/schema.org","@graph":[{"@type":"WebPage","@id":"https:\/\/rmcpolska.pl\/polityka-prywatnosci\/","url":"https:\/\/rmcpolska.pl\/polityka-prywatnosci\/","name":"Polityka prywatno\u015bci - RMC Polska","isPartOf":{"@id":"https:\/\/rmcpolska.pl\/#website"},"datePublished":"2023-10-20T09:44:23+00:00","dateModified":"2023-10-20T09:47:57+00:00","breadcrumb":{"@id":"https:\/\/rmcpolska.pl\/polityka-prywatnosci\/#breadcrumb"},"inLanguage":"fr-FR","potentialAction":[{"@type":"ReadAction","target":["https:\/\/rmcpolska.pl\/polityka-prywatnosci\/"]}]},{"@type":"BreadcrumbList","@id":"https:\/\/rmcpolska.pl\/polityka-prywatnosci\/#breadcrumb","itemListElement":[{"@type":"ListItem","position":1,"name":"Strona g\u0142\u00f3wna","item":"https:\/\/rmcpolska.pl\/"},{"@type":"ListItem","position":2,"name":"Polityka prywatno\u015bci"}]},{"@type":"WebSite","@id":"https:\/\/rmcpolska.pl\/#website","url":"https:\/\/rmcpolska.pl\/","name":"RMC Polska","description":"Skup z\u0142omu Legnica, Skup z\u0142omu Mielec | RMC Polska","publisher":{"@id":"https:\/\/rmcpolska.pl\/#organization"},"potentialAction":[{"@type":"SearchAction","target":{"@type":"EntryPoint","urlTemplate":"https:\/\/rmcpolska.pl\/?s={search_term_string}"},"query-input":{"@type":"PropertyValueSpecification","valueRequired":true,"valueName":"search_term_string"}}],"inLanguage":"fr-FR"},{"@type":"Organization","@id":"https:\/\/rmcpolska.pl\/#organization","name":"RMC Polska","url":"https:\/\/rmcpolska.pl\/","logo":{"@type":"ImageObject","inLanguage":"fr-FR","@id":"https:\/\/rmcpolska.pl\/#\/schema\/logo\/image\/","url":"https:\/\/rmcpolska.pl\/wp-content\/uploads\/2021\/09\/rmc_recycling_logo.png","contentUrl":"https:\/\/rmcpolska.pl\/wp-content\/uploads\/2021\/09\/rmc_recycling_logo.png","width":1020,"height":353,"caption":"RMC Polska"},"image":{"@id":"https:\/\/rmcpolska.pl\/#\/schema\/logo\/image\/"}}]}},"_links":{"self":[{"href":"https:\/\/rmcpolska.pl\/fr\/wp-json\/wp\/v2\/pages\/6983","targetHints":{"allow":["GET"]}}],"collection":[{"href":"https:\/\/rmcpolska.pl\/fr\/wp-json\/wp\/v2\/pages"}],"about":[{"href":"https:\/\/rmcpolska.pl\/fr\/wp-json\/wp\/v2\/types\/page"}],"author":[{"embeddable":true,"href":"https:\/\/rmcpolska.pl\/fr\/wp-json\/wp\/v2\/users\/1"}],"replies":[{"embeddable":true,"href":"https:\/\/rmcpolska.pl\/fr\/wp-json\/wp\/v2\/comments?post=6983"}],"version-history":[{"count":4,"href":"https:\/\/rmcpolska.pl\/fr\/wp-json\/wp\/v2\/pages\/6983\/revisions"}],"predecessor-version":[{"id":6987,"href":"https:\/\/rmcpolska.pl\/fr\/wp-json\/wp\/v2\/pages\/6983\/revisions\/6987"}],"wp:attachment":[{"href":"https:\/\/rmcpolska.pl\/fr\/wp-json\/wp\/v2\/media?parent=6983"}],"curies":[{"name":"wp","href":"https:\/\/api.w.org\/{rel}","templated":true}]}}