{"id":9097,"date":"2025-09-18T09:35:05","date_gmt":"2025-09-18T07:35:05","guid":{"rendered":"https:\/\/rmcpolska.pl\/?page_id=9097"},"modified":"2025-10-07T13:37:04","modified_gmt":"2025-10-07T11:37:04","slug":"zapytania-ofertowe-cyna","status":"publish","type":"page","link":"https:\/\/rmcpolska.pl\/fr\/demandes-de-renseignements\/","title":{"rendered":"Demandes de renseignements"},"content":{"rendered":"<div data-elementor-type=\"wp-page\" data-elementor-id=\"9097\" class=\"elementor elementor-9097\">\n\t\t\t\t\t\t\t\t\t<section class=\"elementor-section elementor-top-section elementor-element elementor-element-aa9ab6a elementor-section-boxed elementor-section-height-default elementor-section-height-default\" data-id=\"aa9ab6a\" data-element_type=\"section\">\n\t\t\t\t\t\t<div class=\"elementor-container elementor-column-gap-default\">\n\t\t\t\t\t<div class=\"elementor-column elementor-col-100 elementor-top-column elementor-element elementor-element-cd6419b\" data-id=\"cd6419b\" data-element_type=\"column\">\n\t\t\t<div class=\"elementor-widget-wrap elementor-element-populated\">\n\t\t\t\t\t\t\t\t<div class=\"elementor-element elementor-element-b8aa698 elementor-widget elementor-widget-text-editor\" data-id=\"b8aa698\" data-element_type=\"widget\" data-widget_type=\"text-editor.default\">\n\t\t\t\t<div class=\"elementor-widget-container\">\n\t\t\t\t\t\t\t<p><a href=\"https:\/\/rmcpolska.pl\/fr\/traitement-de-letain\/\" target=\"_blank\" rel=\"noopener\">V\u00e9rifier la proc\u00e9dure d'adoption de l'\u00e9tain<\/a><\/p>\t\t\t\t\t\t<\/div>\n\t\t\t\t<\/div>\n\t\t\t\t<div class=\"elementor-element elementor-element-89c6c06 elementor-widget elementor-widget-shortcode\" data-id=\"89c6c06\" data-element_type=\"widget\" data-widget_type=\"shortcode.default\">\n\t\t\t\t<div class=\"elementor-widget-container\">\n\t\t\t\t\t<div class=\"elementor-shortcode\"><form id=\"metal-form\" class=\"metal-form\" method=\"post\" action=\"\">\n\n    <!-- Sekcja: Metal -->\n    <div class=\"\">\n        <!-- Sekcja: Typ sprzedaj\u0105cego -->\n        <div class=\"metal-form-fieldset\">\n            <legend>Type de vendeur<\/legend>\n\n            <div class=\"metal-form-group metal-radio-group\" role=\"radiogroup\" aria-label=\"Type de vendeur\">\n\t\t\t\t<label class=\"radio-inline\">\n\t\t\t\t  <div><input type=\"radio\" name=\"typ_sprzedajacego\" value=\"osoba\" id=\"seller-osoba\" checked><\/div>\n\t\t\t\t  <div>Particulier<\/div>\n\t\t\t\t<\/label>\n\t\t\t\t<label class=\"radio-inline\">\n\t\t\t\t  <div><input type=\"radio\" name=\"typ_sprzedajacego\" value=\"firma\" id=\"seller-firma\"><\/div>\n\t\t\t\t  <div>Entreprise<\/div>\n\t\t\t\t<\/label>\n\t\t\t<\/div>\n        <\/div>\n\n        <legend>Informations sur les m\u00e9taux<\/legend>\n\t\t<div class=\"sn-style\"><a href=\"https:\/\/rmcpolska.pl\/fr\/types-detain\/\" target=\"_blank\">V\u00e9rifier les types d'\u00e9tain<\/a><\/div>\n\n        <!-- SZABLON WIERSZA (ukryty) -->\n        <div class=\"metal-form-group\">\n            <div id=\"metal-items\">\n                <!-- PIERWSZY WIERSZ -->\n                <div class=\"metal-item\">\n                    <div class=\"metal-group\">\n\t\t\t\t\t\t<div class=\"metal-group-left\">\n\t\t\t\t\t\t\t<div class=\"metal-field\">\n\t\t\t\t\t\t\t\t<label class=\"metal-label\">Type<\/label>\n\t\t\t\t\t\t\t\t<select class=\"metal-select\" name=\"metal_select[]\">\n\t\t\t\t\t\t\t\t\t<option value=\"\">- s\u00e9lectionner -<\/option>\n\t\t\t\t\t\t\t\t\t\t\t\t\t\t\t\t\t\t\t<option value=\"24\">\n\t\t\t\t\t\t\t\t\t\t\tAlliage d'\u00e9tain de Babbitt I\r\n\t\t\t\t\t\t\t\t\t\t<\/option>\n\t\t\t\t\t\t\t\t\t\t\t\t\t\t\t\t\t\t\t<option value=\"25\">\n\t\t\t\t\t\t\t\t\t\t\tAlliage d'\u00e9tain de Babbitt II\r\n\t\t\t\t\t\t\t\t\t\t<\/option>\n\t\t\t\t\t\t\t\t\t\t\t\t\t\t\t\t\t\t\t<option value=\"26\">\n\t\t\t\t\t\t\t\t\t\t\tAlliage d'\u00e9tain de Babbitt III\r\n\t\t\t\t\t\t\t\t\t\t<\/option>\n\t\t\t\t\t\t\t\t\t\t\t\t\t\t\t\t\t\t\t<option value=\"27\">\n\t\t\t\t\t\t\t\t\t\t\t\u014180\r\n\t\t\t\t\t\t\t\t\t\t<\/option>\n\t\t\t\t\t\t\t\t\t\t\t\t\t\t\t\t\t\t\t<option value=\"28\">\n\t\t\t\t\t\t\t\t\t\t\t\u014183\r\n\t\t\t\t\t\t\t\t\t\t<\/option>\n\t\t\t\t\t\t\t\t\t\t\t\t\t\t\t\t\t\t\t<option value=\"29\">\n\t\t\t\t\t\t\t\t\t\t\t\u014189\r\n\t\t\t\t\t\t\t\t\t\t<\/option>\n\t\t\t\t\t\t\t\t\t\t\t\t\t\t\t\t\t\t\t<option value=\"30\">\n\t\t\t\t\t\t\t\t\t\t\t\u014193\r\n\t\t\t\t\t\t\t\t\t\t<\/option>\n\t\t\t\t\t\t\t\t\t\t\t\t\t\t\t\t\t\t\t<option value=\"48\">\n\t\t\t\t\t\t\t\t\t\t\tmin. 80% Sn\r\n\t\t\t\t\t\t\t\t\t\t<\/option>\n\t\t\t\t\t\t\t\t\t\t\t\t\t\t\t\t\t\t\t<option value=\"44\">\n\t\t\t\t\t\t\t\t\t\t\tSAC0307\r\n\t\t\t\t\t\t\t\t\t\t<\/option>\n\t\t\t\t\t\t\t\t\t\t\t\t\t\t\t\t\t\t\t<option value=\"45\">\n\t\t\t\t\t\t\t\t\t\t\tSAC105\r\n\t\t\t\t\t\t\t\t\t\t<\/option>\n\t\t\t\t\t\t\t\t\t\t\t\t\t\t\t\t\t\t\t<option value=\"40\">\n\t\t\t\t\t\t\t\t\t\t\tSAC300\r\n\t\t\t\t\t\t\t\t\t\t<\/option>\n\t\t\t\t\t\t\t\t\t\t\t\t\t\t\t\t\t\t\t<option value=\"41\">\n\t\t\t\t\t\t\t\t\t\t\tSAC305\r\n\t\t\t\t\t\t\t\t\t\t<\/option>\n\t\t\t\t\t\t\t\t\t\t\t\t\t\t\t\t\t\t\t<option value=\"43\">\n\t\t\t\t\t\t\t\t\t\t\tSAC387\r\n\t\t\t\t\t\t\t\t\t\t<\/option>\n\t\t\t\t\t\t\t\t\t\t\t\t\t\t\t\t\t\t\t<option value=\"42\">\n\t\t\t\t\t\t\t\t\t\t\tSAC405\r\n\t\t\t\t\t\t\t\t\t\t<\/option>\n\t\t\t\t\t\t\t\t\t\t\t\t\t\t\t\t\t\t\t<option value=\"47\">\n\t\t\t\t\t\t\t\t\t\t\tSACM\r\n\t\t\t\t\t\t\t\t\t\t<\/option>\n\t\t\t\t\t\t\t\t\t\t\t\t\t\t\t\t\t\t\t<option value=\"46\">\n\t\t\t\t\t\t\t\t\t\t\tSACX\r\n\t\t\t\t\t\t\t\t\t\t<\/option>\n\t\t\t\t\t\t\t\t\t\t\t\t\t\t\t\t\t\t\t<option value=\"6\">\n\t\t\t\t\t\t\t\t\t\t\tSn10Pb90 (LC10)\r\n\t\t\t\t\t\t\t\t\t\t<\/option>\n\t\t\t\t\t\t\t\t\t\t\t\t\t\t\t\t\t\t\t<option value=\"5\">\n\t\t\t\t\t\t\t\t\t\t\tSn30Pb70 (LC30)\r\n\t\t\t\t\t\t\t\t\t\t<\/option>\n\t\t\t\t\t\t\t\t\t\t\t\t\t\t\t\t\t\t\t<option value=\"4\">\n\t\t\t\t\t\t\t\t\t\t\tSn40Pb60 (LC40)\r\n\t\t\t\t\t\t\t\t\t\t<\/option>\n\t\t\t\t\t\t\t\t\t\t\t\t\t\t\t\t\t\t\t<option value=\"3\">\n\t\t\t\t\t\t\t\t\t\t\tSn50Pb50 (LC50)\r\n\t\t\t\t\t\t\t\t\t\t<\/option>\n\t\t\t\t\t\t\t\t\t\t\t\t\t\t\t\t\t\t\t<option value=\"1\">\n\t\t\t\t\t\t\t\t\t\t\tSn60Pb40 (LC60)\t\t\t\t\t\t\t\t\t\t<\/option>\n\t\t\t\t\t\t\t\t\t\t\t\t\t\t\t\t\t\t\t<option value=\"2\">\n\t\t\t\t\t\t\t\t\t\t\tSn63Pb37 (LC63)\t\t\t\t\t\t\t\t\t\t<\/option>\n\t\t\t\t\t\t\t\t\t\t\t\t\t\t\t\t\t\t\t<option value=\"37\">\n\t\t\t\t\t\t\t\t\t\t\tSn97Ag3\r\n\t\t\t\t\t\t\t\t\t\t<\/option>\n\t\t\t\t\t\t\t\t\t\t\t\t\t\t\t\t\t\t\t<option value=\"34\">\n\t\t\t\t\t\t\t\t\t\t\tSn97Cu3\r\n\t\t\t\t\t\t\t\t\t\t<\/option>\n\t\t\t\t\t\t\t\t\t\t\t\t\t\t\t\t\t\t\t<option value=\"33\">\n\t\t\t\t\t\t\t\t\t\t\tSn99.3Cu0.7\r\n\t\t\t\t\t\t\t\t\t\t<\/option>\n\t\t\t\t\t\t\t\t\t\t\t\t\t\t\t\t\t\t\t<option value=\"32\">\n\t\t\t\t\t\t\t\t\t\t\tSn99Cu1\r\n\t\t\t\t\t\t\t\t\t\t<\/option>\n\t\t\t\t\t\t\t\t\t\t\t\t\t\t\t\t\t\t\t<option value=\"35\">\n\t\t\t\t\t\t\t\t\t\t\tSnCu0,5\r\n\t\t\t\t\t\t\t\t\t\t<\/option>\n\t\t\t\t\t\t\t\t\t\t\t\t\t\t\t\t\t\t\t<option value=\"36\">\n\t\t\t\t\t\t\t\t\t\t\tSnCuNi\r\n\t\t\t\t\t\t\t\t\t\t<\/option>\n\t\t\t\t\t\t\t\t\t\t\t\t\t\t\t\t\t\t<option value=\"other\">Les autres doivent \u00eatre valoris\u00e9s<\/option>\n\t\t\t\t\t\t\t\t<\/select>\n\t\t\t\t\t\t\t\t<div class=\"metal-description\"><\/div>\n\n\t\t\t\t\t\t\t\t<div class=\"metal-other-wrap\" style=\"margin-top:6px; display:none;\">\n\t\t\t\t\t\t\t\t\t<label>D\u00e9crire le besoin<\/label>\n\t\t\t\t\t\t\t\t\t<textarea class=\"metal-other\" name=\"metal_other[]\" rows=\"3\" style=\"width:100%;\"><\/textarea>\n\t\t\t\t\t\t\t\t<\/div>\n\t\t\t\t\t\t\t<\/div>\n\n\t\t\t\t\t\t\t<div class=\"metal-field\">\n\t\t\t\t\t\t\t\t<label class=\"metal-label\">Poids [kg]<\/label>\n\t\t\t\t\t\t\t\t<input type=\"number\" class=\"metal-weight\" name=\"metal_weight[]\" step=\"0.01\" min=\"0\" value=\"\"\n\t\t\t\t\t\t\t\t\t   inputmode=\"decimal\" pattern=\"[0-9]+([,.][0-9]{1,3})?\">\n\t\t\t\t\t\t\t<\/div>\n\t\t\t\t\t\t\n\t\t\t\t\t\t<\/div>\n\t\t\t\t\t\t<div class=\"metal-group-right\">\n\n\t\t\t\t\t\t\t<div class=\"metal-field\" style=\"width: 200px\">\n\t\t\t\t\t\t\t\t<label class=\"metal-label\">Prix<\/label>\n\t\t\t\t\t\t\t\t<div class=\"metal-price\" data-price=\"0\">-<\/div>\n\t\t\t\t\t\t\t<\/div>\n\t\t\t\t\t\t<\/div>\n                    <\/div>\n\n                    <button type=\"button\" class=\"metal-remove\" aria-label=\"Supprimer\">Supprimer<\/button>\n\n                <\/div>\n\n            <\/div>\n\t\t\t<div style=\"display: flex; flex-direction:column\";>\n\t\t\t\t<button type=\"button\" id=\"custom\" class=\"button\">Je ne connais pas le type d'\u00e9tain<\/button>\t\n\t\t\t\t<button type=\"button\" id=\"metal-add\" class=\"button\">Ajouter un article<\/button>\n\t\t\t<\/div>\n\n            <div class=\"metal-summary\" style=\"margin-top:12px;\">\n                <div>Poids total : <strong><span id=\"metal-total-weight\">0<\/span><\/strong> <\/div>\n                <div>Prix total : <strong><span id=\"metal-total-price\">0<\/span><\/strong> <\/div>\n                <div id=\"metal-pcc-row\">\n                    Taxe PCC : <strong><span id=\"metal-total-pcc\">0<\/span><\/strong>\n                <\/div>\n                <div>Pr\u00e9visions de valeur : <strong><span id=\"metal-total-prediction\">0<\/span><\/strong> <\/div>\n            <\/div>\n        <\/div>\n\n        <div id=\"metal-result\" style=\"display:none;\">\n            <span><\/span>\n        <\/div>\n    <\/div>\n\n    \n\t<div id=\"dane-osoba\">\n        <div class=\"metal-form-fieldset\">\n            <legend>Informations sur l'acheteur (personne priv\u00e9e)<\/legend>\n\n            <div class=\"metal-form-group\">\n                <label>Nom * :\n                    <input type=\"text\" name=\"imie\">\n                <\/label>\n            <\/div>\n\n            <div class=\"metal-form-group\">\n                <label>Nom * :\n                    <input type=\"text\" name=\"nazwisko\">\n                <\/label>\n            <\/div>\n\n            <div class=\"metal-form-group\">\n                <label>T\u00e9l\u00e9phone * :\n                    <input type=\"tel\" name=\"telefon\">\n                <\/label>\n            <\/div>\n\n            <div class=\"metal-form-group\">\n                <label>E-mail * :\n                    <input type=\"email\" name=\"email\">\n                <\/label>\n            <\/div>            \n        <\/div>\n\n    <\/div>\n\n    <div id=\"dane-firma\" style=\"display:none;\">\n        <!-- Sekcja: Dane kupuj\u0105cego (Firma) -->\n        <div class=\"metal-form-fieldset\">\n            <legend>Coordonn\u00e9es de l'acheteur (Entreprise)<\/legend>\n\n            <div class=\"metal-form-group\">\n                <label>Nom de l'entreprise * :\n                    <input type=\"text\" name=\"nazwa_firmy\">\n                <\/label>\n            <\/div>\n\n            <div class=\"metal-form-group\">\n                <label>PNM * :\n                    <input type=\"text\" name=\"nip\">\n                <\/label>\n            <\/div>\n\n            <div class=\"metal-form-group\">\n                <label>A-t-il un BDO ?<\/label>\n\t\t\t\t<div class=\"metal-form-group metal-radio-group\" id=\"bdo-group\">\n                <label><input type=\"radio\" name=\"bdo\" value=\"tak\"> OUI<\/label>\n                <label><input type=\"radio\" name=\"bdo\" value=\"nie\" checked> NON<\/label>\n            <\/div>\n\t\t\t\t<div class=\"metal-form-group metal-bdo\" id=\"nr-bdo-wrap\">\n\t\t\t\t\t<label for=\"nr_bdo\">BDO no :\n\t\t\t\t\t\t<input type=\"text\" name=\"nr_bdo\" id=\"nr_bdo\">\n\t\t\t\t\t<\/label>\n\t\t\t\t<\/div>\n            <\/div>\n            <div class=\"metal-form-group\" id=\"over500-box\">\n\t\t\t\t<label>\n\t\t\t\t\t<div>\n\t\t\t\t\t\t<input type=\"checkbox\" name=\"over500\" id=\"over500\">\n\t\t\t\t\t<\/div>\n\t\t\t\t\t<div>\n\t\t\t\t\t\tJ'ai plus de 500 kg de mat\u00e9riel.\n\t\t\t\t\t<\/div>\n\t\t\t\t<\/label>\n\t\t\t<\/div>\n        <\/div>\n    <\/div>\n\n    <!-- Sekcja: Siedziba -->\n\t<!--\n    <div class=\"metal-form-fieldset\">\n        <legend>Siedziba<\/legend>\n\n        <div class=\"metal-form-group\">\n            <label>Ulica:\n                <input type=\"text\" name=\"ulica\">\n            <\/label>\n        <\/div>\n\n        <div class=\"metal-form-group\">\n            <label>Nr mieszkania:\n                <input type=\"text\" name=\"nr_mieszkania\">\n            <\/label>\n        <\/div>\n\n        <div class=\"metal-form-group\">\n            <label>Miasto:\n                <input type=\"text\" name=\"miasto\">\n            <\/label>\n        <\/div>\n\n        <div class=\"metal-form-group\">\n            <label>Kod pocztowy:\n                <input type=\"text\" name=\"kod_pocztowy\">\n            <\/label>\n        <\/div>\n    <\/div>\n\t\n\t--->\n\n    <!-- Sekcja: Dane do odbioru -->\n    <div class=\"metal-form-fieldset\" id=\"pickup-section\" aria-hidden=\"true\" style=\"display: none;\">\n        <legend>Donn\u00e9es de collecte<\/legend>\n\n        <div class=\"metal-form-group\">\n            <label>Nom de l'entreprise :\n                <input type=\"text\" name=\"odbior_nazwa\">\n            <\/label>\n        <\/div> \n\n        <div class=\"metal-form-group\">\n            <label>Nom :\n                <input type=\"text\" name=\"odbior_imie_nazwisko\">\n            <\/label>\n        <\/div>\n\n        <div class=\"metal-form-group\">\n            <label>T\u00e9l\u00e9phone :\n                <input type=\"tel\" name=\"odbior_telefon\">\n            <\/label>\n        <\/div>\n\n        <div class=\"metal-form-group\">\n            <label>Courriel :\n                <input type=\"email\" name=\"odbior_email\">\n            <\/label>\n        <\/div>\n\n        <div class=\"metal-form-group\">\n            <label>La rue :\n                <input type=\"text\" name=\"odbior_ulica\">\n            <\/label>\n        <\/div>\n\n        <div class=\"metal-form-group\">\n            <label>Pas de plat :\n                <input type=\"text\" name=\"odbior_nr_mieszkania\">\n            <\/label>\n        <\/div>\n\n        <div class=\"metal-form-group\">\n            <label>Ville :\n                <input type=\"text\" name=\"odbior_miasto\">\n            <\/label>\n        <\/div>\n\n        <div class=\"metal-form-group\">\n            <label>Code postal :\n                <input type=\"text\" name=\"odbior_kod_pocztowy\">\n            <\/label>\n        <\/div>\n    <\/div>\n\n    <div class=\"metal-form-fieldset info\" style=\"font-size:12px;\">\n        \"* LE POIDS ET LA VALEUR DU MAT\u00c9RIEL SERONT CONFIRM\u00c9S APR\u00c8S ACCEPTATION DU MAT\u00c9RIEL PAR RMC POLSKA SP. Z O.O. Le pesage est effectu\u00e9 sur des balances certifi\u00e9es. L'examen de la composition chimique est effectu\u00e9 \u00e0 l'aide d'un spectrom\u00e8tre XRF.\"\n\n    <\/div>\n    <div class=\"metal-form-fieldset info\" style=\"font-size:12px;\">\n        Tous les prix contenus dans cette liste de prix sont donn\u00e9s \u00e0 titre indicatif et ne constituent pas une offre au sens de l'article 66 \u00a71 du code civil. RMC Polska Sp. z o.o. se r\u00e9serve le droit de les modifier sans notification pr\u00e9alable, ainsi que de refuser l'ex\u00e9cution d'une commande pass\u00e9e sur la base de cette liste de prix s'ils n'ont pas \u00e9t\u00e9 pr\u00e9alablement confirm\u00e9s par une offre commerciale individuelle.\n\n\n    <\/div>\n    <div class=\"metal-form-fieldset info\" style=\"font-size:12px;\">\n        \"L'administrateur de vos donn\u00e9es personnelles est RMC Polska Sp. z o.o., dont le si\u00e8ge social se trouve \u00e0 Varsovie, ul. Janusza Meissnera 1\/3 lok. 319, NIP : 5242615311, REGON : 140495958, adresse \u00e9lectronique : biuro@rmcpolska.pl. Les donn\u00e9es \u00e0 caract\u00e8re personnel fournies dans le formulaire de contact seront trait\u00e9es uniquement dans le but de r\u00e9pondre \u00e0 votre demande (article 6, paragraphe 1, point f), du RODO - int\u00e9r\u00eat l\u00e9gitime de l'administrateur dans la correspondance). La fourniture de donn\u00e9es est volontaire, mais n\u00e9cessaire pour r\u00e9pondre. Vos donn\u00e9es seront conserv\u00e9es pendant la dur\u00e9e n\u00e9cessaire \u00e0 la correspondance et \u00e0 la d\u00e9fense \u00e9ventuelle contre les r\u00e9clamations, puis supprim\u00e9es. Vous disposez d'un droit d'acc\u00e8s, de rectification, d'effacement, de limitation du traitement, d'opposition au traitement et du droit de d\u00e9poser une plainte aupr\u00e8s du pr\u00e9sident de l'autorit\u00e9 de protection des donn\u00e9es. Pour plus d'informations sur le traitement de vos donn\u00e9es personnelles, veuillez consulter notre politique de confidentialit\u00e9 [https:\/\/rmcpolska.pl\/dokumenty-do-pobrania\/].\"\n    <\/div>\n\n    <button type=\"submit\" name=\"bullion_configurator\" value=\"1\">Envoyer<\/button>\n<input type=\"hidden\" name=\"trp-form-language\" value=\"fr\"\/><\/form><\/div>\n\t\t\t\t<\/div>\n\t\t\t\t<\/div>\n\t\t\t\t\t<\/div>\n\t\t<\/div>\n\t\t\t\t\t\t\t<\/div>\n\t\t<\/section>\n\t\t\t\t\t\t\t<\/div>","protected":false},"excerpt":{"rendered":"<p>V\u00e9rifier la proc\u00e9dure d'adoption de l'\u00e9tain<\/p>","protected":false},"author":1,"featured_media":0,"parent":0,"menu_order":0,"comment_status":"closed","ping_status":"closed","template":"","meta":{"_acf_changed":false,"footnotes":""},"class_list":["post-9097","page","type-page","status-publish","hentry"],"acf":[],"yoast_head":"<!-- This site is optimized with the Yoast SEO plugin v24.2 - https:\/\/yoast.com\/wordpress\/plugins\/seo\/ -->\n<title>Zapytania ofertowe - RMC Polska<\/title>\n<meta name=\"robots\" content=\"index, follow, max-snippet:-1, max-image-preview:large, max-video-preview:-1\" \/>\n<link rel=\"canonical\" href=\"https:\/\/rmcpolska.pl\/fr\/demandes-de-renseignements\/\" \/>\n<meta property=\"og:locale\" content=\"fr_FR\" \/>\n<meta property=\"og:type\" content=\"article\" \/>\n<meta property=\"og:title\" content=\"Zapytania ofertowe - RMC Polska\" \/>\n<meta property=\"og:description\" content=\"Sprawd\u017a proces przyj\u0119cia cyny\" \/>\n<meta property=\"og:url\" content=\"https:\/\/rmcpolska.pl\/fr\/demandes-de-renseignements\/\" \/>\n<meta property=\"og:site_name\" content=\"RMC Polska\" \/>\n<meta property=\"article:modified_time\" content=\"2025-10-07T11:37:04+00:00\" \/>\n<meta name=\"twitter:card\" content=\"summary_large_image\" \/>\n<meta name=\"twitter:label1\" content=\"Dur\u00e9e de lecture estim\u00e9e\" \/>\n\t<meta name=\"twitter:data1\" content=\"1 minute\" \/>\n<script type=\"application\/ld+json\" class=\"yoast-schema-graph\">{\"@context\":\"https:\/\/schema.org\",\"@graph\":[{\"@type\":\"WebPage\",\"@id\":\"https:\/\/rmcpolska.pl\/zapytania-ofertowe-cyna\/\",\"url\":\"https:\/\/rmcpolska.pl\/zapytania-ofertowe-cyna\/\",\"name\":\"Zapytania ofertowe - RMC Polska\",\"isPartOf\":{\"@id\":\"https:\/\/rmcpolska.pl\/#website\"},\"datePublished\":\"2025-09-18T07:35:05+00:00\",\"dateModified\":\"2025-10-07T11:37:04+00:00\",\"breadcrumb\":{\"@id\":\"https:\/\/rmcpolska.pl\/zapytania-ofertowe-cyna\/#breadcrumb\"},\"inLanguage\":\"fr-FR\",\"potentialAction\":[{\"@type\":\"ReadAction\",\"target\":[\"https:\/\/rmcpolska.pl\/zapytania-ofertowe-cyna\/\"]}]},{\"@type\":\"BreadcrumbList\",\"@id\":\"https:\/\/rmcpolska.pl\/zapytania-ofertowe-cyna\/#breadcrumb\",\"itemListElement\":[{\"@type\":\"ListItem\",\"position\":1,\"name\":\"Strona g\u0142\u00f3wna\",\"item\":\"https:\/\/rmcpolska.pl\/\"},{\"@type\":\"ListItem\",\"position\":2,\"name\":\"Zapytania ofertowe\"}]},{\"@type\":\"WebSite\",\"@id\":\"https:\/\/rmcpolska.pl\/#website\",\"url\":\"https:\/\/rmcpolska.pl\/\",\"name\":\"RMC Polska\",\"description\":\"Skup z\u0142omu Legnica, Skup z\u0142omu Mielec | RMC Polska\",\"publisher\":{\"@id\":\"https:\/\/rmcpolska.pl\/#organization\"},\"potentialAction\":[{\"@type\":\"SearchAction\",\"target\":{\"@type\":\"EntryPoint\",\"urlTemplate\":\"https:\/\/rmcpolska.pl\/?s={search_term_string}\"},\"query-input\":{\"@type\":\"PropertyValueSpecification\",\"valueRequired\":true,\"valueName\":\"search_term_string\"}}],\"inLanguage\":\"fr-FR\"},{\"@type\":\"Organization\",\"@id\":\"https:\/\/rmcpolska.pl\/#organization\",\"name\":\"RMC Polska\",\"url\":\"https:\/\/rmcpolska.pl\/\",\"logo\":{\"@type\":\"ImageObject\",\"inLanguage\":\"fr-FR\",\"@id\":\"https:\/\/rmcpolska.pl\/#\/schema\/logo\/image\/\",\"url\":\"https:\/\/rmcpolska.pl\/wp-content\/uploads\/2021\/09\/rmc_recycling_logo.png\",\"contentUrl\":\"https:\/\/rmcpolska.pl\/wp-content\/uploads\/2021\/09\/rmc_recycling_logo.png\",\"width\":1020,\"height\":353,\"caption\":\"RMC Polska\"},\"image\":{\"@id\":\"https:\/\/rmcpolska.pl\/#\/schema\/logo\/image\/\"}}]}<\/script>\n<!-- \/ Yoast SEO plugin. -->","yoast_head_json":{"title":"Zapytania ofertowe - RMC Polska","robots":{"index":"index","follow":"follow","max-snippet":"max-snippet:-1","max-image-preview":"max-image-preview:large","max-video-preview":"max-video-preview:-1"},"canonical":"https:\/\/rmcpolska.pl\/fr\/demandes-de-renseignements\/","og_locale":"fr_FR","og_type":"article","og_title":"Zapytania ofertowe - RMC Polska","og_description":"Sprawd\u017a proces przyj\u0119cia cyny","og_url":"https:\/\/rmcpolska.pl\/fr\/demandes-de-renseignements\/","og_site_name":"RMC Polska","article_modified_time":"2025-10-07T11:37:04+00:00","twitter_card":"summary_large_image","twitter_misc":{"Dur\u00e9e de lecture estim\u00e9e":"1 minute"},"schema":{"@context":"https:\/\/schema.org","@graph":[{"@type":"WebPage","@id":"https:\/\/rmcpolska.pl\/zapytania-ofertowe-cyna\/","url":"https:\/\/rmcpolska.pl\/zapytania-ofertowe-cyna\/","name":"Zapytania ofertowe - RMC Polska","isPartOf":{"@id":"https:\/\/rmcpolska.pl\/#website"},"datePublished":"2025-09-18T07:35:05+00:00","dateModified":"2025-10-07T11:37:04+00:00","breadcrumb":{"@id":"https:\/\/rmcpolska.pl\/zapytania-ofertowe-cyna\/#breadcrumb"},"inLanguage":"fr-FR","potentialAction":[{"@type":"ReadAction","target":["https:\/\/rmcpolska.pl\/zapytania-ofertowe-cyna\/"]}]},{"@type":"BreadcrumbList","@id":"https:\/\/rmcpolska.pl\/zapytania-ofertowe-cyna\/#breadcrumb","itemListElement":[{"@type":"ListItem","position":1,"name":"Strona g\u0142\u00f3wna","item":"https:\/\/rmcpolska.pl\/"},{"@type":"ListItem","position":2,"name":"Zapytania ofertowe"}]},{"@type":"WebSite","@id":"https:\/\/rmcpolska.pl\/#website","url":"https:\/\/rmcpolska.pl\/","name":"RMC Polska","description":"Skup z\u0142omu Legnica, Skup z\u0142omu Mielec | RMC Polska","publisher":{"@id":"https:\/\/rmcpolska.pl\/#organization"},"potentialAction":[{"@type":"SearchAction","target":{"@type":"EntryPoint","urlTemplate":"https:\/\/rmcpolska.pl\/?s={search_term_string}"},"query-input":{"@type":"PropertyValueSpecification","valueRequired":true,"valueName":"search_term_string"}}],"inLanguage":"fr-FR"},{"@type":"Organization","@id":"https:\/\/rmcpolska.pl\/#organization","name":"RMC Polska","url":"https:\/\/rmcpolska.pl\/","logo":{"@type":"ImageObject","inLanguage":"fr-FR","@id":"https:\/\/rmcpolska.pl\/#\/schema\/logo\/image\/","url":"https:\/\/rmcpolska.pl\/wp-content\/uploads\/2021\/09\/rmc_recycling_logo.png","contentUrl":"https:\/\/rmcpolska.pl\/wp-content\/uploads\/2021\/09\/rmc_recycling_logo.png","width":1020,"height":353,"caption":"RMC Polska"},"image":{"@id":"https:\/\/rmcpolska.pl\/#\/schema\/logo\/image\/"}}]}},"_links":{"self":[{"href":"https:\/\/rmcpolska.pl\/fr\/wp-json\/wp\/v2\/pages\/9097","targetHints":{"allow":["GET"]}}],"collection":[{"href":"https:\/\/rmcpolska.pl\/fr\/wp-json\/wp\/v2\/pages"}],"about":[{"href":"https:\/\/rmcpolska.pl\/fr\/wp-json\/wp\/v2\/types\/page"}],"author":[{"embeddable":true,"href":"https:\/\/rmcpolska.pl\/fr\/wp-json\/wp\/v2\/users\/1"}],"replies":[{"embeddable":true,"href":"https:\/\/rmcpolska.pl\/fr\/wp-json\/wp\/v2\/comments?post=9097"}],"version-history":[{"count":32,"href":"https:\/\/rmcpolska.pl\/fr\/wp-json\/wp\/v2\/pages\/9097\/revisions"}],"predecessor-version":[{"id":9435,"href":"https:\/\/rmcpolska.pl\/fr\/wp-json\/wp\/v2\/pages\/9097\/revisions\/9435"}],"wp:attachment":[{"href":"https:\/\/rmcpolska.pl\/fr\/wp-json\/wp\/v2\/media?parent=9097"}],"curies":[{"name":"wp","href":"https:\/\/api.w.org\/{rel}","templated":true}]}}